{"id":17045,"date":"2023-03-30T14:29:04","date_gmt":"2023-03-30T14:29:04","guid":{"rendered":"https:\/\/www.kendu.com\/?page_id=17045"},"modified":"2023-03-31T12:48:34","modified_gmt":"2023-03-31T12:48:34","slug":"legale","status":"publish","type":"page","link":"https:\/\/www.kendu.com\/it\/legale\/","title":{"rendered":"Legale"},"content":{"rendered":"\n<h2 class=\"wp-block-heading\">AVVISO LEGALE<\/h2>\n\n\n\n<h3 class=\"wp-block-heading\">1. Company details<\/h3>\n\n\n\n<p>Il presente avviso legale (di seguito, &#8220;Avviso Legale&#8221;) regola l&#8217;utilizzo del servizio del portale Internet www.kendu.com (di seguito, &#8220;Sito Web&#8221;) di KENDU RETAIL SL con sede legale in C\/ Iribar 2, C-29, Donostia &#8211; San Sebastian, 20018, GIPUZKOA con Codice di Identificazione Fiscale B20857934.<\/p>\n\n\n\n<h3 class=\"wp-block-heading\">2. Legislazione<\/h3>\n\n\n\n<p>In generale, i rapporti tra KENDU RETAIL SL e gli Utenti dei suoi servizi telematici, presenti sul sito web, sono soggetti alla legislazione e alla giurisdizione spagnola.<\/p>\n\n\n\n<p>Le parti rinunciano espressamente a qualsiasi altra giurisdizione che possa corrispondere loro e si sottomettono espressamente alle Corti e ai Tribunali di Donostia &#8211; San Sebastian per risolvere qualsiasi controversia che possa sorgere nell&#8217;interpretazione o nell&#8217;esecuzione delle presenti condizioni contrattuali.<\/p>\n\n\n\n<h3 class=\"wp-block-heading\">3. Contenuto e utilizzo<\/h3>\n\n\n\n<p>L&#8217;Utente \u00e8 informato e accetta che l&#8217;accesso a questo sito web non implica in alcun modo l&#8217;avvio di una relazione commerciale con KENDU RETAIL SL.<\/p>\n\n\n\n<p>Il proprietario del sito web non si identifica con le opinioni espresse in esso dai suoi collaboratori. La Societ\u00e0 si riserva il diritto di apportare le modifiche che ritiene opportune al proprio Sito Web senza preavviso e pu\u00f2 cambiare, eliminare o aggiungere sia i contenuti e i servizi forniti attraverso il sito web sia il modo in cui sono presentati o collocati sui propri server.<\/p>\n\n\n\n<h3 class=\"wp-block-heading\">4. Propriet\u00e0 intellettuale e industriale<\/h3>\n\n\n\n<p>I diritti di propriet\u00e0 intellettuale dei contenuti delle pagine web, del loro design grafico e dei codici sono di propriet\u00e0 di KENDU RETAIL SL e, pertanto, ne \u00e8 vietata la riproduzione, la distribuzione, la comunicazione pubblica, la trasformazione o qualsiasi altra attivit\u00e0 che possa essere svolta con i contenuti delle sue pagine web, nemmeno citando le fonti, se non con il consenso scritto di KENDU RETAIL SL. Tutti i nomi commerciali, i marchi o i segni distintivi di qualsiasi tipo contenuti nelle pagine web della Societ\u00e0 sono di propriet\u00e0 dei rispettivi titolari e sono protetti dalla legge.<\/p>\n\n\n\n<h3 class=\"wp-block-heading\">5. Collegamenti (Link)<\/h3>\n\n\n\n<p>La presenza di collegamenti (link) nelle pagine web di KENDU RETAIL SL \u00e8 a scopo puramente informativo e non implica in nessun caso un suggerimento, un invito o una raccomandazione degli stessi.<\/p>\n\n\n\n<h3 class=\"wp-block-heading\">6. Riservatezza e Protezione dei Dati<\/h3>\n\n\n\n<p>In conformit\u00e0 con le disposizioni del RGPD del 27 aprile 2016, KENDU RETAIL SL informa l&#8217;Utente dell&#8217;esistenza di un trattamento automatizzato dei dati personali creato da e per KENDU RETAIL SL e sotto la sua responsabilit\u00e0, con lo scopo di realizzare il mantenimento e la gestione del rapporto con l&#8217;Utente, oltre a finalit\u00e0 informative. Al momento dell&#8217;accettazione delle presenti condizioni generali, KENDU RETAIL SL richieder\u00e0 all&#8217;Utente la raccolta di alcuni dati essenziali per la fornitura dei suoi servizi.<\/p>\n\n\n\n<h3 class=\"wp-block-heading\">7. File e moduli di registrazione<\/h3>\n\n\n\n<p>La compilazione del modulo di registrazione \u00e8 obbligatoria per poter accedere e usufruire di alcuni servizi offerti dal sito web. Il mancato conferimento dei dati personali richiesti o la mancata accettazione della presente politica di protezione dei dati comporta l&#8217;impossibilit\u00e0 di iscriversi, registrarsi o partecipare a una qualsiasi delle promozioni in cui sono richiesti i dati personali.<\/p>\n\n\n\n<p>In conformit\u00e0 con le disposizioni del RGPD del 27 aprile 2016, ti informiamo che i dati personali ottenuti in seguito alla tua registrazione come Utente, saranno inseriti in un archivio di propriet\u00e0 di KENDU RETAIL SL con C.I.F B20857934 e indirizzo in C\/ Iribar 2, C-29, Donostia &#8211; San Sebastian, 20018, GIPUZKOA, avendo implementato le misure di sicurezza stabilite nel Decreto Reale 1720\/2007, dell&#8217;11 giugno.<\/p>\n\n\n\n<h3 class=\"wp-block-heading\">8. Accuratezza e veridicit\u00e0 dei dati forniti<\/h3>\n\n\n\n<p>L&#8217;Utente \u00e8 l&#8217;unico responsabile della veridicit\u00e0 e dell&#8217;accuratezza dei dati inseriti, esonerando KENDU RETAIL SL da qualsiasi responsabilit\u00e0 in merito. L&#8217;Utente garantisce ed \u00e8 responsabile, in ogni caso, dell&#8217;accuratezza, della validit\u00e0 e dell&#8217;autenticit\u00e0 dei dati personali forniti e si impegna a mantenerli debitamente aggiornati. L&#8217;utente si impegna a fornire informazioni complete e corrette nel modulo di registrazione o di abbonamento. KENDU RETAIL SL non \u00e8 responsabile della veridicit\u00e0 delle informazioni che non sono di sua creazione e di cui viene indicata un&#8217;altra fonte, pertanto non si assume alcuna responsabilit\u00e0 per eventuali danni ipotetici che potrebbero derivare dall&#8217;uso di tali informazioni.&nbsp; KENDU RETAIL SL si riserva il diritto di aggiornare, modificare o cancellare le informazioni contenute nelle sue pagine web e pu\u00f2 anche limitare o negare l&#8217;accesso a tali informazioni. KENDU RETAIL SL \u00e8 esonerata dalla responsabilit\u00e0 per qualsiasi danno o pregiudizio che l&#8217;Utente possa subire a causa di errori, difetti o omissioni nelle informazioni fornite da KENDU RETAIL SL, a condizione che provengano da fonti diverse da KENDU RETAIL SL.<\/p>\n\n\n\n<h3 class=\"wp-block-heading\">9. Cookie<\/h3>\n\n\n\n<p>Il sito web www.kendu.com non utilizza i cookie, in quanto si tratta di file di informazione fisici memorizzati nel terminale dell&#8217;utente e utilizzati per facilitare la navigazione dell&#8217;utente nel portale. Tuttavia, l&#8217;utente ha la possibilit\u00e0 di configurare il browser in modo da impedire l&#8217;installazione di questi file.<\/p>\n\n\n\n<h3 class=\"wp-block-heading\">10. Finalit\u00e0<\/h3>\n\n\n\n<p>Le finalit\u00e0 di [NOME_AZIENDA] sono il mantenimento e la gestione del rapporto con l&#8217;Utente, cos\u00ec come le attivit\u00e0 informative.<\/p>\n\n\n\n<h3 class=\"wp-block-heading\">11. Soggeti minorenni<\/h3>\n\n\n\n<p>Nel caso in cui alcuni dei nostri servizi siano rivolti specificamente ai minori, KENDU RETAIL SL richieder\u00e0 il consenso dei genitori o dei tutori per la raccolta dei dati personali o, se del caso, per il trattamento automatizzato dei dati.<\/p>\n\n\n\n<h3 class=\"wp-block-heading\">12. Trasferimento dei dati a terzi<\/h3>\n\n\n\n<p>KENDU RETAIL SL non trasferir\u00e0 i dati degli utenti a terzi.<\/p>\n\n\n\n<h3 class=\"wp-block-heading\">13. Esercizio dei diritti di accesso, rettifica, cancellazione e opposizione<\/h3>\n\n\n\n<p>Puoi inviare le tue comunicazioni ed esercitare i tuoi diritti di accesso, rettifica, cancellazione, limitazione, portabilit\u00e0 e opposizione all&#8217;indirizzo internet www.kendu.com o per posta ordinaria indirizzata a KENDU RETAIL SL, Rif. RGPD, all&#8217;indirizzo C\/ Iribar 2, C-29, Donostia &#8211; San Sebastian, 20018, GIPUZKOA. Per esercitare tali diritti, dovrai dimostrare la tua identit\u00e0 a KENDU RETAIL SL inviando una fotocopia del tuo documento di identit\u00e0 nazionale o qualsiasi altro documento legalmente valido. Inoltre, la modifica o la rettifica dei tuoi dati di registrazione pu\u00f2 essere effettuata sul Sito stesso identificandoti con nome utente e password.<\/p>\n\n\n\n<h3 class=\"wp-block-heading\">14. Misure di sicurezza<\/h3>\n\n\n\n<p>KENDU RETAIL SL ha adottato i livelli di sicurezza richiesti dalla legge per la protezione dei Dati Personali, e si impegna ad installare i mezzi e le misure tecniche aggiuntive alla sua portata per evitare la perdita, l&#8217;uso improprio, l&#8217;alterazione, l&#8217;accesso non autorizzato e il furto dei Dati Personali forniti a KENDU RETAIL SL non sar\u00e0 responsabile di eventuali danni o perdite che possano derivare da interferenze, omissioni, interruzioni, virus informatici, guasti telefonici o disconnessioni nel funzionamento operativo di questo sistema elettronico, causati da motivi al di fuori del controllo di KENDU RETAIL SL; ritardi o blocchi nell&#8217;utilizzo di questo sistema elettronico causati da carenze o sovraccarico delle linee telefoniche o sovraccarico del Centro Elaborazione Dati, del sistema Internet o di altri sistemi elettronici, nonch\u00e9 danni che possono essere causati da terzi attraverso interferenze illegittime al di fuori del controllo di KENDU RETAIL SL. Tuttavia, l&#8217;Utente deve essere consapevole che le misure di sicurezza di Internet non sono inespugnabili.<\/p>\n\n\n\n<h3 class=\"wp-block-heading\">15. Accettazione e consenso<\/h3>\n\n\n\n<p>L&#8217;utente dichiara di essere stato informato delle condizioni sulla protezione dei dati personali, accettando e acconsentendo al trattamento automatizzato degli stessi da parte di KENDU RETAIL SL, nelle modalit\u00e0 e per le finalit\u00e0 indicate nella presente Politica di Protezione dei Dati Personali. Alcuni servizi forniti sul Portale possono contenere condizioni particolari con disposizioni specifiche sulla protezione dei Dati Personali.<\/p>\n","protected":false},"excerpt":{"rendered":"<p>AVVISO LEGALE 1. Company details Il presente avviso legale (di seguito, &#8220;Avviso Legale&#8221;) regola l&#8217;utilizzo del servizio del portale Internet www.kendu.com (di seguito, &#8220;Sito Web&#8221;) di KENDU RETAIL SL con sede legale in C\/ Iribar 2, C-29, Donostia &#8211; San Sebastian, 20018, GIPUZKOA con Codice di Identificazione Fiscale B20857934. 2. Legislazione In generale, i rapporti [&hellip;]<\/p>\n","protected":false},"author":5,"featured_media":0,"parent":0,"menu_order":0,"comment_status":"closed","ping_status":"closed","template":"page-fulltext.php","meta":{"_acf_changed":false,"inline_featured_image":false,"_uf_show_specific_survey":0,"_uf_disable_surveys":false,"footnotes":""},"class_list":["post-17045","page","type-page","status-publish","hentry"],"acf":[],"aioseo_notices":[],"yoast_head":"<!-- This site is optimized with the Yoast SEO plugin v25.6 - https:\/\/yoast.com\/wordpress\/plugins\/seo\/ -->\n<title>Legale | Kendu<\/title>\n<meta name=\"robots\" content=\"noindex, nofollow\" \/>\n<meta property=\"og:locale\" content=\"it_IT\" \/>\n<meta property=\"og:type\" content=\"article\" \/>\n<meta property=\"og:title\" content=\"Legale | Kendu\" \/>\n<meta property=\"og:description\" content=\"AVVISO LEGALE 1. Company details Il presente avviso legale (di seguito, &#8220;Avviso Legale&#8221;) regola l&#8217;utilizzo del servizio del portale Internet www.kendu.com (di seguito, &#8220;Sito Web&#8221;) di KENDU RETAIL SL con sede legale in C\/ Iribar 2, C-29, Donostia &#8211; San Sebastian, 20018, GIPUZKOA con Codice di Identificazione Fiscale B20857934. 2. Legislazione In generale, i rapporti [&hellip;]\" \/>\n<meta property=\"og:url\" content=\"https:\/\/www.kendu.com\/it\/legale\/\" \/>\n<meta property=\"og:site_name\" content=\"Kendu\" \/>\n<meta property=\"article:modified_time\" content=\"2023-03-31T12:48:34+00:00\" \/>\n<meta property=\"og:image\" content=\"https:\/\/www.kendu.com\/wp-content\/uploads\/2020\/02\/showroom-kendu.jpg\" \/>\n\t<meta property=\"og:image:width\" content=\"500\" \/>\n\t<meta property=\"og:image:height\" content=\"500\" \/>\n\t<meta property=\"og:image:type\" content=\"image\/jpeg\" \/>\n<meta name=\"twitter:card\" content=\"summary_large_image\" \/>\n<meta name=\"twitter:site\" content=\"@kenduinstore\" \/>\n<meta name=\"twitter:label1\" content=\"Tempo di lettura stimato\" \/>\n\t<meta name=\"twitter:data1\" content=\"6 minuti\" \/>\n<script type=\"application\/ld+json\" class=\"yoast-schema-graph\">{\"@context\":\"https:\/\/schema.org\",\"@graph\":[{\"@type\":\"WebPage\",\"@id\":\"https:\/\/www.kendu.com\/it\/legale\/\",\"url\":\"https:\/\/www.kendu.com\/it\/legale\/\",\"name\":\"Legale | Kendu\",\"isPartOf\":{\"@id\":\"https:\/\/www.kendu.com\/it\/#website\"},\"datePublished\":\"2023-03-30T14:29:04+00:00\",\"dateModified\":\"2023-03-31T12:48:34+00:00\",\"breadcrumb\":{\"@id\":\"https:\/\/www.kendu.com\/it\/legale\/#breadcrumb\"},\"inLanguage\":\"it-IT\",\"potentialAction\":[{\"@type\":\"ReadAction\",\"target\":[\"https:\/\/www.kendu.com\/it\/legale\/\"]}]},{\"@type\":\"BreadcrumbList\",\"@id\":\"https:\/\/www.kendu.com\/it\/legale\/#breadcrumb\",\"itemListElement\":[{\"@type\":\"ListItem\",\"position\":1,\"name\":\"Home\",\"item\":\"https:\/\/www.kendu.com\/it\/\"},{\"@type\":\"ListItem\",\"position\":2,\"name\":\"Legale\"}]},{\"@type\":\"WebSite\",\"@id\":\"https:\/\/www.kendu.com\/it\/#website\",\"url\":\"https:\/\/www.kendu.com\/it\/\",\"name\":\"Kendu\",\"description\":\"In-store Visual Solutions\",\"publisher\":{\"@id\":\"https:\/\/www.kendu.com\/it\/#organization\"},\"potentialAction\":[{\"@type\":\"SearchAction\",\"target\":{\"@type\":\"EntryPoint\",\"urlTemplate\":\"https:\/\/www.kendu.com\/it\/?s={search_term_string}\"},\"query-input\":{\"@type\":\"PropertyValueSpecification\",\"valueRequired\":true,\"valueName\":\"search_term_string\"}}],\"inLanguage\":\"it-IT\"},{\"@type\":\"Organization\",\"@id\":\"https:\/\/www.kendu.com\/it\/#organization\",\"name\":\"Kendu\",\"url\":\"https:\/\/www.kendu.com\/it\/\",\"logo\":{\"@type\":\"ImageObject\",\"inLanguage\":\"it-IT\",\"@id\":\"https:\/\/www.kendu.com\/it\/#\/schema\/logo\/image\/\",\"url\":\"http:\/\/www.kendu.com\/wp-content\/uploads\/2020\/07\/logo-black.svg\",\"contentUrl\":\"http:\/\/www.kendu.com\/wp-content\/uploads\/2020\/07\/logo-black.svg\",\"width\":120,\"height\":32,\"caption\":\"Kendu\"},\"image\":{\"@id\":\"https:\/\/www.kendu.com\/it\/#\/schema\/logo\/image\/\"},\"sameAs\":[\"https:\/\/x.com\/kenduinstore\",\"https:\/\/www.instagram.com\/kenduinstore\/\",\"https:\/\/www.linkedin.com\/company\/kenduinstore\/\"]}]}<\/script>\n<!-- \/ Yoast SEO plugin. -->","yoast_head_json":{"title":"Legale | Kendu","robots":{"index":"noindex","follow":"nofollow"},"og_locale":"it_IT","og_type":"article","og_title":"Legale | Kendu","og_description":"AVVISO LEGALE 1. Company details Il presente avviso legale (di seguito, &#8220;Avviso Legale&#8221;) regola l&#8217;utilizzo del servizio del portale Internet www.kendu.com (di seguito, &#8220;Sito Web&#8221;) di KENDU RETAIL SL con sede legale in C\/ Iribar 2, C-29, Donostia &#8211; San Sebastian, 20018, GIPUZKOA con Codice di Identificazione Fiscale B20857934. 2. Legislazione In generale, i rapporti [&hellip;]","og_url":"https:\/\/www.kendu.com\/it\/legale\/","og_site_name":"Kendu","article_modified_time":"2023-03-31T12:48:34+00:00","og_image":[{"width":500,"height":500,"url":"https:\/\/www.kendu.com\/wp-content\/uploads\/2020\/02\/showroom-kendu.jpg","type":"image\/jpeg"}],"twitter_card":"summary_large_image","twitter_site":"@kenduinstore","twitter_misc":{"Tempo di lettura stimato":"6 minuti"},"schema":{"@context":"https:\/\/schema.org","@graph":[{"@type":"WebPage","@id":"https:\/\/www.kendu.com\/it\/legale\/","url":"https:\/\/www.kendu.com\/it\/legale\/","name":"Legale | Kendu","isPartOf":{"@id":"https:\/\/www.kendu.com\/it\/#website"},"datePublished":"2023-03-30T14:29:04+00:00","dateModified":"2023-03-31T12:48:34+00:00","breadcrumb":{"@id":"https:\/\/www.kendu.com\/it\/legale\/#breadcrumb"},"inLanguage":"it-IT","potentialAction":[{"@type":"ReadAction","target":["https:\/\/www.kendu.com\/it\/legale\/"]}]},{"@type":"BreadcrumbList","@id":"https:\/\/www.kendu.com\/it\/legale\/#breadcrumb","itemListElement":[{"@type":"ListItem","position":1,"name":"Home","item":"https:\/\/www.kendu.com\/it\/"},{"@type":"ListItem","position":2,"name":"Legale"}]},{"@type":"WebSite","@id":"https:\/\/www.kendu.com\/it\/#website","url":"https:\/\/www.kendu.com\/it\/","name":"Kendu","description":"In-store Visual Solutions","publisher":{"@id":"https:\/\/www.kendu.com\/it\/#organization"},"potentialAction":[{"@type":"SearchAction","target":{"@type":"EntryPoint","urlTemplate":"https:\/\/www.kendu.com\/it\/?s={search_term_string}"},"query-input":{"@type":"PropertyValueSpecification","valueRequired":true,"valueName":"search_term_string"}}],"inLanguage":"it-IT"},{"@type":"Organization","@id":"https:\/\/www.kendu.com\/it\/#organization","name":"Kendu","url":"https:\/\/www.kendu.com\/it\/","logo":{"@type":"ImageObject","inLanguage":"it-IT","@id":"https:\/\/www.kendu.com\/it\/#\/schema\/logo\/image\/","url":"http:\/\/www.kendu.com\/wp-content\/uploads\/2020\/07\/logo-black.svg","contentUrl":"http:\/\/www.kendu.com\/wp-content\/uploads\/2020\/07\/logo-black.svg","width":120,"height":32,"caption":"Kendu"},"image":{"@id":"https:\/\/www.kendu.com\/it\/#\/schema\/logo\/image\/"},"sameAs":["https:\/\/x.com\/kenduinstore","https:\/\/www.instagram.com\/kenduinstore\/","https:\/\/www.linkedin.com\/company\/kenduinstore\/"]}]}},"_links":{"self":[{"href":"https:\/\/www.kendu.com\/it\/wp-json\/wp\/v2\/pages\/17045","targetHints":{"allow":["GET"]}}],"collection":[{"href":"https:\/\/www.kendu.com\/it\/wp-json\/wp\/v2\/pages"}],"about":[{"href":"https:\/\/www.kendu.com\/it\/wp-json\/wp\/v2\/types\/page"}],"author":[{"embeddable":true,"href":"https:\/\/www.kendu.com\/it\/wp-json\/wp\/v2\/users\/5"}],"replies":[{"embeddable":true,"href":"https:\/\/www.kendu.com\/it\/wp-json\/wp\/v2\/comments?post=17045"}],"version-history":[{"count":0,"href":"https:\/\/www.kendu.com\/it\/wp-json\/wp\/v2\/pages\/17045\/revisions"}],"wp:attachment":[{"href":"https:\/\/www.kendu.com\/it\/wp-json\/wp\/v2\/media?parent=17045"}],"curies":[{"name":"wp","href":"https:\/\/api.w.org\/{rel}","templated":true}]}}