{"id":13275,"date":"2021-03-16T11:12:05","date_gmt":"2021-03-16T11:12:05","guid":{"rendered":"http:\/\/www.kendu.com\/?page_id=13275"},"modified":"2021-06-10T11:03:06","modified_gmt":"2021-06-10T11:03:06","slug":"esperienze-interattive-retail","status":"publish","type":"page","link":"https:\/\/www.kendu.com\/it\/esperienze-interattive-retail\/","title":{"rendered":"Interactive solutions"},"content":{"rendered":"  <section class=\"kn-featured-1\">\n    <div class=\"background-blur\" style=\"background-image: url(https:\/\/www.kendu.com\/wp-content\/uploads\/2020\/12\/interactive-solutions.jpg)\"><\/div>\n    <div class=\"inner\">\n\n              <div class=\"upper\" data-aos=\"fade-up\" data-aos-delay=\"300\" data-aos-anchor=\".kn-featured-1\">\n          <span class=\"upper-title\">ESPERIENZE INTERATTIVE <\/span>\n        <\/div>\n      \n              <div class=\"title\" data-aos=\"fade-up\" data-aos-delay=\"100\" data-aos-anchor=\".kn-featured-1\">\n          <h1 class=\"site-title\">Soluzioni digitali per il retail<\/h1>\n        <\/div>\n      \n      <div class=\"divider-1 divider-white\" data-aos=\"fade-up\" data-aos-delay=\"100\" data-aos-anchor=\".kn-featured-1\"><\/div>\n\n              <div class=\"cta\" data-aos=\"fade-up\" data-aos-delay=\"300\" data-aos-anchor=\".kn-featured-1\">\n                  <a class=\"kn-button-1 animated\" href=\"\/it\/contatti\/\">CONTATTACI<\/a>\n                <\/div>\n          <\/div>\n\n    <div class=\"animation\"><\/div>\n\n  <\/section>\n\n\n<section class=\"kn-content-section-1\">\n  <div class=\"container\">\n\n    \n    <div class=\"title\" data-aos=\"fade-up\" data-aos-delay=\"100\" data-aos-anchor=\".kn-content-section-1\">\n      <h2 class=\"section-title-text\">\n       Esperienze interattive per il punto vendita\n      <\/h2>\n    <\/div>\n\n    <div class=\"description\" data-aos=\"fade-up\" data-aos-delay=\"200\" data-aos-anchor=\".kn-content-section-1\">\n      <p>\n        <p>I negozi fisici sono molto di pi\u00f9 che posti di transazioni, sono il luogo dove la marca ha la possibilit\u00e0 unit\u00e0 d&#8217;incontrarsi con il suo pubblico. Kendu sviluppa esperienze interattive su misura per potenziare l&#8217;engagement dei compratori grazie a esperienze di compra uniche. Tecnologia lift and lear, video mapping, Flowbox interattivi e molto di pi\u00f9.<\/p>\n\n      <\/p>\n    <\/div>\n\n          <div class=\"cta\" data-aos=\"fade-up\" data-aos-delay=\"300\" data-aos-anchor=\".kn-content-section-1\">\n        <a class=\"kn-button-1 secondary animated\" href=\"\/it\/contatti\/\">Richiedi informazioni<\/a>\n      <\/div>\n    \n  <\/div>\n<\/section>\n\n\n<section class=\"kn-content-section-21\">\n  <div class=\"container\">\n  \n\n    <div class=\"items\">\n\n      \n                      <!--elem impares-->\n\n                          <div class=\"service service-1\" data-aos=\"fade-up\" data-aos-delay=\"100\">\n                <div class=\"service-left\">\n                  <span class=\"service-number\" data-aos=\"fade-down\" data-aos-delay=\"200\" data-aos-anchor=\".service-1\">01.<\/span>\n                  <h2 class=\"service-title\" data-aos=\"fade-up\" data-aos-delay=\"300\" data-aos-anchor=\".service-1\">Mensole lift and learn<\/h2>\n\n                  <p>Grazie alla tecnologia RFID, il compratore otterr\u00e0 informazione addizionale dei prodotti che pi\u00f9 gli interessano. Con solo alzare il prodotto, la mensola riconoscer\u00e0 la selezione e il compratore otterr\u00e0 un contenuto personalizzato tramite schermo o monitor digitale.<\/p>\n<p>&nbsp;<\/p>\n\n\n                                      <div class=\"cta fade-in-bottom\" data-aos=\"fade-up\" data-aos-delay=\"400\" data-aos-anchor=\".service-1\">\n                      <a class=\"kn-button-1 secondary animated fade-in-bottom\" href=\"https:\/\/vimeo.com\/367726714\">VEDI VIDEO<\/a>\n                    <\/div>\n                  \n                <\/div>\n                <div class=\"service-right\" data-aos=\"fade-left\" data-aos-delay=\"400\" data-aos-anchor=\".service-1\">\n                  <img decoding=\"async\" class=\"service-image\" src=\"https:\/\/www.kendu.com\/wp-content\/uploads\/2020\/12\/lift-and-learn.jpg\" alt=\"Lift and learn technology\" \/>\n                <\/div>\n              <\/div>\n            \n          \n      \n                      <!--elem pares-->\n\n                          <div class=\"service service-2\" data-aos=\"fade-up\" data-aos-delay=\"100\">\n                <div class=\"service-left\" data-aos=\"fade-right\" data-aos-delay=\"400\" data-aos-anchor=\".service-2\">\n                  <img decoding=\"async\" class=\"service-image\" src=\"https:\/\/www.kendu.com\/wp-content\/uploads\/2020\/12\/interactive-flowbox.jpg\" alt=\"Flowbox interactive\" \/>\n                <\/div>\n                <div class=\"service-right\">              \n                  <span class=\"service-number\" data-aos=\"fade-down\" data-aos-delay=\"200\" data-aos-anchor=\".service-2\">02.<\/span>\n                  <h2 class=\"service-title\" data-aos=\"fade-up\" data-aos-delay=\"300\" data-aos-anchor=\".service-2\">Flowbox Interattivo<\/h2>\n\n                  <p>Flowbox si converte in un display interattivo che reagisce al movimento dell&#8217;usario senza doverlo toccare! Il lightbox dinamico \u00e8 perfetto per creare effetti visivi sorprendenti o risaltare le caratteristiche principali di un prodotto con creativit\u00e0.<\/p>\n<p>&nbsp;<\/p>\n\n\n                                      <div class=\"cta fade-in-bottom\" data-aos=\"fade-up\" data-aos-delay=\"400\" data-aos-anchor=\".service-2\">\n                      <a class=\"kn-button-1 secondary animated fade-in-bottom\" href=\"https:\/\/vimeo.com\/368262350\">VEDI VIDEO<\/a>\n                    <\/div>\n                                  <\/div>\n                    \n              <\/div>\n            \n          \n      \n                      <!--elem impares-->\n\n                          <div class=\"service service-3\" data-aos=\"fade-up\" data-aos-delay=\"100\">\n                <div class=\"service-left\">\n                  <span class=\"service-number\" data-aos=\"fade-down\" data-aos-delay=\"200\" data-aos-anchor=\".service-3\">03.<\/span>\n                  <h2 class=\"service-title\" data-aos=\"fade-up\" data-aos-delay=\"300\" data-aos-anchor=\".service-3\">Customizzatore video mapping<\/h2>\n\n                  <p>Durante questa esperienza, il compratore potr\u00e0 personalizzare un prodotto e vedere il risultado in tempo reale, grazie a una proiezioni sul prodotto stesso. Grazie a questo sistema, l&#8217;usuario pu\u00f2 assicurarsi del risultato della sua scelta nel momento di fare un ordine.<\/p>\n<p>&nbsp;<\/p>\n\n\n                                      <div class=\"cta fade-in-bottom\" data-aos=\"fade-up\" data-aos-delay=\"400\" data-aos-anchor=\".service-3\">\n                      <a class=\"kn-button-1 secondary animated fade-in-bottom\" href=\"https:\/\/vimeo.com\/492503803\/bde591a714\">VEDI VIDEO<\/a>\n                    <\/div>\n                  \n                <\/div>\n                <div class=\"service-right\" data-aos=\"fade-left\" data-aos-delay=\"400\" data-aos-anchor=\".service-3\">\n                  <img decoding=\"async\" class=\"service-image\" src=\"https:\/\/www.kendu.com\/wp-content\/uploads\/2020\/12\/surf-video-mapping.jpg\" alt=\"Video mapping surf table\" \/>\n                <\/div>\n              <\/div>\n            \n          \n      \n                      <!--elem pares-->\n\n                          <div class=\"service service-4\" data-aos=\"fade-up\" data-aos-delay=\"100\">\n                <div class=\"service-left\" data-aos=\"fade-right\" data-aos-delay=\"400\" data-aos-anchor=\".service-4\">\n                  <img decoding=\"async\" class=\"service-image\" src=\"https:\/\/www.kendu.com\/wp-content\/uploads\/2020\/12\/interactive-wall.jpg\" alt=\"Interactive mapping\" \/>\n                <\/div>\n                <div class=\"service-right\">              \n                  <span class=\"service-number\" data-aos=\"fade-down\" data-aos-delay=\"200\" data-aos-anchor=\".service-4\">04.<\/span>\n                  <h2 class=\"service-title\" data-aos=\"fade-up\" data-aos-delay=\"300\" data-aos-anchor=\".service-4\">Proiezioni interattive<\/h2>\n\n                  <p>Questa soluzione permette spiegare e visualizzare nuovi concetti di marca, prodotto o servizio tramite una esperienza interattiva. Una camera 3D proiettar\u00e0 un&#8217;immagine nella parte che sar\u00e0 interattiva e totalmente personalizzabile.<\/p>\n<p>&nbsp;<\/p>\n\n\n                                      <div class=\"cta fade-in-bottom\" data-aos=\"fade-up\" data-aos-delay=\"400\" data-aos-anchor=\".service-4\">\n                      <a class=\"kn-button-1 secondary animated fade-in-bottom\" href=\"https:\/\/vimeo.com\/371885074\">VEDI VIDEO<\/a>\n                    <\/div>\n                                  <\/div>\n                    \n              <\/div>\n            \n          \n      \n    <\/div>\n\n\n  <\/div>\n<\/section>\n\n\n<section class=\"kn-content-section-8\">\n  <div class=\"inner\">\n\n        \n    <main class=\"items\" data-aos=\"fade-up\" data-aos-delay=\"200\" data-aos-anchor=\".kn-content-section-8\">\n\n                    \n                  <div class=\"item item-small\" style=\"background-image: url(https:\/\/www.kendu.com\/wp-content\/uploads\/2020\/12\/contact-e1607592621263.jpg)\">\n        \n          <div class=\"item-content\">\n            <div class=\"item-title\" data-aos=\"fade-up\" data-aos-delay=\"300\" data-aos-anchor=\".kn-content-section-8\">\n              <h3 class=\"header-3\">Parliamo?<\/h3>\n            <\/div>\n\n            <div class=\"item-description\" data-aos=\"fade-up\" data-aos-delay=\"400\" data-aos-anchor=\".kn-content-section-8\">\n              <p><p>Mettiti in contatto con noi e insieme studieremo la migliore soluzione digitale per il tuo progetto.<\/p>\n<\/p>\n            <\/div>\n\n                                          <div class=\"cta\" data-aos=\"fade-up\" data-aos-delay=\"500\" data-aos-anchor=\".kn-content-section-8\">\n                  <a class=\"kn-button-1 primary animated\" href=\"https:\/\/www.kendu.com\/it\/contatti\/\">CONTATTACI<\/a>\n                <\/div>\n                          \n          <\/div>\n        <\/div>\n          <\/main>\n\n<!--\n    <main class=\"items\" data-aos=\"fade-up\" data-aos-delay=\"200\" data-aos-anchor=\".kn-content-section-8\">\n      <div class=\"item\" style=\"background-image: url(https:\/\/www.kendu.com\/wp-content\/themes\/kendu\/assets\/images\/sistema-kit-header.jpg)\">\n\n        <div class=\"item-content\">\n          <div class=\"item-title\" data-aos=\"fade-up\" data-aos-delay=\"300\" data-aos-anchor=\".kn-content-section-8\">\n            <h3 class=\"header-3\">Flowbox<\/h3>\n          <\/div>\n\n          <div class=\"item-description\" data-aos=\"fade-up\" data-aos-delay=\"400\" data-aos-anchor=\".kn-content-section-8\">\n            <p>The system for displaying and exchanging printed textile images.<\/p>\n          <\/div>\n\n          <div class=\"cta\" data-aos=\"fade-up\" data-aos-delay=\"500\" data-aos-anchor=\".kn-content-section-8\">\n            <a class=\"kn-button-1 primary animated\">Get in Touch<\/a>\n          <\/div>\n        <\/div>\n      <\/div>\n\n      <div class=\"item\" style=\"background-image: url(https:\/\/www.kendu.com\/wp-content\/themes\/kendu\/assets\/images\/smartframe-hero.jpg)\">\n\n        <div class=\"item-content\">\n          <div class=\"item-title\" data-aos=\"fade-up\" data-aos-delay=\"300\" data-aos-anchor=\".kn-content-section-8\">\n            <h3 class=\"header-3\">Flowbox<\/h3>\n          <\/div>\n\n          <div class=\"item-description\" data-aos=\"fade-up\" data-aos-delay=\"400\" data-aos-anchor=\".kn-content-section-8\">\n            <p>The system for displaying and exchanging printed textile images.<\/p>\n          <\/div>\n\n          <div class=\"item-cta\" data-aos=\"fade-up\" data-aos-delay=\"500\" data-aos-anchor=\".kn-content-section-8\">\n            <a class=\"kn-button-1 primary animated\">Get in Touch<\/a>\n          <\/div>\n        <\/div>\n      <\/div>\n    <\/main>\n-->\n  <\/div>\n<\/section>\n\n\n<section class=\"kn-content-section-1\">\n  <div class=\"container\">\n\n    \n    <div class=\"title\" data-aos=\"fade-up\" data-aos-delay=\"100\" data-aos-anchor=\".kn-content-section-1\">\n      <h2 class=\"section-title-text\">\n       Esperienze retail su misura\n      <\/h2>\n    <\/div>\n\n    <div class=\"description\" data-aos=\"fade-up\" data-aos-delay=\"200\" data-aos-anchor=\".kn-content-section-1\">\n      <p>\n        <p>Offriamo soluzioni a misura per progetti di architettura retail, sviluppo di nuovi concept e refit, centrati nel migliorare l&#8217;esperienza nel punto vendita. Ti accompagniamo in tutto il processo!<\/p>\n\n      <\/p>\n    <\/div>\n\n          <div class=\"cta\" data-aos=\"fade-up\" data-aos-delay=\"300\" data-aos-anchor=\".kn-content-section-1\">\n        <a class=\"kn-button-1 secondary animated\" href=\"\/it\/retail-interior-design\/\">RETAIL DESIGN<\/a>\n      <\/div>\n    \n  <\/div>\n<\/section>\n\n\n\n<div style=\"height:90px\" aria-hidden=\"true\" class=\"wp-block-spacer\"><\/div>\n","protected":false},"excerpt":{"rendered":"","protected":false},"author":5,"featured_media":13286,"parent":0,"menu_order":0,"comment_status":"closed","ping_status":"closed","template":"","meta":{"_acf_changed":false,"inline_featured_image":false,"_uf_show_specific_survey":0,"_uf_disable_surveys":false,"footnotes":""},"class_list":["post-13275","page","type-page","status-publish","has-post-thumbnail","hentry"],"acf":[],"aioseo_notices":[],"yoast_head":"<!-- This site is optimized with the Yoast SEO plugin v25.6 - https:\/\/yoast.com\/wordpress\/plugins\/seo\/ -->\n<title>Soluzioni Digitali per il Retail - Esperienze Interattive | Kendu<\/title>\n<meta name=\"description\" content=\"Kendu sviluppa esperienze interattive su misura per potenziare l&#039;engagement dei compratori grazie a esperienze di compra uniche.\" \/>\n<meta name=\"robots\" content=\"index, follow, max-snippet:-1, max-image-preview:large, max-video-preview:-1\" \/>\n<link rel=\"canonical\" href=\"https:\/\/www.kendu.com\/it\/esperienze-interattive-retail\/\" \/>\n<meta property=\"og:locale\" content=\"it_IT\" \/>\n<meta property=\"og:type\" content=\"article\" \/>\n<meta property=\"og:title\" content=\"Soluzioni Digitali per il Retail - Esperienze Interattive | Kendu\" \/>\n<meta property=\"og:description\" content=\"Kendu sviluppa esperienze interattive su misura per potenziare l&#039;engagement dei compratori grazie a esperienze di compra uniche.\" \/>\n<meta property=\"og:url\" content=\"https:\/\/www.kendu.com\/it\/esperienze-interattive-retail\/\" \/>\n<meta property=\"og:site_name\" content=\"Kendu\" \/>\n<meta property=\"article:modified_time\" content=\"2021-06-10T11:03:06+00:00\" \/>\n<meta property=\"og:image\" content=\"http:\/\/www.kendu.com\/wp-content\/uploads\/2020\/02\/intel-flowbox.jpg\" \/>\n\t<meta property=\"og:image:width\" content=\"500\" \/>\n\t<meta property=\"og:image:height\" content=\"500\" \/>\n\t<meta property=\"og:image:type\" content=\"image\/jpeg\" \/>\n<meta name=\"twitter:card\" content=\"summary_large_image\" \/>\n<meta name=\"twitter:site\" content=\"@kenduinstore\" \/>\n<script type=\"application\/ld+json\" class=\"yoast-schema-graph\">{\"@context\":\"https:\/\/schema.org\",\"@graph\":[{\"@type\":\"WebPage\",\"@id\":\"https:\/\/www.kendu.com\/it\/esperienze-interattive-retail\/\",\"url\":\"https:\/\/www.kendu.com\/it\/esperienze-interattive-retail\/\",\"name\":\"Soluzioni Digitali per il Retail - Esperienze Interattive | Kendu\",\"isPartOf\":{\"@id\":\"https:\/\/www.kendu.com\/it\/#website\"},\"primaryImageOfPage\":{\"@id\":\"https:\/\/www.kendu.com\/it\/esperienze-interattive-retail\/#primaryimage\"},\"image\":{\"@id\":\"https:\/\/www.kendu.com\/it\/esperienze-interattive-retail\/#primaryimage\"},\"thumbnailUrl\":\"https:\/\/www.kendu.com\/wp-content\/uploads\/2020\/02\/intel-flowbox.jpg\",\"datePublished\":\"2021-03-16T11:12:05+00:00\",\"dateModified\":\"2021-06-10T11:03:06+00:00\",\"description\":\"Kendu sviluppa esperienze interattive su misura per potenziare l'engagement dei compratori grazie a esperienze di compra uniche.\",\"breadcrumb\":{\"@id\":\"https:\/\/www.kendu.com\/it\/esperienze-interattive-retail\/#breadcrumb\"},\"inLanguage\":\"it-IT\",\"potentialAction\":[{\"@type\":\"ReadAction\",\"target\":[\"https:\/\/www.kendu.com\/it\/esperienze-interattive-retail\/\"]}]},{\"@type\":\"ImageObject\",\"inLanguage\":\"it-IT\",\"@id\":\"https:\/\/www.kendu.com\/it\/esperienze-interattive-retail\/#primaryimage\",\"url\":\"https:\/\/www.kendu.com\/wp-content\/uploads\/2020\/02\/intel-flowbox.jpg\",\"contentUrl\":\"https:\/\/www.kendu.com\/wp-content\/uploads\/2020\/02\/intel-flowbox.jpg\",\"width\":500,\"height\":500},{\"@type\":\"BreadcrumbList\",\"@id\":\"https:\/\/www.kendu.com\/it\/esperienze-interattive-retail\/#breadcrumb\",\"itemListElement\":[{\"@type\":\"ListItem\",\"position\":1,\"name\":\"Home\",\"item\":\"https:\/\/www.kendu.com\/it\/\"},{\"@type\":\"ListItem\",\"position\":2,\"name\":\"Interactive solutions\"}]},{\"@type\":\"WebSite\",\"@id\":\"https:\/\/www.kendu.com\/it\/#website\",\"url\":\"https:\/\/www.kendu.com\/it\/\",\"name\":\"Kendu\",\"description\":\"In-store Visual Solutions\",\"publisher\":{\"@id\":\"https:\/\/www.kendu.com\/it\/#organization\"},\"potentialAction\":[{\"@type\":\"SearchAction\",\"target\":{\"@type\":\"EntryPoint\",\"urlTemplate\":\"https:\/\/www.kendu.com\/it\/?s={search_term_string}\"},\"query-input\":{\"@type\":\"PropertyValueSpecification\",\"valueRequired\":true,\"valueName\":\"search_term_string\"}}],\"inLanguage\":\"it-IT\"},{\"@type\":\"Organization\",\"@id\":\"https:\/\/www.kendu.com\/it\/#organization\",\"name\":\"Kendu\",\"url\":\"https:\/\/www.kendu.com\/it\/\",\"logo\":{\"@type\":\"ImageObject\",\"inLanguage\":\"it-IT\",\"@id\":\"https:\/\/www.kendu.com\/it\/#\/schema\/logo\/image\/\",\"url\":\"http:\/\/www.kendu.com\/wp-content\/uploads\/2020\/07\/logo-black.svg\",\"contentUrl\":\"http:\/\/www.kendu.com\/wp-content\/uploads\/2020\/07\/logo-black.svg\",\"width\":120,\"height\":32,\"caption\":\"Kendu\"},\"image\":{\"@id\":\"https:\/\/www.kendu.com\/it\/#\/schema\/logo\/image\/\"},\"sameAs\":[\"https:\/\/x.com\/kenduinstore\",\"https:\/\/www.instagram.com\/kenduinstore\/\",\"https:\/\/www.linkedin.com\/company\/kenduinstore\/\"]}]}<\/script>\n<!-- \/ Yoast SEO plugin. -->","yoast_head_json":{"title":"Soluzioni Digitali per il Retail - Esperienze Interattive | Kendu","description":"Kendu sviluppa esperienze interattive su misura per potenziare l'engagement dei compratori grazie a esperienze di compra uniche.","robots":{"index":"index","follow":"follow","max-snippet":"max-snippet:-1","max-image-preview":"max-image-preview:large","max-video-preview":"max-video-preview:-1"},"canonical":"https:\/\/www.kendu.com\/it\/esperienze-interattive-retail\/","og_locale":"it_IT","og_type":"article","og_title":"Soluzioni Digitali per il Retail - Esperienze Interattive | Kendu","og_description":"Kendu sviluppa esperienze interattive su misura per potenziare l'engagement dei compratori grazie a esperienze di compra uniche.","og_url":"https:\/\/www.kendu.com\/it\/esperienze-interattive-retail\/","og_site_name":"Kendu","article_modified_time":"2021-06-10T11:03:06+00:00","og_image":[{"width":500,"height":500,"url":"http:\/\/www.kendu.com\/wp-content\/uploads\/2020\/02\/intel-flowbox.jpg","type":"image\/jpeg"}],"twitter_card":"summary_large_image","twitter_site":"@kenduinstore","schema":{"@context":"https:\/\/schema.org","@graph":[{"@type":"WebPage","@id":"https:\/\/www.kendu.com\/it\/esperienze-interattive-retail\/","url":"https:\/\/www.kendu.com\/it\/esperienze-interattive-retail\/","name":"Soluzioni Digitali per il Retail - Esperienze Interattive | Kendu","isPartOf":{"@id":"https:\/\/www.kendu.com\/it\/#website"},"primaryImageOfPage":{"@id":"https:\/\/www.kendu.com\/it\/esperienze-interattive-retail\/#primaryimage"},"image":{"@id":"https:\/\/www.kendu.com\/it\/esperienze-interattive-retail\/#primaryimage"},"thumbnailUrl":"https:\/\/www.kendu.com\/wp-content\/uploads\/2020\/02\/intel-flowbox.jpg","datePublished":"2021-03-16T11:12:05+00:00","dateModified":"2021-06-10T11:03:06+00:00","description":"Kendu sviluppa esperienze interattive su misura per potenziare l'engagement dei compratori grazie a esperienze di compra uniche.","breadcrumb":{"@id":"https:\/\/www.kendu.com\/it\/esperienze-interattive-retail\/#breadcrumb"},"inLanguage":"it-IT","potentialAction":[{"@type":"ReadAction","target":["https:\/\/www.kendu.com\/it\/esperienze-interattive-retail\/"]}]},{"@type":"ImageObject","inLanguage":"it-IT","@id":"https:\/\/www.kendu.com\/it\/esperienze-interattive-retail\/#primaryimage","url":"https:\/\/www.kendu.com\/wp-content\/uploads\/2020\/02\/intel-flowbox.jpg","contentUrl":"https:\/\/www.kendu.com\/wp-content\/uploads\/2020\/02\/intel-flowbox.jpg","width":500,"height":500},{"@type":"BreadcrumbList","@id":"https:\/\/www.kendu.com\/it\/esperienze-interattive-retail\/#breadcrumb","itemListElement":[{"@type":"ListItem","position":1,"name":"Home","item":"https:\/\/www.kendu.com\/it\/"},{"@type":"ListItem","position":2,"name":"Interactive solutions"}]},{"@type":"WebSite","@id":"https:\/\/www.kendu.com\/it\/#website","url":"https:\/\/www.kendu.com\/it\/","name":"Kendu","description":"In-store Visual Solutions","publisher":{"@id":"https:\/\/www.kendu.com\/it\/#organization"},"potentialAction":[{"@type":"SearchAction","target":{"@type":"EntryPoint","urlTemplate":"https:\/\/www.kendu.com\/it\/?s={search_term_string}"},"query-input":{"@type":"PropertyValueSpecification","valueRequired":true,"valueName":"search_term_string"}}],"inLanguage":"it-IT"},{"@type":"Organization","@id":"https:\/\/www.kendu.com\/it\/#organization","name":"Kendu","url":"https:\/\/www.kendu.com\/it\/","logo":{"@type":"ImageObject","inLanguage":"it-IT","@id":"https:\/\/www.kendu.com\/it\/#\/schema\/logo\/image\/","url":"http:\/\/www.kendu.com\/wp-content\/uploads\/2020\/07\/logo-black.svg","contentUrl":"http:\/\/www.kendu.com\/wp-content\/uploads\/2020\/07\/logo-black.svg","width":120,"height":32,"caption":"Kendu"},"image":{"@id":"https:\/\/www.kendu.com\/it\/#\/schema\/logo\/image\/"},"sameAs":["https:\/\/x.com\/kenduinstore","https:\/\/www.instagram.com\/kenduinstore\/","https:\/\/www.linkedin.com\/company\/kenduinstore\/"]}]}},"_links":{"self":[{"href":"https:\/\/www.kendu.com\/it\/wp-json\/wp\/v2\/pages\/13275","targetHints":{"allow":["GET"]}}],"collection":[{"href":"https:\/\/www.kendu.com\/it\/wp-json\/wp\/v2\/pages"}],"about":[{"href":"https:\/\/www.kendu.com\/it\/wp-json\/wp\/v2\/types\/page"}],"author":[{"embeddable":true,"href":"https:\/\/www.kendu.com\/it\/wp-json\/wp\/v2\/users\/5"}],"replies":[{"embeddable":true,"href":"https:\/\/www.kendu.com\/it\/wp-json\/wp\/v2\/comments?post=13275"}],"version-history":[{"count":0,"href":"https:\/\/www.kendu.com\/it\/wp-json\/wp\/v2\/pages\/13275\/revisions"}],"wp:featuredmedia":[{"embeddable":true,"href":"https:\/\/www.kendu.com\/it\/wp-json\/wp\/v2\/media\/13286"}],"wp:attachment":[{"href":"https:\/\/www.kendu.com\/it\/wp-json\/wp\/v2\/media?parent=13275"}],"curies":[{"name":"wp","href":"https:\/\/api.w.org\/{rel}","templated":true}]}}