{"id":6693,"date":"2020-07-23T14:06:25","date_gmt":"2020-07-23T14:06:25","guid":{"rendered":"http:\/\/www.kendu.com\/?page_id=6693"},"modified":"2023-04-04T13:49:21","modified_gmt":"2023-04-04T13:49:21","slug":"politique-cookies","status":"publish","type":"page","link":"https:\/\/www.kendu.com\/fr\/politique-cookies\/","title":{"rendered":"Cookies policy"},"content":{"rendered":"\n<h2 class=\"wp-block-heading\">POLITIQUE DE COOKIES<\/h2>\n\n\n\n<p>Ce site Web utilise des cookies dans le but d\u2019am\u00e9liorer et d&rsquo;optimiser l\u2019exp\u00e9rience de l\u2019utilisateur. Vous trouverez ci-apr\u00e8s les informations d\u00e9taill\u00e9es sur la d\u00e9finition des \u00ab&nbsp;cookies&nbsp;\u00bb, les types de cookies utilis\u00e9s sur ce site Web, comment les d\u00e9sactiver dans votre navigateur et comment bloquer sp\u00e9cifiquement l\u2019installation des cookies de tiers.<\/p>\n\n\n\n<h3 class=\"wp-block-heading\">QUE SONT LES COOKIES ET COMMENT LES SITES WEB DU CLIENT LES UTILISENT-ILS?<\/h3>\n\n\n\n<p>Les cookies sont des fichiers que le site Web ou l\u2019application que vous utilisez installe dans votre navigateur ou dans votre appareil (smartphone, tablette&#8230;) quand vous visitez des sites ou une application. Ils servent \u00e0 collecter des informations sur votre visite. Comme la plupart des sites internet, les portails Web du <strong>CLIENT<\/strong> utilisent des cookies pour:<\/p>\n\n\n\n<p class=\"has-text-align-center\">-Garantir le bon fonctionnement des pages Web.<\/p>\n\n\n\n<p class=\"has-text-align-center\">-Enregistrer vos pr\u00e9f\u00e9rences, comme la langue que vous avez choisie ou la taille de la police.<\/p>\n\n\n\n<p class=\"has-text-align-center\">-Conna\u00eetre votre exp\u00e9rience de navigation.<\/p>\n\n\n\n<p class=\"has-text-align-center\">-Collecter des donn\u00e9es statistiques anonymes, comme les pages que vous avez visit\u00e9es ou le temps que vous avez pass\u00e9 sur notre site.<\/p>\n\n\n\n<p>L&rsquo;utilisation des cookies nous permet d&rsquo;optimiser votre navigation, en adaptant les informations et les services offerts \u00e0 vos int\u00e9r\u00eats afin de vous offrir une meilleure exp\u00e9rience lors de vos prochaines visites. Les sites Web du <strong>CLIENT<\/strong> utilisent des cookies pour fonctionner, adapter et faciliter au maximum la navigation de l\u2019utilisateur.<\/p>\n\n\n\n<p>Les cookies sont uniquement associ\u00e9s \u00e0 un utilisateur anonyme et \u00e0 son ordinateur\/appareil et ne fournissent pas des r\u00e9f\u00e9rences permettant de collecter des donn\u00e9es personnelles. Vous pouvez \u00e0 tout moment acc\u00e9der aux param\u00e8tres de votre navigateur pour modifier et\/ou bloquer l\u2019installation des cookies envoy\u00e9s par les sites Web du <strong>CLIENT<\/strong>, sans que cela ne vous emp\u00eache d\u2019acc\u00e9der aux contenus. Cependant, cela pourrait affecter la qualit\u00e9 du fonctionnement des services.<\/p>\n\n\n\n<p>Les utilisateurs qui r\u00e9alisent le processus d\u2019inscription ou qui s\u2019identifient avec leurs donn\u00e9es d\u2019acc\u00e8s pourront acc\u00e9der \u00e0 des services personnalis\u00e9s et adapt\u00e9s \u00e0 leurs pr\u00e9f\u00e9rences selon les informations personnelles fournies lors de l&rsquo;inscription et celles stock\u00e9es dans les cookies de leur navigateur.<\/p>\n\n\n\n<p>-Les cookies d\u2019authentification sont des cookies temporaires par d\u00e9faut (par session) non permanents. Cependant, les utilisateurs peuvent les rendre permanents en cochant la case \u00ab&nbsp;Remember login&nbsp;\u00bb sur la page de connexion. Pour les utilisateurs inscrits.<\/p>\n\n\n\n<p>-Les cookies de session, qui s\u2019activent lors de la connexion, sont valables 30 minutes \u00e0 partir de la derni\u00e8re p\u00e9riode d\u2019activit\u00e9. Pour les utilisateurs inscrits.<\/p>\n\n\n\n<p>-Un cookie appel\u00e9 \u00ab&nbsp;langue&nbsp;\u00bb est cr\u00e9\u00e9 pour enregistrer la langue. Dans une installation monolingue, il s\u2019agit simplement de la langue par d\u00e9faut du navigateur, mais si le site est compatible avec plusieurs langues, il peut varier selon la langue choisie. Pour tous types d&rsquo;utilisateurs.<\/p>\n\n\n\n<p class=\"has-text-align-center\">TITULAIRE                         NOM DU COOKIE                        FONCTION<\/p>\n\n\n\n<h3 class=\"wp-block-heading\">Comment configurer mes cookies?<\/h3>\n\n\n\n<p>En poursuivant votre navigation sur notre site Web, vous consentirez \u00e0 l\u2019utilisation des cookies selon les conditions contenues dans la pr\u00e9sente politique de cookies.&nbsp;Le <strong>CLIENT<\/strong> fournira l\u2019acc\u00e8s \u00e0 cette politique de cookies lors de l\u2019inscription dans le but d&rsquo;informer l\u2019utilisateur, et ind\u00e9pendamment du fait qu\u2019il puisse exercer son droit de bloquer, de supprimer ou de refuser l\u2019utilisation des cookies \u00e0 tout moment.<\/p>\n\n\n\n<p>En tout \u00e9tat de cause, nous vous informons que puisque les cookies ne sont pas n\u00e9cessaires \u00e0 l\u2019utilisation de notre site Web, vous pouvez les bloquer ou les d\u00e9sinstaller dans les param\u00e8tres de votre navigateur, ce qui vous permettra de refuser l\u2019installation de l&rsquo;int\u00e9gralit\u00e9 ou d\u2019une partie des cookies. La grande majorit\u00e9 des navigateurs permet d\u2019avertir de la pr\u00e9sence de cookies ou de les refuser automatiquement. Si vous les refusez, vous pourrez poursuivre votre navigation sur notre site Web, mais l&rsquo;utilisation de certains services pourrait \u00eatre limit\u00e9e et cela pourrait impacter votre visite sur notre site Web.<\/p>\n\n\n\n<h3 class=\"wp-block-heading\">Comment bloquer ou autoriser les cookies?<\/h3>\n\n\n\n<p>\u00c0 tout moment, l&rsquo;utilisateur peut choisir les cookies qu&rsquo;il souhaite autoriser en se rendant dans<\/p>\n\n\n\n<p>-les param\u00e8tres du <strong>navigateur<\/strong>, par exemple&nbsp;:<\/p>\n\n\n\n<p class=\"has-text-align-center\"><strong>Chrome<\/strong>, via le lien\u00a0<a href=\"http:\/\/support.google.com\/chrome\/bin\/answer.py?hl=es&amp;answer=95647\" target=\"_blank\" rel=\"noreferrer noopener\">http:\/\/support.google.com\/chrome\/bin\/answer.py?hl=es&amp;answer=95647<\/a><\/p>\n\n\n\n<p class=\"has-text-align-center\"><strong>Explorer<\/strong>, via le lien\u00a0<a href=\"http:\/\/windows.microsoft.com\/es-es\/windows7\/how-to-manage-cookies-in-internet-explorer-9\" target=\"_blank\" rel=\"noreferrer noopener\">http:\/\/windows.microsoft.com\/es-es\/windows7\/how-to-manage-cookies-in-internet-explorer-9<\/a><\/p>\n\n\n\n<p class=\"has-text-align-center\"><strong>Firefox<\/strong>, via le lien\u00a0<a href=\"http:\/\/support.mozilla.org\/es\/kb\/habilitar-y-deshabilitar-cookies-que-los-sitios-we\" target=\"_blank\" rel=\"noreferrer noopener\">http:\/\/support.mozilla.org\/es\/kb\/habilitar-y-deshabilitar-cookies-que-los-sitios-we<\/a><\/p>\n\n\n\n<p class=\"has-text-align-center\"><strong>Safari<\/strong>, via le lien\u00a0<a href=\"http:\/\/support.apple.com\/kb\/ph5042\" target=\"_blank\" rel=\"noreferrer noopener\">http:\/\/support.apple.com\/kb\/ph5042<\/a><\/p>\n\n\n\n<p>-Certains tiers proposent des outils, disponibles en ligne, qui permettent aux utilisateurs de d\u00e9tecter les cookies sur chaque site Web qu&rsquo;ils visitent et de les d\u00e9sactiver.<\/p>\n","protected":false},"excerpt":{"rendered":"<p>POLITIQUE DE COOKIES Ce site Web utilise des cookies dans le but d\u2019am\u00e9liorer et d&rsquo;optimiser l\u2019exp\u00e9rience de l\u2019utilisateur. Vous trouverez ci-apr\u00e8s les informations d\u00e9taill\u00e9es sur la d\u00e9finition des \u00ab&nbsp;cookies&nbsp;\u00bb, les types de cookies utilis\u00e9s sur ce site Web, comment les d\u00e9sactiver dans votre navigateur et comment bloquer sp\u00e9cifiquement l\u2019installation des cookies de tiers. QUE SONT [&hellip;]<\/p>\n","protected":false},"author":2,"featured_media":0,"parent":0,"menu_order":0,"comment_status":"closed","ping_status":"closed","template":"page-fulltext.php","meta":{"_acf_changed":false,"inline_featured_image":false,"_uf_show_specific_survey":0,"_uf_disable_surveys":false,"footnotes":""},"class_list":["post-6693","page","type-page","status-publish","hentry"],"acf":[],"aioseo_notices":[],"yoast_head":"<!-- This site is optimized with the Yoast SEO plugin v25.6 - https:\/\/yoast.com\/wordpress\/plugins\/seo\/ -->\n<title>Politique de Cookies | Kendu<\/title>\n<meta name=\"description\" content=\"-\" \/>\n<meta name=\"robots\" content=\"noindex, nofollow\" \/>\n<meta property=\"og:locale\" content=\"fr_FR\" \/>\n<meta property=\"og:type\" content=\"article\" \/>\n<meta property=\"og:title\" content=\"Politique de Cookies | Kendu\" \/>\n<meta property=\"og:description\" content=\"-\" \/>\n<meta property=\"og:url\" content=\"https:\/\/www.kendu.com\/fr\/politique-cookies\/\" \/>\n<meta property=\"og:site_name\" content=\"Kendu\" \/>\n<meta property=\"article:modified_time\" content=\"2023-04-04T13:49:21+00:00\" \/>\n<meta property=\"og:image\" content=\"https:\/\/www.kendu.com\/wp-content\/uploads\/2020\/02\/showroom-kendu.jpg\" \/>\n\t<meta property=\"og:image:width\" content=\"500\" \/>\n\t<meta property=\"og:image:height\" content=\"500\" \/>\n\t<meta property=\"og:image:type\" content=\"image\/jpeg\" \/>\n<meta name=\"twitter:card\" content=\"summary_large_image\" \/>\n<meta name=\"twitter:site\" content=\"@kenduinstore\" \/>\n<meta name=\"twitter:label1\" content=\"Dur\u00e9e de lecture estim\u00e9e\" \/>\n\t<meta name=\"twitter:data1\" content=\"3 minutes\" \/>\n<script type=\"application\/ld+json\" class=\"yoast-schema-graph\">{\"@context\":\"https:\/\/schema.org\",\"@graph\":[{\"@type\":\"WebPage\",\"@id\":\"https:\/\/www.kendu.com\/fr\/politique-cookies\/\",\"url\":\"https:\/\/www.kendu.com\/fr\/politique-cookies\/\",\"name\":\"Politique de Cookies | Kendu\",\"isPartOf\":{\"@id\":\"http:\/\/www.kendu.com\/fr\/#website\"},\"datePublished\":\"2020-07-23T14:06:25+00:00\",\"dateModified\":\"2023-04-04T13:49:21+00:00\",\"description\":\"-\",\"breadcrumb\":{\"@id\":\"https:\/\/www.kendu.com\/fr\/politique-cookies\/#breadcrumb\"},\"inLanguage\":\"fr-FR\",\"potentialAction\":[{\"@type\":\"ReadAction\",\"target\":[\"https:\/\/www.kendu.com\/fr\/politique-cookies\/\"]}]},{\"@type\":\"BreadcrumbList\",\"@id\":\"https:\/\/www.kendu.com\/fr\/politique-cookies\/#breadcrumb\",\"itemListElement\":[{\"@type\":\"ListItem\",\"position\":1,\"name\":\"Home\",\"item\":\"http:\/\/www.kendu.com\/fr\/\"},{\"@type\":\"ListItem\",\"position\":2,\"name\":\"Cookies policy\"}]},{\"@type\":\"WebSite\",\"@id\":\"http:\/\/www.kendu.com\/fr\/#website\",\"url\":\"http:\/\/www.kendu.com\/fr\/\",\"name\":\"Kendu\",\"description\":\"In-store Visual Solutions\",\"publisher\":{\"@id\":\"http:\/\/www.kendu.com\/fr\/#organization\"},\"potentialAction\":[{\"@type\":\"SearchAction\",\"target\":{\"@type\":\"EntryPoint\",\"urlTemplate\":\"http:\/\/www.kendu.com\/fr\/?s={search_term_string}\"},\"query-input\":{\"@type\":\"PropertyValueSpecification\",\"valueRequired\":true,\"valueName\":\"search_term_string\"}}],\"inLanguage\":\"fr-FR\"},{\"@type\":\"Organization\",\"@id\":\"http:\/\/www.kendu.com\/fr\/#organization\",\"name\":\"Kendu\",\"url\":\"http:\/\/www.kendu.com\/fr\/\",\"logo\":{\"@type\":\"ImageObject\",\"inLanguage\":\"fr-FR\",\"@id\":\"http:\/\/www.kendu.com\/fr\/#\/schema\/logo\/image\/\",\"url\":\"http:\/\/www.kendu.com\/wp-content\/uploads\/2020\/07\/logo-black.svg\",\"contentUrl\":\"http:\/\/www.kendu.com\/wp-content\/uploads\/2020\/07\/logo-black.svg\",\"width\":120,\"height\":32,\"caption\":\"Kendu\"},\"image\":{\"@id\":\"http:\/\/www.kendu.com\/fr\/#\/schema\/logo\/image\/\"},\"sameAs\":[\"https:\/\/x.com\/kenduinstore\",\"https:\/\/www.instagram.com\/kenduinstore\/\",\"https:\/\/www.linkedin.com\/company\/kenduinstore\/\"]}]}<\/script>\n<!-- \/ Yoast SEO plugin. -->","yoast_head_json":{"title":"Politique de Cookies | Kendu","description":"-","robots":{"index":"noindex","follow":"nofollow"},"og_locale":"fr_FR","og_type":"article","og_title":"Politique de Cookies | Kendu","og_description":"-","og_url":"https:\/\/www.kendu.com\/fr\/politique-cookies\/","og_site_name":"Kendu","article_modified_time":"2023-04-04T13:49:21+00:00","og_image":[{"width":500,"height":500,"url":"https:\/\/www.kendu.com\/wp-content\/uploads\/2020\/02\/showroom-kendu.jpg","type":"image\/jpeg"}],"twitter_card":"summary_large_image","twitter_site":"@kenduinstore","twitter_misc":{"Dur\u00e9e de lecture estim\u00e9e":"3 minutes"},"schema":{"@context":"https:\/\/schema.org","@graph":[{"@type":"WebPage","@id":"https:\/\/www.kendu.com\/fr\/politique-cookies\/","url":"https:\/\/www.kendu.com\/fr\/politique-cookies\/","name":"Politique de Cookies | Kendu","isPartOf":{"@id":"http:\/\/www.kendu.com\/fr\/#website"},"datePublished":"2020-07-23T14:06:25+00:00","dateModified":"2023-04-04T13:49:21+00:00","description":"-","breadcrumb":{"@id":"https:\/\/www.kendu.com\/fr\/politique-cookies\/#breadcrumb"},"inLanguage":"fr-FR","potentialAction":[{"@type":"ReadAction","target":["https:\/\/www.kendu.com\/fr\/politique-cookies\/"]}]},{"@type":"BreadcrumbList","@id":"https:\/\/www.kendu.com\/fr\/politique-cookies\/#breadcrumb","itemListElement":[{"@type":"ListItem","position":1,"name":"Home","item":"http:\/\/www.kendu.com\/fr\/"},{"@type":"ListItem","position":2,"name":"Cookies policy"}]},{"@type":"WebSite","@id":"http:\/\/www.kendu.com\/fr\/#website","url":"http:\/\/www.kendu.com\/fr\/","name":"Kendu","description":"In-store Visual Solutions","publisher":{"@id":"http:\/\/www.kendu.com\/fr\/#organization"},"potentialAction":[{"@type":"SearchAction","target":{"@type":"EntryPoint","urlTemplate":"http:\/\/www.kendu.com\/fr\/?s={search_term_string}"},"query-input":{"@type":"PropertyValueSpecification","valueRequired":true,"valueName":"search_term_string"}}],"inLanguage":"fr-FR"},{"@type":"Organization","@id":"http:\/\/www.kendu.com\/fr\/#organization","name":"Kendu","url":"http:\/\/www.kendu.com\/fr\/","logo":{"@type":"ImageObject","inLanguage":"fr-FR","@id":"http:\/\/www.kendu.com\/fr\/#\/schema\/logo\/image\/","url":"http:\/\/www.kendu.com\/wp-content\/uploads\/2020\/07\/logo-black.svg","contentUrl":"http:\/\/www.kendu.com\/wp-content\/uploads\/2020\/07\/logo-black.svg","width":120,"height":32,"caption":"Kendu"},"image":{"@id":"http:\/\/www.kendu.com\/fr\/#\/schema\/logo\/image\/"},"sameAs":["https:\/\/x.com\/kenduinstore","https:\/\/www.instagram.com\/kenduinstore\/","https:\/\/www.linkedin.com\/company\/kenduinstore\/"]}]}},"_links":{"self":[{"href":"https:\/\/www.kendu.com\/fr\/wp-json\/wp\/v2\/pages\/6693","targetHints":{"allow":["GET"]}}],"collection":[{"href":"https:\/\/www.kendu.com\/fr\/wp-json\/wp\/v2\/pages"}],"about":[{"href":"https:\/\/www.kendu.com\/fr\/wp-json\/wp\/v2\/types\/page"}],"author":[{"embeddable":true,"href":"https:\/\/www.kendu.com\/fr\/wp-json\/wp\/v2\/users\/2"}],"replies":[{"embeddable":true,"href":"https:\/\/www.kendu.com\/fr\/wp-json\/wp\/v2\/comments?post=6693"}],"version-history":[{"count":0,"href":"https:\/\/www.kendu.com\/fr\/wp-json\/wp\/v2\/pages\/6693\/revisions"}],"wp:attachment":[{"href":"https:\/\/www.kendu.com\/fr\/wp-json\/wp\/v2\/media?parent=6693"}],"curies":[{"name":"wp","href":"https:\/\/api.w.org\/{rel}","templated":true}]}}