{"id":10688,"date":"2020-09-02T09:55:30","date_gmt":"2020-09-02T09:55:30","guid":{"rendered":"http:\/\/www.kendu.com\/?page_id=10688"},"modified":"2020-09-02T12:31:30","modified_gmt":"2020-09-02T12:31:30","slug":"retroeclairee","status":"publish","type":"page","link":"https:\/\/www.kendu.com\/fr\/eclairage-retail\/retroeclairee\/","title":{"rendered":"Backlit lighting"},"content":{"rendered":"  <section class=\"kn-featured-6\">\n    <img decoding=\"async\" src=\"https:\/\/www.kendu.com\/wp-content\/uploads\/2020\/08\/backlit-lighting-1920x580-1.jpg\" style=\"min-width:30%;\" \/>\n\n    <div class=\"inner\">\n      <div class=\"inner-left\">\n        <div class=\"title\" data-aos=\"fade-up\" data-aos-delay=\"100\" data-aos-anchor=\".kn-featured-6\">\n          <h1 class=\"site-title\">LED r\u00e9tro\u00e9clair\u00e9e<\/h1>\n        <\/div>\n\n        <div class=\"description\" data-aos=\"fade-up\" data-aos-delay=\"200\" data-aos-anchor=\".kn-featured-6\">\n          <p>Chez Kendu, nous fournissons \u00e9galement des options d\u2019\u00e9clairage r\u00e9tro\u00e9clair\u00e9 id\u00e9ales pour les formats sp\u00e9ciaux tels que les lightboxes de forme irr\u00e9guli\u00e8re ou ultra mince. Les options d\u2019\u00e9clairage r\u00e9tro\u00e9clair\u00e9 telles que notre LED innovante fisheye cr\u00e9ent une lightbox puissante et uniforme dont l\u2019esth\u00e9tique imposante compense toute augmentation de la consommation d\u2019\u00e9nergie.<\/p>\n        <\/div>\n\n                  <div class=\"cta\">\n            <span class=\"kn-button-1 hidden-button\"><\/span>\n          <\/div>\n        \n      <\/div>\n\n      <div class=\"inner-right\">\n                              <p>Id\u00e9ale pour  : <\/p>\n                    <ol>\n                          <li>Slim lightboxes<\/li>\n                          <li>\u00c9clairage uniforme<\/li>\n                          <li>Petites ou de haute qualit\u00e9<\/li>\n                          <li>Liseuses de format sp\u00e9cial<\/li>\n                      <\/ol> \n              <\/div>\n\n    <\/div>\n\n    <div class=\"animation\"><\/div>\n  <\/section>\n\n\n<section class=\"kn-content-section-21\">\n  <div class=\"container\">\n  \n\n    <div class=\"items\">\n\n      \n                      <!--elem impares-->\n\n                          <div class=\"service service-1\" data-aos=\"fade-up\" data-aos-delay=\"100\">\n                <div class=\"service-left\">\n                  <span class=\"service-number\" data-aos=\"fade-down\" data-aos-delay=\"200\" data-aos-anchor=\".service-1\">01.<\/span>\n                  <h2 class=\"service-title\" data-aos=\"fade-up\" data-aos-delay=\"300\" data-aos-anchor=\".service-1\">Fisheye Lights<\/h2>\n\n                  <p class=\"service-text aos-init aos-animate\" data-aos=\"fade-up\" data-aos-delay=\"400\" data-aos-anchor=\".service-1\">Modules r\u00e9tro\u00e9clair\u00e9s pour une solution d\u2019\u00e9clairage puissante et uniforme. Compatible avec les syst\u00e8mes d\u2019exp\u00e9dition Smartframe KIT et Smartclip. Parfait pour les grands formats d\u2019\u00e9clairage avec une profondeur de profil \u00e0 partir de 55 mm.<\/p>\n\n\n                  \n                <\/div>\n                <div class=\"service-right\" data-aos=\"fade-left\" data-aos-delay=\"400\" data-aos-anchor=\".service-1\">\n                  <img decoding=\"async\" class=\"service-image\" src=\"https:\/\/www.kendu.com\/wp-content\/uploads\/2020\/07\/BACKLIT_FISHEYE.jpg\" alt=\"\" \/>\n                <\/div>\n              <\/div>\n            \n          \n      \n                      <!--elem pares-->\n\n                          <div class=\"service service-2\" data-aos=\"fade-up\" data-aos-delay=\"100\">\n                <div class=\"service-left\" data-aos=\"fade-right\" data-aos-delay=\"400\" data-aos-anchor=\".service-2\">\n                  <img decoding=\"async\" class=\"service-image\" src=\"https:\/\/www.kendu.com\/wp-content\/uploads\/2020\/07\/BACKLIT_STRIPS.jpg\" alt=\"\" \/>\n                <\/div>\n                <div class=\"service-right\">              \n                  <span class=\"service-number\" data-aos=\"fade-down\" data-aos-delay=\"200\" data-aos-anchor=\".service-2\">02.<\/span>\n                  <h2 class=\"service-title\" data-aos=\"fade-up\" data-aos-delay=\"300\" data-aos-anchor=\".service-2\">Bandes du Panneau Arri\u00e8re<\/h2>\n\n                  <p class=\"service-text aos-init aos-animate\" data-aos=\"fade-up\" data-aos-delay=\"400\" data-aos-anchor=\".service-2\">L\u2019\u00e9clairage \u00e0 LED en bande est mont\u00e9 sur le panneau arri\u00e8re de la bo\u00eete \u00e0 lumi\u00e8re, ce qui signifie qu\u2019il est id\u00e9al pour les formes irr\u00e9guli\u00e8res et sp\u00e9ciales. Limites de taille \u00e0 mesure que la lightbox est exp\u00e9di\u00e9e pr\u00e9-assembl\u00e9e.<\/p>\n\n\n                                  <\/div>\n                    \n              <\/div>\n            \n          \n      \n                      <!--elem impares-->\n\n                          <div class=\"service service-3\" data-aos=\"fade-up\" data-aos-delay=\"100\">\n                <div class=\"service-left\">\n                  <span class=\"service-number\" data-aos=\"fade-down\" data-aos-delay=\"200\" data-aos-anchor=\".service-3\">03.<\/span>\n                  <h2 class=\"service-title\" data-aos=\"fade-up\" data-aos-delay=\"300\" data-aos-anchor=\".service-3\">Luxpanel<\/h2>\n\n                  <p class=\"service-text aos-init aos-animate\" data-aos=\"fade-up\" data-aos-delay=\"400\" data-aos-anchor=\".service-3\">Solution d\u2019\u00e9clairage r\u00e9tro-\u00e9clair\u00e9 pour les bo\u00eetes \u00e0 lumi\u00e8re les plus minces du march\u00e9 \u00e0 partir de D- Recommand\u00e9 pour les petites bo\u00eetes \u00e0 lumi\u00e8re qui n\u00e9cessitent une finition d\u2019\u00e9clairage de haute qualit\u00e9. Taille maximale : 1000x1200mm.<\/p>\n\n\n                  \n                <\/div>\n                <div class=\"service-right\" data-aos=\"fade-left\" data-aos-delay=\"400\" data-aos-anchor=\".service-3\">\n                  <img decoding=\"async\" class=\"service-image\" src=\"https:\/\/www.kendu.com\/wp-content\/uploads\/2020\/07\/BACKLIT_LUXPANEL.jpg\" alt=\"\" \/>\n                <\/div>\n              <\/div>\n            \n          \n      \n    <\/div>\n\n\n  <\/div>\n<\/section>\n\n\n<section class=\"kn-content-section-5\">\n  <div class=\"container\">\n\n    <div class=\"title\" data-aos=\"fade-up\" data-aos-delay=\"100\" data-aos-anchor=\".kn-content-section-5\">\n      <h2 class=\"section-title-text\">\n        Souhaitez-vous en savoir plus ?\n      <\/h2>\n    <\/div>\n\n    <div class=\"items\">\n              <div class=\"item\" data-aos=\"fade-up\" data-aos-delay=\"300\" data-aos-anchor=\".kn-content-section-5\">\n\n          <a class=\"kn-button-1 animated secondary\" href=\"\/fr\/contact\/\">Contactez-nous<\/a>\n\n        <\/div>\n          <\/div>\n\n  <\/div>\n<\/section>\n\n\n\n<p><\/p>\n","protected":false},"excerpt":{"rendered":"","protected":false},"author":5,"featured_media":6272,"parent":10650,"menu_order":0,"comment_status":"closed","ping_status":"closed","template":"","meta":{"_acf_changed":false,"inline_featured_image":false,"_uf_show_specific_survey":0,"_uf_disable_surveys":false,"footnotes":""},"class_list":["post-10688","page","type-page","status-publish","has-post-thumbnail","hentry"],"acf":[],"aioseo_notices":[],"yoast_head":"<!-- This site is optimized with the Yoast SEO plugin v25.6 - https:\/\/yoast.com\/wordpress\/plugins\/seo\/ -->\n<title>LED R\u00e9tro\u00e9clair\u00e9e | Kendu<\/title>\n<meta name=\"description\" content=\"Le r\u00e9tro-\u00e9clairage est id\u00e9al pour les bo\u00eetes \u00e0 lumi\u00e8re sp\u00e9ciales et aux formes irr\u00e9guli\u00e8res. Contactez-nous pour plus d\u2019informations.\" \/>\n<meta name=\"robots\" content=\"index, follow, max-snippet:-1, max-image-preview:large, max-video-preview:-1\" \/>\n<link rel=\"canonical\" href=\"https:\/\/www.kendu.com\/fr\/eclairage-retail\/retroeclairee\/\" \/>\n<meta property=\"og:locale\" content=\"fr_FR\" \/>\n<meta property=\"og:type\" content=\"article\" \/>\n<meta property=\"og:title\" content=\"LED R\u00e9tro\u00e9clair\u00e9e | Kendu\" \/>\n<meta property=\"og:description\" content=\"Le r\u00e9tro-\u00e9clairage est id\u00e9al pour les bo\u00eetes \u00e0 lumi\u00e8re sp\u00e9ciales et aux formes irr\u00e9guli\u00e8res. Contactez-nous pour plus d\u2019informations.\" \/>\n<meta property=\"og:url\" content=\"https:\/\/www.kendu.com\/fr\/eclairage-retail\/retroeclairee\/\" \/>\n<meta property=\"og:site_name\" content=\"Kendu\" \/>\n<meta property=\"article:modified_time\" content=\"2020-09-02T12:31:30+00:00\" \/>\n<meta property=\"og:image\" content=\"https:\/\/www.kendu.com\/wp-content\/uploads\/2020\/07\/BACKLIT_STRIPS.jpg\" \/>\n\t<meta property=\"og:image:width\" content=\"526\" \/>\n\t<meta property=\"og:image:height\" content=\"535\" \/>\n\t<meta property=\"og:image:type\" content=\"image\/jpeg\" \/>\n<meta name=\"twitter:card\" content=\"summary_large_image\" \/>\n<meta name=\"twitter:site\" content=\"@kenduinstore\" \/>\n<script type=\"application\/ld+json\" class=\"yoast-schema-graph\">{\"@context\":\"https:\/\/schema.org\",\"@graph\":[{\"@type\":\"WebPage\",\"@id\":\"https:\/\/www.kendu.com\/fr\/eclairage-retail\/retroeclairee\/\",\"url\":\"https:\/\/www.kendu.com\/fr\/eclairage-retail\/retroeclairee\/\",\"name\":\"LED R\u00e9tro\u00e9clair\u00e9e | Kendu\",\"isPartOf\":{\"@id\":\"http:\/\/www.kendu.com\/fr\/#website\"},\"primaryImageOfPage\":{\"@id\":\"https:\/\/www.kendu.com\/fr\/eclairage-retail\/retroeclairee\/#primaryimage\"},\"image\":{\"@id\":\"https:\/\/www.kendu.com\/fr\/eclairage-retail\/retroeclairee\/#primaryimage\"},\"thumbnailUrl\":\"https:\/\/www.kendu.com\/wp-content\/uploads\/2020\/07\/BACKLIT_STRIPS.jpg\",\"datePublished\":\"2020-09-02T09:55:30+00:00\",\"dateModified\":\"2020-09-02T12:31:30+00:00\",\"description\":\"Le r\u00e9tro-\u00e9clairage est id\u00e9al pour les bo\u00eetes \u00e0 lumi\u00e8re sp\u00e9ciales et aux formes irr\u00e9guli\u00e8res. Contactez-nous pour plus d\u2019informations.\",\"breadcrumb\":{\"@id\":\"https:\/\/www.kendu.com\/fr\/eclairage-retail\/retroeclairee\/#breadcrumb\"},\"inLanguage\":\"fr-FR\",\"potentialAction\":[{\"@type\":\"ReadAction\",\"target\":[\"https:\/\/www.kendu.com\/fr\/eclairage-retail\/retroeclairee\/\"]}]},{\"@type\":\"ImageObject\",\"inLanguage\":\"fr-FR\",\"@id\":\"https:\/\/www.kendu.com\/fr\/eclairage-retail\/retroeclairee\/#primaryimage\",\"url\":\"https:\/\/www.kendu.com\/wp-content\/uploads\/2020\/07\/BACKLIT_STRIPS.jpg\",\"contentUrl\":\"https:\/\/www.kendu.com\/wp-content\/uploads\/2020\/07\/BACKLIT_STRIPS.jpg\",\"width\":526,\"height\":535},{\"@type\":\"BreadcrumbList\",\"@id\":\"https:\/\/www.kendu.com\/fr\/eclairage-retail\/retroeclairee\/#breadcrumb\",\"itemListElement\":[{\"@type\":\"ListItem\",\"position\":1,\"name\":\"Home\",\"item\":\"http:\/\/www.kendu.com\/fr\/\"},{\"@type\":\"ListItem\",\"position\":2,\"name\":\"Lighting Lab\",\"item\":\"https:\/\/www.kendu.com\/fr\/eclairage-retail\/\"},{\"@type\":\"ListItem\",\"position\":3,\"name\":\"Backlit lighting\"}]},{\"@type\":\"WebSite\",\"@id\":\"http:\/\/www.kendu.com\/fr\/#website\",\"url\":\"http:\/\/www.kendu.com\/fr\/\",\"name\":\"Kendu\",\"description\":\"In-store Visual Solutions\",\"publisher\":{\"@id\":\"http:\/\/www.kendu.com\/fr\/#organization\"},\"potentialAction\":[{\"@type\":\"SearchAction\",\"target\":{\"@type\":\"EntryPoint\",\"urlTemplate\":\"http:\/\/www.kendu.com\/fr\/?s={search_term_string}\"},\"query-input\":{\"@type\":\"PropertyValueSpecification\",\"valueRequired\":true,\"valueName\":\"search_term_string\"}}],\"inLanguage\":\"fr-FR\"},{\"@type\":\"Organization\",\"@id\":\"http:\/\/www.kendu.com\/fr\/#organization\",\"name\":\"Kendu\",\"url\":\"http:\/\/www.kendu.com\/fr\/\",\"logo\":{\"@type\":\"ImageObject\",\"inLanguage\":\"fr-FR\",\"@id\":\"http:\/\/www.kendu.com\/fr\/#\/schema\/logo\/image\/\",\"url\":\"http:\/\/www.kendu.com\/wp-content\/uploads\/2020\/07\/logo-black.svg\",\"contentUrl\":\"http:\/\/www.kendu.com\/wp-content\/uploads\/2020\/07\/logo-black.svg\",\"width\":120,\"height\":32,\"caption\":\"Kendu\"},\"image\":{\"@id\":\"http:\/\/www.kendu.com\/fr\/#\/schema\/logo\/image\/\"},\"sameAs\":[\"https:\/\/x.com\/kenduinstore\",\"https:\/\/www.instagram.com\/kenduinstore\/\",\"https:\/\/www.linkedin.com\/company\/kenduinstore\/\"]}]}<\/script>\n<!-- \/ Yoast SEO plugin. -->","yoast_head_json":{"title":"LED R\u00e9tro\u00e9clair\u00e9e | Kendu","description":"Le r\u00e9tro-\u00e9clairage est id\u00e9al pour les bo\u00eetes \u00e0 lumi\u00e8re sp\u00e9ciales et aux formes irr\u00e9guli\u00e8res. Contactez-nous pour plus d\u2019informations.","robots":{"index":"index","follow":"follow","max-snippet":"max-snippet:-1","max-image-preview":"max-image-preview:large","max-video-preview":"max-video-preview:-1"},"canonical":"https:\/\/www.kendu.com\/fr\/eclairage-retail\/retroeclairee\/","og_locale":"fr_FR","og_type":"article","og_title":"LED R\u00e9tro\u00e9clair\u00e9e | Kendu","og_description":"Le r\u00e9tro-\u00e9clairage est id\u00e9al pour les bo\u00eetes \u00e0 lumi\u00e8re sp\u00e9ciales et aux formes irr\u00e9guli\u00e8res. Contactez-nous pour plus d\u2019informations.","og_url":"https:\/\/www.kendu.com\/fr\/eclairage-retail\/retroeclairee\/","og_site_name":"Kendu","article_modified_time":"2020-09-02T12:31:30+00:00","og_image":[{"width":526,"height":535,"url":"https:\/\/www.kendu.com\/wp-content\/uploads\/2020\/07\/BACKLIT_STRIPS.jpg","type":"image\/jpeg"}],"twitter_card":"summary_large_image","twitter_site":"@kenduinstore","schema":{"@context":"https:\/\/schema.org","@graph":[{"@type":"WebPage","@id":"https:\/\/www.kendu.com\/fr\/eclairage-retail\/retroeclairee\/","url":"https:\/\/www.kendu.com\/fr\/eclairage-retail\/retroeclairee\/","name":"LED R\u00e9tro\u00e9clair\u00e9e | Kendu","isPartOf":{"@id":"http:\/\/www.kendu.com\/fr\/#website"},"primaryImageOfPage":{"@id":"https:\/\/www.kendu.com\/fr\/eclairage-retail\/retroeclairee\/#primaryimage"},"image":{"@id":"https:\/\/www.kendu.com\/fr\/eclairage-retail\/retroeclairee\/#primaryimage"},"thumbnailUrl":"https:\/\/www.kendu.com\/wp-content\/uploads\/2020\/07\/BACKLIT_STRIPS.jpg","datePublished":"2020-09-02T09:55:30+00:00","dateModified":"2020-09-02T12:31:30+00:00","description":"Le r\u00e9tro-\u00e9clairage est id\u00e9al pour les bo\u00eetes \u00e0 lumi\u00e8re sp\u00e9ciales et aux formes irr\u00e9guli\u00e8res. Contactez-nous pour plus d\u2019informations.","breadcrumb":{"@id":"https:\/\/www.kendu.com\/fr\/eclairage-retail\/retroeclairee\/#breadcrumb"},"inLanguage":"fr-FR","potentialAction":[{"@type":"ReadAction","target":["https:\/\/www.kendu.com\/fr\/eclairage-retail\/retroeclairee\/"]}]},{"@type":"ImageObject","inLanguage":"fr-FR","@id":"https:\/\/www.kendu.com\/fr\/eclairage-retail\/retroeclairee\/#primaryimage","url":"https:\/\/www.kendu.com\/wp-content\/uploads\/2020\/07\/BACKLIT_STRIPS.jpg","contentUrl":"https:\/\/www.kendu.com\/wp-content\/uploads\/2020\/07\/BACKLIT_STRIPS.jpg","width":526,"height":535},{"@type":"BreadcrumbList","@id":"https:\/\/www.kendu.com\/fr\/eclairage-retail\/retroeclairee\/#breadcrumb","itemListElement":[{"@type":"ListItem","position":1,"name":"Home","item":"http:\/\/www.kendu.com\/fr\/"},{"@type":"ListItem","position":2,"name":"Lighting Lab","item":"https:\/\/www.kendu.com\/fr\/eclairage-retail\/"},{"@type":"ListItem","position":3,"name":"Backlit lighting"}]},{"@type":"WebSite","@id":"http:\/\/www.kendu.com\/fr\/#website","url":"http:\/\/www.kendu.com\/fr\/","name":"Kendu","description":"In-store Visual Solutions","publisher":{"@id":"http:\/\/www.kendu.com\/fr\/#organization"},"potentialAction":[{"@type":"SearchAction","target":{"@type":"EntryPoint","urlTemplate":"http:\/\/www.kendu.com\/fr\/?s={search_term_string}"},"query-input":{"@type":"PropertyValueSpecification","valueRequired":true,"valueName":"search_term_string"}}],"inLanguage":"fr-FR"},{"@type":"Organization","@id":"http:\/\/www.kendu.com\/fr\/#organization","name":"Kendu","url":"http:\/\/www.kendu.com\/fr\/","logo":{"@type":"ImageObject","inLanguage":"fr-FR","@id":"http:\/\/www.kendu.com\/fr\/#\/schema\/logo\/image\/","url":"http:\/\/www.kendu.com\/wp-content\/uploads\/2020\/07\/logo-black.svg","contentUrl":"http:\/\/www.kendu.com\/wp-content\/uploads\/2020\/07\/logo-black.svg","width":120,"height":32,"caption":"Kendu"},"image":{"@id":"http:\/\/www.kendu.com\/fr\/#\/schema\/logo\/image\/"},"sameAs":["https:\/\/x.com\/kenduinstore","https:\/\/www.instagram.com\/kenduinstore\/","https:\/\/www.linkedin.com\/company\/kenduinstore\/"]}]}},"_links":{"self":[{"href":"https:\/\/www.kendu.com\/fr\/wp-json\/wp\/v2\/pages\/10688","targetHints":{"allow":["GET"]}}],"collection":[{"href":"https:\/\/www.kendu.com\/fr\/wp-json\/wp\/v2\/pages"}],"about":[{"href":"https:\/\/www.kendu.com\/fr\/wp-json\/wp\/v2\/types\/page"}],"author":[{"embeddable":true,"href":"https:\/\/www.kendu.com\/fr\/wp-json\/wp\/v2\/users\/5"}],"replies":[{"embeddable":true,"href":"https:\/\/www.kendu.com\/fr\/wp-json\/wp\/v2\/comments?post=10688"}],"version-history":[{"count":0,"href":"https:\/\/www.kendu.com\/fr\/wp-json\/wp\/v2\/pages\/10688\/revisions"}],"up":[{"embeddable":true,"href":"https:\/\/www.kendu.com\/fr\/wp-json\/wp\/v2\/pages\/10650"}],"wp:featuredmedia":[{"embeddable":true,"href":"https:\/\/www.kendu.com\/fr\/wp-json\/wp\/v2\/media\/6272"}],"wp:attachment":[{"href":"https:\/\/www.kendu.com\/fr\/wp-json\/wp\/v2\/media?parent=10688"}],"curies":[{"name":"wp","href":"https:\/\/api.w.org\/{rel}","templated":true}]}}