{"id":10671,"date":"2020-09-02T09:36:33","date_gmt":"2020-09-02T09:36:33","guid":{"rendered":"http:\/\/www.kendu.com\/?page_id=10671"},"modified":"2020-09-02T12:30:21","modified_gmt":"2020-09-02T12:30:21","slug":"perimetre","status":"publish","type":"page","link":"https:\/\/www.kendu.com\/fr\/eclairage-retail\/perimetre\/","title":{"rendered":"Perimeter Lighting"},"content":{"rendered":"  <section class=\"kn-featured-6\">\n    <img decoding=\"async\" src=\"https:\/\/www.kendu.com\/wp-content\/uploads\/2020\/07\/LIGHTING_PERIMETER.jpg\" style=\"min-width:30%;\" \/>\n\n    <div class=\"inner\">\n      <div class=\"inner-left\">\n        <div class=\"title\" data-aos=\"fade-up\" data-aos-delay=\"100\" data-aos-anchor=\".kn-featured-6\">\n          <h1 class=\"site-title\">LED de p\u00e9rim\u00e8tre<\/h1>\n        <\/div>\n\n        <div class=\"description\" data-aos=\"fade-up\" data-aos-delay=\"200\" data-aos-anchor=\".kn-featured-6\">\n          <p>Chez Kendu, nous croyons fermement aux avantages de l\u2019\u00e9clairage LED p\u00e9rim\u00e9trique en termes d\u2019efficacit\u00e9 et de facilit\u00e9 de montage. Non seulement nous sommes en mesure d\u2019offrir des types distincts de modules LED Smartframe, mais nous pouvons \u00e9galement recommander la meilleure solution d\u2019\u00e9clairage pour votre lightbox en termes de taille, emplacement et l\u2019influence des \u00e9l\u00e9ments \u00e9clair\u00e9s autour d\u2019elle.<\/p>\n        <\/div>\n\n                  <div class=\"cta\">\n            <span class=\"kn-button-1 hidden-button\"><\/span>\n          <\/div>\n        \n      <\/div>\n\n      <div class=\"inner-right\">\n                              <p>Id\u00e9ale pour  : <\/p>\n                    <ol>\n                          <li>Smartframe KIT<\/li>\n                          <li>Grands d\u00e9ploiements<\/li>\n                          <li>Exp\u00e9ditiomns internationales<\/li>\n                          <li>Fen\u00eatres \u00e0 deux faces<\/li>\n                      <\/ol> \n              <\/div>\n\n    <\/div>\n\n    <div class=\"animation\"><\/div>\n  <\/section>\n\n\n<section class=\"kn-content-section-21\">\n  <div class=\"container\">\n  \n\n    <div class=\"items\">\n\n      \n                      <!--elem impares-->\n\n                          <div class=\"service service-1\" data-aos=\"fade-up\" data-aos-delay=\"100\">\n                <div class=\"service-left\">\n                  <span class=\"service-number\" data-aos=\"fade-down\" data-aos-delay=\"200\" data-aos-anchor=\".service-1\">01.<\/span>\n                  <h2 class=\"service-title\" data-aos=\"fade-up\" data-aos-delay=\"300\" data-aos-anchor=\".service-1\">Modules Smartframe<\/h2>\n\n                  <p class=\"service-text aos-init aos-animate\" data-aos=\"fade-up\" data-aos-delay=\"400\" data-aos-anchor=\".service-1\">Pour les luminaires Smartframe de toutes tailles avec une profondeur de profil de 65 mm \u00e0 210 mm (profondeur d\u00e9pendante de la taille globale). Temp\u00e9rature de couleur standard : 6500K (jour frais).<\/p>\n\n\n                  \n                <\/div>\n                <div class=\"service-right\" data-aos=\"fade-left\" data-aos-delay=\"400\" data-aos-anchor=\".service-1\">\n                  <img decoding=\"async\" class=\"service-image\" src=\"https:\/\/www.kendu.com\/wp-content\/uploads\/2020\/07\/SMARTFRAME-MODULES.jpg\" alt=\"\" \/>\n                <\/div>\n              <\/div>\n            \n          \n      \n                      <!--elem pares-->\n\n                          <div class=\"service service-2\" data-aos=\"fade-up\" data-aos-delay=\"100\">\n                <div class=\"service-left\" data-aos=\"fade-right\" data-aos-delay=\"400\" data-aos-anchor=\".service-2\">\n                  <img decoding=\"async\" class=\"service-image\" src=\"https:\/\/www.kendu.com\/wp-content\/uploads\/2020\/07\/SMARTFRAME-PLUS-MODULES.jpg\" alt=\"\" \/>\n                <\/div>\n                <div class=\"service-right\">              \n                  <span class=\"service-number\" data-aos=\"fade-down\" data-aos-delay=\"200\" data-aos-anchor=\".service-2\">02.<\/span>\n                  <h2 class=\"service-title\" data-aos=\"fade-up\" data-aos-delay=\"300\" data-aos-anchor=\".service-2\">Modules Smartframe Plus<\/h2>\n\n                  <p class=\"service-text aos-init aos-animate\" data-aos=\"fade-up\" data-aos-delay=\"400\" data-aos-anchor=\".service-2\">Un syst\u00e8me d\u2019\u00e9clairage plus puissant qui n\u2019a pas besoin de supports d\u2019\u00e9clairage suppl\u00e9mentaires. Parfait pour les grands formats jusqu\u2019\u00e0 2200 mm de large et pour les profondeurs de profil \u00e0 partir de 100mm. Produit certifi\u00e9 \u00e9coconception et disponible en temp\u00e9rature de couleur : 6500K, 5500K et 4000K.<\/p>\n\n\n                                  <\/div>\n                    \n              <\/div>\n            \n          \n      \n    <\/div>\n\n\n  <\/div>\n<\/section>\n\n\n<section class=\"kn-content-section-5\">\n  <div class=\"container\">\n\n    <div class=\"title\" data-aos=\"fade-up\" data-aos-delay=\"100\" data-aos-anchor=\".kn-content-section-5\">\n      <h2 class=\"section-title-text\">\n        Souhaitez-vous en savoir plus ?\n      <\/h2>\n    <\/div>\n\n    <div class=\"items\">\n              <div class=\"item\" data-aos=\"fade-up\" data-aos-delay=\"300\" data-aos-anchor=\".kn-content-section-5\">\n\n          <a class=\"kn-button-1 animated secondary\" href=\"\/fr\/contact\/\">Contactez-nous<\/a>\n\n        <\/div>\n          <\/div>\n\n  <\/div>\n<\/section>\n\n\n\n<p><\/p>\n","protected":false},"excerpt":{"rendered":"","protected":false},"author":5,"featured_media":4643,"parent":10650,"menu_order":0,"comment_status":"closed","ping_status":"closed","template":"","meta":{"_acf_changed":false,"inline_featured_image":false,"_uf_show_specific_survey":0,"_uf_disable_surveys":false,"footnotes":""},"class_list":["post-10671","page","type-page","status-publish","has-post-thumbnail","hentry"],"acf":[],"aioseo_notices":[],"yoast_head":"<!-- This site is optimized with the Yoast SEO plugin v25.6 - https:\/\/yoast.com\/wordpress\/plugins\/seo\/ -->\n<title>LED de P\u00e9rim\u00e8tre | Kendu<\/title>\n<meta name=\"description\" content=\"La technologie d\u2019\u00e9clairage de p\u00e9rim\u00e8tre LED est efficace et facile \u00e0 monter. Contactez-nous pour plus d\u2019informations.\" \/>\n<meta name=\"robots\" content=\"index, follow, max-snippet:-1, max-image-preview:large, max-video-preview:-1\" \/>\n<link rel=\"canonical\" href=\"https:\/\/www.kendu.com\/fr\/eclairage-retail\/perimetre\/\" \/>\n<meta property=\"og:locale\" content=\"fr_FR\" \/>\n<meta property=\"og:type\" content=\"article\" \/>\n<meta property=\"og:title\" content=\"LED de P\u00e9rim\u00e8tre | Kendu\" \/>\n<meta property=\"og:description\" content=\"La technologie d\u2019\u00e9clairage de p\u00e9rim\u00e8tre LED est efficace et facile \u00e0 monter. Contactez-nous pour plus d\u2019informations.\" \/>\n<meta property=\"og:url\" content=\"https:\/\/www.kendu.com\/fr\/eclairage-retail\/perimetre\/\" \/>\n<meta property=\"og:site_name\" content=\"Kendu\" \/>\n<meta property=\"article:modified_time\" content=\"2020-09-02T12:30:21+00:00\" \/>\n<meta property=\"og:image\" content=\"https:\/\/www.kendu.com\/wp-content\/uploads\/2020\/07\/perimeter-led-600x400-1.jpg\" \/>\n\t<meta property=\"og:image:width\" content=\"600\" \/>\n\t<meta property=\"og:image:height\" content=\"400\" \/>\n\t<meta property=\"og:image:type\" content=\"image\/jpeg\" \/>\n<meta name=\"twitter:card\" content=\"summary_large_image\" \/>\n<meta name=\"twitter:site\" content=\"@kenduinstore\" \/>\n<script type=\"application\/ld+json\" class=\"yoast-schema-graph\">{\"@context\":\"https:\/\/schema.org\",\"@graph\":[{\"@type\":\"WebPage\",\"@id\":\"https:\/\/www.kendu.com\/fr\/eclairage-retail\/perimetre\/\",\"url\":\"https:\/\/www.kendu.com\/fr\/eclairage-retail\/perimetre\/\",\"name\":\"LED de P\u00e9rim\u00e8tre | Kendu\",\"isPartOf\":{\"@id\":\"http:\/\/www.kendu.com\/fr\/#website\"},\"primaryImageOfPage\":{\"@id\":\"https:\/\/www.kendu.com\/fr\/eclairage-retail\/perimetre\/#primaryimage\"},\"image\":{\"@id\":\"https:\/\/www.kendu.com\/fr\/eclairage-retail\/perimetre\/#primaryimage\"},\"thumbnailUrl\":\"https:\/\/www.kendu.com\/wp-content\/uploads\/2020\/07\/perimeter-led-600x400-1.jpg\",\"datePublished\":\"2020-09-02T09:36:33+00:00\",\"dateModified\":\"2020-09-02T12:30:21+00:00\",\"description\":\"La technologie d\u2019\u00e9clairage de p\u00e9rim\u00e8tre LED est efficace et facile \u00e0 monter. Contactez-nous pour plus d\u2019informations.\",\"breadcrumb\":{\"@id\":\"https:\/\/www.kendu.com\/fr\/eclairage-retail\/perimetre\/#breadcrumb\"},\"inLanguage\":\"fr-FR\",\"potentialAction\":[{\"@type\":\"ReadAction\",\"target\":[\"https:\/\/www.kendu.com\/fr\/eclairage-retail\/perimetre\/\"]}]},{\"@type\":\"ImageObject\",\"inLanguage\":\"fr-FR\",\"@id\":\"https:\/\/www.kendu.com\/fr\/eclairage-retail\/perimetre\/#primaryimage\",\"url\":\"https:\/\/www.kendu.com\/wp-content\/uploads\/2020\/07\/perimeter-led-600x400-1.jpg\",\"contentUrl\":\"https:\/\/www.kendu.com\/wp-content\/uploads\/2020\/07\/perimeter-led-600x400-1.jpg\",\"width\":600,\"height\":400},{\"@type\":\"BreadcrumbList\",\"@id\":\"https:\/\/www.kendu.com\/fr\/eclairage-retail\/perimetre\/#breadcrumb\",\"itemListElement\":[{\"@type\":\"ListItem\",\"position\":1,\"name\":\"Home\",\"item\":\"http:\/\/www.kendu.com\/fr\/\"},{\"@type\":\"ListItem\",\"position\":2,\"name\":\"Lighting Lab\",\"item\":\"https:\/\/www.kendu.com\/fr\/eclairage-retail\/\"},{\"@type\":\"ListItem\",\"position\":3,\"name\":\"Perimeter Lighting\"}]},{\"@type\":\"WebSite\",\"@id\":\"http:\/\/www.kendu.com\/fr\/#website\",\"url\":\"http:\/\/www.kendu.com\/fr\/\",\"name\":\"Kendu\",\"description\":\"In-store Visual Solutions\",\"publisher\":{\"@id\":\"http:\/\/www.kendu.com\/fr\/#organization\"},\"potentialAction\":[{\"@type\":\"SearchAction\",\"target\":{\"@type\":\"EntryPoint\",\"urlTemplate\":\"http:\/\/www.kendu.com\/fr\/?s={search_term_string}\"},\"query-input\":{\"@type\":\"PropertyValueSpecification\",\"valueRequired\":true,\"valueName\":\"search_term_string\"}}],\"inLanguage\":\"fr-FR\"},{\"@type\":\"Organization\",\"@id\":\"http:\/\/www.kendu.com\/fr\/#organization\",\"name\":\"Kendu\",\"url\":\"http:\/\/www.kendu.com\/fr\/\",\"logo\":{\"@type\":\"ImageObject\",\"inLanguage\":\"fr-FR\",\"@id\":\"http:\/\/www.kendu.com\/fr\/#\/schema\/logo\/image\/\",\"url\":\"http:\/\/www.kendu.com\/wp-content\/uploads\/2020\/07\/logo-black.svg\",\"contentUrl\":\"http:\/\/www.kendu.com\/wp-content\/uploads\/2020\/07\/logo-black.svg\",\"width\":120,\"height\":32,\"caption\":\"Kendu\"},\"image\":{\"@id\":\"http:\/\/www.kendu.com\/fr\/#\/schema\/logo\/image\/\"},\"sameAs\":[\"https:\/\/x.com\/kenduinstore\",\"https:\/\/www.instagram.com\/kenduinstore\/\",\"https:\/\/www.linkedin.com\/company\/kenduinstore\/\"]}]}<\/script>\n<!-- \/ Yoast SEO plugin. -->","yoast_head_json":{"title":"LED de P\u00e9rim\u00e8tre | Kendu","description":"La technologie d\u2019\u00e9clairage de p\u00e9rim\u00e8tre LED est efficace et facile \u00e0 monter. Contactez-nous pour plus d\u2019informations.","robots":{"index":"index","follow":"follow","max-snippet":"max-snippet:-1","max-image-preview":"max-image-preview:large","max-video-preview":"max-video-preview:-1"},"canonical":"https:\/\/www.kendu.com\/fr\/eclairage-retail\/perimetre\/","og_locale":"fr_FR","og_type":"article","og_title":"LED de P\u00e9rim\u00e8tre | Kendu","og_description":"La technologie d\u2019\u00e9clairage de p\u00e9rim\u00e8tre LED est efficace et facile \u00e0 monter. Contactez-nous pour plus d\u2019informations.","og_url":"https:\/\/www.kendu.com\/fr\/eclairage-retail\/perimetre\/","og_site_name":"Kendu","article_modified_time":"2020-09-02T12:30:21+00:00","og_image":[{"width":600,"height":400,"url":"https:\/\/www.kendu.com\/wp-content\/uploads\/2020\/07\/perimeter-led-600x400-1.jpg","type":"image\/jpeg"}],"twitter_card":"summary_large_image","twitter_site":"@kenduinstore","schema":{"@context":"https:\/\/schema.org","@graph":[{"@type":"WebPage","@id":"https:\/\/www.kendu.com\/fr\/eclairage-retail\/perimetre\/","url":"https:\/\/www.kendu.com\/fr\/eclairage-retail\/perimetre\/","name":"LED de P\u00e9rim\u00e8tre | Kendu","isPartOf":{"@id":"http:\/\/www.kendu.com\/fr\/#website"},"primaryImageOfPage":{"@id":"https:\/\/www.kendu.com\/fr\/eclairage-retail\/perimetre\/#primaryimage"},"image":{"@id":"https:\/\/www.kendu.com\/fr\/eclairage-retail\/perimetre\/#primaryimage"},"thumbnailUrl":"https:\/\/www.kendu.com\/wp-content\/uploads\/2020\/07\/perimeter-led-600x400-1.jpg","datePublished":"2020-09-02T09:36:33+00:00","dateModified":"2020-09-02T12:30:21+00:00","description":"La technologie d\u2019\u00e9clairage de p\u00e9rim\u00e8tre LED est efficace et facile \u00e0 monter. Contactez-nous pour plus d\u2019informations.","breadcrumb":{"@id":"https:\/\/www.kendu.com\/fr\/eclairage-retail\/perimetre\/#breadcrumb"},"inLanguage":"fr-FR","potentialAction":[{"@type":"ReadAction","target":["https:\/\/www.kendu.com\/fr\/eclairage-retail\/perimetre\/"]}]},{"@type":"ImageObject","inLanguage":"fr-FR","@id":"https:\/\/www.kendu.com\/fr\/eclairage-retail\/perimetre\/#primaryimage","url":"https:\/\/www.kendu.com\/wp-content\/uploads\/2020\/07\/perimeter-led-600x400-1.jpg","contentUrl":"https:\/\/www.kendu.com\/wp-content\/uploads\/2020\/07\/perimeter-led-600x400-1.jpg","width":600,"height":400},{"@type":"BreadcrumbList","@id":"https:\/\/www.kendu.com\/fr\/eclairage-retail\/perimetre\/#breadcrumb","itemListElement":[{"@type":"ListItem","position":1,"name":"Home","item":"http:\/\/www.kendu.com\/fr\/"},{"@type":"ListItem","position":2,"name":"Lighting Lab","item":"https:\/\/www.kendu.com\/fr\/eclairage-retail\/"},{"@type":"ListItem","position":3,"name":"Perimeter Lighting"}]},{"@type":"WebSite","@id":"http:\/\/www.kendu.com\/fr\/#website","url":"http:\/\/www.kendu.com\/fr\/","name":"Kendu","description":"In-store Visual Solutions","publisher":{"@id":"http:\/\/www.kendu.com\/fr\/#organization"},"potentialAction":[{"@type":"SearchAction","target":{"@type":"EntryPoint","urlTemplate":"http:\/\/www.kendu.com\/fr\/?s={search_term_string}"},"query-input":{"@type":"PropertyValueSpecification","valueRequired":true,"valueName":"search_term_string"}}],"inLanguage":"fr-FR"},{"@type":"Organization","@id":"http:\/\/www.kendu.com\/fr\/#organization","name":"Kendu","url":"http:\/\/www.kendu.com\/fr\/","logo":{"@type":"ImageObject","inLanguage":"fr-FR","@id":"http:\/\/www.kendu.com\/fr\/#\/schema\/logo\/image\/","url":"http:\/\/www.kendu.com\/wp-content\/uploads\/2020\/07\/logo-black.svg","contentUrl":"http:\/\/www.kendu.com\/wp-content\/uploads\/2020\/07\/logo-black.svg","width":120,"height":32,"caption":"Kendu"},"image":{"@id":"http:\/\/www.kendu.com\/fr\/#\/schema\/logo\/image\/"},"sameAs":["https:\/\/x.com\/kenduinstore","https:\/\/www.instagram.com\/kenduinstore\/","https:\/\/www.linkedin.com\/company\/kenduinstore\/"]}]}},"_links":{"self":[{"href":"https:\/\/www.kendu.com\/fr\/wp-json\/wp\/v2\/pages\/10671","targetHints":{"allow":["GET"]}}],"collection":[{"href":"https:\/\/www.kendu.com\/fr\/wp-json\/wp\/v2\/pages"}],"about":[{"href":"https:\/\/www.kendu.com\/fr\/wp-json\/wp\/v2\/types\/page"}],"author":[{"embeddable":true,"href":"https:\/\/www.kendu.com\/fr\/wp-json\/wp\/v2\/users\/5"}],"replies":[{"embeddable":true,"href":"https:\/\/www.kendu.com\/fr\/wp-json\/wp\/v2\/comments?post=10671"}],"version-history":[{"count":0,"href":"https:\/\/www.kendu.com\/fr\/wp-json\/wp\/v2\/pages\/10671\/revisions"}],"up":[{"embeddable":true,"href":"https:\/\/www.kendu.com\/fr\/wp-json\/wp\/v2\/pages\/10650"}],"wp:featuredmedia":[{"embeddable":true,"href":"https:\/\/www.kendu.com\/fr\/wp-json\/wp\/v2\/media\/4643"}],"wp:attachment":[{"href":"https:\/\/www.kendu.com\/fr\/wp-json\/wp\/v2\/media?parent=10671"}],"curies":[{"name":"wp","href":"https:\/\/api.w.org\/{rel}","templated":true}]}}