{"id":9155,"date":"2020-08-14T13:41:53","date_gmt":"2020-08-14T13:41:53","guid":{"rendered":"http:\/\/www.kendu.com\/?page_id=9155"},"modified":"2022-09-08T12:48:17","modified_gmt":"2022-09-08T12:48:17","slug":"que-hacemos","status":"publish","type":"page","link":"https:\/\/www.kendu.com\/es\/que-hacemos\/","title":{"rendered":"What we do"},"content":{"rendered":"  <section class=\"kn-featured-1\">\n    <div class=\"background-blur\" style=\"background-image: url(https:\/\/www.kendu.com\/wp-content\/uploads\/2021\/01\/kendu-service.jpg)\"><\/div>\n    <div class=\"inner\">\n\n              <div class=\"upper\" data-aos=\"fade-up\" data-aos-delay=\"300\" data-aos-anchor=\".kn-featured-1\">\n          <span class=\"upper-title\">WE LIVE RETAIL<\/span>\n        <\/div>\n      \n              <div class=\"title\" data-aos=\"fade-up\" data-aos-delay=\"100\" data-aos-anchor=\".kn-featured-1\">\n          <h1 class=\"site-title\">Conectamos marca y consumidor en el punto de venta<\/h1>\n        <\/div>\n      \n      <div class=\"divider-1 divider-white\" data-aos=\"fade-up\" data-aos-delay=\"100\" data-aos-anchor=\".kn-featured-1\"><\/div>\n\n              <div class=\"cta\" data-aos=\"fade-up\" data-aos-delay=\"300\" data-aos-anchor=\".kn-featured-1\">\n                  <a class=\"kn-button-1 animated\" href=\"\/es\/contacto\/\">CONT\u00c1CTANOS<\/a>\n                <\/div>\n          <\/div>\n\n    <div class=\"animation\"><\/div>\n\n  <\/section>\n\n\n<section class=\"kn-content-section-1\">\n  <div class=\"container\">\n\n    \n    <div class=\"title\" data-aos=\"fade-up\" data-aos-delay=\"100\" data-aos-anchor=\".kn-content-section-1\">\n      <h2 class=\"section-title-text\">\n       Soluciones de comunicaci\u00f3n 360\u00ba para retail\n      <\/h2>\n    <\/div>\n\n    <div class=\"description\" data-aos=\"fade-up\" data-aos-delay=\"200\" data-aos-anchor=\".kn-content-section-1\">\n      <p>\n        <p>M\u00e1s de 20 a\u00f1os dedic\u00e1ndonos en exclusiva a ofrecer soluciones para grandes marcas de retail nos hace conocer sus particulares necesidades y adaptarnos a ellas constantemente. Acompa\u00f1amos a nuestros clientes desde el dise\u00f1o de experiencias hasta la gesti\u00f3n de campa\u00f1as, incluyendo la producci\u00f3n de nuestras soluciones.<\/p>\n\n      <\/p>\n    <\/div>\n\n    \n  <\/div>\n<\/section>\n\n\n\n<figure class=\"wp-block-embed is-type-video is-provider-vimeo wp-block-embed-vimeo wp-embed-aspect-16-9 wp-has-aspect-ratio\"><div class=\"wp-block-embed__wrapper\">\n<iframe src=\"https:\/\/player.vimeo.com\/video\/356373370?dnt=1&amp;app_id=122963\" width=\"500\" height=\"281\" frameborder=\"0\" allow=\"autoplay; fullscreen; picture-in-picture; clipboard-write; encrypted-media; web-share\"><\/iframe>\n<\/div><\/figure>\n\n\n<section class=\"kn-content-section-21\">\n  <div class=\"container\">\n  \n\n    <div class=\"items\">\n\n      \n                      <!--elem impares-->\n\n                          <div class=\"service service-1\" data-aos=\"fade-up\" data-aos-delay=\"100\">\n                <div class=\"service-left\">\n                  <span class=\"service-number\" data-aos=\"fade-down\" data-aos-delay=\"200\" data-aos-anchor=\".service-1\">01.<\/span>\n                  <h2 class=\"service-title\" data-aos=\"fade-up\" data-aos-delay=\"300\" data-aos-anchor=\".service-1\">Soluciones de comunicaci\u00f3n visual<\/h2>\n\n                  <p class=\"service-text\" data-aos=\"fade-up\" data-aos-delay=\"400\" data-aos-anchor=\".service-1\">En Kendu creamos experiencias \u00fanicas para el punto de venta. Nuestro equipo de dise\u00f1adores y creativos especializados en retail y Visual Merchandising desarrolla soluciones que se adaptan a cada tienda.<\/p>\n<ol class=\"service-list aos-init aos-animate\" data-aos=\"fade-up\" data-aos-delay=\"400\" data-aos-anchor=\".service-1\">\n<li>Estrategia y planning<\/li>\n<li><a href=\"https:\/\/www.kendu.com\/es\/diseno-espacios-retail\/\">Dise\u00f1o de espacios<\/a><\/li>\n<li><a href=\"https:\/\/www.kendu.com\/es\/contenidos-retail\/\">Creaci\u00f3n de contenidos<\/a><\/li>\n<li>Proyectos a medida<\/li>\n<\/ol>\n\n\n                  \n                <\/div>\n                <div class=\"service-right\" data-aos=\"fade-left\" data-aos-delay=\"400\" data-aos-anchor=\".service-1\">\n                  <img decoding=\"async\" class=\"service-image\" src=\"https:\/\/www.kendu.com\/wp-content\/uploads\/2020\/10\/instore-experiences.jpg\" alt=\"In-store experiences\" \/>\n                <\/div>\n              <\/div>\n            \n          \n      \n                      <!--elem pares-->\n\n                          <div class=\"service service-2\" data-aos=\"fade-up\" data-aos-delay=\"100\">\n                <div class=\"service-left\" data-aos=\"fade-right\" data-aos-delay=\"400\" data-aos-anchor=\".service-2\">\n                  <img decoding=\"async\" class=\"service-image\" src=\"https:\/\/www.kendu.com\/wp-content\/uploads\/2021\/01\/project-execution.jpg\" alt=\"Project execution\" \/>\n                <\/div>\n                <div class=\"service-right\">              \n                  <span class=\"service-number\" data-aos=\"fade-down\" data-aos-delay=\"200\" data-aos-anchor=\".service-2\">02.<\/span>\n                  <h2 class=\"service-title\" data-aos=\"fade-up\" data-aos-delay=\"300\" data-aos-anchor=\".service-2\">Ejecuci\u00f3n de proyectos<\/h2>\n\n                  <p class=\"service-text\" data-aos=\"fade-up\" data-aos-delay=\"400\" data-aos-anchor=\".service-2\">Llevamos a cabo la producci\u00f3n integral de nuestras soluciones de comunicaci\u00f3n visual. Complementamos nuestra capacidad interna con una red global de partners para llevar nuestras soluciones a cualquier lugar.<\/p>\n<ol class=\"service-list aos-init aos-animate\" data-aos=\"fade-up\" data-aos-delay=\"400\" data-aos-anchor=\".service-2\">\n<li>Instalaciones de 8.000m2<\/li>\n<li><a href=\"https:\/\/www.kendu.com\/es\/cajas-luz-y-marcos-textiles-smartframe\/\">Cajas de luz LED<\/a> y <a href=\"https:\/\/www.kendu.com\/es\/lightbox-dinamico-flowbox\/\">Flowbox<\/a><\/li>\n<li>Red global de partners<\/li>\n<li>Log\u00edstica internacional e instalaci\u00f3n<\/li>\n<\/ol>\n\n\n                                  <\/div>\n                    \n              <\/div>\n            \n          \n      \n                      <!--elem impares-->\n\n                          <div class=\"service service-3\" data-aos=\"fade-up\" data-aos-delay=\"100\">\n                <div class=\"service-left\">\n                  <span class=\"service-number\" data-aos=\"fade-down\" data-aos-delay=\"200\" data-aos-anchor=\".service-3\">03.<\/span>\n                  <h2 class=\"service-title\" data-aos=\"fade-up\" data-aos-delay=\"300\" data-aos-anchor=\".service-3\">Gesti\u00f3n de campa\u00f1as<\/h2>\n\n                  <p class=\"service-text\" data-aos=\"fade-up\" data-aos-delay=\"400\" data-aos-anchor=\".service-3\">Ofrecemos un servicio integral para la gesti\u00f3n de campa\u00f1as retail, desde el pedido inicial del cliente hasta la entrega de los materiales en cualquier tienda del mundo. Nuestra capacidad de impresi\u00f3n nos permite cubrir grandes campa\u00f1as internacionales.<\/p>\n<ol class=\"service-list aos-init aos-animate\" data-aos=\"fade-up\" data-aos-delay=\"400\" data-aos-anchor=\".service-3\">\n<li>Plataforma de gesti\u00f3n de campa\u00f1as<\/li>\n<li>Rollouts internacionales<\/li>\n<li><a href=\"https:\/\/www.kendu.com\/es\/impresion-textil-gran-formato\/\">Impresi\u00f3n de campa\u00f1as<\/a><\/li>\n<li>Gesti\u00f3n de contenidos digitales<\/li>\n<\/ol>\n\n\n                  \n                <\/div>\n                <div class=\"service-right\" data-aos=\"fade-left\" data-aos-delay=\"400\" data-aos-anchor=\".service-3\">\n                  <img decoding=\"async\" class=\"service-image\" src=\"https:\/\/www.kendu.com\/wp-content\/uploads\/2021\/01\/campaign-software.jpg\" alt=\"Campaign software\" \/>\n                <\/div>\n              <\/div>\n            \n          \n      \n    <\/div>\n\n\n  <\/div>\n<\/section>\n\n\n<section class=\"kn-products\">\n  <div class=\"inner\">\n    <div class=\"section-title\">\n      <h2 class=\"section-title-text\">Casos de \u00e9xito<\/h2>\n      <div class=\"divider-2\"><\/div>\n    <\/div>\n    <div class=\"products\" data-aos=\"fade-up\" data-aos-anchor=\".kn-products\">\n      <div class=\"products-inner\">\n                  <div class=\"product hover\">\n\n            <a href=\"\">\n              <div class=\"background-blur\" style=\"background-image: url(https:\/\/www.kendu.com\/wp-content\/uploads\/2020\/07\/home-primark.jpg)\"><\/div>\n\n              <div class=\"product-view\">\n                <div class=\"product-title\">\n                  <span><p>Primark<\/p>\n<\/span>\n                  <span><p>Primark<\/p>\n <small>&#038;<\/small> Kendu<\/span>\n                <\/div>\n              <\/div>\n            <\/a>\n\n          <\/div>\n                  <div class=\"product \">\n\n            <a href=\"https:\/\/www.kendu.com\/es\/proyectos-y-casos-de-estudio\/supermercados-bm\/\">\n              <div class=\"background-blur\" style=\"background-image: url(https:\/\/www.kendu.com\/wp-content\/uploads\/2020\/07\/grupo-uvesco-2.jpg)\"><\/div>\n\n              <div class=\"product-view\">\n                <div class=\"product-title\">\n                  <span><p>BM Supermercados<\/p>\n<\/span>\n                  <span><p>BM Supermercados<\/p>\n <small>&#038;<\/small> Kendu<\/span>\n                <\/div>\n              <\/div>\n            <\/a>\n\n          <\/div>\n                  <div class=\"product \">\n\n            <a href=\"\">\n              <div class=\"background-blur\" style=\"background-image: url(https:\/\/www.kendu.com\/wp-content\/uploads\/2021\/01\/timberland-4.jpg)\"><\/div>\n\n              <div class=\"product-view\">\n                <div class=\"product-title\">\n                  <span><p>Timberland<\/p>\n<\/span>\n                  <span><p>Timberland<\/p>\n <small>&#038;<\/small> Kendu<\/span>\n                <\/div>\n              <\/div>\n            <\/a>\n\n          <\/div>\n                  <div class=\"product \">\n\n            <a href=\"\">\n              <div class=\"background-blur\" style=\"background-image: url(https:\/\/www.kendu.com\/wp-content\/uploads\/2021\/02\/coffee-flowbox-display.jpg)\"><\/div>\n\n              <div class=\"product-view\">\n                <div class=\"product-title\">\n                  <span><p>Nespresso<\/p>\n<\/span>\n                  <span><p>Nespresso<\/p>\n <small>&#038;<\/small> Kendu<\/span>\n                <\/div>\n              <\/div>\n            <\/a>\n\n          <\/div>\n              <\/div>\n    <\/div>\n    <div class=\"see-more\">\n      <a class=\"kn-button-1 animated secondary\" href=\"https:\/\/www.kendu.com\/es\/projects-and-case-studies\/\">Ver m\u00e1s proyectos<\/a>\n    <\/div>\n  <\/div>\n<\/section>\n\n\n<section class=\"kn-content-section-5\">\n  <div class=\"container\">\n\n    <div class=\"title\" data-aos=\"fade-up\" data-aos-delay=\"100\" data-aos-anchor=\".kn-content-section-5\">\n      <h2 class=\"section-title-text\">\n        Empieza ahora tu experiencia Kendu\n      <\/h2>\n    <\/div>\n\n    <div class=\"items\">\n              <div class=\"item\" data-aos=\"fade-up\" data-aos-delay=\"300\" data-aos-anchor=\".kn-content-section-5\">\n\n          <a class=\"kn-button-1 animated secondary\" href=\"\/es\/contacto\/\">CONT\u00c1CTANOS<\/a>\n\n        <\/div>\n          <\/div>\n\n  <\/div>\n<\/section>\n","protected":false},"excerpt":{"rendered":"","protected":false},"author":5,"featured_media":12611,"parent":0,"menu_order":0,"comment_status":"closed","ping_status":"closed","template":"","meta":{"_acf_changed":false,"inline_featured_image":false,"_uf_show_specific_survey":0,"_uf_disable_surveys":false,"footnotes":""},"class_list":["post-9155","page","type-page","status-publish","has-post-thumbnail","hentry"],"acf":[],"aioseo_notices":[],"yoast_head":"<!-- This site is optimized with the Yoast SEO plugin v25.6 - https:\/\/yoast.com\/wordpress\/plugins\/seo\/ -->\n<title>Soluciones 360\u00ba para Retail - Proyectos Internacionales | Kendu<\/title>\n<meta name=\"description\" content=\"Conoce nuestros servicios: experiencias en el punto de venta, dise\u00f1o de espacios, impresi\u00f3n SEG gran formato, campa\u00f1as de retail...\" \/>\n<meta name=\"robots\" content=\"index, follow, max-snippet:-1, max-image-preview:large, max-video-preview:-1\" \/>\n<link rel=\"canonical\" href=\"https:\/\/www.kendu.com\/es\/que-hacemos\/\" \/>\n<meta property=\"og:locale\" content=\"es_ES\" \/>\n<meta property=\"og:type\" content=\"article\" \/>\n<meta property=\"og:title\" content=\"Soluciones 360\u00ba para Retail - Proyectos Internacionales | Kendu\" \/>\n<meta property=\"og:description\" content=\"Conoce nuestros servicios: experiencias en el punto de venta, dise\u00f1o de espacios, impresi\u00f3n SEG gran formato, campa\u00f1as de retail...\" \/>\n<meta property=\"og:url\" content=\"https:\/\/www.kendu.com\/es\/que-hacemos\/\" \/>\n<meta property=\"og:site_name\" content=\"Kendu\" \/>\n<meta property=\"article:modified_time\" content=\"2022-09-08T12:48:17+00:00\" \/>\n<meta property=\"og:image\" content=\"https:\/\/www.kendu.com\/wp-content\/uploads\/2021\/01\/kendu-service.jpg\" \/>\n\t<meta property=\"og:image:width\" content=\"1920\" \/>\n\t<meta property=\"og:image:height\" content=\"1080\" \/>\n\t<meta property=\"og:image:type\" content=\"image\/jpeg\" \/>\n<meta name=\"twitter:card\" content=\"summary_large_image\" \/>\n<meta name=\"twitter:site\" content=\"@kenduinstore\" \/>\n<meta name=\"twitter:label1\" content=\"Tiempo de lectura\" \/>\n\t<meta name=\"twitter:data1\" content=\"1 minuto\" \/>\n<script type=\"application\/ld+json\" class=\"yoast-schema-graph\">{\"@context\":\"https:\/\/schema.org\",\"@graph\":[{\"@type\":\"WebPage\",\"@id\":\"https:\/\/www.kendu.com\/es\/que-hacemos\/\",\"url\":\"https:\/\/www.kendu.com\/es\/que-hacemos\/\",\"name\":\"Soluciones 360\u00ba para Retail - Proyectos Internacionales | Kendu\",\"isPartOf\":{\"@id\":\"https:\/\/www.kendu.com\/es\/#website\"},\"primaryImageOfPage\":{\"@id\":\"https:\/\/www.kendu.com\/es\/que-hacemos\/#primaryimage\"},\"image\":{\"@id\":\"https:\/\/www.kendu.com\/es\/que-hacemos\/#primaryimage\"},\"thumbnailUrl\":\"https:\/\/www.kendu.com\/wp-content\/uploads\/2021\/01\/kendu-service.jpg\",\"datePublished\":\"2020-08-14T13:41:53+00:00\",\"dateModified\":\"2022-09-08T12:48:17+00:00\",\"description\":\"Conoce nuestros servicios: experiencias en el punto de venta, dise\u00f1o de espacios, impresi\u00f3n SEG gran formato, campa\u00f1as de retail...\",\"breadcrumb\":{\"@id\":\"https:\/\/www.kendu.com\/es\/que-hacemos\/#breadcrumb\"},\"inLanguage\":\"es\",\"potentialAction\":[{\"@type\":\"ReadAction\",\"target\":[\"https:\/\/www.kendu.com\/es\/que-hacemos\/\"]}]},{\"@type\":\"ImageObject\",\"inLanguage\":\"es\",\"@id\":\"https:\/\/www.kendu.com\/es\/que-hacemos\/#primaryimage\",\"url\":\"https:\/\/www.kendu.com\/wp-content\/uploads\/2021\/01\/kendu-service.jpg\",\"contentUrl\":\"https:\/\/www.kendu.com\/wp-content\/uploads\/2021\/01\/kendu-service.jpg\",\"width\":1920,\"height\":1080,\"caption\":\"What we do\"},{\"@type\":\"BreadcrumbList\",\"@id\":\"https:\/\/www.kendu.com\/es\/que-hacemos\/#breadcrumb\",\"itemListElement\":[{\"@type\":\"ListItem\",\"position\":1,\"name\":\"Home\",\"item\":\"http:\/\/www.kendu.com\/es\/\"},{\"@type\":\"ListItem\",\"position\":2,\"name\":\"What we do\"}]},{\"@type\":\"WebSite\",\"@id\":\"https:\/\/www.kendu.com\/es\/#website\",\"url\":\"https:\/\/www.kendu.com\/es\/\",\"name\":\"Kendu\",\"description\":\"In-store Visual Solutions\",\"publisher\":{\"@id\":\"https:\/\/www.kendu.com\/es\/#organization\"},\"potentialAction\":[{\"@type\":\"SearchAction\",\"target\":{\"@type\":\"EntryPoint\",\"urlTemplate\":\"https:\/\/www.kendu.com\/es\/?s={search_term_string}\"},\"query-input\":{\"@type\":\"PropertyValueSpecification\",\"valueRequired\":true,\"valueName\":\"search_term_string\"}}],\"inLanguage\":\"es\"},{\"@type\":\"Organization\",\"@id\":\"https:\/\/www.kendu.com\/es\/#organization\",\"name\":\"Kendu\",\"url\":\"https:\/\/www.kendu.com\/es\/\",\"logo\":{\"@type\":\"ImageObject\",\"inLanguage\":\"es\",\"@id\":\"https:\/\/www.kendu.com\/es\/#\/schema\/logo\/image\/\",\"url\":\"http:\/\/www.kendu.com\/wp-content\/uploads\/2020\/07\/logo-black.svg\",\"contentUrl\":\"http:\/\/www.kendu.com\/wp-content\/uploads\/2020\/07\/logo-black.svg\",\"width\":120,\"height\":32,\"caption\":\"Kendu\"},\"image\":{\"@id\":\"https:\/\/www.kendu.com\/es\/#\/schema\/logo\/image\/\"},\"sameAs\":[\"https:\/\/x.com\/kenduinstore\",\"https:\/\/www.instagram.com\/kenduinstore\/\",\"https:\/\/www.linkedin.com\/company\/kenduinstore\/\"]}]}<\/script>\n<!-- \/ Yoast SEO plugin. -->","yoast_head_json":{"title":"Soluciones 360\u00ba para Retail - Proyectos Internacionales | Kendu","description":"Conoce nuestros servicios: experiencias en el punto de venta, dise\u00f1o de espacios, impresi\u00f3n SEG gran formato, campa\u00f1as de retail...","robots":{"index":"index","follow":"follow","max-snippet":"max-snippet:-1","max-image-preview":"max-image-preview:large","max-video-preview":"max-video-preview:-1"},"canonical":"https:\/\/www.kendu.com\/es\/que-hacemos\/","og_locale":"es_ES","og_type":"article","og_title":"Soluciones 360\u00ba para Retail - Proyectos Internacionales | Kendu","og_description":"Conoce nuestros servicios: experiencias en el punto de venta, dise\u00f1o de espacios, impresi\u00f3n SEG gran formato, campa\u00f1as de retail...","og_url":"https:\/\/www.kendu.com\/es\/que-hacemos\/","og_site_name":"Kendu","article_modified_time":"2022-09-08T12:48:17+00:00","og_image":[{"width":1920,"height":1080,"url":"https:\/\/www.kendu.com\/wp-content\/uploads\/2021\/01\/kendu-service.jpg","type":"image\/jpeg"}],"twitter_card":"summary_large_image","twitter_site":"@kenduinstore","twitter_misc":{"Tiempo de lectura":"1 minuto"},"schema":{"@context":"https:\/\/schema.org","@graph":[{"@type":"WebPage","@id":"https:\/\/www.kendu.com\/es\/que-hacemos\/","url":"https:\/\/www.kendu.com\/es\/que-hacemos\/","name":"Soluciones 360\u00ba para Retail - Proyectos Internacionales | Kendu","isPartOf":{"@id":"https:\/\/www.kendu.com\/es\/#website"},"primaryImageOfPage":{"@id":"https:\/\/www.kendu.com\/es\/que-hacemos\/#primaryimage"},"image":{"@id":"https:\/\/www.kendu.com\/es\/que-hacemos\/#primaryimage"},"thumbnailUrl":"https:\/\/www.kendu.com\/wp-content\/uploads\/2021\/01\/kendu-service.jpg","datePublished":"2020-08-14T13:41:53+00:00","dateModified":"2022-09-08T12:48:17+00:00","description":"Conoce nuestros servicios: experiencias en el punto de venta, dise\u00f1o de espacios, impresi\u00f3n SEG gran formato, campa\u00f1as de retail...","breadcrumb":{"@id":"https:\/\/www.kendu.com\/es\/que-hacemos\/#breadcrumb"},"inLanguage":"es","potentialAction":[{"@type":"ReadAction","target":["https:\/\/www.kendu.com\/es\/que-hacemos\/"]}]},{"@type":"ImageObject","inLanguage":"es","@id":"https:\/\/www.kendu.com\/es\/que-hacemos\/#primaryimage","url":"https:\/\/www.kendu.com\/wp-content\/uploads\/2021\/01\/kendu-service.jpg","contentUrl":"https:\/\/www.kendu.com\/wp-content\/uploads\/2021\/01\/kendu-service.jpg","width":1920,"height":1080,"caption":"What we do"},{"@type":"BreadcrumbList","@id":"https:\/\/www.kendu.com\/es\/que-hacemos\/#breadcrumb","itemListElement":[{"@type":"ListItem","position":1,"name":"Home","item":"http:\/\/www.kendu.com\/es\/"},{"@type":"ListItem","position":2,"name":"What we do"}]},{"@type":"WebSite","@id":"https:\/\/www.kendu.com\/es\/#website","url":"https:\/\/www.kendu.com\/es\/","name":"Kendu","description":"In-store Visual Solutions","publisher":{"@id":"https:\/\/www.kendu.com\/es\/#organization"},"potentialAction":[{"@type":"SearchAction","target":{"@type":"EntryPoint","urlTemplate":"https:\/\/www.kendu.com\/es\/?s={search_term_string}"},"query-input":{"@type":"PropertyValueSpecification","valueRequired":true,"valueName":"search_term_string"}}],"inLanguage":"es"},{"@type":"Organization","@id":"https:\/\/www.kendu.com\/es\/#organization","name":"Kendu","url":"https:\/\/www.kendu.com\/es\/","logo":{"@type":"ImageObject","inLanguage":"es","@id":"https:\/\/www.kendu.com\/es\/#\/schema\/logo\/image\/","url":"http:\/\/www.kendu.com\/wp-content\/uploads\/2020\/07\/logo-black.svg","contentUrl":"http:\/\/www.kendu.com\/wp-content\/uploads\/2020\/07\/logo-black.svg","width":120,"height":32,"caption":"Kendu"},"image":{"@id":"https:\/\/www.kendu.com\/es\/#\/schema\/logo\/image\/"},"sameAs":["https:\/\/x.com\/kenduinstore","https:\/\/www.instagram.com\/kenduinstore\/","https:\/\/www.linkedin.com\/company\/kenduinstore\/"]}]}},"_links":{"self":[{"href":"https:\/\/www.kendu.com\/es\/wp-json\/wp\/v2\/pages\/9155","targetHints":{"allow":["GET"]}}],"collection":[{"href":"https:\/\/www.kendu.com\/es\/wp-json\/wp\/v2\/pages"}],"about":[{"href":"https:\/\/www.kendu.com\/es\/wp-json\/wp\/v2\/types\/page"}],"author":[{"embeddable":true,"href":"https:\/\/www.kendu.com\/es\/wp-json\/wp\/v2\/users\/5"}],"replies":[{"embeddable":true,"href":"https:\/\/www.kendu.com\/es\/wp-json\/wp\/v2\/comments?post=9155"}],"version-history":[{"count":0,"href":"https:\/\/www.kendu.com\/es\/wp-json\/wp\/v2\/pages\/9155\/revisions"}],"wp:featuredmedia":[{"embeddable":true,"href":"https:\/\/www.kendu.com\/es\/wp-json\/wp\/v2\/media\/12611"}],"wp:attachment":[{"href":"https:\/\/www.kendu.com\/es\/wp-json\/wp\/v2\/media?parent=9155"}],"curies":[{"name":"wp","href":"https:\/\/api.w.org\/{rel}","templated":true}]}}