{"id":20083,"date":"2025-02-26T11:10:27","date_gmt":"2025-02-26T11:10:27","guid":{"rendered":"https:\/\/www.kendu.com\/?page_id=20083"},"modified":"2025-02-26T11:20:12","modified_gmt":"2025-02-26T11:20:12","slug":"politica-sistema-de-gestion","status":"publish","type":"page","link":"https:\/\/www.kendu.com\/es\/politica-sistema-de-gestion\/","title":{"rendered":"Pol\u00edtica Sistema de Gesti\u00f3n"},"content":{"rendered":"\n<h2 class=\"wp-block-heading\">POL\u00cdTICA SISTEMA DE GESTI\u00d3N<\/h2>\n\n\n\n<div style=\"height:30px\" aria-hidden=\"true\" class=\"wp-block-spacer\"><\/div>\n\n\n\n<p><strong>KENDU RETAIL, S.L. <\/strong> con el fin de alcanzar un destacado nivel en la calidad de todas sus actividades y consciente de la necesidad de colaborar en la protecci\u00f3n ambiental, asume el compromiso de la mejora continua en todos sus campos de la actividad, conforme a los siguientes principios de actuaci\u00f3n: <\/p>\n\n\n\n<p>\u00b7 Conseguir la satisfacci\u00f3n de los clientes, adapt\u00e1ndose a sus necesidades y proponiendo mejoras adecuadas a cada proyecto, realizando una labor de colaboraci\u00f3n e implicaci\u00f3n continua con el cliente en todas y cada una de las fases de desarrollo y ejecuci\u00f3n de los proyectos.<\/p>\n\n\n\n<p>\u00b7 Analizar los riesgos y oportunidades derivadas de cada una de las iniciativas y procedimientos puestos en marcha.<\/p>\n\n\n\n<p>\u00b7 Buscar activamente el crecimiento en nuevos mercados siempre manteniendo los criterios de calidad y sostenibilidad definidos desde la sede.<\/p>\n\n\n\n<p>\u00b7 Cumplir con los requisitos legales aplicables y otros requisitos suscritos por la Empresa, incluidos los requisitos aplicables a clientes.<\/p>\n\n\n\n<p>\u00b7 Incorporar de manera sistem\u00e1tica criterios ambientales como parte de las variables que intervienen en la fase de dise\u00f1o de nuestros productos, y mejorar continuamente su comportamiento ambiental, con el objetivo de lograr una reducci\u00f3n neta de los impactos ambientales negativos a lo largo de todo su ciclo de vida.<\/p>\n\n\n\n<p>\u00b7 Buscar activamente la mejora continua del sistema de gesti\u00f3n de calidad y sus resultados, por parte de cada uno de los empleados y con apoyo continuado de la Direcci\u00f3n.<\/p>\n\n\n\n<p>\u00b7 Ser un referente en el mercado en cuanto a innovaci\u00f3n, calidad y servicio, valores aplicados tanto a Kendu &#8211; marca y empresa &#8211; como en todos los productos desarrollados.<\/p>\n\n\n\n<p>\u00b7 Garantizar a las personas de la empresa, el nivel de participaci\u00f3n, formaci\u00f3n, motivaci\u00f3n y los medios t\u00e9cnicos necesarios para la eficiente realizaci\u00f3n de sus actividades, potenciando el desarrollo humano y profesional de todas ellas.<\/p>\n\n\n\n<p>\u00b7 Proporcionar a las partes interesadas un proyecto ilusionante de empresa, en continua anticipaci\u00f3n a las necesidades de todas las partes interesadas, a los cambios del sector y con vocaci\u00f3n de permanencia en el tiempo.<\/p>\n\n\n\n<p>Esta pol\u00edtica fue aprobada por el Management Team en mayo 2023.<\/p>\n\n\n\n<div style=\"height:30px\" aria-hidden=\"true\" class=\"wp-block-spacer\"><\/div>\n\n\n\n<p>Joseba Ega\u00f1a  &#8211; CEO &amp; Founder<\/p>\n","protected":false},"excerpt":{"rendered":"<p>POL\u00cdTICA SISTEMA DE GESTI\u00d3N KENDU RETAIL, S.L. con el fin de alcanzar un destacado nivel en la calidad de todas sus actividades y consciente de la necesidad de colaborar en la protecci\u00f3n ambiental, asume el compromiso de la mejora continua en todos sus campos de la actividad, conforme a los siguientes principios de actuaci\u00f3n: \u00b7 [&hellip;]<\/p>\n","protected":false},"author":5,"featured_media":0,"parent":0,"menu_order":0,"comment_status":"closed","ping_status":"closed","template":"page-fulltext.php","meta":{"_acf_changed":false,"inline_featured_image":false,"_uf_show_specific_survey":0,"_uf_disable_surveys":false,"footnotes":""},"class_list":["post-20083","page","type-page","status-publish","hentry"],"acf":[],"aioseo_notices":[],"yoast_head":"<!-- This site is optimized with the Yoast SEO plugin v25.6 - https:\/\/yoast.com\/wordpress\/plugins\/seo\/ -->\n<title>Pol\u00edtica de Compromiso Ambiental | Kendu<\/title>\n<meta name=\"robots\" content=\"noindex, nofollow\" \/>\n<meta property=\"og:locale\" content=\"es_ES\" \/>\n<meta property=\"og:type\" content=\"article\" \/>\n<meta property=\"og:title\" content=\"Pol\u00edtica de Compromiso Ambiental | Kendu\" \/>\n<meta property=\"og:description\" content=\"POL\u00cdTICA SISTEMA DE GESTI\u00d3N KENDU RETAIL, S.L. con el fin de alcanzar un destacado nivel en la calidad de todas sus actividades y consciente de la necesidad de colaborar en la protecci\u00f3n ambiental, asume el compromiso de la mejora continua en todos sus campos de la actividad, conforme a los siguientes principios de actuaci\u00f3n: \u00b7 [&hellip;]\" \/>\n<meta property=\"og:url\" content=\"https:\/\/www.kendu.com\/es\/politica-sistema-de-gestion\/\" \/>\n<meta property=\"og:site_name\" content=\"Kendu\" \/>\n<meta property=\"article:modified_time\" content=\"2025-02-26T11:20:12+00:00\" \/>\n<meta property=\"og:image\" content=\"https:\/\/www.kendu.com\/wp-content\/uploads\/2020\/02\/showroom-kendu.jpg\" \/>\n\t<meta property=\"og:image:width\" content=\"500\" \/>\n\t<meta property=\"og:image:height\" content=\"500\" \/>\n\t<meta property=\"og:image:type\" content=\"image\/jpeg\" \/>\n<meta name=\"twitter:card\" content=\"summary_large_image\" \/>\n<meta name=\"twitter:site\" content=\"@kenduinstore\" \/>\n<meta name=\"twitter:label1\" content=\"Tiempo de lectura\" \/>\n\t<meta name=\"twitter:data1\" content=\"2 minutos\" \/>\n<script type=\"application\/ld+json\" class=\"yoast-schema-graph\">{\"@context\":\"https:\/\/schema.org\",\"@graph\":[{\"@type\":\"WebPage\",\"@id\":\"https:\/\/www.kendu.com\/es\/politica-sistema-de-gestion\/\",\"url\":\"https:\/\/www.kendu.com\/es\/politica-sistema-de-gestion\/\",\"name\":\"Pol\u00edtica de Compromiso Ambiental | Kendu\",\"isPartOf\":{\"@id\":\"http:\/\/www.kendu.com\/es\/#website\"},\"datePublished\":\"2025-02-26T11:10:27+00:00\",\"dateModified\":\"2025-02-26T11:20:12+00:00\",\"breadcrumb\":{\"@id\":\"https:\/\/www.kendu.com\/es\/politica-sistema-de-gestion\/#breadcrumb\"},\"inLanguage\":\"es\",\"potentialAction\":[{\"@type\":\"ReadAction\",\"target\":[\"https:\/\/www.kendu.com\/es\/politica-sistema-de-gestion\/\"]}]},{\"@type\":\"BreadcrumbList\",\"@id\":\"https:\/\/www.kendu.com\/es\/politica-sistema-de-gestion\/#breadcrumb\",\"itemListElement\":[{\"@type\":\"ListItem\",\"position\":1,\"name\":\"Home\",\"item\":\"https:\/\/www.kendu.com\/es\/\"},{\"@type\":\"ListItem\",\"position\":2,\"name\":\"Pol\u00edtica Sistema de Gesti\u00f3n\"}]},{\"@type\":\"WebSite\",\"@id\":\"http:\/\/www.kendu.com\/es\/#website\",\"url\":\"http:\/\/www.kendu.com\/es\/\",\"name\":\"Kendu\",\"description\":\"In-store Visual Solutions\",\"publisher\":{\"@id\":\"http:\/\/www.kendu.com\/es\/#organization\"},\"potentialAction\":[{\"@type\":\"SearchAction\",\"target\":{\"@type\":\"EntryPoint\",\"urlTemplate\":\"http:\/\/www.kendu.com\/es\/?s={search_term_string}\"},\"query-input\":{\"@type\":\"PropertyValueSpecification\",\"valueRequired\":true,\"valueName\":\"search_term_string\"}}],\"inLanguage\":\"es\"},{\"@type\":\"Organization\",\"@id\":\"http:\/\/www.kendu.com\/es\/#organization\",\"name\":\"Kendu\",\"url\":\"http:\/\/www.kendu.com\/es\/\",\"logo\":{\"@type\":\"ImageObject\",\"inLanguage\":\"es\",\"@id\":\"http:\/\/www.kendu.com\/es\/#\/schema\/logo\/image\/\",\"url\":\"http:\/\/www.kendu.com\/wp-content\/uploads\/2020\/07\/logo-black.svg\",\"contentUrl\":\"http:\/\/www.kendu.com\/wp-content\/uploads\/2020\/07\/logo-black.svg\",\"width\":120,\"height\":32,\"caption\":\"Kendu\"},\"image\":{\"@id\":\"http:\/\/www.kendu.com\/es\/#\/schema\/logo\/image\/\"},\"sameAs\":[\"https:\/\/x.com\/kenduinstore\",\"https:\/\/www.instagram.com\/kenduinstore\/\",\"https:\/\/www.linkedin.com\/company\/kenduinstore\/\"]}]}<\/script>\n<!-- \/ Yoast SEO plugin. -->","yoast_head_json":{"title":"Pol\u00edtica de Compromiso Ambiental | Kendu","robots":{"index":"noindex","follow":"nofollow"},"og_locale":"es_ES","og_type":"article","og_title":"Pol\u00edtica de Compromiso Ambiental | Kendu","og_description":"POL\u00cdTICA SISTEMA DE GESTI\u00d3N KENDU RETAIL, S.L. con el fin de alcanzar un destacado nivel en la calidad de todas sus actividades y consciente de la necesidad de colaborar en la protecci\u00f3n ambiental, asume el compromiso de la mejora continua en todos sus campos de la actividad, conforme a los siguientes principios de actuaci\u00f3n: \u00b7 [&hellip;]","og_url":"https:\/\/www.kendu.com\/es\/politica-sistema-de-gestion\/","og_site_name":"Kendu","article_modified_time":"2025-02-26T11:20:12+00:00","og_image":[{"width":500,"height":500,"url":"https:\/\/www.kendu.com\/wp-content\/uploads\/2020\/02\/showroom-kendu.jpg","type":"image\/jpeg"}],"twitter_card":"summary_large_image","twitter_site":"@kenduinstore","twitter_misc":{"Tiempo de lectura":"2 minutos"},"schema":{"@context":"https:\/\/schema.org","@graph":[{"@type":"WebPage","@id":"https:\/\/www.kendu.com\/es\/politica-sistema-de-gestion\/","url":"https:\/\/www.kendu.com\/es\/politica-sistema-de-gestion\/","name":"Pol\u00edtica de Compromiso Ambiental | Kendu","isPartOf":{"@id":"http:\/\/www.kendu.com\/es\/#website"},"datePublished":"2025-02-26T11:10:27+00:00","dateModified":"2025-02-26T11:20:12+00:00","breadcrumb":{"@id":"https:\/\/www.kendu.com\/es\/politica-sistema-de-gestion\/#breadcrumb"},"inLanguage":"es","potentialAction":[{"@type":"ReadAction","target":["https:\/\/www.kendu.com\/es\/politica-sistema-de-gestion\/"]}]},{"@type":"BreadcrumbList","@id":"https:\/\/www.kendu.com\/es\/politica-sistema-de-gestion\/#breadcrumb","itemListElement":[{"@type":"ListItem","position":1,"name":"Home","item":"https:\/\/www.kendu.com\/es\/"},{"@type":"ListItem","position":2,"name":"Pol\u00edtica Sistema de Gesti\u00f3n"}]},{"@type":"WebSite","@id":"http:\/\/www.kendu.com\/es\/#website","url":"http:\/\/www.kendu.com\/es\/","name":"Kendu","description":"In-store Visual Solutions","publisher":{"@id":"http:\/\/www.kendu.com\/es\/#organization"},"potentialAction":[{"@type":"SearchAction","target":{"@type":"EntryPoint","urlTemplate":"http:\/\/www.kendu.com\/es\/?s={search_term_string}"},"query-input":{"@type":"PropertyValueSpecification","valueRequired":true,"valueName":"search_term_string"}}],"inLanguage":"es"},{"@type":"Organization","@id":"http:\/\/www.kendu.com\/es\/#organization","name":"Kendu","url":"http:\/\/www.kendu.com\/es\/","logo":{"@type":"ImageObject","inLanguage":"es","@id":"http:\/\/www.kendu.com\/es\/#\/schema\/logo\/image\/","url":"http:\/\/www.kendu.com\/wp-content\/uploads\/2020\/07\/logo-black.svg","contentUrl":"http:\/\/www.kendu.com\/wp-content\/uploads\/2020\/07\/logo-black.svg","width":120,"height":32,"caption":"Kendu"},"image":{"@id":"http:\/\/www.kendu.com\/es\/#\/schema\/logo\/image\/"},"sameAs":["https:\/\/x.com\/kenduinstore","https:\/\/www.instagram.com\/kenduinstore\/","https:\/\/www.linkedin.com\/company\/kenduinstore\/"]}]}},"_links":{"self":[{"href":"https:\/\/www.kendu.com\/es\/wp-json\/wp\/v2\/pages\/20083","targetHints":{"allow":["GET"]}}],"collection":[{"href":"https:\/\/www.kendu.com\/es\/wp-json\/wp\/v2\/pages"}],"about":[{"href":"https:\/\/www.kendu.com\/es\/wp-json\/wp\/v2\/types\/page"}],"author":[{"embeddable":true,"href":"https:\/\/www.kendu.com\/es\/wp-json\/wp\/v2\/users\/5"}],"replies":[{"embeddable":true,"href":"https:\/\/www.kendu.com\/es\/wp-json\/wp\/v2\/comments?post=20083"}],"version-history":[{"count":0,"href":"https:\/\/www.kendu.com\/es\/wp-json\/wp\/v2\/pages\/20083\/revisions"}],"wp:attachment":[{"href":"https:\/\/www.kendu.com\/es\/wp-json\/wp\/v2\/media?parent=20083"}],"curies":[{"name":"wp","href":"https:\/\/api.w.org\/{rel}","templated":true}]}}