{"id":13644,"date":"2021-04-27T15:07:23","date_gmt":"2021-04-27T15:07:23","guid":{"rendered":"http:\/\/www.kendu.com\/?page_id=13644"},"modified":"2022-09-12T06:58:38","modified_gmt":"2022-09-12T06:58:38","slug":"displays-retail","status":"publish","type":"page","link":"https:\/\/www.kendu.com\/es\/displays-retail\/","title":{"rendered":"Retail Displays"},"content":{"rendered":"  <section class=\"kn-featured-1\">\n    <div class=\"background-blur\" style=\"background-image: url(https:\/\/www.kendu.com\/wp-content\/uploads\/2021\/04\/forum-design.jpg)\"><\/div>\n    <div class=\"inner\">\n\n              <div class=\"upper\" data-aos=\"fade-up\" data-aos-delay=\"300\" data-aos-anchor=\".kn-featured-1\">\n          <span class=\"upper-title\">CREACI\u00d3N DE CONTENIDO PARA RETAIL<\/span>\n        <\/div>\n      \n              <div class=\"title\" data-aos=\"fade-up\" data-aos-delay=\"100\" data-aos-anchor=\".kn-featured-1\">\n          <h1 class=\"site-title\">Potenciamos la experiencia en el punto de venta<\/h1>\n        <\/div>\n      \n      <div class=\"divider-1 divider-white\" data-aos=\"fade-up\" data-aos-delay=\"100\" data-aos-anchor=\".kn-featured-1\"><\/div>\n\n              <div class=\"cta\" data-aos=\"fade-up\" data-aos-delay=\"300\" data-aos-anchor=\".kn-featured-1\">\n                  <a class=\"kn-button-1 animated\" href=\"\/es\/contacto\/\">CONT\u00c1CTANOS<\/a>\n                <\/div>\n          <\/div>\n\n    <div class=\"animation\"><\/div>\n\n  <\/section>\n\n\n<section class=\"kn-content-section-1\">\n  <div class=\"container\">\n\n    \n    <div class=\"title\" data-aos=\"fade-up\" data-aos-delay=\"100\" data-aos-anchor=\".kn-content-section-1\">\n      <h2 class=\"section-title-text\">\n       Creaci\u00f3n de contenido para marcas de retail\n      <\/h2>\n    <\/div>\n\n    <div class=\"description\" data-aos=\"fade-up\" data-aos-delay=\"200\" data-aos-anchor=\".kn-content-section-1\">\n      <p>\n        <p>Las grandes marcas requieren grandes soluciones. En Kendu colaboramos con firmas internacionales en el dise\u00f1o y gesti\u00f3n del contenido de sus campa\u00f1as de retail, ofreciendo soluciones adaptadas a cada punto de venta. Trabajamos junto con nuestros clientes en el desarrollo de contenidos digitales y en formato f\u00edsico, apoy\u00e1ndoles desde la fase creativa hasta la ejecuci\u00f3n del proyecto final.<\/p>\n\n      <\/p>\n    <\/div>\n\n    \n  <\/div>\n<\/section>\n\n\n<section class=\"kn-content-section-21\">\n  <div class=\"container\">\n  \n\n    <div class=\"items\">\n\n      \n                      <!--elem impares-->\n\n                          <div class=\"service service-1\" data-aos=\"fade-up\" data-aos-delay=\"100\">\n                <div class=\"service-left\">\n                  <span class=\"service-number\" data-aos=\"fade-down\" data-aos-delay=\"200\" data-aos-anchor=\".service-1\">01.<\/span>\n                  <h2 class=\"service-title\" data-aos=\"fade-up\" data-aos-delay=\"300\" data-aos-anchor=\".service-1\">Contenido digital<\/h2>\n\n                  <p class=\"service-text aos-init aos-animate\" data-aos=\"fade-up\" data-aos-delay=\"400\" data-aos-anchor=\".service-1\">Vamos m\u00e1s all\u00e1 del punto de venta para crear experiencias digitales que marcar\u00e1n la diferencia y conectar\u00e1n con el comprador. Contamos con soluciones de anal\u00edtica en tienda para medir el rendimiento de cada contenido.<\/p>\n<ol class=\"service-list aos-init aos-animate\" data-aos=\"fade-up\" data-aos-delay=\"400\" data-aos-anchor=\".service-1\">\n<li>Gama de <a href=\"\/es\/experiencias-interactivas-retail\/\">soluciones interactivas<\/a><\/li>\n<li>Integraci\u00f3n de displays digitales<\/li>\n<li>Anal\u00edtica de retail en tiempo real<\/li>\n<li>Video &#038; radio analytics<\/li>\n<\/ol>\n\n\n                  \n                <\/div>\n                <div class=\"service-right\" data-aos=\"fade-left\" data-aos-delay=\"400\" data-aos-anchor=\".service-1\">\n                  <img decoding=\"async\" class=\"service-image\" src=\"https:\/\/www.kendu.com\/wp-content\/uploads\/2021\/04\/digital-signage-sephora.jpg\" alt=\"\" \/>\n                <\/div>\n              <\/div>\n            \n          \n      \n                      <!--elem pares-->\n\n                          <div class=\"service service-2\" data-aos=\"fade-up\" data-aos-delay=\"100\">\n                <div class=\"service-left\" data-aos=\"fade-right\" data-aos-delay=\"400\" data-aos-anchor=\".service-2\">\n                  <img decoding=\"async\" class=\"service-image\" src=\"https:\/\/www.kendu.com\/wp-content\/uploads\/2021\/04\/display-design.jpg\" alt=\"\" \/>\n                <\/div>\n                <div class=\"service-right\">              \n                  <span class=\"service-number\" data-aos=\"fade-down\" data-aos-delay=\"200\" data-aos-anchor=\".service-2\">02.<\/span>\n                  <h2 class=\"service-title\" data-aos=\"fade-up\" data-aos-delay=\"300\" data-aos-anchor=\".service-2\">Contenido de VM<\/h2>\n\n                  <p class=\"service-text aos-init aos-animate\" data-aos=\"fade-up\" data-aos-delay=\"400\" data-aos-anchor=\".service-2\">Somos dise\u00f1adores y fabricantes exclusivos de la gama Smartframe\u00ae y de Flowbox\u00ae, el galardonado lightbox din\u00e1mico. Ofrecemos servicios de dise\u00f1o y adaptaci\u00f3n de los visuales para obtener siempre el mejor resultado.<\/p>\n<ol class=\"service-list aos-init aos-animate\" data-aos=\"fade-up\" data-aos-delay=\"400\" data-aos-anchor=\".service-2\">\n<li>Dise\u00f1o gr\u00e1fico e impresi\u00f3n de displays<\/li>\n<li>Cajas de luz y marcos <a href=\"\/es\/cajas-luz-y-marcos-textiles-smartframe\/\">Smartframe<\/a><\/li>\n<li>Lightbox din\u00e1mico <a href=\"\/flowbox-dynamic-lightbox\/\">Flowbox<\/a><\/li>\n<li>Displays VM multiformato<\/li>\n<\/ol>\n\n\n                                  <\/div>\n                    \n              <\/div>\n            \n          \n      \n                      <!--elem impares-->\n\n                          <div class=\"service service-3\" data-aos=\"fade-up\" data-aos-delay=\"100\">\n                <div class=\"service-left\">\n                  <span class=\"service-number\" data-aos=\"fade-down\" data-aos-delay=\"200\" data-aos-anchor=\".service-3\">03.<\/span>\n                  <h2 class=\"service-title\" data-aos=\"fade-up\" data-aos-delay=\"300\" data-aos-anchor=\".service-3\">Gesti\u00f3n de contenidos<\/h2>\n\n                  <p class=\"service-text aos-init aos-animate\" data-aos=\"fade-up\" data-aos-delay=\"400\" data-aos-anchor=\".service-3\">Nuestro equipo trabaja para garantizar la actualizaci\u00f3n de cada campa\u00f1a de retail. Adaptamos y optimizamos contenido preexistente para diferentes plataformas, pudiendo tambi\u00e9n desarrollar nuevos contenidos, tanto f\u00edsicos como digitales.<\/p>\n<ol class=\"service-list aos-init aos-animate\" data-aos=\"fade-up\" data-aos-delay=\"400\" data-aos-anchor=\".service-3\">\n<li>Plataforma de gesti\u00f3n de campa\u00f1as<\/li>\n<li>Adaptaci\u00f3n y optimizaci\u00f3n de contenidos<\/li>\n<li>Soluciones multiformato<\/li>\n<li>Servicios de <a href=\"\/es\/impresion-textil-gran-formato\/\">impresi\u00f3n de campa\u00f1as<\/a><\/li>\n<\/ol>\n\n\n                  \n                <\/div>\n                <div class=\"service-right\" data-aos=\"fade-left\" data-aos-delay=\"400\" data-aos-anchor=\".service-3\">\n                  <img decoding=\"async\" class=\"service-image\" src=\"https:\/\/www.kendu.com\/wp-content\/uploads\/2020\/07\/digital-design-services-1.jpg\" alt=\"Digital design services Kendu\" \/>\n                <\/div>\n              <\/div>\n            \n          \n      \n    <\/div>\n\n\n  <\/div>\n<\/section>\n\n\n<section class=\"kn-content-section-8\">\n  <div class=\"inner\">\n\n        \n    <main class=\"items\" data-aos=\"fade-up\" data-aos-delay=\"200\" data-aos-anchor=\".kn-content-section-8\">\n\n                    \n                  <div class=\"item item-small\" style=\"background-image: url(https:\/\/www.kendu.com\/wp-content\/uploads\/2021\/04\/contact-design.jpg)\">\n        \n          <div class=\"item-content\">\n            <div class=\"item-title\" data-aos=\"fade-up\" data-aos-delay=\"300\" data-aos-anchor=\".kn-content-section-8\">\n              <h3 class=\"header-3\">\u00bfHablamos?<\/h3>\n            <\/div>\n\n            <div class=\"item-description\" data-aos=\"fade-up\" data-aos-delay=\"400\" data-aos-anchor=\".kn-content-section-8\">\n              <p><p>Contacta con nosotros y te ayudaremos a encontrar la soluci\u00f3n ideal para tu proyecto.<\/p>\n<\/p>\n            <\/div>\n\n                                          <div class=\"cta\" data-aos=\"fade-up\" data-aos-delay=\"500\" data-aos-anchor=\".kn-content-section-8\">\n                  <a class=\"kn-button-1 primary animated\" href=\"https:\/\/www.kendu.com\/es\/contacto\/\">CONTACT US<\/a>\n                <\/div>\n                          \n          <\/div>\n        <\/div>\n          <\/main>\n\n<!--\n    <main class=\"items\" data-aos=\"fade-up\" data-aos-delay=\"200\" data-aos-anchor=\".kn-content-section-8\">\n      <div class=\"item\" style=\"background-image: url(https:\/\/www.kendu.com\/wp-content\/themes\/kendu\/assets\/images\/sistema-kit-header.jpg)\">\n\n        <div class=\"item-content\">\n          <div class=\"item-title\" data-aos=\"fade-up\" data-aos-delay=\"300\" data-aos-anchor=\".kn-content-section-8\">\n            <h3 class=\"header-3\">Flowbox<\/h3>\n          <\/div>\n\n          <div class=\"item-description\" data-aos=\"fade-up\" data-aos-delay=\"400\" data-aos-anchor=\".kn-content-section-8\">\n            <p>The system for displaying and exchanging printed textile images.<\/p>\n          <\/div>\n\n          <div class=\"cta\" data-aos=\"fade-up\" data-aos-delay=\"500\" data-aos-anchor=\".kn-content-section-8\">\n            <a class=\"kn-button-1 primary animated\">Get in Touch<\/a>\n          <\/div>\n        <\/div>\n      <\/div>\n\n      <div class=\"item\" style=\"background-image: url(https:\/\/www.kendu.com\/wp-content\/themes\/kendu\/assets\/images\/smartframe-hero.jpg)\">\n\n        <div class=\"item-content\">\n          <div class=\"item-title\" data-aos=\"fade-up\" data-aos-delay=\"300\" data-aos-anchor=\".kn-content-section-8\">\n            <h3 class=\"header-3\">Flowbox<\/h3>\n          <\/div>\n\n          <div class=\"item-description\" data-aos=\"fade-up\" data-aos-delay=\"400\" data-aos-anchor=\".kn-content-section-8\">\n            <p>The system for displaying and exchanging printed textile images.<\/p>\n          <\/div>\n\n          <div class=\"item-cta\" data-aos=\"fade-up\" data-aos-delay=\"500\" data-aos-anchor=\".kn-content-section-8\">\n            <a class=\"kn-button-1 primary animated\">Get in Touch<\/a>\n          <\/div>\n        <\/div>\n      <\/div>\n    <\/main>\n-->\n  <\/div>\n<\/section>\n\n\n\n<div style=\"height:30px\" aria-hidden=\"true\" class=\"wp-block-spacer\"><\/div>\n\n\n\n<div style=\"height:30px\" aria-hidden=\"true\" class=\"wp-block-spacer\"><\/div>\n\n\n<section class=\"kn-products\">\n  <div class=\"inner\">\n    <div class=\"section-title\">\n      <h2 class=\"section-title-text\">Casos de \u00e9xito<\/h2>\n      <div class=\"divider-2\"><\/div>\n    <\/div>\n    <div class=\"products\" data-aos=\"fade-up\" data-aos-anchor=\".kn-products\">\n      <div class=\"products-inner\">\n                  <div class=\"product hover\">\n\n            <a href=\"\">\n              <div class=\"background-blur\" style=\"background-image: url(https:\/\/www.kendu.com\/wp-content\/uploads\/2021\/03\/gitex-etisalat.jpg)\"><\/div>\n\n              <div class=\"product-view\">\n                <div class=\"product-title\">\n                  <span><p>Etisalat<\/p>\n<\/span>\n                  <span><p>Etisalat<\/p>\n <small>&#038;<\/small> Kendu<\/span>\n                <\/div>\n              <\/div>\n            <\/a>\n\n          <\/div>\n                  <div class=\"product \">\n\n            <a href=\"https:\/\/www.kendu.com\/es\/proyectos-y-casos-de-estudio\/supermercados-bm\/\">\n              <div class=\"background-blur\" style=\"background-image: url(https:\/\/www.kendu.com\/wp-content\/uploads\/2020\/10\/bm-winner.jpg)\"><\/div>\n\n              <div class=\"product-view\">\n                <div class=\"product-title\">\n                  <span><p>BM Supermercados<\/p>\n<\/span>\n                  <span><p>BM Supermercados<\/p>\n <small>&#038;<\/small> Kendu<\/span>\n                <\/div>\n              <\/div>\n            <\/a>\n\n          <\/div>\n                  <div class=\"product \">\n\n            <a href=\"https:\/\/www.kendu.com\/es\/proyectos-y-casos-de-estudio\/euroshop-2020\/\">\n              <div class=\"background-blur\" style=\"background-image: url(https:\/\/www.kendu.com\/wp-content\/uploads\/2020\/09\/euroshop2020-11.jpg)\"><\/div>\n\n              <div class=\"product-view\">\n                <div class=\"product-title\">\n                  <span><p>Euroshop<\/p>\n<\/span>\n                  <span><p>Euroshop<\/p>\n <small>&#038;<\/small> Kendu<\/span>\n                <\/div>\n              <\/div>\n            <\/a>\n\n          <\/div>\n                  <div class=\"product \">\n\n            <a href=\"https:\/\/www.kendu.com\/es\/proyectos-y-casos-de-estudio\/sephora\/\">\n              <div class=\"background-blur\" style=\"background-image: url(https:\/\/www.kendu.com\/wp-content\/uploads\/2020\/07\/sephora-5.jpg)\"><\/div>\n\n              <div class=\"product-view\">\n                <div class=\"product-title\">\n                  <span><p>Sephora<\/p>\n<\/span>\n                  <span><p>Sephora<\/p>\n <small>&#038;<\/small> Kendu<\/span>\n                <\/div>\n              <\/div>\n            <\/a>\n\n          <\/div>\n              <\/div>\n    <\/div>\n    <div class=\"see-more\">\n      <a class=\"kn-button-1 animated secondary\" href=\"https:\/\/www.kendu.com\/es\/projects-and-case-studies\/\">Ver m\u00e1s proyectos<\/a>\n    <\/div>\n  <\/div>\n<\/section>\n\n\n<section class=\"kn-content-section-1\">\n  <div class=\"container\">\n\n    \n    <div class=\"title\" data-aos=\"fade-up\" data-aos-delay=\"100\" data-aos-anchor=\".kn-content-section-1\">\n      <h2 class=\"section-title-text\">\n       Retail interactivo\n      <\/h2>\n    <\/div>\n\n    <div class=\"description\" data-aos=\"fade-up\" data-aos-delay=\"200\" data-aos-anchor=\".kn-content-section-1\">\n      <p>\n        <p>Descubre nuestra gama de experiencias para conectar con los usuarios en el punto de venta: mesas interactivas, dispositivos inteligentes, lift and learn, Flowbox interactivo\u2026 \u00a1lo interactivo en retail funciona!<\/p>\n\n      <\/p>\n    <\/div>\n\n          <div class=\"cta\" data-aos=\"fade-up\" data-aos-delay=\"300\" data-aos-anchor=\".kn-content-section-1\">\n        <a class=\"kn-button-1 secondary animated\" href=\"\/es\/experiencias-interactivas-retail\/\">SABER M\u00c1S<\/a>\n      <\/div>\n    \n  <\/div>\n<\/section>\n\n\n\n<div style=\"height:100px\" aria-hidden=\"true\" class=\"wp-block-spacer\"><\/div>\n","protected":false},"excerpt":{"rendered":"","protected":false},"author":5,"featured_media":9478,"parent":0,"menu_order":0,"comment_status":"closed","ping_status":"closed","template":"","meta":{"_acf_changed":false,"inline_featured_image":false,"_uf_show_specific_survey":0,"_uf_disable_surveys":false,"footnotes":""},"class_list":["post-13644","page","type-page","status-publish","has-post-thumbnail","hentry"],"acf":[],"aioseo_notices":[],"yoast_head":"<!-- This site is optimized with the Yoast SEO plugin v25.6 - https:\/\/yoast.com\/wordpress\/plugins\/seo\/ -->\n<title>Displays para Retail - Displays Digitales &amp; VM | Kendu<\/title>\n<meta name=\"description\" content=\"Colaboramos con marcas de retail internacionales en el dise\u00f1o y gesti\u00f3n del contenido en sus puntos de venta, ofreciendo soluciones a medida.\" \/>\n<meta name=\"robots\" content=\"index, follow, max-snippet:-1, max-image-preview:large, max-video-preview:-1\" \/>\n<link rel=\"canonical\" href=\"https:\/\/www.kendu.com\/es\/displays-retail\/\" \/>\n<meta property=\"og:locale\" content=\"es_ES\" \/>\n<meta property=\"og:type\" content=\"article\" \/>\n<meta property=\"og:title\" content=\"Displays para Retail - Displays Digitales &amp; VM | Kendu\" \/>\n<meta property=\"og:description\" content=\"Colaboramos con marcas de retail internacionales en el dise\u00f1o y gesti\u00f3n del contenido en sus puntos de venta, ofreciendo soluciones a medida.\" \/>\n<meta property=\"og:url\" content=\"https:\/\/www.kendu.com\/es\/displays-retail\/\" \/>\n<meta property=\"og:site_name\" content=\"Kendu\" \/>\n<meta property=\"article:modified_time\" content=\"2022-09-12T06:58:38+00:00\" \/>\n<meta property=\"og:image\" content=\"https:\/\/www.kendu.com\/wp-content\/uploads\/2020\/07\/edesign-mini.jpg\" \/>\n\t<meta property=\"og:image:width\" content=\"220\" \/>\n\t<meta property=\"og:image:height\" content=\"159\" \/>\n\t<meta property=\"og:image:type\" content=\"image\/jpeg\" \/>\n<meta name=\"twitter:card\" content=\"summary_large_image\" \/>\n<meta name=\"twitter:site\" content=\"@kenduinstore\" \/>\n<script type=\"application\/ld+json\" class=\"yoast-schema-graph\">{\"@context\":\"https:\/\/schema.org\",\"@graph\":[{\"@type\":\"WebPage\",\"@id\":\"https:\/\/www.kendu.com\/es\/displays-retail\/\",\"url\":\"https:\/\/www.kendu.com\/es\/displays-retail\/\",\"name\":\"Displays para Retail - Displays Digitales & VM | Kendu\",\"isPartOf\":{\"@id\":\"https:\/\/www.kendu.com\/es\/#website\"},\"primaryImageOfPage\":{\"@id\":\"https:\/\/www.kendu.com\/es\/displays-retail\/#primaryimage\"},\"image\":{\"@id\":\"https:\/\/www.kendu.com\/es\/displays-retail\/#primaryimage\"},\"thumbnailUrl\":\"https:\/\/www.kendu.com\/wp-content\/uploads\/2020\/07\/edesign-mini.jpg\",\"datePublished\":\"2021-04-27T15:07:23+00:00\",\"dateModified\":\"2022-09-12T06:58:38+00:00\",\"description\":\"Colaboramos con marcas de retail internacionales en el dise\u00f1o y gesti\u00f3n del contenido en sus puntos de venta, ofreciendo soluciones a medida.\",\"breadcrumb\":{\"@id\":\"https:\/\/www.kendu.com\/es\/displays-retail\/#breadcrumb\"},\"inLanguage\":\"es\",\"potentialAction\":[{\"@type\":\"ReadAction\",\"target\":[\"https:\/\/www.kendu.com\/es\/displays-retail\/\"]}]},{\"@type\":\"ImageObject\",\"inLanguage\":\"es\",\"@id\":\"https:\/\/www.kendu.com\/es\/displays-retail\/#primaryimage\",\"url\":\"https:\/\/www.kendu.com\/wp-content\/uploads\/2020\/07\/edesign-mini.jpg\",\"contentUrl\":\"https:\/\/www.kendu.com\/wp-content\/uploads\/2020\/07\/edesign-mini.jpg\",\"width\":220,\"height\":159,\"caption\":\"digital design\"},{\"@type\":\"BreadcrumbList\",\"@id\":\"https:\/\/www.kendu.com\/es\/displays-retail\/#breadcrumb\",\"itemListElement\":[{\"@type\":\"ListItem\",\"position\":1,\"name\":\"Home\",\"item\":\"http:\/\/www.kendu.com\/es\/\"},{\"@type\":\"ListItem\",\"position\":2,\"name\":\"Retail Displays\"}]},{\"@type\":\"WebSite\",\"@id\":\"https:\/\/www.kendu.com\/es\/#website\",\"url\":\"https:\/\/www.kendu.com\/es\/\",\"name\":\"Kendu\",\"description\":\"In-store Visual Solutions\",\"publisher\":{\"@id\":\"https:\/\/www.kendu.com\/es\/#organization\"},\"potentialAction\":[{\"@type\":\"SearchAction\",\"target\":{\"@type\":\"EntryPoint\",\"urlTemplate\":\"https:\/\/www.kendu.com\/es\/?s={search_term_string}\"},\"query-input\":{\"@type\":\"PropertyValueSpecification\",\"valueRequired\":true,\"valueName\":\"search_term_string\"}}],\"inLanguage\":\"es\"},{\"@type\":\"Organization\",\"@id\":\"https:\/\/www.kendu.com\/es\/#organization\",\"name\":\"Kendu\",\"url\":\"https:\/\/www.kendu.com\/es\/\",\"logo\":{\"@type\":\"ImageObject\",\"inLanguage\":\"es\",\"@id\":\"https:\/\/www.kendu.com\/es\/#\/schema\/logo\/image\/\",\"url\":\"http:\/\/www.kendu.com\/wp-content\/uploads\/2020\/07\/logo-black.svg\",\"contentUrl\":\"http:\/\/www.kendu.com\/wp-content\/uploads\/2020\/07\/logo-black.svg\",\"width\":120,\"height\":32,\"caption\":\"Kendu\"},\"image\":{\"@id\":\"https:\/\/www.kendu.com\/es\/#\/schema\/logo\/image\/\"},\"sameAs\":[\"https:\/\/x.com\/kenduinstore\",\"https:\/\/www.instagram.com\/kenduinstore\/\",\"https:\/\/www.linkedin.com\/company\/kenduinstore\/\"]}]}<\/script>\n<!-- \/ Yoast SEO plugin. -->","yoast_head_json":{"title":"Displays para Retail - Displays Digitales & VM | Kendu","description":"Colaboramos con marcas de retail internacionales en el dise\u00f1o y gesti\u00f3n del contenido en sus puntos de venta, ofreciendo soluciones a medida.","robots":{"index":"index","follow":"follow","max-snippet":"max-snippet:-1","max-image-preview":"max-image-preview:large","max-video-preview":"max-video-preview:-1"},"canonical":"https:\/\/www.kendu.com\/es\/displays-retail\/","og_locale":"es_ES","og_type":"article","og_title":"Displays para Retail - Displays Digitales & VM | Kendu","og_description":"Colaboramos con marcas de retail internacionales en el dise\u00f1o y gesti\u00f3n del contenido en sus puntos de venta, ofreciendo soluciones a medida.","og_url":"https:\/\/www.kendu.com\/es\/displays-retail\/","og_site_name":"Kendu","article_modified_time":"2022-09-12T06:58:38+00:00","og_image":[{"width":220,"height":159,"url":"https:\/\/www.kendu.com\/wp-content\/uploads\/2020\/07\/edesign-mini.jpg","type":"image\/jpeg"}],"twitter_card":"summary_large_image","twitter_site":"@kenduinstore","schema":{"@context":"https:\/\/schema.org","@graph":[{"@type":"WebPage","@id":"https:\/\/www.kendu.com\/es\/displays-retail\/","url":"https:\/\/www.kendu.com\/es\/displays-retail\/","name":"Displays para Retail - Displays Digitales & VM | Kendu","isPartOf":{"@id":"https:\/\/www.kendu.com\/es\/#website"},"primaryImageOfPage":{"@id":"https:\/\/www.kendu.com\/es\/displays-retail\/#primaryimage"},"image":{"@id":"https:\/\/www.kendu.com\/es\/displays-retail\/#primaryimage"},"thumbnailUrl":"https:\/\/www.kendu.com\/wp-content\/uploads\/2020\/07\/edesign-mini.jpg","datePublished":"2021-04-27T15:07:23+00:00","dateModified":"2022-09-12T06:58:38+00:00","description":"Colaboramos con marcas de retail internacionales en el dise\u00f1o y gesti\u00f3n del contenido en sus puntos de venta, ofreciendo soluciones a medida.","breadcrumb":{"@id":"https:\/\/www.kendu.com\/es\/displays-retail\/#breadcrumb"},"inLanguage":"es","potentialAction":[{"@type":"ReadAction","target":["https:\/\/www.kendu.com\/es\/displays-retail\/"]}]},{"@type":"ImageObject","inLanguage":"es","@id":"https:\/\/www.kendu.com\/es\/displays-retail\/#primaryimage","url":"https:\/\/www.kendu.com\/wp-content\/uploads\/2020\/07\/edesign-mini.jpg","contentUrl":"https:\/\/www.kendu.com\/wp-content\/uploads\/2020\/07\/edesign-mini.jpg","width":220,"height":159,"caption":"digital design"},{"@type":"BreadcrumbList","@id":"https:\/\/www.kendu.com\/es\/displays-retail\/#breadcrumb","itemListElement":[{"@type":"ListItem","position":1,"name":"Home","item":"http:\/\/www.kendu.com\/es\/"},{"@type":"ListItem","position":2,"name":"Retail Displays"}]},{"@type":"WebSite","@id":"https:\/\/www.kendu.com\/es\/#website","url":"https:\/\/www.kendu.com\/es\/","name":"Kendu","description":"In-store Visual Solutions","publisher":{"@id":"https:\/\/www.kendu.com\/es\/#organization"},"potentialAction":[{"@type":"SearchAction","target":{"@type":"EntryPoint","urlTemplate":"https:\/\/www.kendu.com\/es\/?s={search_term_string}"},"query-input":{"@type":"PropertyValueSpecification","valueRequired":true,"valueName":"search_term_string"}}],"inLanguage":"es"},{"@type":"Organization","@id":"https:\/\/www.kendu.com\/es\/#organization","name":"Kendu","url":"https:\/\/www.kendu.com\/es\/","logo":{"@type":"ImageObject","inLanguage":"es","@id":"https:\/\/www.kendu.com\/es\/#\/schema\/logo\/image\/","url":"http:\/\/www.kendu.com\/wp-content\/uploads\/2020\/07\/logo-black.svg","contentUrl":"http:\/\/www.kendu.com\/wp-content\/uploads\/2020\/07\/logo-black.svg","width":120,"height":32,"caption":"Kendu"},"image":{"@id":"https:\/\/www.kendu.com\/es\/#\/schema\/logo\/image\/"},"sameAs":["https:\/\/x.com\/kenduinstore","https:\/\/www.instagram.com\/kenduinstore\/","https:\/\/www.linkedin.com\/company\/kenduinstore\/"]}]}},"_links":{"self":[{"href":"https:\/\/www.kendu.com\/es\/wp-json\/wp\/v2\/pages\/13644","targetHints":{"allow":["GET"]}}],"collection":[{"href":"https:\/\/www.kendu.com\/es\/wp-json\/wp\/v2\/pages"}],"about":[{"href":"https:\/\/www.kendu.com\/es\/wp-json\/wp\/v2\/types\/page"}],"author":[{"embeddable":true,"href":"https:\/\/www.kendu.com\/es\/wp-json\/wp\/v2\/users\/5"}],"replies":[{"embeddable":true,"href":"https:\/\/www.kendu.com\/es\/wp-json\/wp\/v2\/comments?post=13644"}],"version-history":[{"count":0,"href":"https:\/\/www.kendu.com\/es\/wp-json\/wp\/v2\/pages\/13644\/revisions"}],"wp:featuredmedia":[{"embeddable":true,"href":"https:\/\/www.kendu.com\/es\/wp-json\/wp\/v2\/media\/9478"}],"wp:attachment":[{"href":"https:\/\/www.kendu.com\/es\/wp-json\/wp\/v2\/media?parent=13644"}],"curies":[{"name":"wp","href":"https:\/\/api.w.org\/{rel}","templated":true}]}}