{"id":12423,"date":"2020-12-10T15:04:48","date_gmt":"2020-12-10T15:04:48","guid":{"rendered":"http:\/\/www.kendu.com\/?page_id=12423"},"modified":"2021-06-10T11:13:22","modified_gmt":"2021-06-10T11:13:22","slug":"experiencias-interactivas-retail","status":"publish","type":"page","link":"https:\/\/www.kendu.com\/es\/experiencias-interactivas-retail\/","title":{"rendered":"Interactive solutions"},"content":{"rendered":"  <section class=\"kn-featured-1\">\n    <div class=\"background-blur\" style=\"background-image: url(https:\/\/www.kendu.com\/wp-content\/uploads\/2020\/12\/interactive-solutions.jpg)\"><\/div>\n    <div class=\"inner\">\n\n              <div class=\"upper\" data-aos=\"fade-up\" data-aos-delay=\"300\" data-aos-anchor=\".kn-featured-1\">\n          <span class=\"upper-title\">EXPERIENCIAS INTERACTIVAS<\/span>\n        <\/div>\n      \n              <div class=\"title\" data-aos=\"fade-up\" data-aos-delay=\"100\" data-aos-anchor=\".kn-featured-1\">\n          <h1 class=\"site-title\">Soluciones digitales para retail<\/h1>\n        <\/div>\n      \n      <div class=\"divider-1 divider-white\" data-aos=\"fade-up\" data-aos-delay=\"100\" data-aos-anchor=\".kn-featured-1\"><\/div>\n\n              <div class=\"cta\" data-aos=\"fade-up\" data-aos-delay=\"300\" data-aos-anchor=\".kn-featured-1\">\n                  <a class=\"kn-button-1 animated\" href=\"\/es\/contacto\/\">CONT\u00c1CTANOS<\/a>\n                <\/div>\n          <\/div>\n\n    <div class=\"animation\"><\/div>\n\n  <\/section>\n\n\n<section class=\"kn-content-section-1\">\n  <div class=\"container\">\n\n    \n    <div class=\"title\" data-aos=\"fade-up\" data-aos-delay=\"100\" data-aos-anchor=\".kn-content-section-1\">\n      <h2 class=\"section-title-text\">\n       Experiencias interactivas para el punto de venta\n      <\/h2>\n    <\/div>\n\n    <div class=\"description\" data-aos=\"fade-up\" data-aos-delay=\"200\" data-aos-anchor=\".kn-content-section-1\">\n      <p>\n        <p>En Kendu desarrollamos experiencias interactivas y soluciones de digital signage a medida para potenciar el engagement de los compradores a trav\u00e9s de experiencias de compra \u00fanicas. Dispositivos inteligentes, tecnolog\u00eda lift and learn, Flowbox interactivo, tecnolog\u00eda de video mapping, y mucho m\u00e1s.<\/p>\n\n      <\/p>\n    <\/div>\n\n          <div class=\"cta\" data-aos=\"fade-up\" data-aos-delay=\"300\" data-aos-anchor=\".kn-content-section-1\">\n        <a class=\"kn-button-1 secondary animated\" href=\"\/es\/contacto\/\">M\u00e1s informaci\u00f3n<\/a>\n      <\/div>\n    \n  <\/div>\n<\/section>\n\n\n<section class=\"kn-content-section-21\">\n  <div class=\"container\">\n  \n\n    <div class=\"items\">\n\n      \n                      <!--elem impares-->\n\n                          <div class=\"service service-1\" data-aos=\"fade-up\" data-aos-delay=\"100\">\n                <div class=\"service-left\">\n                  <span class=\"service-number\" data-aos=\"fade-down\" data-aos-delay=\"200\" data-aos-anchor=\".service-1\">01.<\/span>\n                  <h2 class=\"service-title\" data-aos=\"fade-up\" data-aos-delay=\"300\" data-aos-anchor=\".service-1\">Estanter\u00edas lift and learn<\/h2>\n\n                  <p>Gracias a la tecnolog\u00eda RFID, el comprador obtendr\u00e1 informaci\u00f3n adicional de los productos que m\u00e1s le interesen. Con solo levantar un producto, las estanter\u00edas reconocer\u00e1n su selecci\u00f3n y el comprador obtendr\u00e1 un contenido personalizado a trav\u00e9s de una pantalla o monitor digital.<\/p>\n<p>&nbsp;<\/p>\n\n\n                                      <div class=\"cta fade-in-bottom\" data-aos=\"fade-up\" data-aos-delay=\"400\" data-aos-anchor=\".service-1\">\n                      <a class=\"kn-button-1 secondary animated fade-in-bottom\" href=\"https:\/\/vimeo.com\/367726714\">VER V\u00cdDEO<\/a>\n                    <\/div>\n                  \n                <\/div>\n                <div class=\"service-right\" data-aos=\"fade-left\" data-aos-delay=\"400\" data-aos-anchor=\".service-1\">\n                  <img decoding=\"async\" class=\"service-image\" src=\"https:\/\/www.kendu.com\/wp-content\/uploads\/2020\/12\/lift-and-learn.jpg\" alt=\"Lift and learn technology\" \/>\n                <\/div>\n              <\/div>\n            \n          \n      \n                      <!--elem pares-->\n\n                          <div class=\"service service-2\" data-aos=\"fade-up\" data-aos-delay=\"100\">\n                <div class=\"service-left\" data-aos=\"fade-right\" data-aos-delay=\"400\" data-aos-anchor=\".service-2\">\n                  <img decoding=\"async\" class=\"service-image\" src=\"https:\/\/www.kendu.com\/wp-content\/uploads\/2020\/12\/interactive-flowbox.jpg\" alt=\"Flowbox interactive\" \/>\n                <\/div>\n                <div class=\"service-right\">              \n                  <span class=\"service-number\" data-aos=\"fade-down\" data-aos-delay=\"200\" data-aos-anchor=\".service-2\">02.<\/span>\n                  <h2 class=\"service-title\" data-aos=\"fade-up\" data-aos-delay=\"300\" data-aos-anchor=\".service-2\">Flowbox interactivo<\/h2>\n\n                  <p>Flowbox se convierte en un display interactivo que responde al movimiento del usuario, \u00a1sin tener que tocarlo! El lightbox din\u00e1mico es perfecto para crear efectos visuales sorprendentes o resaltar las caracter\u00edsticas principales de un producto de manera creativa.<\/p>\n<p>&nbsp;<\/p>\n\n\n                                      <div class=\"cta fade-in-bottom\" data-aos=\"fade-up\" data-aos-delay=\"400\" data-aos-anchor=\".service-2\">\n                      <a class=\"kn-button-1 secondary animated fade-in-bottom\" href=\"https:\/\/vimeo.com\/368262350\">VER V\u00cdDEO<\/a>\n                    <\/div>\n                                  <\/div>\n                    \n              <\/div>\n            \n          \n      \n                      <!--elem impares-->\n\n                          <div class=\"service service-3\" data-aos=\"fade-up\" data-aos-delay=\"100\">\n                <div class=\"service-left\">\n                  <span class=\"service-number\" data-aos=\"fade-down\" data-aos-delay=\"200\" data-aos-anchor=\".service-3\">03.<\/span>\n                  <h2 class=\"service-title\" data-aos=\"fade-up\" data-aos-delay=\"300\" data-aos-anchor=\".service-3\">Customizaci\u00f3n con video mapping<\/h2>\n\n                  <p>En esta experiencia el comprador podr\u00e1 personalizar un producto y comprobar en tiempo real el resultado gracias a una vista proyectada sobre un producto real. Gracias a esta soluci\u00f3n de video mapping, el usuario podr\u00e1 sentirse m\u00e1s seguro a la hora de hacer un pedido.<\/p>\n<p>&nbsp;<\/p>\n\n\n                                      <div class=\"cta fade-in-bottom\" data-aos=\"fade-up\" data-aos-delay=\"400\" data-aos-anchor=\".service-3\">\n                      <a class=\"kn-button-1 secondary animated fade-in-bottom\" href=\"https:\/\/vimeo.com\/492503803\/bde591a714\">VER V\u00cdDEO<\/a>\n                    <\/div>\n                  \n                <\/div>\n                <div class=\"service-right\" data-aos=\"fade-left\" data-aos-delay=\"400\" data-aos-anchor=\".service-3\">\n                  <img decoding=\"async\" class=\"service-image\" src=\"https:\/\/www.kendu.com\/wp-content\/uploads\/2020\/12\/surf-video-mapping.jpg\" alt=\"Video mapping surf table\" \/>\n                <\/div>\n              <\/div>\n            \n          \n      \n                      <!--elem pares-->\n\n                          <div class=\"service service-4\" data-aos=\"fade-up\" data-aos-delay=\"100\">\n                <div class=\"service-left\" data-aos=\"fade-right\" data-aos-delay=\"400\" data-aos-anchor=\".service-4\">\n                  <img decoding=\"async\" class=\"service-image\" src=\"https:\/\/www.kendu.com\/wp-content\/uploads\/2020\/12\/interactive-wall.jpg\" alt=\"Interactive mapping\" \/>\n                <\/div>\n                <div class=\"service-right\">              \n                  <span class=\"service-number\" data-aos=\"fade-down\" data-aos-delay=\"200\" data-aos-anchor=\".service-4\">04.<\/span>\n                  <h2 class=\"service-title\" data-aos=\"fade-up\" data-aos-delay=\"300\" data-aos-anchor=\".service-4\">Proyecci\u00f3n interactiva<\/h2>\n\n                  <p>Esta soluci\u00f3n permite explicar y visualizar nuevos conceptos de marca, producto o servicio a trav\u00e9s de una experiencia atractiva. Una c\u00e1mara 3D proyectar\u00e1 un gr\u00e1fico en la pared, el cual ser\u00e1 interactivo y totalmente personalizable.<\/p>\n<p>&nbsp;<\/p>\n\n\n                                      <div class=\"cta fade-in-bottom\" data-aos=\"fade-up\" data-aos-delay=\"400\" data-aos-anchor=\".service-4\">\n                      <a class=\"kn-button-1 secondary animated fade-in-bottom\" href=\"https:\/\/vimeo.com\/371885074\">VER V\u00cdDEO<\/a>\n                    <\/div>\n                                  <\/div>\n                    \n              <\/div>\n            \n          \n      \n    <\/div>\n\n\n  <\/div>\n<\/section>\n\n\n<section class=\"kn-content-section-8\">\n  <div class=\"inner\">\n\n        \n    <main class=\"items\" data-aos=\"fade-up\" data-aos-delay=\"200\" data-aos-anchor=\".kn-content-section-8\">\n\n                    \n                  <div class=\"item item-small\" style=\"background-image: url(https:\/\/www.kendu.com\/wp-content\/uploads\/2020\/12\/contact-e1607592621263.jpg)\">\n        \n          <div class=\"item-content\">\n            <div class=\"item-title\" data-aos=\"fade-up\" data-aos-delay=\"300\" data-aos-anchor=\".kn-content-section-8\">\n              <h3 class=\"header-3\">\u00bfHablamos?<\/h3>\n            <\/div>\n\n            <div class=\"item-description\" data-aos=\"fade-up\" data-aos-delay=\"400\" data-aos-anchor=\".kn-content-section-8\">\n              <p><p>Ponte en contacto con nosotros y juntos estudiaremos la mejor soluci\u00f3n digital para tu proyecto.<\/p>\n<\/p>\n            <\/div>\n\n                                          <div class=\"cta\" data-aos=\"fade-up\" data-aos-delay=\"500\" data-aos-anchor=\".kn-content-section-8\">\n                  <a class=\"kn-button-1 primary animated\" href=\"https:\/\/www.kendu.com\/es\/contacto\/\">CONT\u00c1CTANOS<\/a>\n                <\/div>\n                          \n          <\/div>\n        <\/div>\n          <\/main>\n\n<!--\n    <main class=\"items\" data-aos=\"fade-up\" data-aos-delay=\"200\" data-aos-anchor=\".kn-content-section-8\">\n      <div class=\"item\" style=\"background-image: url(https:\/\/www.kendu.com\/wp-content\/themes\/kendu\/assets\/images\/sistema-kit-header.jpg)\">\n\n        <div class=\"item-content\">\n          <div class=\"item-title\" data-aos=\"fade-up\" data-aos-delay=\"300\" data-aos-anchor=\".kn-content-section-8\">\n            <h3 class=\"header-3\">Flowbox<\/h3>\n          <\/div>\n\n          <div class=\"item-description\" data-aos=\"fade-up\" data-aos-delay=\"400\" data-aos-anchor=\".kn-content-section-8\">\n            <p>The system for displaying and exchanging printed textile images.<\/p>\n          <\/div>\n\n          <div class=\"cta\" data-aos=\"fade-up\" data-aos-delay=\"500\" data-aos-anchor=\".kn-content-section-8\">\n            <a class=\"kn-button-1 primary animated\">Get in Touch<\/a>\n          <\/div>\n        <\/div>\n      <\/div>\n\n      <div class=\"item\" style=\"background-image: url(https:\/\/www.kendu.com\/wp-content\/themes\/kendu\/assets\/images\/smartframe-hero.jpg)\">\n\n        <div class=\"item-content\">\n          <div class=\"item-title\" data-aos=\"fade-up\" data-aos-delay=\"300\" data-aos-anchor=\".kn-content-section-8\">\n            <h3 class=\"header-3\">Flowbox<\/h3>\n          <\/div>\n\n          <div class=\"item-description\" data-aos=\"fade-up\" data-aos-delay=\"400\" data-aos-anchor=\".kn-content-section-8\">\n            <p>The system for displaying and exchanging printed textile images.<\/p>\n          <\/div>\n\n          <div class=\"item-cta\" data-aos=\"fade-up\" data-aos-delay=\"500\" data-aos-anchor=\".kn-content-section-8\">\n            <a class=\"kn-button-1 primary animated\">Get in Touch<\/a>\n          <\/div>\n        <\/div>\n      <\/div>\n    <\/main>\n-->\n  <\/div>\n<\/section>\n\n\n<section class=\"kn-content-section-1\">\n  <div class=\"container\">\n\n    \n    <div class=\"title\" data-aos=\"fade-up\" data-aos-delay=\"100\" data-aos-anchor=\".kn-content-section-1\">\n      <h2 class=\"section-title-text\">\n       Experiencias retail a medida\n      <\/h2>\n    <\/div>\n\n    <div class=\"description\" data-aos=\"fade-up\" data-aos-delay=\"200\" data-aos-anchor=\".kn-content-section-1\">\n      <p>\n        <p>Ofrecemos soluciones a medida para proyectos de arquitectura retail, desarrollo de nuevos conceptos y renovaciones enfocadas en mejorar la experiencia en el punto de venta. \u00a1Te acompa\u00f1amos en todo el proceso!<\/p>\n\n      <\/p>\n    <\/div>\n\n          <div class=\"cta\" data-aos=\"fade-up\" data-aos-delay=\"300\" data-aos-anchor=\".kn-content-section-1\">\n        <a class=\"kn-button-1 secondary animated\" href=\"\/es\/diseno-espacios-retail\/\">DISE\u00d1O RETAIL<\/a>\n      <\/div>\n    \n  <\/div>\n<\/section>\n\n\n\n<div style=\"height:90px\" aria-hidden=\"true\" class=\"wp-block-spacer\"><\/div>\n","protected":false},"excerpt":{"rendered":"","protected":false},"author":5,"featured_media":7278,"parent":0,"menu_order":0,"comment_status":"closed","ping_status":"closed","template":"","meta":{"_acf_changed":false,"inline_featured_image":false,"_uf_show_specific_survey":0,"_uf_disable_surveys":false,"footnotes":""},"class_list":["post-12423","page","type-page","status-publish","has-post-thumbnail","hentry"],"acf":[],"aioseo_notices":[],"yoast_head":"<!-- This site is optimized with the Yoast SEO plugin v25.6 - https:\/\/yoast.com\/wordpress\/plugins\/seo\/ -->\n<title>Experiencias Interactivas para Retail | Kendu<\/title>\n<meta name=\"description\" content=\"Descubre nuestra gama de experiencias para el punto de venta: mesas interactivas, dispositivos inteligentes, lift and learn... \u00a1y mucho m\u00e1s!\" \/>\n<meta name=\"robots\" content=\"index, follow, max-snippet:-1, max-image-preview:large, max-video-preview:-1\" \/>\n<link rel=\"canonical\" href=\"https:\/\/www.kendu.com\/es\/experiencias-interactivas-retail\/\" \/>\n<meta property=\"og:locale\" content=\"es_ES\" \/>\n<meta property=\"og:type\" content=\"article\" \/>\n<meta property=\"og:title\" content=\"Experiencias Interactivas para Retail | Kendu\" \/>\n<meta property=\"og:description\" content=\"Descubre nuestra gama de experiencias para el punto de venta: mesas interactivas, dispositivos inteligentes, lift and learn... \u00a1y mucho m\u00e1s!\" \/>\n<meta property=\"og:url\" content=\"https:\/\/www.kendu.com\/es\/experiencias-interactivas-retail\/\" \/>\n<meta property=\"og:site_name\" content=\"Kendu\" \/>\n<meta property=\"article:modified_time\" content=\"2021-06-10T11:13:22+00:00\" \/>\n<meta property=\"og:image\" content=\"https:\/\/www.kendu.com\/wp-content\/uploads\/2020\/02\/intel-flowbox.jpg\" \/>\n\t<meta property=\"og:image:width\" content=\"500\" \/>\n\t<meta property=\"og:image:height\" content=\"500\" \/>\n\t<meta property=\"og:image:type\" content=\"image\/jpeg\" \/>\n<meta name=\"twitter:card\" content=\"summary_large_image\" \/>\n<meta name=\"twitter:site\" content=\"@kenduinstore\" \/>\n<script type=\"application\/ld+json\" class=\"yoast-schema-graph\">{\"@context\":\"https:\/\/schema.org\",\"@graph\":[{\"@type\":\"WebPage\",\"@id\":\"https:\/\/www.kendu.com\/es\/experiencias-interactivas-retail\/\",\"url\":\"https:\/\/www.kendu.com\/es\/experiencias-interactivas-retail\/\",\"name\":\"Experiencias Interactivas para Retail | Kendu\",\"isPartOf\":{\"@id\":\"http:\/\/www.kendu.com\/es\/#website\"},\"primaryImageOfPage\":{\"@id\":\"https:\/\/www.kendu.com\/es\/experiencias-interactivas-retail\/#primaryimage\"},\"image\":{\"@id\":\"https:\/\/www.kendu.com\/es\/experiencias-interactivas-retail\/#primaryimage\"},\"thumbnailUrl\":\"https:\/\/www.kendu.com\/wp-content\/uploads\/2020\/02\/intel-flowbox.jpg\",\"datePublished\":\"2020-12-10T15:04:48+00:00\",\"dateModified\":\"2021-06-10T11:13:22+00:00\",\"description\":\"Descubre nuestra gama de experiencias para el punto de venta: mesas interactivas, dispositivos inteligentes, lift and learn... \u00a1y mucho m\u00e1s!\",\"breadcrumb\":{\"@id\":\"https:\/\/www.kendu.com\/es\/experiencias-interactivas-retail\/#breadcrumb\"},\"inLanguage\":\"es\",\"potentialAction\":[{\"@type\":\"ReadAction\",\"target\":[\"https:\/\/www.kendu.com\/es\/experiencias-interactivas-retail\/\"]}]},{\"@type\":\"ImageObject\",\"inLanguage\":\"es\",\"@id\":\"https:\/\/www.kendu.com\/es\/experiencias-interactivas-retail\/#primaryimage\",\"url\":\"https:\/\/www.kendu.com\/wp-content\/uploads\/2020\/02\/intel-flowbox.jpg\",\"contentUrl\":\"https:\/\/www.kendu.com\/wp-content\/uploads\/2020\/02\/intel-flowbox.jpg\",\"width\":500,\"height\":500,\"caption\":\"Kendu & Intel\"},{\"@type\":\"BreadcrumbList\",\"@id\":\"https:\/\/www.kendu.com\/es\/experiencias-interactivas-retail\/#breadcrumb\",\"itemListElement\":[{\"@type\":\"ListItem\",\"position\":1,\"name\":\"Home\",\"item\":\"https:\/\/www.kendu.com\/es\/\"},{\"@type\":\"ListItem\",\"position\":2,\"name\":\"Interactive solutions\"}]},{\"@type\":\"WebSite\",\"@id\":\"http:\/\/www.kendu.com\/es\/#website\",\"url\":\"http:\/\/www.kendu.com\/es\/\",\"name\":\"Kendu\",\"description\":\"In-store Visual Solutions\",\"publisher\":{\"@id\":\"http:\/\/www.kendu.com\/es\/#organization\"},\"potentialAction\":[{\"@type\":\"SearchAction\",\"target\":{\"@type\":\"EntryPoint\",\"urlTemplate\":\"http:\/\/www.kendu.com\/es\/?s={search_term_string}\"},\"query-input\":{\"@type\":\"PropertyValueSpecification\",\"valueRequired\":true,\"valueName\":\"search_term_string\"}}],\"inLanguage\":\"es\"},{\"@type\":\"Organization\",\"@id\":\"http:\/\/www.kendu.com\/es\/#organization\",\"name\":\"Kendu\",\"url\":\"http:\/\/www.kendu.com\/es\/\",\"logo\":{\"@type\":\"ImageObject\",\"inLanguage\":\"es\",\"@id\":\"http:\/\/www.kendu.com\/es\/#\/schema\/logo\/image\/\",\"url\":\"http:\/\/www.kendu.com\/wp-content\/uploads\/2020\/07\/logo-black.svg\",\"contentUrl\":\"http:\/\/www.kendu.com\/wp-content\/uploads\/2020\/07\/logo-black.svg\",\"width\":120,\"height\":32,\"caption\":\"Kendu\"},\"image\":{\"@id\":\"http:\/\/www.kendu.com\/es\/#\/schema\/logo\/image\/\"},\"sameAs\":[\"https:\/\/x.com\/kenduinstore\",\"https:\/\/www.instagram.com\/kenduinstore\/\",\"https:\/\/www.linkedin.com\/company\/kenduinstore\/\"]}]}<\/script>\n<!-- \/ Yoast SEO plugin. -->","yoast_head_json":{"title":"Experiencias Interactivas para Retail | Kendu","description":"Descubre nuestra gama de experiencias para el punto de venta: mesas interactivas, dispositivos inteligentes, lift and learn... \u00a1y mucho m\u00e1s!","robots":{"index":"index","follow":"follow","max-snippet":"max-snippet:-1","max-image-preview":"max-image-preview:large","max-video-preview":"max-video-preview:-1"},"canonical":"https:\/\/www.kendu.com\/es\/experiencias-interactivas-retail\/","og_locale":"es_ES","og_type":"article","og_title":"Experiencias Interactivas para Retail | Kendu","og_description":"Descubre nuestra gama de experiencias para el punto de venta: mesas interactivas, dispositivos inteligentes, lift and learn... \u00a1y mucho m\u00e1s!","og_url":"https:\/\/www.kendu.com\/es\/experiencias-interactivas-retail\/","og_site_name":"Kendu","article_modified_time":"2021-06-10T11:13:22+00:00","og_image":[{"width":500,"height":500,"url":"https:\/\/www.kendu.com\/wp-content\/uploads\/2020\/02\/intel-flowbox.jpg","type":"image\/jpeg"}],"twitter_card":"summary_large_image","twitter_site":"@kenduinstore","schema":{"@context":"https:\/\/schema.org","@graph":[{"@type":"WebPage","@id":"https:\/\/www.kendu.com\/es\/experiencias-interactivas-retail\/","url":"https:\/\/www.kendu.com\/es\/experiencias-interactivas-retail\/","name":"Experiencias Interactivas para Retail | Kendu","isPartOf":{"@id":"http:\/\/www.kendu.com\/es\/#website"},"primaryImageOfPage":{"@id":"https:\/\/www.kendu.com\/es\/experiencias-interactivas-retail\/#primaryimage"},"image":{"@id":"https:\/\/www.kendu.com\/es\/experiencias-interactivas-retail\/#primaryimage"},"thumbnailUrl":"https:\/\/www.kendu.com\/wp-content\/uploads\/2020\/02\/intel-flowbox.jpg","datePublished":"2020-12-10T15:04:48+00:00","dateModified":"2021-06-10T11:13:22+00:00","description":"Descubre nuestra gama de experiencias para el punto de venta: mesas interactivas, dispositivos inteligentes, lift and learn... \u00a1y mucho m\u00e1s!","breadcrumb":{"@id":"https:\/\/www.kendu.com\/es\/experiencias-interactivas-retail\/#breadcrumb"},"inLanguage":"es","potentialAction":[{"@type":"ReadAction","target":["https:\/\/www.kendu.com\/es\/experiencias-interactivas-retail\/"]}]},{"@type":"ImageObject","inLanguage":"es","@id":"https:\/\/www.kendu.com\/es\/experiencias-interactivas-retail\/#primaryimage","url":"https:\/\/www.kendu.com\/wp-content\/uploads\/2020\/02\/intel-flowbox.jpg","contentUrl":"https:\/\/www.kendu.com\/wp-content\/uploads\/2020\/02\/intel-flowbox.jpg","width":500,"height":500,"caption":"Kendu & Intel"},{"@type":"BreadcrumbList","@id":"https:\/\/www.kendu.com\/es\/experiencias-interactivas-retail\/#breadcrumb","itemListElement":[{"@type":"ListItem","position":1,"name":"Home","item":"https:\/\/www.kendu.com\/es\/"},{"@type":"ListItem","position":2,"name":"Interactive solutions"}]},{"@type":"WebSite","@id":"http:\/\/www.kendu.com\/es\/#website","url":"http:\/\/www.kendu.com\/es\/","name":"Kendu","description":"In-store Visual Solutions","publisher":{"@id":"http:\/\/www.kendu.com\/es\/#organization"},"potentialAction":[{"@type":"SearchAction","target":{"@type":"EntryPoint","urlTemplate":"http:\/\/www.kendu.com\/es\/?s={search_term_string}"},"query-input":{"@type":"PropertyValueSpecification","valueRequired":true,"valueName":"search_term_string"}}],"inLanguage":"es"},{"@type":"Organization","@id":"http:\/\/www.kendu.com\/es\/#organization","name":"Kendu","url":"http:\/\/www.kendu.com\/es\/","logo":{"@type":"ImageObject","inLanguage":"es","@id":"http:\/\/www.kendu.com\/es\/#\/schema\/logo\/image\/","url":"http:\/\/www.kendu.com\/wp-content\/uploads\/2020\/07\/logo-black.svg","contentUrl":"http:\/\/www.kendu.com\/wp-content\/uploads\/2020\/07\/logo-black.svg","width":120,"height":32,"caption":"Kendu"},"image":{"@id":"http:\/\/www.kendu.com\/es\/#\/schema\/logo\/image\/"},"sameAs":["https:\/\/x.com\/kenduinstore","https:\/\/www.instagram.com\/kenduinstore\/","https:\/\/www.linkedin.com\/company\/kenduinstore\/"]}]}},"_links":{"self":[{"href":"https:\/\/www.kendu.com\/es\/wp-json\/wp\/v2\/pages\/12423","targetHints":{"allow":["GET"]}}],"collection":[{"href":"https:\/\/www.kendu.com\/es\/wp-json\/wp\/v2\/pages"}],"about":[{"href":"https:\/\/www.kendu.com\/es\/wp-json\/wp\/v2\/types\/page"}],"author":[{"embeddable":true,"href":"https:\/\/www.kendu.com\/es\/wp-json\/wp\/v2\/users\/5"}],"replies":[{"embeddable":true,"href":"https:\/\/www.kendu.com\/es\/wp-json\/wp\/v2\/comments?post=12423"}],"version-history":[{"count":0,"href":"https:\/\/www.kendu.com\/es\/wp-json\/wp\/v2\/pages\/12423\/revisions"}],"wp:featuredmedia":[{"embeddable":true,"href":"https:\/\/www.kendu.com\/es\/wp-json\/wp\/v2\/media\/7278"}],"wp:attachment":[{"href":"https:\/\/www.kendu.com\/es\/wp-json\/wp\/v2\/media?parent=12423"}],"curies":[{"name":"wp","href":"https:\/\/api.w.org\/{rel}","templated":true}]}}