{"id":7029,"date":"2020-07-24T13:23:11","date_gmt":"2020-07-24T13:23:11","guid":{"rendered":"http:\/\/www.kendu.com\/?page_id=7029"},"modified":"2021-06-25T11:03:56","modified_gmt":"2021-06-25T11:03:56","slug":"recrutement","status":"publish","type":"page","link":"http:\/\/www.kendu.com\/fr\/recrutement\/","title":{"rendered":"Careers"},"content":{"rendered":"  <section class=\"kn-featured-1\">\n    <div class=\"background-blur\" style=\"background-image: url(http:\/\/www.kendu.com\/wp-content\/uploads\/2020\/08\/welkome-kendu.jpg)\"><\/div>\n    <div class=\"inner\">\n\n              <div class=\"upper\" data-aos=\"fade-up\" data-aos-delay=\"300\" data-aos-anchor=\".kn-featured-1\">\n          <span class=\"upper-title\">CARRI\u00c8RE<\/span>\n        <\/div>\n      \n              <div class=\"title\" data-aos=\"fade-up\" data-aos-delay=\"100\" data-aos-anchor=\".kn-featured-1\">\n          <h1 class=\"site-title\">Vous souhaitez rejoindre une entreprise dynamique et en pleine croissance ?<\/h1>\n        <\/div>\n      \n      <div class=\"divider-1 divider-white\" data-aos=\"fade-up\" data-aos-delay=\"100\" data-aos-anchor=\".kn-featured-1\"><\/div>\n\n              <div class=\"cta\" data-aos=\"fade-up\" data-aos-delay=\"300\" data-aos-anchor=\".kn-featured-1\">\n          <span class=\"kn-button-1 hidden-button\"><\/span>\n        <\/div>\n          <\/div>\n\n    <div class=\"animation\"><\/div>\n\n  <\/section>\n\n\n<section class=\"kn-featured-5\">\n  <div class=\"container\">\n    <div class=\"content\">\n      <div class=\"section-title\">\n\n                <div class=\"upper\" data-aos=\"fade-up\" data-aos-delay=\"100\" data-aos-anchor=\".kn-featured-5\">\n          <span class=\"upper-title-text\">VOTRE CARRI\u00c8RE COMMENCE ICI<\/span>\n        <\/div>\n        \n        <div class=\"title\" data-aos=\"fade-up\" data-aos-delay=\"100\" data-aos-anchor=\".kn-featured-5\">\n          <h2 class=\"section-title-text\">Joignez-vous \u00e0 la famille Kendu<\/h2>\n        <\/div>\n\n        <div class=\"description\" data-aos=\"fade-up\" data-aos-delay=\"200\" data-aos-anchor=\".kn-featured-5\">\n          <p>Le succ\u00e8s de Kendu d\u00e9pend enti\u00e8rement de ses employ\u00e9s. Nous encourageons les talents et favorisons les carri\u00e8res en utilisant la m\u00e9thodologie Agile. Ambition, passion, travail acharn\u00e9 et d\u00e9vouement. Avez-vous ce qu\u2019il faut?<\/p>\n        <\/div>\n      <\/div>\n\n      <div class=\"items\">\n                  <div class=\"item\" data-aos=\"fade-up\" data-aos-delay=\"300\" data-aos-anchor=\".kn-featured-5\">\n            <img decoding=\"async\" src=\"http:\/\/www.kendu.com\/wp-content\/uploads\/2020\/08\/kendu-teamwork.jpg\" alt=\"Kendu teamwork\" \/>\n          <\/div>\n                  <div class=\"item\" data-aos=\"fade-up\" data-aos-delay=\"600\" data-aos-anchor=\".kn-featured-5\">\n            <img decoding=\"async\" src=\"http:\/\/www.kendu.com\/wp-content\/uploads\/2021\/06\/equipo_peq.jpg\" alt=\"Our team\" \/>\n          <\/div>\n              <\/div>\n\n      \n    <\/div>\n  <\/div>\n<\/section>\n\n\n<section class=\"kn-form-3\" id=\"kn-form-3\">\n    <div class=\"container\">\n        <div class=\"upper\" data-aos=\"fade-up\" data-aos-delay=\"100\" data-aos-anchor=\".kn-form-3\">\n            <span class=\"upper-title-text\">JOIGNEZ-VOUS \u00c0 NOTRE \u00c9QUIPE<\/span>\n        <\/div>\n\n        <div class=\"title\" data-aos=\"fade-up\" data-aos-delay=\"100\" data-aos-anchor=\".kn-form-3\">\n            <h2 class=\"section-title-text\">\n            Ravi de vous rencontrer\n            <\/h2>\n        <\/div>\n\n        <div class=\"description\" data-aos=\"fade-up\" data-aos-delay=\"200\" data-aos-anchor=\".kn-form-3\">\n            <p>Dites-nous ce qui vous rend sp\u00e9cial et ce que vous apporteriez \u00e0 l\u2019\u00e9quipe de Kendu. Si nous pensons que vous \u00eates un bon candidat, les RH vous contacteront.<\/p>\n        <\/div>\n\n        <div id=\"form-3\"><\/div>\n    <\/div>\n<\/section>\n\n<script>\n  var kn_form_3 = {\"success_url\":\"http:\\\/\\\/www.kendu.com\\\/fr\\\/thanks-cv\\\/\"}\n<\/script>\n\n\n<p><\/p>\n","protected":false},"excerpt":{"rendered":"","protected":false},"author":2,"featured_media":2961,"parent":0,"menu_order":0,"comment_status":"closed","ping_status":"closed","template":"","meta":{"_acf_changed":false,"inline_featured_image":false,"_uf_show_specific_survey":0,"_uf_disable_surveys":false,"footnotes":""},"class_list":["post-7029","page","type-page","status-publish","has-post-thumbnail","hentry"],"acf":[],"aioseo_notices":[],"yoast_head":"<!-- This site is optimized with the Yoast SEO plugin v25.6 - https:\/\/yoast.com\/wordpress\/plugins\/seo\/ -->\n<title>Recrutement | Kendu<\/title>\n<meta name=\"description\" content=\"Vous souhaitez d\u00e9velopper et poursuivre votre carri\u00e8re professionnelle dans un environnement dynamique, cr\u00e9atif et international ?\" \/>\n<meta name=\"robots\" content=\"index, follow, max-snippet:-1, max-image-preview:large, max-video-preview:-1\" \/>\n<link rel=\"canonical\" href=\"http:\/\/www.kendu.com\/fr\/recrutement\/\" \/>\n<meta property=\"og:locale\" content=\"fr_FR\" \/>\n<meta property=\"og:type\" content=\"article\" \/>\n<meta property=\"og:title\" content=\"Recrutement | Kendu\" \/>\n<meta property=\"og:description\" content=\"Vous souhaitez d\u00e9velopper et poursuivre votre carri\u00e8re professionnelle dans un environnement dynamique, cr\u00e9atif et international ?\" \/>\n<meta property=\"og:url\" content=\"http:\/\/www.kendu.com\/fr\/recrutement\/\" \/>\n<meta property=\"og:site_name\" content=\"Kendu\" \/>\n<meta property=\"article:modified_time\" content=\"2021-06-25T11:03:56+00:00\" \/>\n<meta property=\"og:image\" content=\"https:\/\/www.kendu.com\/wp-content\/uploads\/2020\/07\/CAREERS_sq.jpg\" \/>\n\t<meta property=\"og:image:width\" content=\"1784\" \/>\n\t<meta property=\"og:image:height\" content=\"1784\" \/>\n\t<meta property=\"og:image:type\" content=\"image\/jpeg\" \/>\n<meta name=\"twitter:card\" content=\"summary_large_image\" \/>\n<meta name=\"twitter:site\" content=\"@kenduinstore\" \/>\n<script type=\"application\/ld+json\" class=\"yoast-schema-graph\">{\"@context\":\"https:\/\/schema.org\",\"@graph\":[{\"@type\":\"WebPage\",\"@id\":\"http:\/\/www.kendu.com\/fr\/recrutement\/\",\"url\":\"http:\/\/www.kendu.com\/fr\/recrutement\/\",\"name\":\"Recrutement | Kendu\",\"isPartOf\":{\"@id\":\"http:\/\/www.kendu.com\/fr\/#website\"},\"primaryImageOfPage\":{\"@id\":\"http:\/\/www.kendu.com\/fr\/recrutement\/#primaryimage\"},\"image\":{\"@id\":\"http:\/\/www.kendu.com\/fr\/recrutement\/#primaryimage\"},\"thumbnailUrl\":\"http:\/\/www.kendu.com\/wp-content\/uploads\/2020\/07\/CAREERS_sq.jpg\",\"datePublished\":\"2020-07-24T13:23:11+00:00\",\"dateModified\":\"2021-06-25T11:03:56+00:00\",\"description\":\"Vous souhaitez d\u00e9velopper et poursuivre votre carri\u00e8re professionnelle dans un environnement dynamique, cr\u00e9atif et international ?\",\"breadcrumb\":{\"@id\":\"http:\/\/www.kendu.com\/fr\/recrutement\/#breadcrumb\"},\"inLanguage\":\"fr-FR\",\"potentialAction\":[{\"@type\":\"ReadAction\",\"target\":[\"http:\/\/www.kendu.com\/fr\/recrutement\/\"]}]},{\"@type\":\"ImageObject\",\"inLanguage\":\"fr-FR\",\"@id\":\"http:\/\/www.kendu.com\/fr\/recrutement\/#primaryimage\",\"url\":\"http:\/\/www.kendu.com\/wp-content\/uploads\/2020\/07\/CAREERS_sq.jpg\",\"contentUrl\":\"http:\/\/www.kendu.com\/wp-content\/uploads\/2020\/07\/CAREERS_sq.jpg\",\"width\":1784,\"height\":1784,\"caption\":\"campaign management\"},{\"@type\":\"BreadcrumbList\",\"@id\":\"http:\/\/www.kendu.com\/fr\/recrutement\/#breadcrumb\",\"itemListElement\":[{\"@type\":\"ListItem\",\"position\":1,\"name\":\"Home\",\"item\":\"http:\/\/www.kendu.com\/fr\/\"},{\"@type\":\"ListItem\",\"position\":2,\"name\":\"Careers\"}]},{\"@type\":\"WebSite\",\"@id\":\"http:\/\/www.kendu.com\/fr\/#website\",\"url\":\"http:\/\/www.kendu.com\/fr\/\",\"name\":\"Kendu\",\"description\":\"In-store Visual Solutions\",\"publisher\":{\"@id\":\"http:\/\/www.kendu.com\/fr\/#organization\"},\"potentialAction\":[{\"@type\":\"SearchAction\",\"target\":{\"@type\":\"EntryPoint\",\"urlTemplate\":\"http:\/\/www.kendu.com\/fr\/?s={search_term_string}\"},\"query-input\":{\"@type\":\"PropertyValueSpecification\",\"valueRequired\":true,\"valueName\":\"search_term_string\"}}],\"inLanguage\":\"fr-FR\"},{\"@type\":\"Organization\",\"@id\":\"http:\/\/www.kendu.com\/fr\/#organization\",\"name\":\"Kendu\",\"url\":\"http:\/\/www.kendu.com\/fr\/\",\"logo\":{\"@type\":\"ImageObject\",\"inLanguage\":\"fr-FR\",\"@id\":\"http:\/\/www.kendu.com\/fr\/#\/schema\/logo\/image\/\",\"url\":\"http:\/\/www.kendu.com\/wp-content\/uploads\/2020\/07\/logo-black.svg\",\"contentUrl\":\"http:\/\/www.kendu.com\/wp-content\/uploads\/2020\/07\/logo-black.svg\",\"width\":120,\"height\":32,\"caption\":\"Kendu\"},\"image\":{\"@id\":\"http:\/\/www.kendu.com\/fr\/#\/schema\/logo\/image\/\"},\"sameAs\":[\"https:\/\/x.com\/kenduinstore\",\"https:\/\/www.instagram.com\/kenduinstore\/\",\"https:\/\/www.linkedin.com\/company\/kenduinstore\/\"]}]}<\/script>\n<!-- \/ Yoast SEO plugin. -->","yoast_head_json":{"title":"Recrutement | Kendu","description":"Vous souhaitez d\u00e9velopper et poursuivre votre carri\u00e8re professionnelle dans un environnement dynamique, cr\u00e9atif et international ?","robots":{"index":"index","follow":"follow","max-snippet":"max-snippet:-1","max-image-preview":"max-image-preview:large","max-video-preview":"max-video-preview:-1"},"canonical":"http:\/\/www.kendu.com\/fr\/recrutement\/","og_locale":"fr_FR","og_type":"article","og_title":"Recrutement | Kendu","og_description":"Vous souhaitez d\u00e9velopper et poursuivre votre carri\u00e8re professionnelle dans un environnement dynamique, cr\u00e9atif et international ?","og_url":"http:\/\/www.kendu.com\/fr\/recrutement\/","og_site_name":"Kendu","article_modified_time":"2021-06-25T11:03:56+00:00","og_image":[{"width":1784,"height":1784,"url":"https:\/\/www.kendu.com\/wp-content\/uploads\/2020\/07\/CAREERS_sq.jpg","type":"image\/jpeg"}],"twitter_card":"summary_large_image","twitter_site":"@kenduinstore","schema":{"@context":"https:\/\/schema.org","@graph":[{"@type":"WebPage","@id":"http:\/\/www.kendu.com\/fr\/recrutement\/","url":"http:\/\/www.kendu.com\/fr\/recrutement\/","name":"Recrutement | Kendu","isPartOf":{"@id":"http:\/\/www.kendu.com\/fr\/#website"},"primaryImageOfPage":{"@id":"http:\/\/www.kendu.com\/fr\/recrutement\/#primaryimage"},"image":{"@id":"http:\/\/www.kendu.com\/fr\/recrutement\/#primaryimage"},"thumbnailUrl":"http:\/\/www.kendu.com\/wp-content\/uploads\/2020\/07\/CAREERS_sq.jpg","datePublished":"2020-07-24T13:23:11+00:00","dateModified":"2021-06-25T11:03:56+00:00","description":"Vous souhaitez d\u00e9velopper et poursuivre votre carri\u00e8re professionnelle dans un environnement dynamique, cr\u00e9atif et international ?","breadcrumb":{"@id":"http:\/\/www.kendu.com\/fr\/recrutement\/#breadcrumb"},"inLanguage":"fr-FR","potentialAction":[{"@type":"ReadAction","target":["http:\/\/www.kendu.com\/fr\/recrutement\/"]}]},{"@type":"ImageObject","inLanguage":"fr-FR","@id":"http:\/\/www.kendu.com\/fr\/recrutement\/#primaryimage","url":"http:\/\/www.kendu.com\/wp-content\/uploads\/2020\/07\/CAREERS_sq.jpg","contentUrl":"http:\/\/www.kendu.com\/wp-content\/uploads\/2020\/07\/CAREERS_sq.jpg","width":1784,"height":1784,"caption":"campaign management"},{"@type":"BreadcrumbList","@id":"http:\/\/www.kendu.com\/fr\/recrutement\/#breadcrumb","itemListElement":[{"@type":"ListItem","position":1,"name":"Home","item":"http:\/\/www.kendu.com\/fr\/"},{"@type":"ListItem","position":2,"name":"Careers"}]},{"@type":"WebSite","@id":"http:\/\/www.kendu.com\/fr\/#website","url":"http:\/\/www.kendu.com\/fr\/","name":"Kendu","description":"In-store Visual Solutions","publisher":{"@id":"http:\/\/www.kendu.com\/fr\/#organization"},"potentialAction":[{"@type":"SearchAction","target":{"@type":"EntryPoint","urlTemplate":"http:\/\/www.kendu.com\/fr\/?s={search_term_string}"},"query-input":{"@type":"PropertyValueSpecification","valueRequired":true,"valueName":"search_term_string"}}],"inLanguage":"fr-FR"},{"@type":"Organization","@id":"http:\/\/www.kendu.com\/fr\/#organization","name":"Kendu","url":"http:\/\/www.kendu.com\/fr\/","logo":{"@type":"ImageObject","inLanguage":"fr-FR","@id":"http:\/\/www.kendu.com\/fr\/#\/schema\/logo\/image\/","url":"http:\/\/www.kendu.com\/wp-content\/uploads\/2020\/07\/logo-black.svg","contentUrl":"http:\/\/www.kendu.com\/wp-content\/uploads\/2020\/07\/logo-black.svg","width":120,"height":32,"caption":"Kendu"},"image":{"@id":"http:\/\/www.kendu.com\/fr\/#\/schema\/logo\/image\/"},"sameAs":["https:\/\/x.com\/kenduinstore","https:\/\/www.instagram.com\/kenduinstore\/","https:\/\/www.linkedin.com\/company\/kenduinstore\/"]}]}},"_links":{"self":[{"href":"http:\/\/www.kendu.com\/fr\/wp-json\/wp\/v2\/pages\/7029","targetHints":{"allow":["GET"]}}],"collection":[{"href":"http:\/\/www.kendu.com\/fr\/wp-json\/wp\/v2\/pages"}],"about":[{"href":"http:\/\/www.kendu.com\/fr\/wp-json\/wp\/v2\/types\/page"}],"author":[{"embeddable":true,"href":"http:\/\/www.kendu.com\/fr\/wp-json\/wp\/v2\/users\/2"}],"replies":[{"embeddable":true,"href":"http:\/\/www.kendu.com\/fr\/wp-json\/wp\/v2\/comments?post=7029"}],"version-history":[{"count":0,"href":"http:\/\/www.kendu.com\/fr\/wp-json\/wp\/v2\/pages\/7029\/revisions"}],"wp:featuredmedia":[{"embeddable":true,"href":"http:\/\/www.kendu.com\/fr\/wp-json\/wp\/v2\/media\/2961"}],"wp:attachment":[{"href":"http:\/\/www.kendu.com\/fr\/wp-json\/wp\/v2\/media?parent=7029"}],"curies":[{"name":"wp","href":"https:\/\/api.w.org\/{rel}","templated":true}]}}