{"id":6691,"date":"2020-07-23T14:04:16","date_gmt":"2020-07-23T14:04:16","guid":{"rendered":"http:\/\/www.kendu.com\/?page_id=6691"},"modified":"2023-03-31T12:43:49","modified_gmt":"2023-03-31T12:43:49","slug":"avis-legal","status":"publish","type":"page","link":"http:\/\/www.kendu.com\/fr\/avis-legal\/","title":{"rendered":"Legal"},"content":{"rendered":"\n<h2 class=\"wp-block-heading\">MENTIONS L\u00c9GALES<\/h2>\n\n\n\n<h3 class=\"wp-block-heading\">1. Informations relatives \u00e0 l\u2019entreprise<\/h3>\n\n\n\n<p>Les mentions l\u00e9gales ci-pr\u00e9sentes (ci-apr\u00e8s d\u00e9nomm\u00e9es les \u00ab&nbsp;mentions l\u00e9gales&nbsp;\u00bb) r\u00e9glementent l&rsquo;utilisation des services du portail internet www.kendu.com (ci-apr\u00e8s d\u00e9nomm\u00e9 le \u00ab&nbsp;site Web&nbsp;\u00bb) de KENDU RETAIL SL, \u00e9tabli \u00e0 C\/ Iribar 2, C-29, Donostia &#8211; Saint-S\u00e9bastien, 20018, GIPUZKOA, titulaire du num\u00e9ro fiscal B20857934.<\/p>\n\n\n\n<h3 class=\"wp-block-heading\">2. L\u00e9gislation<\/h3>\n\n\n\n<p>En termes g\u00e9n\u00e9raux, les relations entre KENDU RETAIL SL et les utilisateurs de ses services t\u00e9l\u00e9matiques propos\u00e9s sur le site Web sont soumises \u00e0 la l\u00e9gislation et \u00e0 la juridiction espagnoles.<\/p>\n\n\n\n<p>Les parties renoncent express\u00e9ment \u00e0 la juridiction qui pourrait leur correspondre et s\u2019en remettent express\u00e9ment aux tribunaux de Donostia &#8211; Saint-S\u00e9bastien afin de r\u00e9soudre tout conflit \u00e9ventuel cons\u00e9cutif \u00e0 l&rsquo;interpr\u00e9tation ou \u00e0 l\u2019ex\u00e9cution des conditions contractuelles ci-pr\u00e9sentes.<\/p>\n\n\n\n<h3 class=\"wp-block-heading\">3. Contenu et utilisation<\/h3>\n\n\n\n<p>L&rsquo;utilisateur prend connaissance et accepte que l\u2019acc\u00e8s au site Web ci-pr\u00e9sent n\u2019entra\u00eene en aucun cas la cr\u00e9ation de relations commerciales avec KENDU RETAIL SL.<\/p>\n\n\n\n<p>Le propri\u00e9taire du site Web ne s\u2019identifie pas aux opinions exprim\u00e9es sur ce dernier par ses collaborateurs. L\u2019entreprise se r\u00e9serve le droit, sans notification pr\u00e9alable, d\u2019apporter les modifications consid\u00e9r\u00e9es opportunes sur le site Web, y compris changer, supprimer ou ajouter les contenus et les services fournis sur le site Web ainsi que leur affichage ou leur emplacement sur ses serveurs.<\/p>\n\n\n\n<h3 class=\"wp-block-heading\">4. Propri\u00e9t\u00e9 intellectuelle et industrielle<\/h3>\n\n\n\n<p>Les droits de propri\u00e9t\u00e9 intellectuelle du contenu des pages Web, leur design graphique et leurs codes sont la propri\u00e9t\u00e9 de KENDU RETAIL SL, et par cons\u00e9quent, toute reproduction, distribution, communication publique, transformation ou toute autre activit\u00e9 pouvant \u00eatre r\u00e9alis\u00e9e avec les contenus de ses sites Web est interdite, y compris la mention des sources, sauf autorisation \u00e9crite de KENDU RETAIL SL. Tous les noms commerciaux, les marques ou les signes distinctifs de toute classe contenus sur les pages Web de l\u2019entreprise constituent la propri\u00e9t\u00e9 de ses propri\u00e9taires et sont prot\u00e9g\u00e9s par la loi.<\/p>\n\n\n\n<h3 class=\"wp-block-heading\">5. Liens (Links)<\/h3>\n\n\n\n<p>La pr\u00e9sence de liens (links) sur les pages Web de KENDU RETAIL SL a un caract\u00e8re purement informatif et ne constitue en aucun cas une suggestion, une invitation ou une recommandation \u00e0 cliquer dessus.<\/p>\n\n\n\n<h3 class=\"wp-block-heading\">6. Confidentialit\u00e9 et protection des donn\u00e9es<\/h3>\n\n\n\n<p>Selon les dispositions du RGPD du 27 avril 2016, KENDU RETAIL SL informe l\u2019utilisateur de l\u2019existence d&rsquo;un traitement automatis\u00e9 des donn\u00e9es \u00e0 caract\u00e8re personnel cr\u00e9\u00e9 par et pour KENDU RETAIL SL et constituant sa responsabilit\u00e9, dont la finalit\u00e9 est le maintien et la gestion des relations avec l\u2019utilisateur, ainsi que les t\u00e2ches informatives. Lorsque l&rsquo;utilisateur acceptera les conditions g\u00e9n\u00e9rales ci-pr\u00e9sentes, KENDU RETAIL SL lui demandera de fournir quelques donn\u00e9es indispensables \u00e0 la prestation des services.<\/p>\n\n\n\n<h3 class=\"wp-block-heading\">7. Registre de fichiers et formulaires<\/h3>\n\n\n\n<p>L\u2019utilisateur doit obligatoirement remplir le formulaire d&rsquo;inscription pour acc\u00e9der et b\u00e9n\u00e9ficier des services d\u00e9termin\u00e9s offerts sur le site Web. S\u2019il ne fournit pas les donn\u00e9es personnelles demand\u00e9es ou s\u2019il n\u2019accepte pas la pr\u00e9sente politique de protection des donn\u00e9es, l\u2019utilisateur ne pourra s\u2019abonner, s\u2019inscrire ou participer \u00e0 aucune des promotions n\u00e9cessitant la fourniture de donn\u00e9es personnelles.<\/p>\n\n\n\n<p>Selon les dispositions du RGPD du 27 avril 2016, nous vous informons que les donn\u00e9es personnelles obtenues suite \u00e0 votre inscription en tant qu\u2019utilisateur seront int\u00e9gr\u00e9es dans un fichier dont le titulaire est KENDU RETAIL SL, titulaire du num\u00e9ro fiscal B20857934 et \u00e9tabli \u00e0 C\/ Iribar 2, C-29, Donostia &#8211; Saint-S\u00e9bastien, 20018, GIPUZKOA, en conformit\u00e9 avec les mesures de s\u00e9curit\u00e9 \u00e9tablies dans le d\u00e9cret royal espagnol 1720\/2007 du 11 juin.<\/p>\n\n\n\n<h3 class=\"wp-block-heading\">8. Exactitude et v\u00e9racit\u00e9 des donn\u00e9es fournies<\/h3>\n\n\n\n<p>L&rsquo;utilisateur est l&rsquo;unique responsable de la v\u00e9racit\u00e9 et de la correction des donn\u00e9es fournies, KENDU RETAIL SL ne se tiendra en aucun responsable \u00e0 ce sujet. Les utilisateurs garantissent et r\u00e9pondent, le cas \u00e9ch\u00e9ant, de l\u2019exactitude, de la validit\u00e9 et de l\u2019authenticit\u00e9 des donn\u00e9es personnelles fournies, et s\u2019engagent \u00e0 les actualiser le cas \u00e9ch\u00e9ant. L&rsquo;utilisateur accepte de renseigner des informations compl\u00e8tes et correctes dans le formulaire d&rsquo;inscription ou d\u2019abonnement. KENDU RETAIL SL ne r\u00e9pondra pas de la v\u00e9racit\u00e9 des informations qu\u2019il n\u2019a pas cr\u00e9\u00e9es lui-m\u00eame et de celles indiquant une autre source, et ne sera pas non plus rendu responsable en cas d\u2019\u00e9ventuels pr\u00e9judices d\u00e9riv\u00e9s de l\u2019utilisation de ces informations.&nbsp; KENDU RETAIL SL se r\u00e9serve le droit d\u2019actualiser, de modifier ou de supprimer les informations contenues dans ses pages Web, y compris la limitation ou l&rsquo;interdiction d\u2019acc\u00e8s \u00e0 ces informations. KENDU RETAIL SL ne sera pas rendu responsable en cas de dommage ou de pr\u00e9judice subi par l\u2019Utilisateur cons\u00e9cutivement \u00e0 des erreurs, des d\u00e9fauts ou des omissions dans les informations fournies par KENDU RETAIL SL dans le cas o\u00f9 elles proviennent de sources ext\u00e9rieures \u00e0 KENDU RETAIL SL.<\/p>\n\n\n\n<h3 class=\"wp-block-heading\">9. Cookies<\/h3>\n\n\n\n<p>Le site www.kendu.com n&rsquo;utilise pas de cookies, des fichiers physiques d&rsquo;informations h\u00e9berg\u00e9s sur le terminal de l&rsquo;utilisateur servant \u00e0 faciliter la navigation de l\u2019utilisateur sur le portail. En tout \u00e9tat de cause, l&rsquo;utilisateur a la possibilit\u00e9 de configurer le navigateur afin d\u2019emp\u00eacher l&rsquo;installation de ces fichiers.<\/p>\n\n\n\n<h3 class=\"wp-block-heading\">10. Finalit\u00e9s<\/h3>\n\n\n\n<p>Les finalit\u00e9s de [NOMBRE_EMPRESA] sont le maintien et la gestion des relations avec l\u2019utilisateur, ainsi que les t\u00e2ches informatives.<\/p>\n\n\n\n<h3 class=\"wp-block-heading\">11. Enfants mineurs<\/h3>\n\n\n\n<p>Dans le cas o\u00f9 un ou plusieurs de nos services seraient sp\u00e9cialement consacr\u00e9s \u00e0 des enfants mineurs, KENDU RETAIL SL demandera l\u2019accord des parents ou des tuteurs avant de collecter les donn\u00e9es personnelles, ou le cas \u00e9ch\u00e9ant, de proc\u00e9der au traitement automatis\u00e9 des donn\u00e9es.<\/p>\n\n\n\n<h3 class=\"wp-block-heading\">12. Cession de donn\u00e9es \u00e0 des tiers<\/h3>\n\n\n\n<p>KENDU RETAIL SL ne r\u00e9alisera aucune cession des donn\u00e9es des utilisateurs \u00e0 des tiers.<\/p>\n\n\n\n<h3 class=\"wp-block-heading\">13. Exercice des droits d&rsquo;acc\u00e8s, de rectification, d&rsquo;annulation et d&rsquo;opposition<\/h3>\n\n\n\n<p>Vous pourrez adresser vos communications et exercer vos droits d\u2019acc\u00e8s, de rectification, de suppression, de limitation, de portabilit\u00e9 et d\u2019opposition \u00e0 l\u2019adresse internet www.kendu.com ou par courrier postal adress\u00e9 \u00e0 KENDU RETAIL SL, Ref. RGPD, \u00e0 l\u2019adresse suivante&nbsp;: C\/ Iribar 2, C-29, Donostia &#8211; San Sebastian, 20018, GIPUZKOA. Pour exercer ces droits, vous devez confirmer votre identit\u00e9 aupr\u00e8s de KENDU RETAIL SL en nous envoyant une photocopie de votre pi\u00e8ce nationale d&rsquo;identit\u00e9 ou de tout autre document d\u2019identit\u00e9 juridiquement valable. Cependant, vous pourrez r\u00e9aliser la modification ou la rectification de vos donn\u00e9es d&rsquo;inscription directement sur le site en vous connectant \u00e0 l\u2019aide de votre nom d&rsquo;utilisateur et de votre mot de passe.<\/p>\n\n\n\n<h3 class=\"wp-block-heading\">14. Mesures de s\u00e9curit\u00e9<\/h3>\n\n\n\n<p>KENDU RETAIL SL&nbsp; a adopt\u00e9 les niveaux de s\u00e9curit\u00e9 de protection des donn\u00e9es personnelles exig\u00e9s par la loi, et s\u2019engage \u00e0 mettre en \u0153uvre tous les moyens et mesures techniques suppl\u00e9mentaires \u00e0 sa port\u00e9e pour \u00e9viter la perte, la mauvaise utilisation, l\u2019alt\u00e9ration, l\u2019acc\u00e8s non autoris\u00e9 et le vol des donn\u00e9es personnelles fournies \u00e0 KENDU RETAIL SL, ne sera pas responsable en cas de dommages ou pr\u00e9judices pouvant d\u00e9couler des interf\u00e9rences, des omissions, des interruptions, des virus informatiques, des pannes t\u00e9l\u00e9phoniques ou des d\u00e9connexions lors de l\u2019utilisation de ce syst\u00e8me \u00e9lectronique, motiv\u00e9es par des causes externes \u00e0 KENDU RETAIL SL&nbsp;; en cas de retard ou de blocage de l&rsquo;utilisation du pr\u00e9sent syst\u00e8me \u00e9lectronique caus\u00e9 par des d\u00e9ficiences ou des saturations des lignes t\u00e9l\u00e9phoniques ou du centre de traitement des donn\u00e9es, du syst\u00e8me Internet ou d\u2019autres syst\u00e8mes \u00e9lectroniques, ainsi que les dommages pouvant \u00eatre caus\u00e9s par des tierces personnes \u00e0 la suite d&rsquo;intrusions ill\u00e9gitimes hors du contr\u00f4le de KENDU RETAIL SL. Cependant, l\u2019utilisateur doit avoir conscience que les mesures de s\u00e9curit\u00e9 sur Internet ne sont pas imprenables.<\/p>\n\n\n\n<h3 class=\"wp-block-heading\">15. Acceptation et consentement<\/h3>\n\n\n\n<p>L&rsquo;utilisateur d\u00e9clare avoir \u00e9t\u00e9 inform\u00e9 des conditions relatives \u00e0 la protection des donn\u00e9es personnelles et accepte le traitement automatis\u00e9 de ces derni\u00e8res de la part de KENDU RETAIL SL, par les moyens et pour les finalit\u00e9s indiqu\u00e9es dans la pr\u00e9sente politique de protection des donn\u00e9es personnelles. Certains services fournis sur le portail peuvent contenir des conditions particuli\u00e8res avec des dispositions sp\u00e9cifiques en mati\u00e8re de protection des donn\u00e9es personnelles.<\/p>\n","protected":false},"excerpt":{"rendered":"<p>MENTIONS L\u00c9GALES 1. Informations relatives \u00e0 l\u2019entreprise Les mentions l\u00e9gales ci-pr\u00e9sentes (ci-apr\u00e8s d\u00e9nomm\u00e9es les \u00ab&nbsp;mentions l\u00e9gales&nbsp;\u00bb) r\u00e9glementent l&rsquo;utilisation des services du portail internet www.kendu.com (ci-apr\u00e8s d\u00e9nomm\u00e9 le \u00ab&nbsp;site Web&nbsp;\u00bb) de KENDU RETAIL SL, \u00e9tabli \u00e0 C\/ Iribar 2, C-29, Donostia &#8211; Saint-S\u00e9bastien, 20018, GIPUZKOA, titulaire du num\u00e9ro fiscal B20857934. 2. L\u00e9gislation En termes g\u00e9n\u00e9raux, les [&hellip;]<\/p>\n","protected":false},"author":2,"featured_media":0,"parent":0,"menu_order":0,"comment_status":"closed","ping_status":"closed","template":"page-fulltext.php","meta":{"_acf_changed":false,"inline_featured_image":false,"_uf_show_specific_survey":0,"_uf_disable_surveys":false,"footnotes":""},"class_list":["post-6691","page","type-page","status-publish","hentry"],"acf":[],"aioseo_notices":[],"yoast_head":"<!-- This site is optimized with the Yoast SEO plugin v25.6 - https:\/\/yoast.com\/wordpress\/plugins\/seo\/ -->\n<title>Avis Legal | Kendu<\/title>\n<meta name=\"description\" content=\"-\" \/>\n<meta name=\"robots\" content=\"noindex, nofollow\" \/>\n<meta property=\"og:locale\" content=\"fr_FR\" \/>\n<meta property=\"og:type\" content=\"article\" \/>\n<meta property=\"og:title\" content=\"Avis Legal | Kendu\" \/>\n<meta property=\"og:description\" content=\"-\" \/>\n<meta property=\"og:url\" content=\"http:\/\/www.kendu.com\/fr\/avis-legal\/\" \/>\n<meta property=\"og:site_name\" content=\"Kendu\" \/>\n<meta property=\"article:modified_time\" content=\"2023-03-31T12:43:49+00:00\" \/>\n<meta property=\"og:image\" content=\"http:\/\/www.kendu.com\/wp-content\/uploads\/2020\/02\/showroom-kendu.jpg\" \/>\n\t<meta property=\"og:image:width\" content=\"500\" \/>\n\t<meta property=\"og:image:height\" content=\"500\" \/>\n\t<meta property=\"og:image:type\" content=\"image\/jpeg\" \/>\n<meta name=\"twitter:card\" content=\"summary_large_image\" \/>\n<meta name=\"twitter:site\" content=\"@kenduinstore\" \/>\n<meta name=\"twitter:label1\" content=\"Dur\u00e9e de lecture estim\u00e9e\" \/>\n\t<meta name=\"twitter:data1\" content=\"6 minutes\" \/>\n<script type=\"application\/ld+json\" class=\"yoast-schema-graph\">{\"@context\":\"https:\/\/schema.org\",\"@graph\":[{\"@type\":\"WebPage\",\"@id\":\"http:\/\/www.kendu.com\/fr\/avis-legal\/\",\"url\":\"http:\/\/www.kendu.com\/fr\/avis-legal\/\",\"name\":\"Avis Legal | Kendu\",\"isPartOf\":{\"@id\":\"https:\/\/www.kendu.com\/fr\/#website\"},\"datePublished\":\"2020-07-23T14:04:16+00:00\",\"dateModified\":\"2023-03-31T12:43:49+00:00\",\"description\":\"-\",\"breadcrumb\":{\"@id\":\"http:\/\/www.kendu.com\/fr\/avis-legal\/#breadcrumb\"},\"inLanguage\":\"fr-FR\",\"potentialAction\":[{\"@type\":\"ReadAction\",\"target\":[\"http:\/\/www.kendu.com\/fr\/avis-legal\/\"]}]},{\"@type\":\"BreadcrumbList\",\"@id\":\"http:\/\/www.kendu.com\/fr\/avis-legal\/#breadcrumb\",\"itemListElement\":[{\"@type\":\"ListItem\",\"position\":1,\"name\":\"Home\",\"item\":\"https:\/\/www.kendu.com\/fr\/\"},{\"@type\":\"ListItem\",\"position\":2,\"name\":\"Legal\"}]},{\"@type\":\"WebSite\",\"@id\":\"https:\/\/www.kendu.com\/fr\/#website\",\"url\":\"https:\/\/www.kendu.com\/fr\/\",\"name\":\"Kendu\",\"description\":\"In-store Visual Solutions\",\"publisher\":{\"@id\":\"https:\/\/www.kendu.com\/fr\/#organization\"},\"potentialAction\":[{\"@type\":\"SearchAction\",\"target\":{\"@type\":\"EntryPoint\",\"urlTemplate\":\"https:\/\/www.kendu.com\/fr\/?s={search_term_string}\"},\"query-input\":{\"@type\":\"PropertyValueSpecification\",\"valueRequired\":true,\"valueName\":\"search_term_string\"}}],\"inLanguage\":\"fr-FR\"},{\"@type\":\"Organization\",\"@id\":\"https:\/\/www.kendu.com\/fr\/#organization\",\"name\":\"Kendu\",\"url\":\"https:\/\/www.kendu.com\/fr\/\",\"logo\":{\"@type\":\"ImageObject\",\"inLanguage\":\"fr-FR\",\"@id\":\"https:\/\/www.kendu.com\/fr\/#\/schema\/logo\/image\/\",\"url\":\"http:\/\/www.kendu.com\/wp-content\/uploads\/2020\/07\/logo-black.svg\",\"contentUrl\":\"http:\/\/www.kendu.com\/wp-content\/uploads\/2020\/07\/logo-black.svg\",\"width\":120,\"height\":32,\"caption\":\"Kendu\"},\"image\":{\"@id\":\"https:\/\/www.kendu.com\/fr\/#\/schema\/logo\/image\/\"},\"sameAs\":[\"https:\/\/x.com\/kenduinstore\",\"https:\/\/www.instagram.com\/kenduinstore\/\",\"https:\/\/www.linkedin.com\/company\/kenduinstore\/\"]}]}<\/script>\n<!-- \/ Yoast SEO plugin. -->","yoast_head_json":{"title":"Avis Legal | Kendu","description":"-","robots":{"index":"noindex","follow":"nofollow"},"og_locale":"fr_FR","og_type":"article","og_title":"Avis Legal | Kendu","og_description":"-","og_url":"http:\/\/www.kendu.com\/fr\/avis-legal\/","og_site_name":"Kendu","article_modified_time":"2023-03-31T12:43:49+00:00","og_image":[{"width":500,"height":500,"url":"http:\/\/www.kendu.com\/wp-content\/uploads\/2020\/02\/showroom-kendu.jpg","type":"image\/jpeg"}],"twitter_card":"summary_large_image","twitter_site":"@kenduinstore","twitter_misc":{"Dur\u00e9e de lecture estim\u00e9e":"6 minutes"},"schema":{"@context":"https:\/\/schema.org","@graph":[{"@type":"WebPage","@id":"http:\/\/www.kendu.com\/fr\/avis-legal\/","url":"http:\/\/www.kendu.com\/fr\/avis-legal\/","name":"Avis Legal | Kendu","isPartOf":{"@id":"https:\/\/www.kendu.com\/fr\/#website"},"datePublished":"2020-07-23T14:04:16+00:00","dateModified":"2023-03-31T12:43:49+00:00","description":"-","breadcrumb":{"@id":"http:\/\/www.kendu.com\/fr\/avis-legal\/#breadcrumb"},"inLanguage":"fr-FR","potentialAction":[{"@type":"ReadAction","target":["http:\/\/www.kendu.com\/fr\/avis-legal\/"]}]},{"@type":"BreadcrumbList","@id":"http:\/\/www.kendu.com\/fr\/avis-legal\/#breadcrumb","itemListElement":[{"@type":"ListItem","position":1,"name":"Home","item":"https:\/\/www.kendu.com\/fr\/"},{"@type":"ListItem","position":2,"name":"Legal"}]},{"@type":"WebSite","@id":"https:\/\/www.kendu.com\/fr\/#website","url":"https:\/\/www.kendu.com\/fr\/","name":"Kendu","description":"In-store Visual Solutions","publisher":{"@id":"https:\/\/www.kendu.com\/fr\/#organization"},"potentialAction":[{"@type":"SearchAction","target":{"@type":"EntryPoint","urlTemplate":"https:\/\/www.kendu.com\/fr\/?s={search_term_string}"},"query-input":{"@type":"PropertyValueSpecification","valueRequired":true,"valueName":"search_term_string"}}],"inLanguage":"fr-FR"},{"@type":"Organization","@id":"https:\/\/www.kendu.com\/fr\/#organization","name":"Kendu","url":"https:\/\/www.kendu.com\/fr\/","logo":{"@type":"ImageObject","inLanguage":"fr-FR","@id":"https:\/\/www.kendu.com\/fr\/#\/schema\/logo\/image\/","url":"http:\/\/www.kendu.com\/wp-content\/uploads\/2020\/07\/logo-black.svg","contentUrl":"http:\/\/www.kendu.com\/wp-content\/uploads\/2020\/07\/logo-black.svg","width":120,"height":32,"caption":"Kendu"},"image":{"@id":"https:\/\/www.kendu.com\/fr\/#\/schema\/logo\/image\/"},"sameAs":["https:\/\/x.com\/kenduinstore","https:\/\/www.instagram.com\/kenduinstore\/","https:\/\/www.linkedin.com\/company\/kenduinstore\/"]}]}},"_links":{"self":[{"href":"http:\/\/www.kendu.com\/fr\/wp-json\/wp\/v2\/pages\/6691","targetHints":{"allow":["GET"]}}],"collection":[{"href":"http:\/\/www.kendu.com\/fr\/wp-json\/wp\/v2\/pages"}],"about":[{"href":"http:\/\/www.kendu.com\/fr\/wp-json\/wp\/v2\/types\/page"}],"author":[{"embeddable":true,"href":"http:\/\/www.kendu.com\/fr\/wp-json\/wp\/v2\/users\/2"}],"replies":[{"embeddable":true,"href":"http:\/\/www.kendu.com\/fr\/wp-json\/wp\/v2\/comments?post=6691"}],"version-history":[{"count":0,"href":"http:\/\/www.kendu.com\/fr\/wp-json\/wp\/v2\/pages\/6691\/revisions"}],"wp:attachment":[{"href":"http:\/\/www.kendu.com\/fr\/wp-json\/wp\/v2\/media?parent=6691"}],"curies":[{"name":"wp","href":"https:\/\/api.w.org\/{rel}","templated":true}]}}