{"id":18288,"date":"2024-06-28T11:18:03","date_gmt":"2024-06-28T11:18:03","guid":{"rendered":"https:\/\/www.kendu.com\/?page_id=18288"},"modified":"2024-06-28T11:33:32","modified_gmt":"2024-06-28T11:33:32","slug":"politique-systeme-de-gestion","status":"publish","type":"page","link":"http:\/\/www.kendu.com\/fr\/politique-systeme-de-gestion\/","title":{"rendered":"POLITIQUE SYST\u00c8ME DE GESTION"},"content":{"rendered":"\n<div style=\"height:30px\" aria-hidden=\"true\" class=\"wp-block-spacer\"><\/div>\n\n\n\n<p><strong>KENDU RETAIL, S.L., consciente du besoin de participer \u00e0 la protection de l\u2019environnement et d\u2019offrir un niveau de qualit\u00e9 exceptionnel pour toutes ses activit\u00e9s, assume un engagement d\u2019am\u00e9lioration continue dans tous ses domaines d\u2019activit\u00e9 conform\u00e9ment aux principes d\u2019action suivants\u00a0:<\/strong><\/p>\n\n\n\n<p>Satisfaire les clients en s\u2019adaptant \u00e0 leurs besoins et en proposant des am\u00e9liorations adapt\u00e9es \u00e0 chaque projet, en collaborant et en s\u2019impliquant continuellement avec le client \u00e0 chaque phase de d\u00e9veloppement et d\u2019ex\u00e9cution du projet.<\/p>\n\n\n\n<p>Analyser les risques et les opportunit\u00e9s d\u00e9coulant de chacune des initiatives et proc\u00e9dures mises en \u0153uvre.<\/p>\n\n\n\n<p>Chercher activement \u00e0 cro\u00eetre sur de nouveaux march\u00e9s, en maintenant toujours les crit\u00e8res de qualit\u00e9 et de durabilit\u00e9 d\u00e9finis par la direction.<\/p>\n\n\n\n<p>Se conformer \u00e0 la l\u00e9gislation en vigueur et aux autres engagements de l\u2019entreprise, y compris ceux contraignants pour les clients.<\/p>\n\n\n\n<p>Concernant nos produits, int\u00e9grer syst\u00e9matiquement des crit\u00e8res environnementaux dans les variables survenant lors la phase de conception et am\u00e9liorer continuellement leurs performances environnementales, dans le but d\u2019atteindre une r\u00e9duction nette des impacts environnementaux n\u00e9gatifs tout au long de leur cycle de vie.<\/p>\n\n\n\n<p>Chercher activement et continuellement \u00e0 am\u00e9liorer le syst\u00e8me de gestion de la qualit\u00e9 et ses r\u00e9sultats, au travers de chacun des employ\u00e9s et avec le soutien constant de la direction.<\/p>\n\n\n\n<p>\u00catre une r\u00e9f\u00e9rence sur le march\u00e9 en termes d\u2019innovation, de qualit\u00e9 et de service, des valeurs qui s\u2019appliquent aussi bien \u00e0 Kendu &#8211;\u00a0marque et entreprise\u00a0&#8211; qu\u2019\u00e0 tous les autres produits d\u00e9velopp\u00e9s.<\/p>\n\n\n\n<p>Offrir au personnel de l\u2019entreprise le niveau de participation, de formation, de motivation et les moyens techniques n\u00e9cessaires \u00e0 l\u2019ex\u00e9cution efficace de leurs activit\u00e9s, en favorisant l\u2019\u00e9panouissement humain et professionnel de chacun d\u2019entre eux.<\/p>\n\n\n\n<p>Proposer aux diff\u00e9rentes parties prenantes un projet d\u2019entreprise motivant, qui anticipe en permanence leurs besoins et les \u00e9volutions du secteur afin de perdurer.<\/p>\n\n\n\n<h3 class=\"wp-block-heading\">D\u00e9tenteur de la politique et mise \u00e0 jour<\/h3>\n\n\n\n<p>Le titulaire de cette politique est la direction de Kendu. Toute modification substantielle apport\u00e9e ult\u00e9rieurement \u00e0 cette politique sera communiqu\u00e9e aux employ\u00e9s par courrier \u00e9lectronique et la version actualis\u00e9e de cette politique sera disponible sur l&rsquo;intranet de l&rsquo;entreprise.<\/p>\n\n\n\n<p>Le contenu de cette politique fait l&rsquo;objet d&rsquo;un processus d&rsquo;am\u00e9lioration continue qui sera refl\u00e9t\u00e9 dans sa r\u00e9vision annuelle.<\/p>\n\n\n\n<p>Cette politique a \u00e9t\u00e9 approuv\u00e9e par l&rsquo;\u00e9quipe de direction en juin 2023.<\/p>\n\n\n\n<p>Joseba Ega\u00f1a &#8211; PDG et fondateur de Kendu<\/p>\n","protected":false},"excerpt":{"rendered":"<p>KENDU RETAIL, S.L., consciente du besoin de participer \u00e0 la protection de l\u2019environnement et d\u2019offrir un niveau de qualit\u00e9 exceptionnel pour toutes ses activit\u00e9s, assume un engagement d\u2019am\u00e9lioration continue dans tous ses domaines d\u2019activit\u00e9 conform\u00e9ment aux principes d\u2019action suivants\u00a0: Satisfaire les clients en s\u2019adaptant \u00e0 leurs besoins et en proposant des am\u00e9liorations adapt\u00e9es \u00e0 chaque [&hellip;]<\/p>\n","protected":false},"author":5,"featured_media":0,"parent":0,"menu_order":0,"comment_status":"closed","ping_status":"closed","template":"page-fulltext.php","meta":{"_acf_changed":false,"inline_featured_image":false,"_uf_show_specific_survey":0,"_uf_disable_surveys":false,"footnotes":""},"class_list":["post-18288","page","type-page","status-publish","hentry"],"acf":[],"aioseo_notices":[],"yoast_head":"<!-- This site is optimized with the Yoast SEO plugin v25.6 - https:\/\/yoast.com\/wordpress\/plugins\/seo\/ -->\n<title>POLITIQUE SYST\u00c8ME DE GESTION | Kendu<\/title>\n<meta name=\"robots\" content=\"noindex, nofollow\" \/>\n<meta property=\"og:locale\" content=\"fr_FR\" \/>\n<meta property=\"og:type\" content=\"article\" \/>\n<meta property=\"og:title\" content=\"POLITIQUE SYST\u00c8ME DE GESTION | Kendu\" \/>\n<meta property=\"og:description\" content=\"KENDU RETAIL, S.L., consciente du besoin de participer \u00e0 la protection de l\u2019environnement et d\u2019offrir un niveau de qualit\u00e9 exceptionnel pour toutes ses activit\u00e9s, assume un engagement d\u2019am\u00e9lioration continue dans tous ses domaines d\u2019activit\u00e9 conform\u00e9ment aux principes d\u2019action suivants\u00a0: Satisfaire les clients en s\u2019adaptant \u00e0 leurs besoins et en proposant des am\u00e9liorations adapt\u00e9es \u00e0 chaque [&hellip;]\" \/>\n<meta property=\"og:url\" content=\"http:\/\/www.kendu.com\/fr\/politique-systeme-de-gestion\/\" \/>\n<meta property=\"og:site_name\" content=\"Kendu\" \/>\n<meta property=\"article:modified_time\" content=\"2024-06-28T11:33:32+00:00\" \/>\n<meta property=\"og:image\" content=\"http:\/\/www.kendu.com\/wp-content\/uploads\/2020\/02\/showroom-kendu.jpg\" \/>\n\t<meta property=\"og:image:width\" content=\"500\" \/>\n\t<meta property=\"og:image:height\" content=\"500\" \/>\n\t<meta property=\"og:image:type\" content=\"image\/jpeg\" \/>\n<meta name=\"twitter:card\" content=\"summary_large_image\" \/>\n<meta name=\"twitter:site\" content=\"@kenduinstore\" \/>\n<meta name=\"twitter:label1\" content=\"Dur\u00e9e de lecture estim\u00e9e\" \/>\n\t<meta name=\"twitter:data1\" content=\"2 minutes\" \/>\n<script type=\"application\/ld+json\" class=\"yoast-schema-graph\">{\"@context\":\"https:\/\/schema.org\",\"@graph\":[{\"@type\":\"WebPage\",\"@id\":\"http:\/\/www.kendu.com\/fr\/politique-systeme-de-gestion\/\",\"url\":\"http:\/\/www.kendu.com\/fr\/politique-systeme-de-gestion\/\",\"name\":\"POLITIQUE SYST\u00c8ME DE GESTION | Kendu\",\"isPartOf\":{\"@id\":\"http:\/\/www.kendu.com\/fr\/#website\"},\"datePublished\":\"2024-06-28T11:18:03+00:00\",\"dateModified\":\"2024-06-28T11:33:32+00:00\",\"breadcrumb\":{\"@id\":\"http:\/\/www.kendu.com\/fr\/politique-systeme-de-gestion\/#breadcrumb\"},\"inLanguage\":\"fr-FR\",\"potentialAction\":[{\"@type\":\"ReadAction\",\"target\":[\"http:\/\/www.kendu.com\/fr\/politique-systeme-de-gestion\/\"]}]},{\"@type\":\"BreadcrumbList\",\"@id\":\"http:\/\/www.kendu.com\/fr\/politique-systeme-de-gestion\/#breadcrumb\",\"itemListElement\":[{\"@type\":\"ListItem\",\"position\":1,\"name\":\"Home\",\"item\":\"http:\/\/www.kendu.com\/fr\/\"},{\"@type\":\"ListItem\",\"position\":2,\"name\":\"POLITIQUE SYST\u00c8ME DE GESTION\"}]},{\"@type\":\"WebSite\",\"@id\":\"http:\/\/www.kendu.com\/fr\/#website\",\"url\":\"http:\/\/www.kendu.com\/fr\/\",\"name\":\"Kendu\",\"description\":\"In-store Visual Solutions\",\"publisher\":{\"@id\":\"http:\/\/www.kendu.com\/fr\/#organization\"},\"potentialAction\":[{\"@type\":\"SearchAction\",\"target\":{\"@type\":\"EntryPoint\",\"urlTemplate\":\"http:\/\/www.kendu.com\/fr\/?s={search_term_string}\"},\"query-input\":{\"@type\":\"PropertyValueSpecification\",\"valueRequired\":true,\"valueName\":\"search_term_string\"}}],\"inLanguage\":\"fr-FR\"},{\"@type\":\"Organization\",\"@id\":\"http:\/\/www.kendu.com\/fr\/#organization\",\"name\":\"Kendu\",\"url\":\"http:\/\/www.kendu.com\/fr\/\",\"logo\":{\"@type\":\"ImageObject\",\"inLanguage\":\"fr-FR\",\"@id\":\"http:\/\/www.kendu.com\/fr\/#\/schema\/logo\/image\/\",\"url\":\"http:\/\/www.kendu.com\/wp-content\/uploads\/2020\/07\/logo-black.svg\",\"contentUrl\":\"http:\/\/www.kendu.com\/wp-content\/uploads\/2020\/07\/logo-black.svg\",\"width\":120,\"height\":32,\"caption\":\"Kendu\"},\"image\":{\"@id\":\"http:\/\/www.kendu.com\/fr\/#\/schema\/logo\/image\/\"},\"sameAs\":[\"https:\/\/x.com\/kenduinstore\",\"https:\/\/www.instagram.com\/kenduinstore\/\",\"https:\/\/www.linkedin.com\/company\/kenduinstore\/\"]}]}<\/script>\n<!-- \/ Yoast SEO plugin. -->","yoast_head_json":{"title":"POLITIQUE SYST\u00c8ME DE GESTION | Kendu","robots":{"index":"noindex","follow":"nofollow"},"og_locale":"fr_FR","og_type":"article","og_title":"POLITIQUE SYST\u00c8ME DE GESTION | Kendu","og_description":"KENDU RETAIL, S.L., consciente du besoin de participer \u00e0 la protection de l\u2019environnement et d\u2019offrir un niveau de qualit\u00e9 exceptionnel pour toutes ses activit\u00e9s, assume un engagement d\u2019am\u00e9lioration continue dans tous ses domaines d\u2019activit\u00e9 conform\u00e9ment aux principes d\u2019action suivants\u00a0: Satisfaire les clients en s\u2019adaptant \u00e0 leurs besoins et en proposant des am\u00e9liorations adapt\u00e9es \u00e0 chaque [&hellip;]","og_url":"http:\/\/www.kendu.com\/fr\/politique-systeme-de-gestion\/","og_site_name":"Kendu","article_modified_time":"2024-06-28T11:33:32+00:00","og_image":[{"width":500,"height":500,"url":"http:\/\/www.kendu.com\/wp-content\/uploads\/2020\/02\/showroom-kendu.jpg","type":"image\/jpeg"}],"twitter_card":"summary_large_image","twitter_site":"@kenduinstore","twitter_misc":{"Dur\u00e9e de lecture estim\u00e9e":"2 minutes"},"schema":{"@context":"https:\/\/schema.org","@graph":[{"@type":"WebPage","@id":"http:\/\/www.kendu.com\/fr\/politique-systeme-de-gestion\/","url":"http:\/\/www.kendu.com\/fr\/politique-systeme-de-gestion\/","name":"POLITIQUE SYST\u00c8ME DE GESTION | Kendu","isPartOf":{"@id":"http:\/\/www.kendu.com\/fr\/#website"},"datePublished":"2024-06-28T11:18:03+00:00","dateModified":"2024-06-28T11:33:32+00:00","breadcrumb":{"@id":"http:\/\/www.kendu.com\/fr\/politique-systeme-de-gestion\/#breadcrumb"},"inLanguage":"fr-FR","potentialAction":[{"@type":"ReadAction","target":["http:\/\/www.kendu.com\/fr\/politique-systeme-de-gestion\/"]}]},{"@type":"BreadcrumbList","@id":"http:\/\/www.kendu.com\/fr\/politique-systeme-de-gestion\/#breadcrumb","itemListElement":[{"@type":"ListItem","position":1,"name":"Home","item":"http:\/\/www.kendu.com\/fr\/"},{"@type":"ListItem","position":2,"name":"POLITIQUE SYST\u00c8ME DE GESTION"}]},{"@type":"WebSite","@id":"http:\/\/www.kendu.com\/fr\/#website","url":"http:\/\/www.kendu.com\/fr\/","name":"Kendu","description":"In-store Visual Solutions","publisher":{"@id":"http:\/\/www.kendu.com\/fr\/#organization"},"potentialAction":[{"@type":"SearchAction","target":{"@type":"EntryPoint","urlTemplate":"http:\/\/www.kendu.com\/fr\/?s={search_term_string}"},"query-input":{"@type":"PropertyValueSpecification","valueRequired":true,"valueName":"search_term_string"}}],"inLanguage":"fr-FR"},{"@type":"Organization","@id":"http:\/\/www.kendu.com\/fr\/#organization","name":"Kendu","url":"http:\/\/www.kendu.com\/fr\/","logo":{"@type":"ImageObject","inLanguage":"fr-FR","@id":"http:\/\/www.kendu.com\/fr\/#\/schema\/logo\/image\/","url":"http:\/\/www.kendu.com\/wp-content\/uploads\/2020\/07\/logo-black.svg","contentUrl":"http:\/\/www.kendu.com\/wp-content\/uploads\/2020\/07\/logo-black.svg","width":120,"height":32,"caption":"Kendu"},"image":{"@id":"http:\/\/www.kendu.com\/fr\/#\/schema\/logo\/image\/"},"sameAs":["https:\/\/x.com\/kenduinstore","https:\/\/www.instagram.com\/kenduinstore\/","https:\/\/www.linkedin.com\/company\/kenduinstore\/"]}]}},"_links":{"self":[{"href":"http:\/\/www.kendu.com\/fr\/wp-json\/wp\/v2\/pages\/18288","targetHints":{"allow":["GET"]}}],"collection":[{"href":"http:\/\/www.kendu.com\/fr\/wp-json\/wp\/v2\/pages"}],"about":[{"href":"http:\/\/www.kendu.com\/fr\/wp-json\/wp\/v2\/types\/page"}],"author":[{"embeddable":true,"href":"http:\/\/www.kendu.com\/fr\/wp-json\/wp\/v2\/users\/5"}],"replies":[{"embeddable":true,"href":"http:\/\/www.kendu.com\/fr\/wp-json\/wp\/v2\/comments?post=18288"}],"version-history":[{"count":0,"href":"http:\/\/www.kendu.com\/fr\/wp-json\/wp\/v2\/pages\/18288\/revisions"}],"wp:attachment":[{"href":"http:\/\/www.kendu.com\/fr\/wp-json\/wp\/v2\/media?parent=18288"}],"curies":[{"name":"wp","href":"https:\/\/api.w.org\/{rel}","templated":true}]}}