{"id":12580,"date":"2021-01-13T13:44:05","date_gmt":"2021-01-13T13:44:05","guid":{"rendered":"http:\/\/www.kendu.com\/?page_id=12580"},"modified":"2021-06-10T11:12:09","modified_gmt":"2021-06-10T11:12:09","slug":"experiences-interactives-retail","status":"publish","type":"page","link":"http:\/\/www.kendu.com\/fr\/experiences-interactives-retail\/","title":{"rendered":"Interactive solutions"},"content":{"rendered":"  <section class=\"kn-featured-1\">\n    <div class=\"background-blur\" style=\"background-image: url(http:\/\/www.kendu.com\/wp-content\/uploads\/2020\/12\/interactive-solutions.jpg)\"><\/div>\n    <div class=\"inner\">\n\n              <div class=\"upper\" data-aos=\"fade-up\" data-aos-delay=\"300\" data-aos-anchor=\".kn-featured-1\">\n          <span class=\"upper-title\">EXP\u00c9RIENCES INTERACTIVES<\/span>\n        <\/div>\n      \n              <div class=\"title\" data-aos=\"fade-up\" data-aos-delay=\"100\" data-aos-anchor=\".kn-featured-1\">\n          <h1 class=\"site-title\">Solutions digitales pour le retail<\/h1>\n        <\/div>\n      \n      <div class=\"divider-1 divider-white\" data-aos=\"fade-up\" data-aos-delay=\"100\" data-aos-anchor=\".kn-featured-1\"><\/div>\n\n              <div class=\"cta\" data-aos=\"fade-up\" data-aos-delay=\"300\" data-aos-anchor=\".kn-featured-1\">\n                  <a class=\"kn-button-1 animated\" href=\"\/fr\/contact\/\">CONTACTEZ-NOUS<\/a>\n                <\/div>\n          <\/div>\n\n    <div class=\"animation\"><\/div>\n\n  <\/section>\n\n\n<section class=\"kn-content-section-1\">\n  <div class=\"container\">\n\n    \n    <div class=\"title\" data-aos=\"fade-up\" data-aos-delay=\"100\" data-aos-anchor=\".kn-content-section-1\">\n      <h2 class=\"section-title-text\">\n       Exp\u00e9riences interactives pour le point de vente\n      <\/h2>\n    <\/div>\n\n    <div class=\"description\" data-aos=\"fade-up\" data-aos-delay=\"200\" data-aos-anchor=\".kn-content-section-1\">\n      <p>\n        <p>Les magasins physiques sont beaucoup plus qu\u2019un point d&rsquo;attraction, ce sont le lieu o\u00f9 les marques ont l&rsquo;opportunit\u00e9 pour connecter avec le publique. Nous d\u00e9veloppons des exp\u00e9riences interactives et des solutions de signal\u00e9tique digitale sur mesure pour maximiser l&rsquo;engagement des acheteurs \u00e0 travers des exp\u00e9rience d&rsquo;achat uniques. Smart devices, technologie lift and learn, Flowbox interactif et beaucoup plus.<\/p>\n\n      <\/p>\n    <\/div>\n\n          <div class=\"cta\" data-aos=\"fade-up\" data-aos-delay=\"300\" data-aos-anchor=\".kn-content-section-1\">\n        <a class=\"kn-button-1 secondary animated\" href=\"\/fr\/contact\/\">EN SAVOIR PLUS<\/a>\n      <\/div>\n    \n  <\/div>\n<\/section>\n\n\n<section class=\"kn-content-section-21\">\n  <div class=\"container\">\n  \n\n    <div class=\"items\">\n\n      \n                      <!--elem impares-->\n\n                          <div class=\"service service-1\" data-aos=\"fade-up\" data-aos-delay=\"100\">\n                <div class=\"service-left\">\n                  <span class=\"service-number\" data-aos=\"fade-down\" data-aos-delay=\"200\" data-aos-anchor=\".service-1\">01.<\/span>\n                  <h2 class=\"service-title\" data-aos=\"fade-up\" data-aos-delay=\"300\" data-aos-anchor=\".service-1\">\u00c9tag\u00e8res lift and learn<\/h2>\n\n                  <p>Gr\u00e2ce \u00e0 la technologie RFID, l&rsquo;acheteur recevra information additionnelle des produits de son choix. Il devra juste soulever le produit, les \u00e9tag\u00e8res reconnaitrons son choix et l&rsquo;acheteur recevra un contenu personnalis\u00e9 \u00e0 travers d&rsquo;un \u00e9cran ou un moniteur digital.<\/p>\n<p>&nbsp;<\/p>\n\n\n                                      <div class=\"cta fade-in-bottom\" data-aos=\"fade-up\" data-aos-delay=\"400\" data-aos-anchor=\".service-1\">\n                      <a class=\"kn-button-1 secondary animated fade-in-bottom\" href=\"https:\/\/vimeo.com\/367726714\">VOIR VIDEO<\/a>\n                    <\/div>\n                  \n                <\/div>\n                <div class=\"service-right\" data-aos=\"fade-left\" data-aos-delay=\"400\" data-aos-anchor=\".service-1\">\n                  <img decoding=\"async\" class=\"service-image\" src=\"http:\/\/www.kendu.com\/wp-content\/uploads\/2020\/12\/lift-and-learn.jpg\" alt=\"Lift and learn technology\" \/>\n                <\/div>\n              <\/div>\n            \n          \n      \n                      <!--elem pares-->\n\n                          <div class=\"service service-2\" data-aos=\"fade-up\" data-aos-delay=\"100\">\n                <div class=\"service-left\" data-aos=\"fade-right\" data-aos-delay=\"400\" data-aos-anchor=\".service-2\">\n                  <img decoding=\"async\" class=\"service-image\" src=\"http:\/\/www.kendu.com\/wp-content\/uploads\/2020\/12\/interactive-flowbox.jpg\" alt=\"Flowbox interactive\" \/>\n                <\/div>\n                <div class=\"service-right\">              \n                  <span class=\"service-number\" data-aos=\"fade-down\" data-aos-delay=\"200\" data-aos-anchor=\".service-2\">02.<\/span>\n                  <h2 class=\"service-title\" data-aos=\"fade-up\" data-aos-delay=\"300\" data-aos-anchor=\".service-2\">Flowbox interactif<\/h2>\n\n                  <p>Flowbox devient un display interactif qui r\u00e9pond au mouvement de l&rsquo;utilisateur, sans le toucher ! Le lightbox dynamique est parfait pour cr\u00e9er des effets visuels surprenants ou faire ressortir les principales caract\u00e9ristiques d&rsquo;un produit de mani\u00e8re cr\u00e9ative.<\/p>\n<p>&nbsp;<\/p>\n\n\n                                      <div class=\"cta fade-in-bottom\" data-aos=\"fade-up\" data-aos-delay=\"400\" data-aos-anchor=\".service-2\">\n                      <a class=\"kn-button-1 secondary animated fade-in-bottom\" href=\"https:\/\/vimeo.com\/368262350\">VOIR VIDEO<\/a>\n                    <\/div>\n                                  <\/div>\n                    \n              <\/div>\n            \n          \n      \n                      <!--elem impares-->\n\n                          <div class=\"service service-3\" data-aos=\"fade-up\" data-aos-delay=\"100\">\n                <div class=\"service-left\">\n                  <span class=\"service-number\" data-aos=\"fade-down\" data-aos-delay=\"200\" data-aos-anchor=\".service-3\">03.<\/span>\n                  <h2 class=\"service-title\" data-aos=\"fade-up\" data-aos-delay=\"300\" data-aos-anchor=\".service-3\">Personnalisation par vid\u00e9o mapping <\/h2>\n\n                  <p>Pour cette exp\u00e9rience l&rsquo;acheteur pourra personnaliser un produit et v\u00e9rifi\u00e9 \u00e0 temps r\u00e9el le r\u00e9sultat gr\u00e2ce \u00e0 une vid\u00e9o projection sur le produit r\u00e9el. Ce syst\u00e8me permet que l&rsquo;utilisateur soit plus s\u00fbr du choix avant de faire la commande.<\/p>\n<p>&nbsp;<\/p>\n\n\n                                      <div class=\"cta fade-in-bottom\" data-aos=\"fade-up\" data-aos-delay=\"400\" data-aos-anchor=\".service-3\">\n                      <a class=\"kn-button-1 secondary animated fade-in-bottom\" href=\"https:\/\/vimeo.com\/492503803\/bde591a714\">VOIR VIDEO<\/a>\n                    <\/div>\n                  \n                <\/div>\n                <div class=\"service-right\" data-aos=\"fade-left\" data-aos-delay=\"400\" data-aos-anchor=\".service-3\">\n                  <img decoding=\"async\" class=\"service-image\" src=\"http:\/\/www.kendu.com\/wp-content\/uploads\/2020\/12\/surf-video-mapping.jpg\" alt=\"Video mapping surf table\" \/>\n                <\/div>\n              <\/div>\n            \n          \n      \n                      <!--elem pares-->\n\n                          <div class=\"service service-4\" data-aos=\"fade-up\" data-aos-delay=\"100\">\n                <div class=\"service-left\" data-aos=\"fade-right\" data-aos-delay=\"400\" data-aos-anchor=\".service-4\">\n                  <img decoding=\"async\" class=\"service-image\" src=\"http:\/\/www.kendu.com\/wp-content\/uploads\/2020\/12\/interactive-wall.jpg\" alt=\"Interactive mapping\" \/>\n                <\/div>\n                <div class=\"service-right\">              \n                  <span class=\"service-number\" data-aos=\"fade-down\" data-aos-delay=\"200\" data-aos-anchor=\".service-4\">04.<\/span>\n                  <h2 class=\"service-title\" data-aos=\"fade-up\" data-aos-delay=\"300\" data-aos-anchor=\".service-4\">Projection interactif<\/h2>\n\n                  <p>Cette solution permet d\u2019expliquer et visualiser nouveaux concepts de marque, produits ou services \u00e0 travers une exp\u00e9rience attractive. Une cam\u00e9ra 3D projettera un graphique sur le mur, qui lui-m\u00eame sera interactif et totalement personnalisable.<\/p>\n<p>&nbsp;<\/p>\n\n\n                                      <div class=\"cta fade-in-bottom\" data-aos=\"fade-up\" data-aos-delay=\"400\" data-aos-anchor=\".service-4\">\n                      <a class=\"kn-button-1 secondary animated fade-in-bottom\" href=\"https:\/\/vimeo.com\/371885074\">VOIR VIDEO<\/a>\n                    <\/div>\n                                  <\/div>\n                    \n              <\/div>\n            \n          \n      \n    <\/div>\n\n\n  <\/div>\n<\/section>\n\n\n<section class=\"kn-content-section-8\">\n  <div class=\"inner\">\n\n        \n    <main class=\"items\" data-aos=\"fade-up\" data-aos-delay=\"200\" data-aos-anchor=\".kn-content-section-8\">\n\n                    \n                  <div class=\"item item-small\" style=\"background-image: url(http:\/\/www.kendu.com\/wp-content\/uploads\/2020\/12\/contact-e1607592621263.jpg)\">\n        \n          <div class=\"item-content\">\n            <div class=\"item-title\" data-aos=\"fade-up\" data-aos-delay=\"300\" data-aos-anchor=\".kn-content-section-8\">\n              <h3 class=\"header-3\">Voulez-vous parler?<\/h3>\n            <\/div>\n\n            <div class=\"item-description\" data-aos=\"fade-up\" data-aos-delay=\"400\" data-aos-anchor=\".kn-content-section-8\">\n              <p><p>Contactez-nous pour \u00e9tudier la meilleure solution digitale pour votre projet.<\/p>\n<\/p>\n            <\/div>\n\n                                          <div class=\"cta\" data-aos=\"fade-up\" data-aos-delay=\"500\" data-aos-anchor=\".kn-content-section-8\">\n                  <a class=\"kn-button-1 primary animated\" href=\"http:\/\/www.kendu.com\/fr\/contact\/\">CONTACTEZ-NOUS<\/a>\n                <\/div>\n                          \n          <\/div>\n        <\/div>\n          <\/main>\n\n<!--\n    <main class=\"items\" data-aos=\"fade-up\" data-aos-delay=\"200\" data-aos-anchor=\".kn-content-section-8\">\n      <div class=\"item\" style=\"background-image: url(http:\/\/www.kendu.com\/wp-content\/themes\/kendu\/assets\/images\/sistema-kit-header.jpg)\">\n\n        <div class=\"item-content\">\n          <div class=\"item-title\" data-aos=\"fade-up\" data-aos-delay=\"300\" data-aos-anchor=\".kn-content-section-8\">\n            <h3 class=\"header-3\">Flowbox<\/h3>\n          <\/div>\n\n          <div class=\"item-description\" data-aos=\"fade-up\" data-aos-delay=\"400\" data-aos-anchor=\".kn-content-section-8\">\n            <p>The system for displaying and exchanging printed textile images.<\/p>\n          <\/div>\n\n          <div class=\"cta\" data-aos=\"fade-up\" data-aos-delay=\"500\" data-aos-anchor=\".kn-content-section-8\">\n            <a class=\"kn-button-1 primary animated\">Get in Touch<\/a>\n          <\/div>\n        <\/div>\n      <\/div>\n\n      <div class=\"item\" style=\"background-image: url(http:\/\/www.kendu.com\/wp-content\/themes\/kendu\/assets\/images\/smartframe-hero.jpg)\">\n\n        <div class=\"item-content\">\n          <div class=\"item-title\" data-aos=\"fade-up\" data-aos-delay=\"300\" data-aos-anchor=\".kn-content-section-8\">\n            <h3 class=\"header-3\">Flowbox<\/h3>\n          <\/div>\n\n          <div class=\"item-description\" data-aos=\"fade-up\" data-aos-delay=\"400\" data-aos-anchor=\".kn-content-section-8\">\n            <p>The system for displaying and exchanging printed textile images.<\/p>\n          <\/div>\n\n          <div class=\"item-cta\" data-aos=\"fade-up\" data-aos-delay=\"500\" data-aos-anchor=\".kn-content-section-8\">\n            <a class=\"kn-button-1 primary animated\">Get in Touch<\/a>\n          <\/div>\n        <\/div>\n      <\/div>\n    <\/main>\n-->\n  <\/div>\n<\/section>\n\n\n<section class=\"kn-content-section-1\">\n  <div class=\"container\">\n\n    \n    <div class=\"title\" data-aos=\"fade-up\" data-aos-delay=\"100\" data-aos-anchor=\".kn-content-section-1\">\n      <h2 class=\"section-title-text\">\n       Exp\u00e9riences retail sur mesure\n      <\/h2>\n    <\/div>\n\n    <div class=\"description\" data-aos=\"fade-up\" data-aos-delay=\"200\" data-aos-anchor=\".kn-content-section-1\">\n      <p>\n        <p>Nous offrons des solutions sur mesure pour des projets d&rsquo;architecture retail, d\u00e9veloppement de nouveaux concepts et renouvellement centr\u00e9s dans l&rsquo;am\u00e9lioration du point de vente. Nous vous accompagnons dans le proc\u00e8s.<\/p>\n\n      <\/p>\n    <\/div>\n\n          <div class=\"cta\" data-aos=\"fade-up\" data-aos-delay=\"300\" data-aos-anchor=\".kn-content-section-1\">\n        <a class=\"kn-button-1 secondary animated\" href=\"\/fr\/design-espaces-retail\/\">RETAIL DESIGN<\/a>\n      <\/div>\n    \n  <\/div>\n<\/section>\n\n\n\n<div style=\"height:90px\" aria-hidden=\"true\" class=\"wp-block-spacer\"><\/div>\n","protected":false},"excerpt":{"rendered":"","protected":false},"author":5,"featured_media":7277,"parent":0,"menu_order":0,"comment_status":"closed","ping_status":"closed","template":"","meta":{"_acf_changed":false,"inline_featured_image":false,"_uf_show_specific_survey":0,"_uf_disable_surveys":false,"footnotes":""},"class_list":["post-12580","page","type-page","status-publish","has-post-thumbnail","hentry"],"acf":[],"aioseo_notices":[],"yoast_head":"<!-- This site is optimized with the Yoast SEO plugin v25.6 - https:\/\/yoast.com\/wordpress\/plugins\/seo\/ -->\n<title>Exp\u00e9riences Interactives pour le Retail | Kendu<\/title>\n<meta name=\"description\" content=\"D\u00e9couvrez notre diversit\u00e9 d&#039;exp\u00e9riences pour le point de vente: lift and learn, video mapping, Flowbox interactif\u2026 et beaucoup d\u2019autres!\" \/>\n<meta name=\"robots\" content=\"index, follow, max-snippet:-1, max-image-preview:large, max-video-preview:-1\" \/>\n<link rel=\"canonical\" href=\"http:\/\/www.kendu.com\/fr\/experiences-interactives-retail\/\" \/>\n<meta property=\"og:locale\" content=\"fr_FR\" \/>\n<meta property=\"og:type\" content=\"article\" \/>\n<meta property=\"og:title\" content=\"Exp\u00e9riences Interactives pour le Retail | Kendu\" \/>\n<meta property=\"og:description\" content=\"D\u00e9couvrez notre diversit\u00e9 d&#039;exp\u00e9riences pour le point de vente: lift and learn, video mapping, Flowbox interactif\u2026 et beaucoup d\u2019autres!\" \/>\n<meta property=\"og:url\" content=\"http:\/\/www.kendu.com\/fr\/experiences-interactives-retail\/\" \/>\n<meta property=\"og:site_name\" content=\"Kendu\" \/>\n<meta property=\"article:modified_time\" content=\"2021-06-10T11:12:09+00:00\" \/>\n<meta property=\"og:image\" content=\"https:\/\/www.kendu.com\/wp-content\/uploads\/2020\/02\/intel-flowbox.jpg\" \/>\n\t<meta property=\"og:image:width\" content=\"500\" \/>\n\t<meta property=\"og:image:height\" content=\"500\" \/>\n\t<meta property=\"og:image:type\" content=\"image\/jpeg\" \/>\n<meta name=\"twitter:card\" content=\"summary_large_image\" \/>\n<meta name=\"twitter:site\" content=\"@kenduinstore\" \/>\n<script type=\"application\/ld+json\" class=\"yoast-schema-graph\">{\"@context\":\"https:\/\/schema.org\",\"@graph\":[{\"@type\":\"WebPage\",\"@id\":\"http:\/\/www.kendu.com\/fr\/experiences-interactives-retail\/\",\"url\":\"http:\/\/www.kendu.com\/fr\/experiences-interactives-retail\/\",\"name\":\"Exp\u00e9riences Interactives pour le Retail | Kendu\",\"isPartOf\":{\"@id\":\"https:\/\/www.kendu.com\/fr\/#website\"},\"primaryImageOfPage\":{\"@id\":\"http:\/\/www.kendu.com\/fr\/experiences-interactives-retail\/#primaryimage\"},\"image\":{\"@id\":\"http:\/\/www.kendu.com\/fr\/experiences-interactives-retail\/#primaryimage\"},\"thumbnailUrl\":\"http:\/\/www.kendu.com\/wp-content\/uploads\/2020\/02\/intel-flowbox.jpg\",\"datePublished\":\"2021-01-13T13:44:05+00:00\",\"dateModified\":\"2021-06-10T11:12:09+00:00\",\"description\":\"D\u00e9couvrez notre diversit\u00e9 d'exp\u00e9riences pour le point de vente: lift and learn, video mapping, Flowbox interactif\u2026 et beaucoup d\u2019autres!\",\"breadcrumb\":{\"@id\":\"http:\/\/www.kendu.com\/fr\/experiences-interactives-retail\/#breadcrumb\"},\"inLanguage\":\"fr-FR\",\"potentialAction\":[{\"@type\":\"ReadAction\",\"target\":[\"http:\/\/www.kendu.com\/fr\/experiences-interactives-retail\/\"]}]},{\"@type\":\"ImageObject\",\"inLanguage\":\"fr-FR\",\"@id\":\"http:\/\/www.kendu.com\/fr\/experiences-interactives-retail\/#primaryimage\",\"url\":\"http:\/\/www.kendu.com\/wp-content\/uploads\/2020\/02\/intel-flowbox.jpg\",\"contentUrl\":\"http:\/\/www.kendu.com\/wp-content\/uploads\/2020\/02\/intel-flowbox.jpg\",\"width\":500,\"height\":500,\"caption\":\"Kendu & Intel\"},{\"@type\":\"BreadcrumbList\",\"@id\":\"http:\/\/www.kendu.com\/fr\/experiences-interactives-retail\/#breadcrumb\",\"itemListElement\":[{\"@type\":\"ListItem\",\"position\":1,\"name\":\"Home\",\"item\":\"https:\/\/www.kendu.com\/fr\/\"},{\"@type\":\"ListItem\",\"position\":2,\"name\":\"Interactive solutions\"}]},{\"@type\":\"WebSite\",\"@id\":\"https:\/\/www.kendu.com\/fr\/#website\",\"url\":\"https:\/\/www.kendu.com\/fr\/\",\"name\":\"Kendu\",\"description\":\"In-store Visual Solutions\",\"publisher\":{\"@id\":\"https:\/\/www.kendu.com\/fr\/#organization\"},\"potentialAction\":[{\"@type\":\"SearchAction\",\"target\":{\"@type\":\"EntryPoint\",\"urlTemplate\":\"https:\/\/www.kendu.com\/fr\/?s={search_term_string}\"},\"query-input\":{\"@type\":\"PropertyValueSpecification\",\"valueRequired\":true,\"valueName\":\"search_term_string\"}}],\"inLanguage\":\"fr-FR\"},{\"@type\":\"Organization\",\"@id\":\"https:\/\/www.kendu.com\/fr\/#organization\",\"name\":\"Kendu\",\"url\":\"https:\/\/www.kendu.com\/fr\/\",\"logo\":{\"@type\":\"ImageObject\",\"inLanguage\":\"fr-FR\",\"@id\":\"https:\/\/www.kendu.com\/fr\/#\/schema\/logo\/image\/\",\"url\":\"http:\/\/www.kendu.com\/wp-content\/uploads\/2020\/07\/logo-black.svg\",\"contentUrl\":\"http:\/\/www.kendu.com\/wp-content\/uploads\/2020\/07\/logo-black.svg\",\"width\":120,\"height\":32,\"caption\":\"Kendu\"},\"image\":{\"@id\":\"https:\/\/www.kendu.com\/fr\/#\/schema\/logo\/image\/\"},\"sameAs\":[\"https:\/\/x.com\/kenduinstore\",\"https:\/\/www.instagram.com\/kenduinstore\/\",\"https:\/\/www.linkedin.com\/company\/kenduinstore\/\"]}]}<\/script>\n<!-- \/ Yoast SEO plugin. -->","yoast_head_json":{"title":"Exp\u00e9riences Interactives pour le Retail | Kendu","description":"D\u00e9couvrez notre diversit\u00e9 d'exp\u00e9riences pour le point de vente: lift and learn, video mapping, Flowbox interactif\u2026 et beaucoup d\u2019autres!","robots":{"index":"index","follow":"follow","max-snippet":"max-snippet:-1","max-image-preview":"max-image-preview:large","max-video-preview":"max-video-preview:-1"},"canonical":"http:\/\/www.kendu.com\/fr\/experiences-interactives-retail\/","og_locale":"fr_FR","og_type":"article","og_title":"Exp\u00e9riences Interactives pour le Retail | Kendu","og_description":"D\u00e9couvrez notre diversit\u00e9 d'exp\u00e9riences pour le point de vente: lift and learn, video mapping, Flowbox interactif\u2026 et beaucoup d\u2019autres!","og_url":"http:\/\/www.kendu.com\/fr\/experiences-interactives-retail\/","og_site_name":"Kendu","article_modified_time":"2021-06-10T11:12:09+00:00","og_image":[{"width":500,"height":500,"url":"https:\/\/www.kendu.com\/wp-content\/uploads\/2020\/02\/intel-flowbox.jpg","type":"image\/jpeg"}],"twitter_card":"summary_large_image","twitter_site":"@kenduinstore","schema":{"@context":"https:\/\/schema.org","@graph":[{"@type":"WebPage","@id":"http:\/\/www.kendu.com\/fr\/experiences-interactives-retail\/","url":"http:\/\/www.kendu.com\/fr\/experiences-interactives-retail\/","name":"Exp\u00e9riences Interactives pour le Retail | Kendu","isPartOf":{"@id":"https:\/\/www.kendu.com\/fr\/#website"},"primaryImageOfPage":{"@id":"http:\/\/www.kendu.com\/fr\/experiences-interactives-retail\/#primaryimage"},"image":{"@id":"http:\/\/www.kendu.com\/fr\/experiences-interactives-retail\/#primaryimage"},"thumbnailUrl":"http:\/\/www.kendu.com\/wp-content\/uploads\/2020\/02\/intel-flowbox.jpg","datePublished":"2021-01-13T13:44:05+00:00","dateModified":"2021-06-10T11:12:09+00:00","description":"D\u00e9couvrez notre diversit\u00e9 d'exp\u00e9riences pour le point de vente: lift and learn, video mapping, Flowbox interactif\u2026 et beaucoup d\u2019autres!","breadcrumb":{"@id":"http:\/\/www.kendu.com\/fr\/experiences-interactives-retail\/#breadcrumb"},"inLanguage":"fr-FR","potentialAction":[{"@type":"ReadAction","target":["http:\/\/www.kendu.com\/fr\/experiences-interactives-retail\/"]}]},{"@type":"ImageObject","inLanguage":"fr-FR","@id":"http:\/\/www.kendu.com\/fr\/experiences-interactives-retail\/#primaryimage","url":"http:\/\/www.kendu.com\/wp-content\/uploads\/2020\/02\/intel-flowbox.jpg","contentUrl":"http:\/\/www.kendu.com\/wp-content\/uploads\/2020\/02\/intel-flowbox.jpg","width":500,"height":500,"caption":"Kendu & Intel"},{"@type":"BreadcrumbList","@id":"http:\/\/www.kendu.com\/fr\/experiences-interactives-retail\/#breadcrumb","itemListElement":[{"@type":"ListItem","position":1,"name":"Home","item":"https:\/\/www.kendu.com\/fr\/"},{"@type":"ListItem","position":2,"name":"Interactive solutions"}]},{"@type":"WebSite","@id":"https:\/\/www.kendu.com\/fr\/#website","url":"https:\/\/www.kendu.com\/fr\/","name":"Kendu","description":"In-store Visual Solutions","publisher":{"@id":"https:\/\/www.kendu.com\/fr\/#organization"},"potentialAction":[{"@type":"SearchAction","target":{"@type":"EntryPoint","urlTemplate":"https:\/\/www.kendu.com\/fr\/?s={search_term_string}"},"query-input":{"@type":"PropertyValueSpecification","valueRequired":true,"valueName":"search_term_string"}}],"inLanguage":"fr-FR"},{"@type":"Organization","@id":"https:\/\/www.kendu.com\/fr\/#organization","name":"Kendu","url":"https:\/\/www.kendu.com\/fr\/","logo":{"@type":"ImageObject","inLanguage":"fr-FR","@id":"https:\/\/www.kendu.com\/fr\/#\/schema\/logo\/image\/","url":"http:\/\/www.kendu.com\/wp-content\/uploads\/2020\/07\/logo-black.svg","contentUrl":"http:\/\/www.kendu.com\/wp-content\/uploads\/2020\/07\/logo-black.svg","width":120,"height":32,"caption":"Kendu"},"image":{"@id":"https:\/\/www.kendu.com\/fr\/#\/schema\/logo\/image\/"},"sameAs":["https:\/\/x.com\/kenduinstore","https:\/\/www.instagram.com\/kenduinstore\/","https:\/\/www.linkedin.com\/company\/kenduinstore\/"]}]}},"_links":{"self":[{"href":"http:\/\/www.kendu.com\/fr\/wp-json\/wp\/v2\/pages\/12580","targetHints":{"allow":["GET"]}}],"collection":[{"href":"http:\/\/www.kendu.com\/fr\/wp-json\/wp\/v2\/pages"}],"about":[{"href":"http:\/\/www.kendu.com\/fr\/wp-json\/wp\/v2\/types\/page"}],"author":[{"embeddable":true,"href":"http:\/\/www.kendu.com\/fr\/wp-json\/wp\/v2\/users\/5"}],"replies":[{"embeddable":true,"href":"http:\/\/www.kendu.com\/fr\/wp-json\/wp\/v2\/comments?post=12580"}],"version-history":[{"count":0,"href":"http:\/\/www.kendu.com\/fr\/wp-json\/wp\/v2\/pages\/12580\/revisions"}],"wp:featuredmedia":[{"embeddable":true,"href":"http:\/\/www.kendu.com\/fr\/wp-json\/wp\/v2\/media\/7277"}],"wp:attachment":[{"href":"http:\/\/www.kendu.com\/fr\/wp-json\/wp\/v2\/media?parent=12580"}],"curies":[{"name":"wp","href":"https:\/\/api.w.org\/{rel}","templated":true}]}}