{"id":10707,"date":"2020-09-02T10:16:03","date_gmt":"2020-09-02T10:16:03","guid":{"rendered":"http:\/\/www.kendu.com\/?page_id=10707"},"modified":"2020-09-02T12:30:50","modified_gmt":"2020-09-02T12:30:50","slug":"solutions-speciales","status":"publish","type":"page","link":"http:\/\/www.kendu.com\/fr\/eclairage-retail\/solutions-speciales\/","title":{"rendered":"Bespoke lighting"},"content":{"rendered":"  <section class=\"kn-featured-6\">\n    <img decoding=\"async\" src=\"http:\/\/www.kendu.com\/wp-content\/uploads\/2020\/07\/lighting-colour.jpg\" style=\"min-width:30%;\" \/>\n\n    <div class=\"inner\">\n      <div class=\"inner-left\">\n        <div class=\"title\" data-aos=\"fade-up\" data-aos-delay=\"100\" data-aos-anchor=\".kn-featured-6\">\n          <h1 class=\"site-title\">Solutions d\u2019\u00e9clairage sp\u00e9ciales<\/h1>\n        <\/div>\n\n        <div class=\"description\" data-aos=\"fade-up\" data-aos-delay=\"200\" data-aos-anchor=\".kn-featured-6\">\n          <p>Les grandes marques ont besoin de grandes solutions, c\u2019est pourquoi nous concevons et fabriquons des solutions d\u2019\u00e9clairage sur mesure. Nos solutions de lightbox personnalis\u00e9es s\u00e9duisent le client moderne et am\u00e9liorent l\u2019environnement en magasin.<\/p>\n        <\/div>\n\n                  <div class=\"cta\">\n            <span class=\"kn-button-1 hidden-button\"><\/span>\n          <\/div>\n        \n      <\/div>\n\n      <div class=\"inner-right\">\n                              <p>Options:<\/p>\n                    <ol>\n                          <li>\u00c9clairage RVB<\/li>\n                          <li>Solutions dimmables<\/li>\n                          <li>Temp\u00e9rature de couleur personnalis\u00e9e<\/li>\n                      <\/ol> \n              <\/div>\n\n    <\/div>\n\n    <div class=\"animation\"><\/div>\n  <\/section>\n\n\n<section class=\"kn-content-section-21\">\n  <div class=\"container\">\n  \n\n    <div class=\"items\">\n\n      \n                      <!--elem impares-->\n\n                          <div class=\"service service-1\" data-aos=\"fade-up\" data-aos-delay=\"100\">\n                <div class=\"service-left\">\n                  <span class=\"service-number\" data-aos=\"fade-down\" data-aos-delay=\"200\" data-aos-anchor=\".service-1\">01.<\/span>\n                  <h2 class=\"service-title\" data-aos=\"fade-up\" data-aos-delay=\"300\" data-aos-anchor=\".service-1\">\u00c9clairage RVB<\/h2>\n\n                  <p class=\"service-text aos-init aos-animate\" data-aos=\"fade-up\" data-aos-delay=\"400\" data-aos-anchor=\".service-1\">Le RVB p\u00e9rim\u00e9trique est programm\u00e9 pour changer la couleur ou l\u2019intensit\u00e9 tonale, cr\u00e9ant des combinaisons de couleurs dynamiques en magasin. Le RVB fonctionne bien dans les grandes liseuses dans les arcades d\u2019entr\u00e9e, pour s\u00e9parer les zones de magasin ou m\u00eame cr\u00e9er une nouvelle fen\u00eatre contextuelle dans le magasin.<\/p>\n\n\n                  \n                <\/div>\n                <div class=\"service-right\" data-aos=\"fade-left\" data-aos-delay=\"400\" data-aos-anchor=\".service-1\">\n                  <img decoding=\"async\" class=\"service-image\" src=\"http:\/\/www.kendu.com\/wp-content\/uploads\/2020\/07\/BESPOKE_RGB.jpg\" alt=\"\" \/>\n                <\/div>\n              <\/div>\n            \n          \n      \n                      <!--elem pares-->\n\n                          <div class=\"service service-2\" data-aos=\"fade-up\" data-aos-delay=\"100\">\n                <div class=\"service-left\" data-aos=\"fade-right\" data-aos-delay=\"400\" data-aos-anchor=\".service-2\">\n                  <img decoding=\"async\" class=\"service-image\" src=\"http:\/\/www.kendu.com\/wp-content\/uploads\/2020\/07\/BESPOKE_DIMMABLE.jpg\" alt=\"\" \/>\n                <\/div>\n                <div class=\"service-right\">              \n                  <span class=\"service-number\" data-aos=\"fade-down\" data-aos-delay=\"200\" data-aos-anchor=\".service-2\">02.<\/span>\n                  <h2 class=\"service-title\" data-aos=\"fade-up\" data-aos-delay=\"300\" data-aos-anchor=\".service-2\">Solutions Dimmables<\/h2>\n\n                  <p class=\"service-text aos-init aos-animate\" data-aos=\"fade-up\" data-aos-delay=\"400\" data-aos-anchor=\".service-2\">Avec nos solutions personnalis\u00e9es, vous pouvez contr\u00f4ler l\u2019intensit\u00e9 de vos luminaires pour modifier l\u2019ambiance du magasin \u00e0 diff\u00e9rents moments de la journ\u00e9e. Qu\u2019il soit utilis\u00e9 dans l\u2019ensemble du magasin ou dans des sections sp\u00e9cifiques, l\u2019\u00e9clairage gradable aide \u00e0 \u00e9voquer la bonne humeur pour votre magasin.<\/p>\n\n\n                                  <\/div>\n                    \n              <\/div>\n            \n          \n      \n                      <!--elem impares-->\n\n                          <div class=\"service service-3\" data-aos=\"fade-up\" data-aos-delay=\"100\">\n                <div class=\"service-left\">\n                  <span class=\"service-number\" data-aos=\"fade-down\" data-aos-delay=\"200\" data-aos-anchor=\".service-3\">03.<\/span>\n                  <h2 class=\"service-title\" data-aos=\"fade-up\" data-aos-delay=\"300\" data-aos-anchor=\".service-3\">Temp\u00e9rature de Couleur Personnalis\u00e9e<\/h2>\n\n                  <p class=\"service-text aos-init aos-animate\" data-aos=\"fade-up\" data-aos-delay=\"400\" data-aos-anchor=\".service-3\">Notre temp\u00e9rature de couleur standard est de 6500K ou \u00ab Cool Daylight \u00bb. Nous pouvons personnaliser les temp\u00e9ratures de couleur jusqu\u2019\u00e0 3000 K, un \u00ab blanc chaud \u00bb, pour obtenir le look parfait de la lightbox. Nous faisons des tests de temp\u00e9rature de couleur avec votre visuel choisi pour assurer la bonne solution d\u2019\u00e9clairage lors de l\u2019utilisation de temp\u00e9ratures de couleur personnalis\u00e9es.<\/p>\n\n\n                  \n                <\/div>\n                <div class=\"service-right\" data-aos=\"fade-left\" data-aos-delay=\"400\" data-aos-anchor=\".service-3\">\n                  <img decoding=\"async\" class=\"service-image\" src=\"http:\/\/www.kendu.com\/wp-content\/uploads\/2020\/07\/lighting-colour.jpg\" alt=\"\" \/>\n                <\/div>\n              <\/div>\n            \n          \n      \n    <\/div>\n\n\n  <\/div>\n<\/section>\n\n\n<section class=\"kn-content-section-5\">\n  <div class=\"container\">\n\n    <div class=\"title\" data-aos=\"fade-up\" data-aos-delay=\"100\" data-aos-anchor=\".kn-content-section-5\">\n      <h2 class=\"section-title-text\">\n        Souhaitez-vous en savoir plus ?\n      <\/h2>\n    <\/div>\n\n    <div class=\"items\">\n              <div class=\"item\" data-aos=\"fade-up\" data-aos-delay=\"300\" data-aos-anchor=\".kn-content-section-5\">\n\n          <a class=\"kn-button-1 animated secondary\" href=\"\/fr\/contact\/\">Contactez-nous<\/a>\n\n        <\/div>\n          <\/div>\n\n  <\/div>\n<\/section>\n","protected":false},"excerpt":{"rendered":"","protected":false},"author":5,"featured_media":7234,"parent":10650,"menu_order":0,"comment_status":"closed","ping_status":"closed","template":"","meta":{"_acf_changed":false,"inline_featured_image":false,"_uf_show_specific_survey":0,"_uf_disable_surveys":false,"footnotes":""},"class_list":["post-10707","page","type-page","status-publish","has-post-thumbnail","hentry"],"acf":[],"aioseo_notices":[],"yoast_head":"<!-- This site is optimized with the Yoast SEO plugin v25.6 - https:\/\/yoast.com\/wordpress\/plugins\/seo\/ -->\n<title>Solutions d\u2019\u00c9clairage Sp\u00e9ciales | Kendu<\/title>\n<meta name=\"description\" content=\"Nous concevons et fabriquons des solutions sp\u00e9ciales pour les d\u00e9taillants. Contactez-nous pour plus d\u2019informations.\" \/>\n<meta name=\"robots\" content=\"index, follow, max-snippet:-1, max-image-preview:large, max-video-preview:-1\" \/>\n<link rel=\"canonical\" href=\"http:\/\/www.kendu.com\/fr\/eclairage-retail\/solutions-speciales\/\" \/>\n<meta property=\"og:locale\" content=\"fr_FR\" \/>\n<meta property=\"og:type\" content=\"article\" \/>\n<meta property=\"og:title\" content=\"Solutions d\u2019\u00c9clairage Sp\u00e9ciales | Kendu\" \/>\n<meta property=\"og:description\" content=\"Nous concevons et fabriquons des solutions sp\u00e9ciales pour les d\u00e9taillants. Contactez-nous pour plus d\u2019informations.\" \/>\n<meta property=\"og:url\" content=\"http:\/\/www.kendu.com\/fr\/eclairage-retail\/solutions-speciales\/\" \/>\n<meta property=\"og:site_name\" content=\"Kendu\" \/>\n<meta property=\"article:modified_time\" content=\"2020-09-02T12:30:50+00:00\" \/>\n<meta property=\"og:image\" content=\"https:\/\/www.kendu.com\/wp-content\/uploads\/2020\/07\/bespoke-lighting.jpg\" \/>\n\t<meta property=\"og:image:width\" content=\"622\" \/>\n\t<meta property=\"og:image:height\" content=\"792\" \/>\n\t<meta property=\"og:image:type\" content=\"image\/jpeg\" \/>\n<meta name=\"twitter:card\" content=\"summary_large_image\" \/>\n<meta name=\"twitter:site\" content=\"@kenduinstore\" \/>\n<script type=\"application\/ld+json\" class=\"yoast-schema-graph\">{\"@context\":\"https:\/\/schema.org\",\"@graph\":[{\"@type\":\"WebPage\",\"@id\":\"http:\/\/www.kendu.com\/fr\/eclairage-retail\/solutions-speciales\/\",\"url\":\"http:\/\/www.kendu.com\/fr\/eclairage-retail\/solutions-speciales\/\",\"name\":\"Solutions d\u2019\u00c9clairage Sp\u00e9ciales | Kendu\",\"isPartOf\":{\"@id\":\"https:\/\/www.kendu.com\/fr\/#website\"},\"primaryImageOfPage\":{\"@id\":\"http:\/\/www.kendu.com\/fr\/eclairage-retail\/solutions-speciales\/#primaryimage\"},\"image\":{\"@id\":\"http:\/\/www.kendu.com\/fr\/eclairage-retail\/solutions-speciales\/#primaryimage\"},\"thumbnailUrl\":\"http:\/\/www.kendu.com\/wp-content\/uploads\/2020\/07\/bespoke-lighting.jpg\",\"datePublished\":\"2020-09-02T10:16:03+00:00\",\"dateModified\":\"2020-09-02T12:30:50+00:00\",\"description\":\"Nous concevons et fabriquons des solutions sp\u00e9ciales pour les d\u00e9taillants. Contactez-nous pour plus d\u2019informations.\",\"breadcrumb\":{\"@id\":\"http:\/\/www.kendu.com\/fr\/eclairage-retail\/solutions-speciales\/#breadcrumb\"},\"inLanguage\":\"fr-FR\",\"potentialAction\":[{\"@type\":\"ReadAction\",\"target\":[\"http:\/\/www.kendu.com\/fr\/eclairage-retail\/solutions-speciales\/\"]}]},{\"@type\":\"ImageObject\",\"inLanguage\":\"fr-FR\",\"@id\":\"http:\/\/www.kendu.com\/fr\/eclairage-retail\/solutions-speciales\/#primaryimage\",\"url\":\"http:\/\/www.kendu.com\/wp-content\/uploads\/2020\/07\/bespoke-lighting.jpg\",\"contentUrl\":\"http:\/\/www.kendu.com\/wp-content\/uploads\/2020\/07\/bespoke-lighting.jpg\",\"width\":622,\"height\":792},{\"@type\":\"BreadcrumbList\",\"@id\":\"http:\/\/www.kendu.com\/fr\/eclairage-retail\/solutions-speciales\/#breadcrumb\",\"itemListElement\":[{\"@type\":\"ListItem\",\"position\":1,\"name\":\"Home\",\"item\":\"https:\/\/www.kendu.com\/fr\/\"},{\"@type\":\"ListItem\",\"position\":2,\"name\":\"Lighting Lab\",\"item\":\"https:\/\/www.kendu.com\/fr\/eclairage-retail\/\"},{\"@type\":\"ListItem\",\"position\":3,\"name\":\"Bespoke lighting\"}]},{\"@type\":\"WebSite\",\"@id\":\"https:\/\/www.kendu.com\/fr\/#website\",\"url\":\"https:\/\/www.kendu.com\/fr\/\",\"name\":\"Kendu\",\"description\":\"In-store Visual Solutions\",\"publisher\":{\"@id\":\"https:\/\/www.kendu.com\/fr\/#organization\"},\"potentialAction\":[{\"@type\":\"SearchAction\",\"target\":{\"@type\":\"EntryPoint\",\"urlTemplate\":\"https:\/\/www.kendu.com\/fr\/?s={search_term_string}\"},\"query-input\":{\"@type\":\"PropertyValueSpecification\",\"valueRequired\":true,\"valueName\":\"search_term_string\"}}],\"inLanguage\":\"fr-FR\"},{\"@type\":\"Organization\",\"@id\":\"https:\/\/www.kendu.com\/fr\/#organization\",\"name\":\"Kendu\",\"url\":\"https:\/\/www.kendu.com\/fr\/\",\"logo\":{\"@type\":\"ImageObject\",\"inLanguage\":\"fr-FR\",\"@id\":\"https:\/\/www.kendu.com\/fr\/#\/schema\/logo\/image\/\",\"url\":\"http:\/\/www.kendu.com\/wp-content\/uploads\/2020\/07\/logo-black.svg\",\"contentUrl\":\"http:\/\/www.kendu.com\/wp-content\/uploads\/2020\/07\/logo-black.svg\",\"width\":120,\"height\":32,\"caption\":\"Kendu\"},\"image\":{\"@id\":\"https:\/\/www.kendu.com\/fr\/#\/schema\/logo\/image\/\"},\"sameAs\":[\"https:\/\/x.com\/kenduinstore\",\"https:\/\/www.instagram.com\/kenduinstore\/\",\"https:\/\/www.linkedin.com\/company\/kenduinstore\/\"]}]}<\/script>\n<!-- \/ Yoast SEO plugin. -->","yoast_head_json":{"title":"Solutions d\u2019\u00c9clairage Sp\u00e9ciales | Kendu","description":"Nous concevons et fabriquons des solutions sp\u00e9ciales pour les d\u00e9taillants. Contactez-nous pour plus d\u2019informations.","robots":{"index":"index","follow":"follow","max-snippet":"max-snippet:-1","max-image-preview":"max-image-preview:large","max-video-preview":"max-video-preview:-1"},"canonical":"http:\/\/www.kendu.com\/fr\/eclairage-retail\/solutions-speciales\/","og_locale":"fr_FR","og_type":"article","og_title":"Solutions d\u2019\u00c9clairage Sp\u00e9ciales | Kendu","og_description":"Nous concevons et fabriquons des solutions sp\u00e9ciales pour les d\u00e9taillants. Contactez-nous pour plus d\u2019informations.","og_url":"http:\/\/www.kendu.com\/fr\/eclairage-retail\/solutions-speciales\/","og_site_name":"Kendu","article_modified_time":"2020-09-02T12:30:50+00:00","og_image":[{"width":622,"height":792,"url":"https:\/\/www.kendu.com\/wp-content\/uploads\/2020\/07\/bespoke-lighting.jpg","type":"image\/jpeg"}],"twitter_card":"summary_large_image","twitter_site":"@kenduinstore","schema":{"@context":"https:\/\/schema.org","@graph":[{"@type":"WebPage","@id":"http:\/\/www.kendu.com\/fr\/eclairage-retail\/solutions-speciales\/","url":"http:\/\/www.kendu.com\/fr\/eclairage-retail\/solutions-speciales\/","name":"Solutions d\u2019\u00c9clairage Sp\u00e9ciales | Kendu","isPartOf":{"@id":"https:\/\/www.kendu.com\/fr\/#website"},"primaryImageOfPage":{"@id":"http:\/\/www.kendu.com\/fr\/eclairage-retail\/solutions-speciales\/#primaryimage"},"image":{"@id":"http:\/\/www.kendu.com\/fr\/eclairage-retail\/solutions-speciales\/#primaryimage"},"thumbnailUrl":"http:\/\/www.kendu.com\/wp-content\/uploads\/2020\/07\/bespoke-lighting.jpg","datePublished":"2020-09-02T10:16:03+00:00","dateModified":"2020-09-02T12:30:50+00:00","description":"Nous concevons et fabriquons des solutions sp\u00e9ciales pour les d\u00e9taillants. Contactez-nous pour plus d\u2019informations.","breadcrumb":{"@id":"http:\/\/www.kendu.com\/fr\/eclairage-retail\/solutions-speciales\/#breadcrumb"},"inLanguage":"fr-FR","potentialAction":[{"@type":"ReadAction","target":["http:\/\/www.kendu.com\/fr\/eclairage-retail\/solutions-speciales\/"]}]},{"@type":"ImageObject","inLanguage":"fr-FR","@id":"http:\/\/www.kendu.com\/fr\/eclairage-retail\/solutions-speciales\/#primaryimage","url":"http:\/\/www.kendu.com\/wp-content\/uploads\/2020\/07\/bespoke-lighting.jpg","contentUrl":"http:\/\/www.kendu.com\/wp-content\/uploads\/2020\/07\/bespoke-lighting.jpg","width":622,"height":792},{"@type":"BreadcrumbList","@id":"http:\/\/www.kendu.com\/fr\/eclairage-retail\/solutions-speciales\/#breadcrumb","itemListElement":[{"@type":"ListItem","position":1,"name":"Home","item":"https:\/\/www.kendu.com\/fr\/"},{"@type":"ListItem","position":2,"name":"Lighting Lab","item":"https:\/\/www.kendu.com\/fr\/eclairage-retail\/"},{"@type":"ListItem","position":3,"name":"Bespoke lighting"}]},{"@type":"WebSite","@id":"https:\/\/www.kendu.com\/fr\/#website","url":"https:\/\/www.kendu.com\/fr\/","name":"Kendu","description":"In-store Visual Solutions","publisher":{"@id":"https:\/\/www.kendu.com\/fr\/#organization"},"potentialAction":[{"@type":"SearchAction","target":{"@type":"EntryPoint","urlTemplate":"https:\/\/www.kendu.com\/fr\/?s={search_term_string}"},"query-input":{"@type":"PropertyValueSpecification","valueRequired":true,"valueName":"search_term_string"}}],"inLanguage":"fr-FR"},{"@type":"Organization","@id":"https:\/\/www.kendu.com\/fr\/#organization","name":"Kendu","url":"https:\/\/www.kendu.com\/fr\/","logo":{"@type":"ImageObject","inLanguage":"fr-FR","@id":"https:\/\/www.kendu.com\/fr\/#\/schema\/logo\/image\/","url":"http:\/\/www.kendu.com\/wp-content\/uploads\/2020\/07\/logo-black.svg","contentUrl":"http:\/\/www.kendu.com\/wp-content\/uploads\/2020\/07\/logo-black.svg","width":120,"height":32,"caption":"Kendu"},"image":{"@id":"https:\/\/www.kendu.com\/fr\/#\/schema\/logo\/image\/"},"sameAs":["https:\/\/x.com\/kenduinstore","https:\/\/www.instagram.com\/kenduinstore\/","https:\/\/www.linkedin.com\/company\/kenduinstore\/"]}]}},"_links":{"self":[{"href":"http:\/\/www.kendu.com\/fr\/wp-json\/wp\/v2\/pages\/10707","targetHints":{"allow":["GET"]}}],"collection":[{"href":"http:\/\/www.kendu.com\/fr\/wp-json\/wp\/v2\/pages"}],"about":[{"href":"http:\/\/www.kendu.com\/fr\/wp-json\/wp\/v2\/types\/page"}],"author":[{"embeddable":true,"href":"http:\/\/www.kendu.com\/fr\/wp-json\/wp\/v2\/users\/5"}],"replies":[{"embeddable":true,"href":"http:\/\/www.kendu.com\/fr\/wp-json\/wp\/v2\/comments?post=10707"}],"version-history":[{"count":0,"href":"http:\/\/www.kendu.com\/fr\/wp-json\/wp\/v2\/pages\/10707\/revisions"}],"up":[{"embeddable":true,"href":"http:\/\/www.kendu.com\/fr\/wp-json\/wp\/v2\/pages\/10650"}],"wp:featuredmedia":[{"embeddable":true,"href":"http:\/\/www.kendu.com\/fr\/wp-json\/wp\/v2\/media\/7234"}],"wp:attachment":[{"href":"http:\/\/www.kendu.com\/fr\/wp-json\/wp\/v2\/media?parent=10707"}],"curies":[{"name":"wp","href":"https:\/\/api.w.org\/{rel}","templated":true}]}}