{"id":10587,"date":"2020-09-01T13:17:28","date_gmt":"2020-09-01T13:17:28","guid":{"rendered":"http:\/\/www.kendu.com\/?page_id=10587"},"modified":"2021-06-10T11:10:27","modified_gmt":"2021-06-10T11:10:27","slug":"impression-textile-grand-format","status":"publish","type":"page","link":"http:\/\/www.kendu.com\/fr\/impression-textile-grand-format\/","title":{"rendered":"Printing"},"content":{"rendered":"  <section class=\"kn-featured-1\">\n    <div class=\"background-blur\" style=\"background-image: url(http:\/\/www.kendu.com\/wp-content\/uploads\/2020\/12\/printing.jpg)\"><\/div>\n    <div class=\"inner\">\n\n              <div class=\"upper\" data-aos=\"fade-up\" data-aos-delay=\"300\" data-aos-anchor=\".kn-featured-1\">\n          <span class=\"upper-title\">IMPRESSION DE CAMPAGNES RETAIL<\/span>\n        <\/div>\n      \n              <div class=\"title\" data-aos=\"fade-up\" data-aos-delay=\"100\" data-aos-anchor=\".kn-featured-1\">\n          <h1 class=\"site-title\">Sp\u00e9cialistes en impression num\u00e9rique<\/h1>\n        <\/div>\n      \n      <div class=\"divider-1 divider-white\" data-aos=\"fade-up\" data-aos-delay=\"100\" data-aos-anchor=\".kn-featured-1\"><\/div>\n\n              <div class=\"cta\" data-aos=\"fade-up\" data-aos-delay=\"300\" data-aos-anchor=\".kn-featured-1\">\n                  <a class=\"kn-button-1 animated\" href=\"\/fr\/contact\/\">CONTACTEZ-NOUS<\/a>\n                <\/div>\n          <\/div>\n\n    <div class=\"animation\"><\/div>\n\n  <\/section>\n\n\n<section class=\"kn-content-section-1\">\n  <div class=\"container\">\n\n    \n    <div class=\"title\" data-aos=\"fade-up\" data-aos-delay=\"100\" data-aos-anchor=\".kn-content-section-1\">\n      <h2 class=\"section-title-text\">\n       Impression de campagnes\n      <\/h2>\n    <\/div>\n\n    <div class=\"description\" data-aos=\"fade-up\" data-aos-delay=\"200\" data-aos-anchor=\".kn-content-section-1\">\n      <p>\n        <p>Nous sommes sp\u00e9cialistes sur l&rsquo;impression num\u00e9rique de campagnes publicitaires, avec une capacit\u00e9 d&rsquo;imprimer des textiles de jusqu&rsquo;\u00e0 5 m\u00e8tres de large. Nous disposons des derniers parcs d&rsquo;imprimantes DURST et nous utilisons les techniques d&rsquo;impression directe et par sublimation pour obtenir toujours la meilleure qualit\u00e9 d&rsquo;impression sur toile tondue. D\u00e9couvrez comment nous le r\u00e9alisons.<\/p>\n\n      <\/p>\n    <\/div>\n\n    \n  <\/div>\n<\/section>\n\n\n\n<figure class=\"wp-block-embed is-type-video is-provider-vimeo wp-block-embed-vimeo wp-embed-aspect-16-9 wp-has-aspect-ratio\"><div class=\"wp-block-embed__wrapper\">\n<iframe src=\"https:\/\/player.vimeo.com\/video\/264228714?dnt=1&amp;app_id=122963\" width=\"500\" height=\"281\" frameborder=\"0\" allow=\"autoplay; fullscreen; picture-in-picture; clipboard-write; encrypted-media; web-share\"><\/iframe>\n<\/div><\/figure>\n\n\n\n<div style=\"height:50px\" aria-hidden=\"true\" class=\"wp-block-spacer\"><\/div>\n\n\n<section class=\"kn-content-section-21\">\n  <div class=\"container\">\n  \n\n    <div class=\"items\">\n\n      \n                      <!--elem impares-->\n\n                          <div class=\"service service-1\" data-aos=\"fade-up\" data-aos-delay=\"100\">\n                <div class=\"service-left\">\n                  <span class=\"service-number\" data-aos=\"fade-down\" data-aos-delay=\"200\" data-aos-anchor=\".service-1\">01.<\/span>\n                  <h2 class=\"service-title\" data-aos=\"fade-up\" data-aos-delay=\"300\" data-aos-anchor=\".service-1\">Services Pr\u00e9 impression<\/h2>\n\n                  <p class=\"service-text aos-init aos-animate\" data-aos=\"fade-up\" data-aos-delay=\"400\" data-aos-anchor=\".service-1\">Notre \u00e9quipe de pr\u00e9presse examine toutes les commandes des clients avant d\u2019imprimer pour ajuster ou redimensionner les images, afin qu\u2019elles s\u2019adaptent aux \u00e9crans ou aux lightboxes du client en magasin. Les services suppl\u00e9mentaires comprennent des tests de couleur certifi\u00e9s et l\u2019\u00e9dition du fichier original pour assurer le parfait visuel imprim\u00e9.<\/p>\n\n\n                  \n                <\/div>\n                <div class=\"service-right\" data-aos=\"fade-left\" data-aos-delay=\"400\" data-aos-anchor=\".service-1\">\n                  <img decoding=\"async\" class=\"service-image\" src=\"http:\/\/www.kendu.com\/wp-content\/uploads\/2020\/07\/IMG-4829.jpg\" alt=\"una empleada ajusta una creatividad para ser impresa\" \/>\n                <\/div>\n              <\/div>\n            \n          \n      \n                      <!--elem pares-->\n\n                          <div class=\"service service-2\" data-aos=\"fade-up\" data-aos-delay=\"100\">\n                <div class=\"service-left\" data-aos=\"fade-right\" data-aos-delay=\"400\" data-aos-anchor=\".service-2\">\n                  <img decoding=\"async\" class=\"service-image\" src=\"http:\/\/www.kendu.com\/wp-content\/uploads\/2020\/07\/IMG-42596s.jpg\" alt=\"Kendu's large format printing machines\" \/>\n                <\/div>\n                <div class=\"service-right\">              \n                  <span class=\"service-number\" data-aos=\"fade-down\" data-aos-delay=\"200\" data-aos-anchor=\".service-2\">02.<\/span>\n                  <h2 class=\"service-title\" data-aos=\"fade-up\" data-aos-delay=\"300\" data-aos-anchor=\".service-2\">Capacit\u00e9s d&rsquo;Impression<\/h2>\n\n                  <p class=\"service-text aos-init aos-animate\" data-aos=\"fade-up\" data-aos-delay=\"400\" data-aos-anchor=\".service-2\">\u00c0 l\u2019aide de nos machines Durst de pointe, notre \u00e9quipe d\u2019impression choisit la machine appropri\u00e9e pour les visuels du client. L\u2019\u00e9quipe effectue des ajustements en fonction du mat\u00e9riau, de l\u2019affichage et de l\u2019image, ainsi que des exigences particuli\u00e8res telles que les traitements de couleur.<\/p>\n\n\n                                  <\/div>\n                    \n              <\/div>\n            \n          \n      \n                      <!--elem impares-->\n\n                          <div class=\"service service-3\" data-aos=\"fade-up\" data-aos-delay=\"100\">\n                <div class=\"service-left\">\n                  <span class=\"service-number\" data-aos=\"fade-down\" data-aos-delay=\"200\" data-aos-anchor=\".service-3\">03.<\/span>\n                  <h2 class=\"service-title\" data-aos=\"fade-up\" data-aos-delay=\"300\" data-aos-anchor=\".service-3\">D\u00e9coupe et Couture<\/h2>\n\n                  <p class=\"service-text aos-init aos-animate\" data-aos=\"fade-up\" data-aos-delay=\"400\" data-aos-anchor=\".service-3\">Une fois que tous les visuels sont imprim\u00e9s, ils sont roul\u00e9s sur une bobine et envoy\u00e9s pour \u00eatre d\u00e9coup\u00e9s num\u00e9riquement avec notre machine de d\u00e9coupe haut de gamme Zund. Chaque visuel est coup\u00e9 individuellement avant que la bande de silicone ne soit cousue manuellement sur le p\u00e9rim\u00e8tre.<\/p>\n\n\n                  \n                <\/div>\n                <div class=\"service-right\" data-aos=\"fade-left\" data-aos-delay=\"400\" data-aos-anchor=\".service-3\">\n                  <img decoding=\"async\" class=\"service-image\" src=\"http:\/\/www.kendu.com\/wp-content\/uploads\/2020\/07\/IMG-42680.jpg\" alt=\"detail of a creativity printed by a Kendu printer\" \/>\n                <\/div>\n              <\/div>\n            \n          \n      \n                      <!--elem pares-->\n\n                          <div class=\"service service-4\" data-aos=\"fade-up\" data-aos-delay=\"100\">\n                <div class=\"service-left\" data-aos=\"fade-right\" data-aos-delay=\"400\" data-aos-anchor=\".service-4\">\n                  <img decoding=\"async\" class=\"service-image\" src=\"http:\/\/www.kendu.com\/wp-content\/uploads\/2020\/07\/IMG-4839.jpg\" alt=\"Una empleada etiqueta y organiza una creatividad terminada\" \/>\n                <\/div>\n                <div class=\"service-right\">              \n                  <span class=\"service-number\" data-aos=\"fade-down\" data-aos-delay=\"200\" data-aos-anchor=\".service-4\">04.<\/span>\n                  <h2 class=\"service-title\" data-aos=\"fade-up\" data-aos-delay=\"300\" data-aos-anchor=\".service-4\">Manipulation et \u00c9tiquetage<\/h2>\n\n                  <p class=\"service-text aos-init aos-animate\" data-aos=\"fade-up\" data-aos-delay=\"400\" data-aos-anchor=\".service-4\">Derni\u00e8rement, chaque textile est emball\u00e9 et \u00e9tiquet\u00e9 individuellement pour faciliter son identification et placement une fois livr\u00e9. Notre syst\u00e8me d&rsquo;envoi permet r\u00e9aliser un control des textiles pour la gestion des changements de campagnes sur chaque magasin.<\/p>\n\n\n                                  <\/div>\n                    \n              <\/div>\n            \n          \n      \n    <\/div>\n\n\n  <\/div>\n<\/section>\n\n\n<section class=\"kn-content-section-8\">\n  <div class=\"inner\">\n\n        \n    <main class=\"items\" data-aos=\"fade-up\" data-aos-delay=\"200\" data-aos-anchor=\".kn-content-section-8\">\n\n                    \n                  <div class=\"item item-small\" style=\"background-image: url(http:\/\/www.kendu.com\/wp-content\/uploads\/2020\/12\/contact-e1607592621263.jpg)\">\n        \n          <div class=\"item-content\">\n            <div class=\"item-title\" data-aos=\"fade-up\" data-aos-delay=\"300\" data-aos-anchor=\".kn-content-section-8\">\n              <h3 class=\"header-3\">Voulez-vous parler?<\/h3>\n            <\/div>\n\n            <div class=\"item-description\" data-aos=\"fade-up\" data-aos-delay=\"400\" data-aos-anchor=\".kn-content-section-8\">\n              <p><p>Contactez-nous et ensemble nous \u00e9tudierons la meilleure solution pour vos campagnes.<\/p>\n<\/p>\n            <\/div>\n\n                                          <div class=\"cta\" data-aos=\"fade-up\" data-aos-delay=\"500\" data-aos-anchor=\".kn-content-section-8\">\n                  <a class=\"kn-button-1 primary animated\" href=\"http:\/\/www.kendu.com\/fr\/contact\/\">CONTACTEZ-NOUS<\/a>\n                <\/div>\n                          \n          <\/div>\n        <\/div>\n          <\/main>\n\n<!--\n    <main class=\"items\" data-aos=\"fade-up\" data-aos-delay=\"200\" data-aos-anchor=\".kn-content-section-8\">\n      <div class=\"item\" style=\"background-image: url(http:\/\/www.kendu.com\/wp-content\/themes\/kendu\/assets\/images\/sistema-kit-header.jpg)\">\n\n        <div class=\"item-content\">\n          <div class=\"item-title\" data-aos=\"fade-up\" data-aos-delay=\"300\" data-aos-anchor=\".kn-content-section-8\">\n            <h3 class=\"header-3\">Flowbox<\/h3>\n          <\/div>\n\n          <div class=\"item-description\" data-aos=\"fade-up\" data-aos-delay=\"400\" data-aos-anchor=\".kn-content-section-8\">\n            <p>The system for displaying and exchanging printed textile images.<\/p>\n          <\/div>\n\n          <div class=\"cta\" data-aos=\"fade-up\" data-aos-delay=\"500\" data-aos-anchor=\".kn-content-section-8\">\n            <a class=\"kn-button-1 primary animated\">Get in Touch<\/a>\n          <\/div>\n        <\/div>\n      <\/div>\n\n      <div class=\"item\" style=\"background-image: url(http:\/\/www.kendu.com\/wp-content\/themes\/kendu\/assets\/images\/smartframe-hero.jpg)\">\n\n        <div class=\"item-content\">\n          <div class=\"item-title\" data-aos=\"fade-up\" data-aos-delay=\"300\" data-aos-anchor=\".kn-content-section-8\">\n            <h3 class=\"header-3\">Flowbox<\/h3>\n          <\/div>\n\n          <div class=\"item-description\" data-aos=\"fade-up\" data-aos-delay=\"400\" data-aos-anchor=\".kn-content-section-8\">\n            <p>The system for displaying and exchanging printed textile images.<\/p>\n          <\/div>\n\n          <div class=\"item-cta\" data-aos=\"fade-up\" data-aos-delay=\"500\" data-aos-anchor=\".kn-content-section-8\">\n            <a class=\"kn-button-1 primary animated\">Get in Touch<\/a>\n          <\/div>\n        <\/div>\n      <\/div>\n    <\/main>\n-->\n  <\/div>\n<\/section>\n\n\n<section class=\"kn-content-section-1\">\n  <div class=\"container\">\n\n    \n    <div class=\"title\" data-aos=\"fade-up\" data-aos-delay=\"100\" data-aos-anchor=\".kn-content-section-1\">\n      <h2 class=\"section-title-text\">\n       Solutions Durables\n      <\/h2>\n    <\/div>\n\n    <div class=\"description\" data-aos=\"fade-up\" data-aos-delay=\"200\" data-aos-anchor=\".kn-content-section-1\">\n      <p>\n        <p>Kendu s\u2019efforce de minimiser son impact sur l\u2019environnement et utilise mat\u00e9riaux et des produits \u00e9cologiques. Notre objectif est d\u2019\u00eatre 100% recyclable et 100% vert.<\/p>\n\n      <\/p>\n    <\/div>\n\n          <div class=\"cta\" data-aos=\"fade-up\" data-aos-delay=\"300\" data-aos-anchor=\".kn-content-section-1\">\n        <a class=\"kn-button-1 secondary animated\" href=\"\/fr\/eco-solutions\/\">ECO RETAIL<\/a>\n      <\/div>\n    \n  <\/div>\n<\/section>\n\n\n\n<div style=\"height:90px\" aria-hidden=\"true\" class=\"wp-block-spacer\"><\/div>\n","protected":false},"excerpt":{"rendered":"","protected":false},"author":5,"featured_media":5260,"parent":0,"menu_order":0,"comment_status":"closed","ping_status":"closed","template":"","meta":{"_acf_changed":false,"inline_featured_image":false,"_uf_show_specific_survey":0,"_uf_disable_surveys":false,"footnotes":""},"class_list":["post-10587","page","type-page","status-publish","has-post-thumbnail","hentry"],"acf":[],"aioseo_notices":[],"yoast_head":"<!-- This site is optimized with the Yoast SEO plugin v25.6 - https:\/\/yoast.com\/wordpress\/plugins\/seo\/ -->\n<title>Impression Num\u00e9rique Textile - Campagnes Internationales | Kendu<\/title>\n<meta name=\"description\" content=\"Sp\u00e9cialis\u00e9s sur l&#039;impression de textiles pour caissons lumineux et cadres graphiques. Capacit\u00e9 d&#039;imprimer des campagnes internationales.\" \/>\n<meta name=\"robots\" content=\"index, follow, max-snippet:-1, max-image-preview:large, max-video-preview:-1\" \/>\n<link rel=\"canonical\" href=\"http:\/\/www.kendu.com\/fr\/impression-textile-grand-format\/\" \/>\n<meta property=\"og:locale\" content=\"fr_FR\" \/>\n<meta property=\"og:type\" content=\"article\" \/>\n<meta property=\"og:title\" content=\"Impression Num\u00e9rique Textile - Campagnes Internationales | Kendu\" \/>\n<meta property=\"og:description\" content=\"Sp\u00e9cialis\u00e9s sur l&#039;impression de textiles pour caissons lumineux et cadres graphiques. Capacit\u00e9 d&#039;imprimer des campagnes internationales.\" \/>\n<meta property=\"og:url\" content=\"http:\/\/www.kendu.com\/fr\/impression-textile-grand-format\/\" \/>\n<meta property=\"og:site_name\" content=\"Kendu\" \/>\n<meta property=\"article:modified_time\" content=\"2021-06-10T11:10:27+00:00\" \/>\n<meta property=\"og:image\" content=\"https:\/\/www.kendu.com\/wp-content\/uploads\/2020\/07\/fabric-printing.jpg\" \/>\n\t<meta property=\"og:image:width\" content=\"526\" \/>\n\t<meta property=\"og:image:height\" content=\"535\" \/>\n\t<meta property=\"og:image:type\" content=\"image\/jpeg\" \/>\n<meta name=\"twitter:card\" content=\"summary_large_image\" \/>\n<meta name=\"twitter:site\" content=\"@kenduinstore\" \/>\n<meta name=\"twitter:label1\" content=\"Dur\u00e9e de lecture estim\u00e9e\" \/>\n\t<meta name=\"twitter:data1\" content=\"1 minute\" \/>\n<script type=\"application\/ld+json\" class=\"yoast-schema-graph\">{\"@context\":\"https:\/\/schema.org\",\"@graph\":[{\"@type\":\"WebPage\",\"@id\":\"http:\/\/www.kendu.com\/fr\/impression-textile-grand-format\/\",\"url\":\"http:\/\/www.kendu.com\/fr\/impression-textile-grand-format\/\",\"name\":\"Impression Num\u00e9rique Textile - Campagnes Internationales | Kendu\",\"isPartOf\":{\"@id\":\"http:\/\/www.kendu.com\/fr\/#website\"},\"primaryImageOfPage\":{\"@id\":\"http:\/\/www.kendu.com\/fr\/impression-textile-grand-format\/#primaryimage\"},\"image\":{\"@id\":\"http:\/\/www.kendu.com\/fr\/impression-textile-grand-format\/#primaryimage\"},\"thumbnailUrl\":\"http:\/\/www.kendu.com\/wp-content\/uploads\/2020\/07\/fabric-printing.jpg\",\"datePublished\":\"2020-09-01T13:17:28+00:00\",\"dateModified\":\"2021-06-10T11:10:27+00:00\",\"description\":\"Sp\u00e9cialis\u00e9s sur l'impression de textiles pour caissons lumineux et cadres graphiques. Capacit\u00e9 d'imprimer des campagnes internationales.\",\"breadcrumb\":{\"@id\":\"http:\/\/www.kendu.com\/fr\/impression-textile-grand-format\/#breadcrumb\"},\"inLanguage\":\"fr-FR\",\"potentialAction\":[{\"@type\":\"ReadAction\",\"target\":[\"http:\/\/www.kendu.com\/fr\/impression-textile-grand-format\/\"]}]},{\"@type\":\"ImageObject\",\"inLanguage\":\"fr-FR\",\"@id\":\"http:\/\/www.kendu.com\/fr\/impression-textile-grand-format\/#primaryimage\",\"url\":\"http:\/\/www.kendu.com\/wp-content\/uploads\/2020\/07\/fabric-printing.jpg\",\"contentUrl\":\"http:\/\/www.kendu.com\/wp-content\/uploads\/2020\/07\/fabric-printing.jpg\",\"width\":526,\"height\":535},{\"@type\":\"BreadcrumbList\",\"@id\":\"http:\/\/www.kendu.com\/fr\/impression-textile-grand-format\/#breadcrumb\",\"itemListElement\":[{\"@type\":\"ListItem\",\"position\":1,\"name\":\"Home\",\"item\":\"http:\/\/www.kendu.com\/fr\/\"},{\"@type\":\"ListItem\",\"position\":2,\"name\":\"Printing\"}]},{\"@type\":\"WebSite\",\"@id\":\"http:\/\/www.kendu.com\/fr\/#website\",\"url\":\"http:\/\/www.kendu.com\/fr\/\",\"name\":\"Kendu\",\"description\":\"In-store Visual Solutions\",\"publisher\":{\"@id\":\"http:\/\/www.kendu.com\/fr\/#organization\"},\"potentialAction\":[{\"@type\":\"SearchAction\",\"target\":{\"@type\":\"EntryPoint\",\"urlTemplate\":\"http:\/\/www.kendu.com\/fr\/?s={search_term_string}\"},\"query-input\":{\"@type\":\"PropertyValueSpecification\",\"valueRequired\":true,\"valueName\":\"search_term_string\"}}],\"inLanguage\":\"fr-FR\"},{\"@type\":\"Organization\",\"@id\":\"http:\/\/www.kendu.com\/fr\/#organization\",\"name\":\"Kendu\",\"url\":\"http:\/\/www.kendu.com\/fr\/\",\"logo\":{\"@type\":\"ImageObject\",\"inLanguage\":\"fr-FR\",\"@id\":\"http:\/\/www.kendu.com\/fr\/#\/schema\/logo\/image\/\",\"url\":\"http:\/\/www.kendu.com\/wp-content\/uploads\/2020\/07\/logo-black.svg\",\"contentUrl\":\"http:\/\/www.kendu.com\/wp-content\/uploads\/2020\/07\/logo-black.svg\",\"width\":120,\"height\":32,\"caption\":\"Kendu\"},\"image\":{\"@id\":\"http:\/\/www.kendu.com\/fr\/#\/schema\/logo\/image\/\"},\"sameAs\":[\"https:\/\/x.com\/kenduinstore\",\"https:\/\/www.instagram.com\/kenduinstore\/\",\"https:\/\/www.linkedin.com\/company\/kenduinstore\/\"]}]}<\/script>\n<!-- \/ Yoast SEO plugin. -->","yoast_head_json":{"title":"Impression Num\u00e9rique Textile - Campagnes Internationales | Kendu","description":"Sp\u00e9cialis\u00e9s sur l'impression de textiles pour caissons lumineux et cadres graphiques. Capacit\u00e9 d'imprimer des campagnes internationales.","robots":{"index":"index","follow":"follow","max-snippet":"max-snippet:-1","max-image-preview":"max-image-preview:large","max-video-preview":"max-video-preview:-1"},"canonical":"http:\/\/www.kendu.com\/fr\/impression-textile-grand-format\/","og_locale":"fr_FR","og_type":"article","og_title":"Impression Num\u00e9rique Textile - Campagnes Internationales | Kendu","og_description":"Sp\u00e9cialis\u00e9s sur l'impression de textiles pour caissons lumineux et cadres graphiques. Capacit\u00e9 d'imprimer des campagnes internationales.","og_url":"http:\/\/www.kendu.com\/fr\/impression-textile-grand-format\/","og_site_name":"Kendu","article_modified_time":"2021-06-10T11:10:27+00:00","og_image":[{"width":526,"height":535,"url":"https:\/\/www.kendu.com\/wp-content\/uploads\/2020\/07\/fabric-printing.jpg","type":"image\/jpeg"}],"twitter_card":"summary_large_image","twitter_site":"@kenduinstore","twitter_misc":{"Dur\u00e9e de lecture estim\u00e9e":"1 minute"},"schema":{"@context":"https:\/\/schema.org","@graph":[{"@type":"WebPage","@id":"http:\/\/www.kendu.com\/fr\/impression-textile-grand-format\/","url":"http:\/\/www.kendu.com\/fr\/impression-textile-grand-format\/","name":"Impression Num\u00e9rique Textile - Campagnes Internationales | Kendu","isPartOf":{"@id":"http:\/\/www.kendu.com\/fr\/#website"},"primaryImageOfPage":{"@id":"http:\/\/www.kendu.com\/fr\/impression-textile-grand-format\/#primaryimage"},"image":{"@id":"http:\/\/www.kendu.com\/fr\/impression-textile-grand-format\/#primaryimage"},"thumbnailUrl":"http:\/\/www.kendu.com\/wp-content\/uploads\/2020\/07\/fabric-printing.jpg","datePublished":"2020-09-01T13:17:28+00:00","dateModified":"2021-06-10T11:10:27+00:00","description":"Sp\u00e9cialis\u00e9s sur l'impression de textiles pour caissons lumineux et cadres graphiques. Capacit\u00e9 d'imprimer des campagnes internationales.","breadcrumb":{"@id":"http:\/\/www.kendu.com\/fr\/impression-textile-grand-format\/#breadcrumb"},"inLanguage":"fr-FR","potentialAction":[{"@type":"ReadAction","target":["http:\/\/www.kendu.com\/fr\/impression-textile-grand-format\/"]}]},{"@type":"ImageObject","inLanguage":"fr-FR","@id":"http:\/\/www.kendu.com\/fr\/impression-textile-grand-format\/#primaryimage","url":"http:\/\/www.kendu.com\/wp-content\/uploads\/2020\/07\/fabric-printing.jpg","contentUrl":"http:\/\/www.kendu.com\/wp-content\/uploads\/2020\/07\/fabric-printing.jpg","width":526,"height":535},{"@type":"BreadcrumbList","@id":"http:\/\/www.kendu.com\/fr\/impression-textile-grand-format\/#breadcrumb","itemListElement":[{"@type":"ListItem","position":1,"name":"Home","item":"http:\/\/www.kendu.com\/fr\/"},{"@type":"ListItem","position":2,"name":"Printing"}]},{"@type":"WebSite","@id":"http:\/\/www.kendu.com\/fr\/#website","url":"http:\/\/www.kendu.com\/fr\/","name":"Kendu","description":"In-store Visual Solutions","publisher":{"@id":"http:\/\/www.kendu.com\/fr\/#organization"},"potentialAction":[{"@type":"SearchAction","target":{"@type":"EntryPoint","urlTemplate":"http:\/\/www.kendu.com\/fr\/?s={search_term_string}"},"query-input":{"@type":"PropertyValueSpecification","valueRequired":true,"valueName":"search_term_string"}}],"inLanguage":"fr-FR"},{"@type":"Organization","@id":"http:\/\/www.kendu.com\/fr\/#organization","name":"Kendu","url":"http:\/\/www.kendu.com\/fr\/","logo":{"@type":"ImageObject","inLanguage":"fr-FR","@id":"http:\/\/www.kendu.com\/fr\/#\/schema\/logo\/image\/","url":"http:\/\/www.kendu.com\/wp-content\/uploads\/2020\/07\/logo-black.svg","contentUrl":"http:\/\/www.kendu.com\/wp-content\/uploads\/2020\/07\/logo-black.svg","width":120,"height":32,"caption":"Kendu"},"image":{"@id":"http:\/\/www.kendu.com\/fr\/#\/schema\/logo\/image\/"},"sameAs":["https:\/\/x.com\/kenduinstore","https:\/\/www.instagram.com\/kenduinstore\/","https:\/\/www.linkedin.com\/company\/kenduinstore\/"]}]}},"_links":{"self":[{"href":"http:\/\/www.kendu.com\/fr\/wp-json\/wp\/v2\/pages\/10587","targetHints":{"allow":["GET"]}}],"collection":[{"href":"http:\/\/www.kendu.com\/fr\/wp-json\/wp\/v2\/pages"}],"about":[{"href":"http:\/\/www.kendu.com\/fr\/wp-json\/wp\/v2\/types\/page"}],"author":[{"embeddable":true,"href":"http:\/\/www.kendu.com\/fr\/wp-json\/wp\/v2\/users\/5"}],"replies":[{"embeddable":true,"href":"http:\/\/www.kendu.com\/fr\/wp-json\/wp\/v2\/comments?post=10587"}],"version-history":[{"count":0,"href":"http:\/\/www.kendu.com\/fr\/wp-json\/wp\/v2\/pages\/10587\/revisions"}],"wp:featuredmedia":[{"embeddable":true,"href":"http:\/\/www.kendu.com\/fr\/wp-json\/wp\/v2\/media\/5260"}],"wp:attachment":[{"href":"http:\/\/www.kendu.com\/fr\/wp-json\/wp\/v2\/media?parent=10587"}],"curies":[{"name":"wp","href":"https:\/\/api.w.org\/{rel}","templated":true}]}}