{"id":9657,"date":"2020-08-19T12:22:25","date_gmt":"2020-08-19T12:22:25","guid":{"rendered":"http:\/\/www.kendu.com\/?page_id=9657"},"modified":"2021-06-10T11:07:13","modified_gmt":"2021-06-10T11:07:13","slug":"impresion-textil-gran-formato","status":"publish","type":"page","link":"http:\/\/www.kendu.com\/es\/impresion-textil-gran-formato\/","title":{"rendered":"Printing"},"content":{"rendered":"  <section class=\"kn-featured-1\">\n    <div class=\"background-blur\" style=\"background-image: url(http:\/\/www.kendu.com\/wp-content\/uploads\/2020\/12\/printing.jpg)\"><\/div>\n    <div class=\"inner\">\n\n              <div class=\"upper\" data-aos=\"fade-up\" data-aos-delay=\"300\" data-aos-anchor=\".kn-featured-1\">\n          <span class=\"upper-title\">IMPRESI\u00d3N DE CAMPA\u00d1AS RETAIL<\/span>\n        <\/div>\n      \n              <div class=\"title\" data-aos=\"fade-up\" data-aos-delay=\"100\" data-aos-anchor=\".kn-featured-1\">\n          <h1 class=\"site-title\">Especialistas en impresi\u00f3n digital<\/h1>\n        <\/div>\n      \n      <div class=\"divider-1 divider-white\" data-aos=\"fade-up\" data-aos-delay=\"100\" data-aos-anchor=\".kn-featured-1\"><\/div>\n\n              <div class=\"cta\" data-aos=\"fade-up\" data-aos-delay=\"300\" data-aos-anchor=\".kn-featured-1\">\n                  <a class=\"kn-button-1 animated\" href=\"\/es\/contact\/\">CONT\u00c1CTANOS<\/a>\n                <\/div>\n          <\/div>\n\n    <div class=\"animation\"><\/div>\n\n  <\/section>\n\n\n<section class=\"kn-content-section-1\">\n  <div class=\"container\">\n\n    \n    <div class=\"title\" data-aos=\"fade-up\" data-aos-delay=\"100\" data-aos-anchor=\".kn-content-section-1\">\n      <h2 class=\"section-title-text\">\n       Impresi\u00f3n de campa\u00f1as\n      <\/h2>\n    <\/div>\n\n    <div class=\"description\" data-aos=\"fade-up\" data-aos-delay=\"200\" data-aos-anchor=\".kn-content-section-1\">\n      <p>\n        <p>Somos especialistas en la impresi\u00f3n de campa\u00f1as publicitarias, con la capacidad para imprimir textil de hasta 5 metros de ancho, adem\u00e1s de otros formatos digitales. Contamos con lo \u00faltimo en maquinaria Durst y utilizamos las t\u00e9cnicas de impresi\u00f3n directa y por sublimaci\u00f3n para obtener siempre la mejor calidad de impresi\u00f3n.<\/p>\n\n      <\/p>\n    <\/div>\n\n    \n  <\/div>\n<\/section>\n\n\n\n<figure class=\"wp-block-embed is-type-video is-provider-vimeo wp-block-embed-vimeo wp-embed-aspect-16-9 wp-has-aspect-ratio\"><div class=\"wp-block-embed__wrapper\">\n<iframe src=\"https:\/\/player.vimeo.com\/video\/264228714?dnt=1&amp;app_id=122963\" width=\"500\" height=\"281\" frameborder=\"0\" allow=\"autoplay; fullscreen; picture-in-picture; clipboard-write; encrypted-media; web-share\"><\/iframe>\n<\/div><\/figure>\n\n\n\n<div style=\"height:50px\" aria-hidden=\"true\" class=\"wp-block-spacer\"><\/div>\n\n\n<section class=\"kn-content-section-21\">\n  <div class=\"container\">\n  \n\n    <div class=\"items\">\n\n      \n                      <!--elem impares-->\n\n                          <div class=\"service service-1\" data-aos=\"fade-up\" data-aos-delay=\"100\">\n                <div class=\"service-left\">\n                  <span class=\"service-number\" data-aos=\"fade-down\" data-aos-delay=\"200\" data-aos-anchor=\".service-1\">01.<\/span>\n                  <h2 class=\"service-title\" data-aos=\"fade-up\" data-aos-delay=\"300\" data-aos-anchor=\".service-1\">Servicio de preimpresi\u00f3n<\/h2>\n\n                  <p class=\"service-text aos-init aos-animate\" data-aos=\"fade-up\" data-aos-delay=\"400\" data-aos-anchor=\".service-1\">Nuestro equipo especializado en preimpresi\u00f3n es el encargado de adaptar las creatividades a los formatos de las cajas de luz y marcos con tela tensada. Se realizan las pruebas y ediciones necesarias para asegurar el mejor resultado a la hora de imprimir el textil.<\/p>\n\n\n                  \n                <\/div>\n                <div class=\"service-right\" data-aos=\"fade-left\" data-aos-delay=\"400\" data-aos-anchor=\".service-1\">\n                  <img decoding=\"async\" class=\"service-image\" src=\"http:\/\/www.kendu.com\/wp-content\/uploads\/2020\/07\/IMG-4829.jpg\" alt=\"una empleada ajusta una creatividad para ser impresa\" \/>\n                <\/div>\n              <\/div>\n            \n          \n      \n                      <!--elem pares-->\n\n                          <div class=\"service service-2\" data-aos=\"fade-up\" data-aos-delay=\"100\">\n                <div class=\"service-left\" data-aos=\"fade-right\" data-aos-delay=\"400\" data-aos-anchor=\".service-2\">\n                  <img decoding=\"async\" class=\"service-image\" src=\"http:\/\/www.kendu.com\/wp-content\/uploads\/2020\/07\/IMG-42596s.jpg\" alt=\"Kendu's large format printing machines\" \/>\n                <\/div>\n                <div class=\"service-right\">              \n                  <span class=\"service-number\" data-aos=\"fade-down\" data-aos-delay=\"200\" data-aos-anchor=\".service-2\">02.<\/span>\n                  <h2 class=\"service-title\" data-aos=\"fade-up\" data-aos-delay=\"300\" data-aos-anchor=\".service-2\">Capacidad de impresi\u00f3n<\/h2>\n\n                  <p class=\"service-text aos-init aos-animate\" data-aos=\"fade-up\" data-aos-delay=\"400\" data-aos-anchor=\".service-2\">Contar con lo \u00faltimo en maquinaria Durst nos permite adaptarnos a las necesidades de cada cliente. Nuestro equipo especializado realiza los ajustes necesarios de acuerdo con el material, el soporte y el arte final, adem\u00e1s de otras adaptaciones como los tratamientos de color.<\/p>\n\n\n                                  <\/div>\n                    \n              <\/div>\n            \n          \n      \n                      <!--elem impares-->\n\n                          <div class=\"service service-3\" data-aos=\"fade-up\" data-aos-delay=\"100\">\n                <div class=\"service-left\">\n                  <span class=\"service-number\" data-aos=\"fade-down\" data-aos-delay=\"200\" data-aos-anchor=\".service-3\">03.<\/span>\n                  <h2 class=\"service-title\" data-aos=\"fade-up\" data-aos-delay=\"300\" data-aos-anchor=\".service-3\">Corte y confecci\u00f3n<\/h2>\n\n                  <p class=\"service-text aos-init aos-animate\" data-aos=\"fade-up\" data-aos-delay=\"400\" data-aos-anchor=\".service-3\">Una vez termina la impresi\u00f3n de los visuales, se procede al corte de los mismos mediante maquinaria Zund. Posteriormente se cosen a mano los perfiles de silicona (SEG) en cada textil para que puedan ser utilizados en diferentes soportes.<\/p>\n\n\n                  \n                <\/div>\n                <div class=\"service-right\" data-aos=\"fade-left\" data-aos-delay=\"400\" data-aos-anchor=\".service-3\">\n                  <img decoding=\"async\" class=\"service-image\" src=\"http:\/\/www.kendu.com\/wp-content\/uploads\/2020\/07\/IMG-42680.jpg\" alt=\"detail of a creativity printed by a Kendu printer\" \/>\n                <\/div>\n              <\/div>\n            \n          \n      \n                      <!--elem pares-->\n\n                          <div class=\"service service-4\" data-aos=\"fade-up\" data-aos-delay=\"100\">\n                <div class=\"service-left\" data-aos=\"fade-right\" data-aos-delay=\"400\" data-aos-anchor=\".service-4\">\n                  <img decoding=\"async\" class=\"service-image\" src=\"http:\/\/www.kendu.com\/wp-content\/uploads\/2020\/07\/IMG-4839.jpg\" alt=\"Una empleada etiqueta y organiza una creatividad terminada\" \/>\n                <\/div>\n                <div class=\"service-right\">              \n                  <span class=\"service-number\" data-aos=\"fade-down\" data-aos-delay=\"200\" data-aos-anchor=\".service-4\">04.<\/span>\n                  <h2 class=\"service-title\" data-aos=\"fade-up\" data-aos-delay=\"300\" data-aos-anchor=\".service-4\">Manipulado y etiquetado<\/h2>\n\n                  <p class=\"service-text aos-init aos-animate\" data-aos=\"fade-up\" data-aos-delay=\"400\" data-aos-anchor=\".service-4\">Por \u00faltimo, cada textil es empaquetado y etiquetado individualmente para facilitar su identificaci\u00f3n y colocaci\u00f3n en destino. Nuestro sistema de env\u00edo permite llevar un control de los textiles para la gesti\u00f3n de los cambios de campa\u00f1a en cada tienda.<\/p>\n\n\n                                  <\/div>\n                    \n              <\/div>\n            \n          \n      \n    <\/div>\n\n\n  <\/div>\n<\/section>\n\n\n<section class=\"kn-content-section-8\">\n  <div class=\"inner\">\n\n        \n    <main class=\"items\" data-aos=\"fade-up\" data-aos-delay=\"200\" data-aos-anchor=\".kn-content-section-8\">\n\n                    \n                  <div class=\"item item-small\" style=\"background-image: url(http:\/\/www.kendu.com\/wp-content\/uploads\/2020\/12\/contact-e1607592621263.jpg)\">\n        \n          <div class=\"item-content\">\n            <div class=\"item-title\" data-aos=\"fade-up\" data-aos-delay=\"300\" data-aos-anchor=\".kn-content-section-8\">\n              <h3 class=\"header-3\">\u00bfHablamos?<\/h3>\n            <\/div>\n\n            <div class=\"item-description\" data-aos=\"fade-up\" data-aos-delay=\"400\" data-aos-anchor=\".kn-content-section-8\">\n              <p><p>Ponte en contacto con nosotros y juntos estudiaremos la mejor soluci\u00f3n para tus campa\u00f1as.<\/p>\n<\/p>\n            <\/div>\n\n                                          <div class=\"cta\" data-aos=\"fade-up\" data-aos-delay=\"500\" data-aos-anchor=\".kn-content-section-8\">\n                  <a class=\"kn-button-1 primary animated\" href=\"http:\/\/www.kendu.com\/es\/contacto\/\">CONT\u00c1CTANOS<\/a>\n                <\/div>\n                          \n          <\/div>\n        <\/div>\n          <\/main>\n\n<!--\n    <main class=\"items\" data-aos=\"fade-up\" data-aos-delay=\"200\" data-aos-anchor=\".kn-content-section-8\">\n      <div class=\"item\" style=\"background-image: url(http:\/\/www.kendu.com\/wp-content\/themes\/kendu\/assets\/images\/sistema-kit-header.jpg)\">\n\n        <div class=\"item-content\">\n          <div class=\"item-title\" data-aos=\"fade-up\" data-aos-delay=\"300\" data-aos-anchor=\".kn-content-section-8\">\n            <h3 class=\"header-3\">Flowbox<\/h3>\n          <\/div>\n\n          <div class=\"item-description\" data-aos=\"fade-up\" data-aos-delay=\"400\" data-aos-anchor=\".kn-content-section-8\">\n            <p>The system for displaying and exchanging printed textile images.<\/p>\n          <\/div>\n\n          <div class=\"cta\" data-aos=\"fade-up\" data-aos-delay=\"500\" data-aos-anchor=\".kn-content-section-8\">\n            <a class=\"kn-button-1 primary animated\">Get in Touch<\/a>\n          <\/div>\n        <\/div>\n      <\/div>\n\n      <div class=\"item\" style=\"background-image: url(http:\/\/www.kendu.com\/wp-content\/themes\/kendu\/assets\/images\/smartframe-hero.jpg)\">\n\n        <div class=\"item-content\">\n          <div class=\"item-title\" data-aos=\"fade-up\" data-aos-delay=\"300\" data-aos-anchor=\".kn-content-section-8\">\n            <h3 class=\"header-3\">Flowbox<\/h3>\n          <\/div>\n\n          <div class=\"item-description\" data-aos=\"fade-up\" data-aos-delay=\"400\" data-aos-anchor=\".kn-content-section-8\">\n            <p>The system for displaying and exchanging printed textile images.<\/p>\n          <\/div>\n\n          <div class=\"item-cta\" data-aos=\"fade-up\" data-aos-delay=\"500\" data-aos-anchor=\".kn-content-section-8\">\n            <a class=\"kn-button-1 primary animated\">Get in Touch<\/a>\n          <\/div>\n        <\/div>\n      <\/div>\n    <\/main>\n-->\n  <\/div>\n<\/section>\n\n\n<section class=\"kn-content-section-1\">\n  <div class=\"container\">\n\n    \n    <div class=\"title\" data-aos=\"fade-up\" data-aos-delay=\"100\" data-aos-anchor=\".kn-content-section-1\">\n      <h2 class=\"section-title-text\">\n       Soluciones Eco\n      <\/h2>\n    <\/div>\n\n    <div class=\"description\" data-aos=\"fade-up\" data-aos-delay=\"200\" data-aos-anchor=\".kn-content-section-1\">\n      <p>\n        <p>En Kendu estamos comprometidos con el medio ambiente. Trabajamos para ofrecer nuevas soluciones eco-friendly para el punto de venta, incluido el desarrollo de alternativas sostenibles a al textil impreso.<\/p>\n\n      <\/p>\n    <\/div>\n\n          <div class=\"cta\" data-aos=\"fade-up\" data-aos-delay=\"300\" data-aos-anchor=\".kn-content-section-1\">\n        <a class=\"kn-button-1 secondary animated\" href=\"\/es\/soluciones-eco\/\">ECO RETAIL<\/a>\n      <\/div>\n    \n  <\/div>\n<\/section>\n\n\n\n<div style=\"height:90px\" aria-hidden=\"true\" class=\"wp-block-spacer\"><\/div>\n","protected":false},"excerpt":{"rendered":"","protected":false},"author":5,"featured_media":5261,"parent":0,"menu_order":0,"comment_status":"closed","ping_status":"closed","template":"","meta":{"_acf_changed":false,"inline_featured_image":false,"_uf_show_specific_survey":0,"_uf_disable_surveys":false,"footnotes":""},"class_list":["post-9657","page","type-page","status-publish","has-post-thumbnail","hentry"],"acf":[],"aioseo_notices":[],"yoast_head":"<!-- This site is optimized with the Yoast SEO plugin v25.6 - https:\/\/yoast.com\/wordpress\/plugins\/seo\/ -->\n<title>Impresi\u00f3n Digital - Campa\u00f1as de Retail | Kendu<\/title>\n<meta name=\"description\" content=\"Especialistas en la impresi\u00f3n textil para cajas de luz y marcos de tela tensada. Capacidad para imprimir campa\u00f1as internacionales.\" \/>\n<meta name=\"robots\" content=\"index, follow, max-snippet:-1, max-image-preview:large, max-video-preview:-1\" \/>\n<link rel=\"canonical\" href=\"http:\/\/www.kendu.com\/es\/impresion-textil-gran-formato\/\" \/>\n<meta property=\"og:locale\" content=\"es_ES\" \/>\n<meta property=\"og:type\" content=\"article\" \/>\n<meta property=\"og:title\" content=\"Impresi\u00f3n Digital - Campa\u00f1as de Retail | Kendu\" \/>\n<meta property=\"og:description\" content=\"Especialistas en la impresi\u00f3n textil para cajas de luz y marcos de tela tensada. Capacidad para imprimir campa\u00f1as internacionales.\" \/>\n<meta property=\"og:url\" content=\"http:\/\/www.kendu.com\/es\/impresion-textil-gran-formato\/\" \/>\n<meta property=\"og:site_name\" content=\"Kendu\" \/>\n<meta property=\"article:modified_time\" content=\"2021-06-10T11:07:13+00:00\" \/>\n<meta property=\"og:image\" content=\"https:\/\/www.kendu.com\/wp-content\/uploads\/2020\/07\/fabric-printing.jpg\" \/>\n\t<meta property=\"og:image:width\" content=\"526\" \/>\n\t<meta property=\"og:image:height\" content=\"535\" \/>\n\t<meta property=\"og:image:type\" content=\"image\/jpeg\" \/>\n<meta name=\"twitter:card\" content=\"summary_large_image\" \/>\n<meta name=\"twitter:site\" content=\"@kenduinstore\" \/>\n<meta name=\"twitter:label1\" content=\"Tiempo de lectura\" \/>\n\t<meta name=\"twitter:data1\" content=\"1 minuto\" \/>\n<script type=\"application\/ld+json\" class=\"yoast-schema-graph\">{\"@context\":\"https:\/\/schema.org\",\"@graph\":[{\"@type\":\"WebPage\",\"@id\":\"http:\/\/www.kendu.com\/es\/impresion-textil-gran-formato\/\",\"url\":\"http:\/\/www.kendu.com\/es\/impresion-textil-gran-formato\/\",\"name\":\"Impresi\u00f3n Digital - Campa\u00f1as de Retail | Kendu\",\"isPartOf\":{\"@id\":\"http:\/\/www.kendu.com\/es\/#website\"},\"primaryImageOfPage\":{\"@id\":\"http:\/\/www.kendu.com\/es\/impresion-textil-gran-formato\/#primaryimage\"},\"image\":{\"@id\":\"http:\/\/www.kendu.com\/es\/impresion-textil-gran-formato\/#primaryimage\"},\"thumbnailUrl\":\"http:\/\/www.kendu.com\/wp-content\/uploads\/2020\/07\/fabric-printing.jpg\",\"datePublished\":\"2020-08-19T12:22:25+00:00\",\"dateModified\":\"2021-06-10T11:07:13+00:00\",\"description\":\"Especialistas en la impresi\u00f3n textil para cajas de luz y marcos de tela tensada. Capacidad para imprimir campa\u00f1as internacionales.\",\"breadcrumb\":{\"@id\":\"http:\/\/www.kendu.com\/es\/impresion-textil-gran-formato\/#breadcrumb\"},\"inLanguage\":\"es\",\"potentialAction\":[{\"@type\":\"ReadAction\",\"target\":[\"http:\/\/www.kendu.com\/es\/impresion-textil-gran-formato\/\"]}]},{\"@type\":\"ImageObject\",\"inLanguage\":\"es\",\"@id\":\"http:\/\/www.kendu.com\/es\/impresion-textil-gran-formato\/#primaryimage\",\"url\":\"http:\/\/www.kendu.com\/wp-content\/uploads\/2020\/07\/fabric-printing.jpg\",\"contentUrl\":\"http:\/\/www.kendu.com\/wp-content\/uploads\/2020\/07\/fabric-printing.jpg\",\"width\":526,\"height\":535},{\"@type\":\"BreadcrumbList\",\"@id\":\"http:\/\/www.kendu.com\/es\/impresion-textil-gran-formato\/#breadcrumb\",\"itemListElement\":[{\"@type\":\"ListItem\",\"position\":1,\"name\":\"Home\",\"item\":\"https:\/\/www.kendu.com\/es\/\"},{\"@type\":\"ListItem\",\"position\":2,\"name\":\"Printing\"}]},{\"@type\":\"WebSite\",\"@id\":\"http:\/\/www.kendu.com\/es\/#website\",\"url\":\"http:\/\/www.kendu.com\/es\/\",\"name\":\"Kendu\",\"description\":\"In-store Visual Solutions\",\"publisher\":{\"@id\":\"http:\/\/www.kendu.com\/es\/#organization\"},\"potentialAction\":[{\"@type\":\"SearchAction\",\"target\":{\"@type\":\"EntryPoint\",\"urlTemplate\":\"http:\/\/www.kendu.com\/es\/?s={search_term_string}\"},\"query-input\":{\"@type\":\"PropertyValueSpecification\",\"valueRequired\":true,\"valueName\":\"search_term_string\"}}],\"inLanguage\":\"es\"},{\"@type\":\"Organization\",\"@id\":\"http:\/\/www.kendu.com\/es\/#organization\",\"name\":\"Kendu\",\"url\":\"http:\/\/www.kendu.com\/es\/\",\"logo\":{\"@type\":\"ImageObject\",\"inLanguage\":\"es\",\"@id\":\"http:\/\/www.kendu.com\/es\/#\/schema\/logo\/image\/\",\"url\":\"http:\/\/www.kendu.com\/wp-content\/uploads\/2020\/07\/logo-black.svg\",\"contentUrl\":\"http:\/\/www.kendu.com\/wp-content\/uploads\/2020\/07\/logo-black.svg\",\"width\":120,\"height\":32,\"caption\":\"Kendu\"},\"image\":{\"@id\":\"http:\/\/www.kendu.com\/es\/#\/schema\/logo\/image\/\"},\"sameAs\":[\"https:\/\/x.com\/kenduinstore\",\"https:\/\/www.instagram.com\/kenduinstore\/\",\"https:\/\/www.linkedin.com\/company\/kenduinstore\/\"]}]}<\/script>\n<!-- \/ Yoast SEO plugin. -->","yoast_head_json":{"title":"Impresi\u00f3n Digital - Campa\u00f1as de Retail | Kendu","description":"Especialistas en la impresi\u00f3n textil para cajas de luz y marcos de tela tensada. Capacidad para imprimir campa\u00f1as internacionales.","robots":{"index":"index","follow":"follow","max-snippet":"max-snippet:-1","max-image-preview":"max-image-preview:large","max-video-preview":"max-video-preview:-1"},"canonical":"http:\/\/www.kendu.com\/es\/impresion-textil-gran-formato\/","og_locale":"es_ES","og_type":"article","og_title":"Impresi\u00f3n Digital - Campa\u00f1as de Retail | Kendu","og_description":"Especialistas en la impresi\u00f3n textil para cajas de luz y marcos de tela tensada. Capacidad para imprimir campa\u00f1as internacionales.","og_url":"http:\/\/www.kendu.com\/es\/impresion-textil-gran-formato\/","og_site_name":"Kendu","article_modified_time":"2021-06-10T11:07:13+00:00","og_image":[{"width":526,"height":535,"url":"https:\/\/www.kendu.com\/wp-content\/uploads\/2020\/07\/fabric-printing.jpg","type":"image\/jpeg"}],"twitter_card":"summary_large_image","twitter_site":"@kenduinstore","twitter_misc":{"Tiempo de lectura":"1 minuto"},"schema":{"@context":"https:\/\/schema.org","@graph":[{"@type":"WebPage","@id":"http:\/\/www.kendu.com\/es\/impresion-textil-gran-formato\/","url":"http:\/\/www.kendu.com\/es\/impresion-textil-gran-formato\/","name":"Impresi\u00f3n Digital - Campa\u00f1as de Retail | Kendu","isPartOf":{"@id":"http:\/\/www.kendu.com\/es\/#website"},"primaryImageOfPage":{"@id":"http:\/\/www.kendu.com\/es\/impresion-textil-gran-formato\/#primaryimage"},"image":{"@id":"http:\/\/www.kendu.com\/es\/impresion-textil-gran-formato\/#primaryimage"},"thumbnailUrl":"http:\/\/www.kendu.com\/wp-content\/uploads\/2020\/07\/fabric-printing.jpg","datePublished":"2020-08-19T12:22:25+00:00","dateModified":"2021-06-10T11:07:13+00:00","description":"Especialistas en la impresi\u00f3n textil para cajas de luz y marcos de tela tensada. Capacidad para imprimir campa\u00f1as internacionales.","breadcrumb":{"@id":"http:\/\/www.kendu.com\/es\/impresion-textil-gran-formato\/#breadcrumb"},"inLanguage":"es","potentialAction":[{"@type":"ReadAction","target":["http:\/\/www.kendu.com\/es\/impresion-textil-gran-formato\/"]}]},{"@type":"ImageObject","inLanguage":"es","@id":"http:\/\/www.kendu.com\/es\/impresion-textil-gran-formato\/#primaryimage","url":"http:\/\/www.kendu.com\/wp-content\/uploads\/2020\/07\/fabric-printing.jpg","contentUrl":"http:\/\/www.kendu.com\/wp-content\/uploads\/2020\/07\/fabric-printing.jpg","width":526,"height":535},{"@type":"BreadcrumbList","@id":"http:\/\/www.kendu.com\/es\/impresion-textil-gran-formato\/#breadcrumb","itemListElement":[{"@type":"ListItem","position":1,"name":"Home","item":"https:\/\/www.kendu.com\/es\/"},{"@type":"ListItem","position":2,"name":"Printing"}]},{"@type":"WebSite","@id":"http:\/\/www.kendu.com\/es\/#website","url":"http:\/\/www.kendu.com\/es\/","name":"Kendu","description":"In-store Visual Solutions","publisher":{"@id":"http:\/\/www.kendu.com\/es\/#organization"},"potentialAction":[{"@type":"SearchAction","target":{"@type":"EntryPoint","urlTemplate":"http:\/\/www.kendu.com\/es\/?s={search_term_string}"},"query-input":{"@type":"PropertyValueSpecification","valueRequired":true,"valueName":"search_term_string"}}],"inLanguage":"es"},{"@type":"Organization","@id":"http:\/\/www.kendu.com\/es\/#organization","name":"Kendu","url":"http:\/\/www.kendu.com\/es\/","logo":{"@type":"ImageObject","inLanguage":"es","@id":"http:\/\/www.kendu.com\/es\/#\/schema\/logo\/image\/","url":"http:\/\/www.kendu.com\/wp-content\/uploads\/2020\/07\/logo-black.svg","contentUrl":"http:\/\/www.kendu.com\/wp-content\/uploads\/2020\/07\/logo-black.svg","width":120,"height":32,"caption":"Kendu"},"image":{"@id":"http:\/\/www.kendu.com\/es\/#\/schema\/logo\/image\/"},"sameAs":["https:\/\/x.com\/kenduinstore","https:\/\/www.instagram.com\/kenduinstore\/","https:\/\/www.linkedin.com\/company\/kenduinstore\/"]}]}},"_links":{"self":[{"href":"http:\/\/www.kendu.com\/es\/wp-json\/wp\/v2\/pages\/9657","targetHints":{"allow":["GET"]}}],"collection":[{"href":"http:\/\/www.kendu.com\/es\/wp-json\/wp\/v2\/pages"}],"about":[{"href":"http:\/\/www.kendu.com\/es\/wp-json\/wp\/v2\/types\/page"}],"author":[{"embeddable":true,"href":"http:\/\/www.kendu.com\/es\/wp-json\/wp\/v2\/users\/5"}],"replies":[{"embeddable":true,"href":"http:\/\/www.kendu.com\/es\/wp-json\/wp\/v2\/comments?post=9657"}],"version-history":[{"count":0,"href":"http:\/\/www.kendu.com\/es\/wp-json\/wp\/v2\/pages\/9657\/revisions"}],"wp:featuredmedia":[{"embeddable":true,"href":"http:\/\/www.kendu.com\/es\/wp-json\/wp\/v2\/media\/5261"}],"wp:attachment":[{"href":"http:\/\/www.kendu.com\/es\/wp-json\/wp\/v2\/media?parent=9657"}],"curies":[{"name":"wp","href":"https:\/\/api.w.org\/{rel}","templated":true}]}}