{"id":9629,"date":"2020-08-19T11:20:59","date_gmt":"2020-08-19T11:20:59","guid":{"rendered":"http:\/\/www.kendu.com\/?page_id=9629"},"modified":"2020-09-02T10:08:59","modified_gmt":"2020-09-02T10:08:59","slug":"soluciones-especiales","status":"publish","type":"page","link":"http:\/\/www.kendu.com\/es\/iluminacion-retail\/soluciones-especiales\/","title":{"rendered":"Bespoke lighting"},"content":{"rendered":"  <section class=\"kn-featured-6\">\n    <img decoding=\"async\" src=\"http:\/\/www.kendu.com\/wp-content\/uploads\/2020\/07\/lighting-colour.jpg\" style=\"min-width:30%;\" \/>\n\n    <div class=\"inner\">\n      <div class=\"inner-left\">\n        <div class=\"title\" data-aos=\"fade-up\" data-aos-delay=\"100\" data-aos-anchor=\".kn-featured-6\">\n          <h1 class=\"site-title\">Soluciones Especiales<\/h1>\n        <\/div>\n\n        <div class=\"description\" data-aos=\"fade-up\" data-aos-delay=\"200\" data-aos-anchor=\".kn-featured-6\">\n          <p>Las grandes marcas requieren grandes soluciones. Por eso, dise\u00f1amos y producimos soluciones de iluminaci\u00f3n personalizadas que se adapten a las necesidades propias de cada tienda.<\/p>\n        <\/div>\n\n                  <div class=\"cta\">\n            <span class=\"kn-button-1 hidden-button\"><\/span>\n          <\/div>\n        \n      <\/div>\n\n      <div class=\"inner-right\">\n                              <p>Opciones:<\/p>\n                    <ol>\n                          <li>Iluminaci\u00f3n RGB<\/li>\n                          <li>Luz con intensidad regulable<\/li>\n                          <li>Temperaturas de color personalizadas<\/li>\n                      <\/ol> \n              <\/div>\n\n    <\/div>\n\n    <div class=\"animation\"><\/div>\n  <\/section>\n\n\n<section class=\"kn-content-section-21\">\n  <div class=\"container\">\n  \n\n    <div class=\"items\">\n\n      \n                      <!--elem impares-->\n\n                          <div class=\"service service-1\" data-aos=\"fade-up\" data-aos-delay=\"100\">\n                <div class=\"service-left\">\n                  <span class=\"service-number\" data-aos=\"fade-down\" data-aos-delay=\"200\" data-aos-anchor=\".service-1\">01.<\/span>\n                  <h2 class=\"service-title\" data-aos=\"fade-up\" data-aos-delay=\"300\" data-aos-anchor=\".service-1\">Iluminaci\u00f3n RGB<\/h2>\n\n                  <p class=\"service-text aos-init aos-animate\" data-aos=\"fade-up\" data-aos-delay=\"400\" data-aos-anchor=\".service-1\">Los LED perimetrales RGB pueden programarse para cambiar de color e intensidad, permitiendo crear un elemento din\u00e1mico y colorido. Los m\u00f3dulos RGB funcionan muy bien en cajas de luz de gran formato, especialmente como arco de entrada o para separar o destacar \u00e1reas en tienda.<\/p>\n\n\n                  \n                <\/div>\n                <div class=\"service-right\" data-aos=\"fade-left\" data-aos-delay=\"400\" data-aos-anchor=\".service-1\">\n                  <img decoding=\"async\" class=\"service-image\" src=\"http:\/\/www.kendu.com\/wp-content\/uploads\/2020\/07\/BESPOKE_RGB.jpg\" alt=\"\" \/>\n                <\/div>\n              <\/div>\n            \n          \n      \n                      <!--elem pares-->\n\n                          <div class=\"service service-2\" data-aos=\"fade-up\" data-aos-delay=\"100\">\n                <div class=\"service-left\" data-aos=\"fade-right\" data-aos-delay=\"400\" data-aos-anchor=\".service-2\">\n                  <img decoding=\"async\" class=\"service-image\" src=\"http:\/\/www.kendu.com\/wp-content\/uploads\/2020\/07\/BESPOKE_DIMMABLE.jpg\" alt=\"\" \/>\n                <\/div>\n                <div class=\"service-right\">              \n                  <span class=\"service-number\" data-aos=\"fade-down\" data-aos-delay=\"200\" data-aos-anchor=\".service-2\">02.<\/span>\n                  <h2 class=\"service-title\" data-aos=\"fade-up\" data-aos-delay=\"300\" data-aos-anchor=\".service-2\">Luz con Intensidad Regulable<\/h2>\n\n                  <p class=\"service-text aos-init aos-animate\" data-aos=\"fade-up\" data-aos-delay=\"400\" data-aos-anchor=\".service-2\">Consigue un control absoluto sobre la intensidad en tus cajas de luz para generar diferentes ambientes a lo largo del d\u00eda. Puedes usar los dimmers en toda la tienda o en zonas espec\u00edficas para evocar el estado de \u00e1nimo m\u00e1s apropiado.<\/p>\n\n\n                                  <\/div>\n                    \n              <\/div>\n            \n          \n      \n                      <!--elem impares-->\n\n                          <div class=\"service service-3\" data-aos=\"fade-up\" data-aos-delay=\"100\">\n                <div class=\"service-left\">\n                  <span class=\"service-number\" data-aos=\"fade-down\" data-aos-delay=\"200\" data-aos-anchor=\".service-3\">03.<\/span>\n                  <h2 class=\"service-title\" data-aos=\"fade-up\" data-aos-delay=\"300\" data-aos-anchor=\".service-3\">Temperatura de Color Personalizable<\/h2>\n\n                  <p class=\"service-text aos-init aos-animate\" data-aos=\"fade-up\" data-aos-delay=\"400\" data-aos-anchor=\".service-3\">La temperatura de color standard de nuestras cajas de luz es de 6500K, tambi\u00e9n llamado \u201cCool Daylight\u201d, pero podemos obtener otras temperaturas personalizadas hasta 3000K para cubrir necesidades espec\u00edficas, como soporte de iluminaci\u00f3n de ambiente o para crear ambientes m\u00e1s c\u00e1lidos y lujosos. Realizamos controles para asegurar que la temperatura color sea la adecuada con la elecci\u00f3n del visual.<\/p>\n\n\n                  \n                <\/div>\n                <div class=\"service-right\" data-aos=\"fade-left\" data-aos-delay=\"400\" data-aos-anchor=\".service-3\">\n                  <img decoding=\"async\" class=\"service-image\" src=\"http:\/\/www.kendu.com\/wp-content\/uploads\/2020\/07\/lighting-colour.jpg\" alt=\"\" \/>\n                <\/div>\n              <\/div>\n            \n          \n      \n    <\/div>\n\n\n  <\/div>\n<\/section>\n\n\n<section class=\"kn-content-section-5\">\n  <div class=\"container\">\n\n    <div class=\"title\" data-aos=\"fade-up\" data-aos-delay=\"100\" data-aos-anchor=\".kn-content-section-5\">\n      <h2 class=\"section-title-text\">\n        \u00bfQuieres saber m\u00e1s?\n      <\/h2>\n    <\/div>\n\n    <div class=\"items\">\n              <div class=\"item\" data-aos=\"fade-up\" data-aos-delay=\"300\" data-aos-anchor=\".kn-content-section-5\">\n\n          <a class=\"kn-button-1 animated secondary\" href=\"\/es\/contacto\/\">Cont\u00e1ctanos<\/a>\n\n        <\/div>\n          <\/div>\n\n  <\/div>\n<\/section>\n","protected":false},"excerpt":{"rendered":"","protected":false},"author":5,"featured_media":7235,"parent":9604,"menu_order":0,"comment_status":"closed","ping_status":"closed","template":"","meta":{"_acf_changed":false,"inline_featured_image":false,"_uf_show_specific_survey":0,"_uf_disable_surveys":false,"footnotes":""},"class_list":["post-9629","page","type-page","status-publish","has-post-thumbnail","hentry"],"acf":[],"aioseo_notices":[],"yoast_head":"<!-- This site is optimized with the Yoast SEO plugin v25.6 - https:\/\/yoast.com\/wordpress\/plugins\/seo\/ -->\n<title>Soluciones Especiales de Iluminaci\u00f3n | Kendu<\/title>\n<meta name=\"description\" content=\"Dise\u00f1amos y producimos soluciones de iluminaci\u00f3n personalizadas que se adapten a las necesidades propias de cada tienda.\" \/>\n<meta name=\"robots\" content=\"index, follow, max-snippet:-1, max-image-preview:large, max-video-preview:-1\" \/>\n<link rel=\"canonical\" href=\"http:\/\/www.kendu.com\/es\/iluminacion-retail\/soluciones-especiales\/\" \/>\n<meta property=\"og:locale\" content=\"es_ES\" \/>\n<meta property=\"og:type\" content=\"article\" \/>\n<meta property=\"og:title\" content=\"Soluciones Especiales de Iluminaci\u00f3n | Kendu\" \/>\n<meta property=\"og:description\" content=\"Dise\u00f1amos y producimos soluciones de iluminaci\u00f3n personalizadas que se adapten a las necesidades propias de cada tienda.\" \/>\n<meta property=\"og:url\" content=\"http:\/\/www.kendu.com\/es\/iluminacion-retail\/soluciones-especiales\/\" \/>\n<meta property=\"og:site_name\" content=\"Kendu\" \/>\n<meta property=\"article:modified_time\" content=\"2020-09-02T10:08:59+00:00\" \/>\n<meta property=\"og:image\" content=\"https:\/\/www.kendu.com\/wp-content\/uploads\/2020\/07\/bespoke-lighting.jpg\" \/>\n\t<meta property=\"og:image:width\" content=\"622\" \/>\n\t<meta property=\"og:image:height\" content=\"792\" \/>\n\t<meta property=\"og:image:type\" content=\"image\/jpeg\" \/>\n<meta name=\"twitter:card\" content=\"summary_large_image\" \/>\n<meta name=\"twitter:site\" content=\"@kenduinstore\" \/>\n<script type=\"application\/ld+json\" class=\"yoast-schema-graph\">{\"@context\":\"https:\/\/schema.org\",\"@graph\":[{\"@type\":\"WebPage\",\"@id\":\"http:\/\/www.kendu.com\/es\/iluminacion-retail\/soluciones-especiales\/\",\"url\":\"http:\/\/www.kendu.com\/es\/iluminacion-retail\/soluciones-especiales\/\",\"name\":\"Soluciones Especiales de Iluminaci\u00f3n | Kendu\",\"isPartOf\":{\"@id\":\"http:\/\/www.kendu.com\/es\/#website\"},\"primaryImageOfPage\":{\"@id\":\"http:\/\/www.kendu.com\/es\/iluminacion-retail\/soluciones-especiales\/#primaryimage\"},\"image\":{\"@id\":\"http:\/\/www.kendu.com\/es\/iluminacion-retail\/soluciones-especiales\/#primaryimage\"},\"thumbnailUrl\":\"http:\/\/www.kendu.com\/wp-content\/uploads\/2020\/07\/bespoke-lighting.jpg\",\"datePublished\":\"2020-08-19T11:20:59+00:00\",\"dateModified\":\"2020-09-02T10:08:59+00:00\",\"description\":\"Dise\u00f1amos y producimos soluciones de iluminaci\u00f3n personalizadas que se adapten a las necesidades propias de cada tienda.\",\"breadcrumb\":{\"@id\":\"http:\/\/www.kendu.com\/es\/iluminacion-retail\/soluciones-especiales\/#breadcrumb\"},\"inLanguage\":\"es\",\"potentialAction\":[{\"@type\":\"ReadAction\",\"target\":[\"http:\/\/www.kendu.com\/es\/iluminacion-retail\/soluciones-especiales\/\"]}]},{\"@type\":\"ImageObject\",\"inLanguage\":\"es\",\"@id\":\"http:\/\/www.kendu.com\/es\/iluminacion-retail\/soluciones-especiales\/#primaryimage\",\"url\":\"http:\/\/www.kendu.com\/wp-content\/uploads\/2020\/07\/bespoke-lighting.jpg\",\"contentUrl\":\"http:\/\/www.kendu.com\/wp-content\/uploads\/2020\/07\/bespoke-lighting.jpg\",\"width\":622,\"height\":792},{\"@type\":\"BreadcrumbList\",\"@id\":\"http:\/\/www.kendu.com\/es\/iluminacion-retail\/soluciones-especiales\/#breadcrumb\",\"itemListElement\":[{\"@type\":\"ListItem\",\"position\":1,\"name\":\"Home\",\"item\":\"https:\/\/www.kendu.com\/es\/\"},{\"@type\":\"ListItem\",\"position\":2,\"name\":\"Lighting Lab\",\"item\":\"https:\/\/www.kendu.com\/es\/iluminacion-retail\/\"},{\"@type\":\"ListItem\",\"position\":3,\"name\":\"Bespoke lighting\"}]},{\"@type\":\"WebSite\",\"@id\":\"http:\/\/www.kendu.com\/es\/#website\",\"url\":\"http:\/\/www.kendu.com\/es\/\",\"name\":\"Kendu\",\"description\":\"In-store Visual Solutions\",\"publisher\":{\"@id\":\"http:\/\/www.kendu.com\/es\/#organization\"},\"potentialAction\":[{\"@type\":\"SearchAction\",\"target\":{\"@type\":\"EntryPoint\",\"urlTemplate\":\"http:\/\/www.kendu.com\/es\/?s={search_term_string}\"},\"query-input\":{\"@type\":\"PropertyValueSpecification\",\"valueRequired\":true,\"valueName\":\"search_term_string\"}}],\"inLanguage\":\"es\"},{\"@type\":\"Organization\",\"@id\":\"http:\/\/www.kendu.com\/es\/#organization\",\"name\":\"Kendu\",\"url\":\"http:\/\/www.kendu.com\/es\/\",\"logo\":{\"@type\":\"ImageObject\",\"inLanguage\":\"es\",\"@id\":\"http:\/\/www.kendu.com\/es\/#\/schema\/logo\/image\/\",\"url\":\"http:\/\/www.kendu.com\/wp-content\/uploads\/2020\/07\/logo-black.svg\",\"contentUrl\":\"http:\/\/www.kendu.com\/wp-content\/uploads\/2020\/07\/logo-black.svg\",\"width\":120,\"height\":32,\"caption\":\"Kendu\"},\"image\":{\"@id\":\"http:\/\/www.kendu.com\/es\/#\/schema\/logo\/image\/\"},\"sameAs\":[\"https:\/\/x.com\/kenduinstore\",\"https:\/\/www.instagram.com\/kenduinstore\/\",\"https:\/\/www.linkedin.com\/company\/kenduinstore\/\"]}]}<\/script>\n<!-- \/ Yoast SEO plugin. -->","yoast_head_json":{"title":"Soluciones Especiales de Iluminaci\u00f3n | Kendu","description":"Dise\u00f1amos y producimos soluciones de iluminaci\u00f3n personalizadas que se adapten a las necesidades propias de cada tienda.","robots":{"index":"index","follow":"follow","max-snippet":"max-snippet:-1","max-image-preview":"max-image-preview:large","max-video-preview":"max-video-preview:-1"},"canonical":"http:\/\/www.kendu.com\/es\/iluminacion-retail\/soluciones-especiales\/","og_locale":"es_ES","og_type":"article","og_title":"Soluciones Especiales de Iluminaci\u00f3n | Kendu","og_description":"Dise\u00f1amos y producimos soluciones de iluminaci\u00f3n personalizadas que se adapten a las necesidades propias de cada tienda.","og_url":"http:\/\/www.kendu.com\/es\/iluminacion-retail\/soluciones-especiales\/","og_site_name":"Kendu","article_modified_time":"2020-09-02T10:08:59+00:00","og_image":[{"width":622,"height":792,"url":"https:\/\/www.kendu.com\/wp-content\/uploads\/2020\/07\/bespoke-lighting.jpg","type":"image\/jpeg"}],"twitter_card":"summary_large_image","twitter_site":"@kenduinstore","schema":{"@context":"https:\/\/schema.org","@graph":[{"@type":"WebPage","@id":"http:\/\/www.kendu.com\/es\/iluminacion-retail\/soluciones-especiales\/","url":"http:\/\/www.kendu.com\/es\/iluminacion-retail\/soluciones-especiales\/","name":"Soluciones Especiales de Iluminaci\u00f3n | Kendu","isPartOf":{"@id":"http:\/\/www.kendu.com\/es\/#website"},"primaryImageOfPage":{"@id":"http:\/\/www.kendu.com\/es\/iluminacion-retail\/soluciones-especiales\/#primaryimage"},"image":{"@id":"http:\/\/www.kendu.com\/es\/iluminacion-retail\/soluciones-especiales\/#primaryimage"},"thumbnailUrl":"http:\/\/www.kendu.com\/wp-content\/uploads\/2020\/07\/bespoke-lighting.jpg","datePublished":"2020-08-19T11:20:59+00:00","dateModified":"2020-09-02T10:08:59+00:00","description":"Dise\u00f1amos y producimos soluciones de iluminaci\u00f3n personalizadas que se adapten a las necesidades propias de cada tienda.","breadcrumb":{"@id":"http:\/\/www.kendu.com\/es\/iluminacion-retail\/soluciones-especiales\/#breadcrumb"},"inLanguage":"es","potentialAction":[{"@type":"ReadAction","target":["http:\/\/www.kendu.com\/es\/iluminacion-retail\/soluciones-especiales\/"]}]},{"@type":"ImageObject","inLanguage":"es","@id":"http:\/\/www.kendu.com\/es\/iluminacion-retail\/soluciones-especiales\/#primaryimage","url":"http:\/\/www.kendu.com\/wp-content\/uploads\/2020\/07\/bespoke-lighting.jpg","contentUrl":"http:\/\/www.kendu.com\/wp-content\/uploads\/2020\/07\/bespoke-lighting.jpg","width":622,"height":792},{"@type":"BreadcrumbList","@id":"http:\/\/www.kendu.com\/es\/iluminacion-retail\/soluciones-especiales\/#breadcrumb","itemListElement":[{"@type":"ListItem","position":1,"name":"Home","item":"https:\/\/www.kendu.com\/es\/"},{"@type":"ListItem","position":2,"name":"Lighting Lab","item":"https:\/\/www.kendu.com\/es\/iluminacion-retail\/"},{"@type":"ListItem","position":3,"name":"Bespoke lighting"}]},{"@type":"WebSite","@id":"http:\/\/www.kendu.com\/es\/#website","url":"http:\/\/www.kendu.com\/es\/","name":"Kendu","description":"In-store Visual Solutions","publisher":{"@id":"http:\/\/www.kendu.com\/es\/#organization"},"potentialAction":[{"@type":"SearchAction","target":{"@type":"EntryPoint","urlTemplate":"http:\/\/www.kendu.com\/es\/?s={search_term_string}"},"query-input":{"@type":"PropertyValueSpecification","valueRequired":true,"valueName":"search_term_string"}}],"inLanguage":"es"},{"@type":"Organization","@id":"http:\/\/www.kendu.com\/es\/#organization","name":"Kendu","url":"http:\/\/www.kendu.com\/es\/","logo":{"@type":"ImageObject","inLanguage":"es","@id":"http:\/\/www.kendu.com\/es\/#\/schema\/logo\/image\/","url":"http:\/\/www.kendu.com\/wp-content\/uploads\/2020\/07\/logo-black.svg","contentUrl":"http:\/\/www.kendu.com\/wp-content\/uploads\/2020\/07\/logo-black.svg","width":120,"height":32,"caption":"Kendu"},"image":{"@id":"http:\/\/www.kendu.com\/es\/#\/schema\/logo\/image\/"},"sameAs":["https:\/\/x.com\/kenduinstore","https:\/\/www.instagram.com\/kenduinstore\/","https:\/\/www.linkedin.com\/company\/kenduinstore\/"]}]}},"_links":{"self":[{"href":"http:\/\/www.kendu.com\/es\/wp-json\/wp\/v2\/pages\/9629","targetHints":{"allow":["GET"]}}],"collection":[{"href":"http:\/\/www.kendu.com\/es\/wp-json\/wp\/v2\/pages"}],"about":[{"href":"http:\/\/www.kendu.com\/es\/wp-json\/wp\/v2\/types\/page"}],"author":[{"embeddable":true,"href":"http:\/\/www.kendu.com\/es\/wp-json\/wp\/v2\/users\/5"}],"replies":[{"embeddable":true,"href":"http:\/\/www.kendu.com\/es\/wp-json\/wp\/v2\/comments?post=9629"}],"version-history":[{"count":0,"href":"http:\/\/www.kendu.com\/es\/wp-json\/wp\/v2\/pages\/9629\/revisions"}],"up":[{"embeddable":true,"href":"http:\/\/www.kendu.com\/es\/wp-json\/wp\/v2\/pages\/9604"}],"wp:featuredmedia":[{"embeddable":true,"href":"http:\/\/www.kendu.com\/es\/wp-json\/wp\/v2\/media\/7235"}],"wp:attachment":[{"href":"http:\/\/www.kendu.com\/es\/wp-json\/wp\/v2\/media?parent=9629"}],"curies":[{"name":"wp","href":"https:\/\/api.w.org\/{rel}","templated":true}]}}