{"id":9616,"date":"2020-08-19T11:01:12","date_gmt":"2020-08-19T11:01:12","guid":{"rendered":"http:\/\/www.kendu.com\/?page_id=9616"},"modified":"2020-09-01T13:27:45","modified_gmt":"2020-09-01T13:27:45","slug":"retroiluminacion","status":"publish","type":"page","link":"http:\/\/www.kendu.com\/es\/iluminacion-retail\/retroiluminacion\/","title":{"rendered":"Backlit lighting"},"content":{"rendered":"  <section class=\"kn-featured-6\">\n    <img decoding=\"async\" src=\"http:\/\/www.kendu.com\/wp-content\/uploads\/2020\/08\/backlit-lighting-1920x580-1.jpg\" style=\"min-width:30%;\" \/>\n\n    <div class=\"inner\">\n      <div class=\"inner-left\">\n        <div class=\"title\" data-aos=\"fade-up\" data-aos-delay=\"100\" data-aos-anchor=\".kn-featured-6\">\n          <h1 class=\"site-title\">Retroiluminaci\u00f3n LED<\/h1>\n        <\/div>\n\n        <div class=\"description\" data-aos=\"fade-up\" data-aos-delay=\"200\" data-aos-anchor=\".kn-featured-6\">\n          <p>En Kendu tambi\u00e9n contamos con soluciones de retroiluminaci\u00f3n backlit que recomendamos para las cajas de luz m\u00e1s especiales como las ultrafinas o aquellas con formas irregulares. Aunque en general el consumo es mayor, soluciones como el innovador Fisheye LED permiten crear cajas de luz con una iluminaci\u00f3n muy potente y uniforme.<\/p>\n        <\/div>\n\n                  <div class=\"cta\">\n            <span class=\"kn-button-1 hidden-button\"><\/span>\n          <\/div>\n        \n      <\/div>\n\n      <div class=\"inner-right\">\n                              <p>Ideal para:<\/p>\n                    <ol>\n                          <li>Cajas finas<\/li>\n                          <li>Iluminaci\u00f3n uniforme<\/li>\n                          <li>Cajas de luz peque\u00f1as y\/o de alta calidad<\/li>\n                          <li>Formas especiales y poligonales<\/li>\n                      <\/ol> \n              <\/div>\n\n    <\/div>\n\n    <div class=\"animation\"><\/div>\n  <\/section>\n\n\n<section class=\"kn-content-section-21\">\n  <div class=\"container\">\n  \n\n    <div class=\"items\">\n\n      \n                      <!--elem impares-->\n\n                          <div class=\"service service-1\" data-aos=\"fade-up\" data-aos-delay=\"100\">\n                <div class=\"service-left\">\n                  <span class=\"service-number\" data-aos=\"fade-down\" data-aos-delay=\"200\" data-aos-anchor=\".service-1\">01.<\/span>\n                  <h2 class=\"service-title\" data-aos=\"fade-up\" data-aos-delay=\"300\" data-aos-anchor=\".service-1\">Fisheye Lights<\/h2>\n\n                  <p data-aos=\"fade-up\" data-aos-delay=\"400\" data-aos-anchor=\".service-1\">Los m\u00f3dulos Fisheye son la mejor opci\u00f3n para una iluminaci\u00f3n de gran potencia y uniforme. Encajan a la perfecci\u00f3n en cajas de luz de gran tama\u00f1o y son compatibles con el sistema Smartclip y el packaging Smartframe KIT.<\/p>\n\n\n                  \n                <\/div>\n                <div class=\"service-right\" data-aos=\"fade-left\" data-aos-delay=\"400\" data-aos-anchor=\".service-1\">\n                  <img decoding=\"async\" class=\"service-image\" src=\"http:\/\/www.kendu.com\/wp-content\/uploads\/2020\/07\/BACKLIT_FISHEYE.jpg\" alt=\"\" \/>\n                <\/div>\n              <\/div>\n            \n          \n      \n                      <!--elem pares-->\n\n                          <div class=\"service service-2\" data-aos=\"fade-up\" data-aos-delay=\"100\">\n                <div class=\"service-left\" data-aos=\"fade-right\" data-aos-delay=\"400\" data-aos-anchor=\".service-2\">\n                  <img decoding=\"async\" class=\"service-image\" src=\"http:\/\/www.kendu.com\/wp-content\/uploads\/2020\/07\/BACKLIT_STRIPS.jpg\" alt=\"\" \/>\n                <\/div>\n                <div class=\"service-right\">              \n                  <span class=\"service-number\" data-aos=\"fade-down\" data-aos-delay=\"200\" data-aos-anchor=\".service-2\">02.<\/span>\n                  <h2 class=\"service-title\" data-aos=\"fade-up\" data-aos-delay=\"300\" data-aos-anchor=\".service-2\">Strips Traseros<\/h2>\n\n                  <p data-aos=\"fade-up\" data-aos-delay=\"400\" data-aos-anchor=\".service-2\">Las tiras de luz LED colocadas sobre chapa trasera son perfectas para utilizar con formas irregulares y\/o especiales. Estas cajas de luz tienen tama\u00f1os limitados porque el env\u00edo se realiza montado.<\/p>\n<p data-aos=\"fade-up\" data-aos-delay=\"400\" data-aos-anchor=\".service-2\">\n\n\n                                  <\/div>\n                    \n              <\/div>\n            \n          \n      \n                      <!--elem impares-->\n\n                          <div class=\"service service-3\" data-aos=\"fade-up\" data-aos-delay=\"100\">\n                <div class=\"service-left\">\n                  <span class=\"service-number\" data-aos=\"fade-down\" data-aos-delay=\"200\" data-aos-anchor=\".service-3\">03.<\/span>\n                  <h2 class=\"service-title\" data-aos=\"fade-up\" data-aos-delay=\"300\" data-aos-anchor=\".service-3\">Luxpanel<\/h2>\n\n                  <p data-aos=\"fade-up\" data-aos-delay=\"400\" data-aos-anchor=\".service-3\">Este sistema de retroiluminaci\u00f3n se utiliza en las cajas finas de 31mm y 55mm. Recomendado para cajas de luz peque\u00f1as que requieran alto nivel de calidad.<\/p>\n\n\n                  \n                <\/div>\n                <div class=\"service-right\" data-aos=\"fade-left\" data-aos-delay=\"400\" data-aos-anchor=\".service-3\">\n                  <img decoding=\"async\" class=\"service-image\" src=\"http:\/\/www.kendu.com\/wp-content\/uploads\/2020\/07\/BACKLIT_LUXPANEL.jpg\" alt=\"\" \/>\n                <\/div>\n              <\/div>\n            \n          \n      \n    <\/div>\n\n\n  <\/div>\n<\/section>\n\n\n<section class=\"kn-content-section-5\">\n  <div class=\"container\">\n\n    <div class=\"title\" data-aos=\"fade-up\" data-aos-delay=\"100\" data-aos-anchor=\".kn-content-section-5\">\n      <h2 class=\"section-title-text\">\n        \u00bfQuieres saber m\u00e1s?\n      <\/h2>\n    <\/div>\n\n    <div class=\"items\">\n              <div class=\"item\" data-aos=\"fade-up\" data-aos-delay=\"300\" data-aos-anchor=\".kn-content-section-5\">\n\n          <a class=\"kn-button-1 animated secondary\" href=\"\/es\/contacto\/\">Cont\u00e1ctanos<\/a>\n\n        <\/div>\n          <\/div>\n\n  <\/div>\n<\/section>\n\n\n\n<p><\/p>\n","protected":false},"excerpt":{"rendered":"","protected":false},"author":5,"featured_media":6273,"parent":9604,"menu_order":0,"comment_status":"closed","ping_status":"closed","template":"","meta":{"_acf_changed":false,"inline_featured_image":false,"_uf_show_specific_survey":0,"_uf_disable_surveys":false,"footnotes":""},"class_list":["post-9616","page","type-page","status-publish","has-post-thumbnail","hentry"],"acf":[],"aioseo_notices":[],"yoast_head":"<!-- This site is optimized with the Yoast SEO plugin v25.6 - https:\/\/yoast.com\/wordpress\/plugins\/seo\/ -->\n<title>Retroiluminaci\u00f3n LED | Kendu<\/title>\n<meta name=\"description\" content=\"Contamos con soluciones de retroiluminaci\u00f3n backlit que recomendamos para las cajas de luz m\u00e1s especiales como las ultrafinas o con formas irregulares.\" \/>\n<meta name=\"robots\" content=\"index, follow, max-snippet:-1, max-image-preview:large, max-video-preview:-1\" \/>\n<link rel=\"canonical\" href=\"http:\/\/www.kendu.com\/es\/iluminacion-retail\/retroiluminacion\/\" \/>\n<meta property=\"og:locale\" content=\"es_ES\" \/>\n<meta property=\"og:type\" content=\"article\" \/>\n<meta property=\"og:title\" content=\"Retroiluminaci\u00f3n LED | Kendu\" \/>\n<meta property=\"og:description\" content=\"Contamos con soluciones de retroiluminaci\u00f3n backlit que recomendamos para las cajas de luz m\u00e1s especiales como las ultrafinas o con formas irregulares.\" \/>\n<meta property=\"og:url\" content=\"http:\/\/www.kendu.com\/es\/iluminacion-retail\/retroiluminacion\/\" \/>\n<meta property=\"og:site_name\" content=\"Kendu\" \/>\n<meta property=\"article:modified_time\" content=\"2020-09-01T13:27:45+00:00\" \/>\n<meta property=\"og:image\" content=\"https:\/\/www.kendu.com\/wp-content\/uploads\/2020\/07\/BACKLIT_STRIPS.jpg\" \/>\n\t<meta property=\"og:image:width\" content=\"526\" \/>\n\t<meta property=\"og:image:height\" content=\"535\" \/>\n\t<meta property=\"og:image:type\" content=\"image\/jpeg\" \/>\n<meta name=\"twitter:card\" content=\"summary_large_image\" \/>\n<meta name=\"twitter:site\" content=\"@kenduinstore\" \/>\n<script type=\"application\/ld+json\" class=\"yoast-schema-graph\">{\"@context\":\"https:\/\/schema.org\",\"@graph\":[{\"@type\":\"WebPage\",\"@id\":\"http:\/\/www.kendu.com\/es\/iluminacion-retail\/retroiluminacion\/\",\"url\":\"http:\/\/www.kendu.com\/es\/iluminacion-retail\/retroiluminacion\/\",\"name\":\"Retroiluminaci\u00f3n LED | Kendu\",\"isPartOf\":{\"@id\":\"http:\/\/www.kendu.com\/es\/#website\"},\"primaryImageOfPage\":{\"@id\":\"http:\/\/www.kendu.com\/es\/iluminacion-retail\/retroiluminacion\/#primaryimage\"},\"image\":{\"@id\":\"http:\/\/www.kendu.com\/es\/iluminacion-retail\/retroiluminacion\/#primaryimage\"},\"thumbnailUrl\":\"http:\/\/www.kendu.com\/wp-content\/uploads\/2020\/07\/BACKLIT_STRIPS.jpg\",\"datePublished\":\"2020-08-19T11:01:12+00:00\",\"dateModified\":\"2020-09-01T13:27:45+00:00\",\"description\":\"Contamos con soluciones de retroiluminaci\u00f3n backlit que recomendamos para las cajas de luz m\u00e1s especiales como las ultrafinas o con formas irregulares.\",\"breadcrumb\":{\"@id\":\"http:\/\/www.kendu.com\/es\/iluminacion-retail\/retroiluminacion\/#breadcrumb\"},\"inLanguage\":\"es\",\"potentialAction\":[{\"@type\":\"ReadAction\",\"target\":[\"http:\/\/www.kendu.com\/es\/iluminacion-retail\/retroiluminacion\/\"]}]},{\"@type\":\"ImageObject\",\"inLanguage\":\"es\",\"@id\":\"http:\/\/www.kendu.com\/es\/iluminacion-retail\/retroiluminacion\/#primaryimage\",\"url\":\"http:\/\/www.kendu.com\/wp-content\/uploads\/2020\/07\/BACKLIT_STRIPS.jpg\",\"contentUrl\":\"http:\/\/www.kendu.com\/wp-content\/uploads\/2020\/07\/BACKLIT_STRIPS.jpg\",\"width\":526,\"height\":535},{\"@type\":\"BreadcrumbList\",\"@id\":\"http:\/\/www.kendu.com\/es\/iluminacion-retail\/retroiluminacion\/#breadcrumb\",\"itemListElement\":[{\"@type\":\"ListItem\",\"position\":1,\"name\":\"Home\",\"item\":\"https:\/\/www.kendu.com\/es\/\"},{\"@type\":\"ListItem\",\"position\":2,\"name\":\"Lighting Lab\",\"item\":\"https:\/\/www.kendu.com\/es\/iluminacion-retail\/\"},{\"@type\":\"ListItem\",\"position\":3,\"name\":\"Backlit lighting\"}]},{\"@type\":\"WebSite\",\"@id\":\"http:\/\/www.kendu.com\/es\/#website\",\"url\":\"http:\/\/www.kendu.com\/es\/\",\"name\":\"Kendu\",\"description\":\"In-store Visual Solutions\",\"publisher\":{\"@id\":\"http:\/\/www.kendu.com\/es\/#organization\"},\"potentialAction\":[{\"@type\":\"SearchAction\",\"target\":{\"@type\":\"EntryPoint\",\"urlTemplate\":\"http:\/\/www.kendu.com\/es\/?s={search_term_string}\"},\"query-input\":{\"@type\":\"PropertyValueSpecification\",\"valueRequired\":true,\"valueName\":\"search_term_string\"}}],\"inLanguage\":\"es\"},{\"@type\":\"Organization\",\"@id\":\"http:\/\/www.kendu.com\/es\/#organization\",\"name\":\"Kendu\",\"url\":\"http:\/\/www.kendu.com\/es\/\",\"logo\":{\"@type\":\"ImageObject\",\"inLanguage\":\"es\",\"@id\":\"http:\/\/www.kendu.com\/es\/#\/schema\/logo\/image\/\",\"url\":\"http:\/\/www.kendu.com\/wp-content\/uploads\/2020\/07\/logo-black.svg\",\"contentUrl\":\"http:\/\/www.kendu.com\/wp-content\/uploads\/2020\/07\/logo-black.svg\",\"width\":120,\"height\":32,\"caption\":\"Kendu\"},\"image\":{\"@id\":\"http:\/\/www.kendu.com\/es\/#\/schema\/logo\/image\/\"},\"sameAs\":[\"https:\/\/x.com\/kenduinstore\",\"https:\/\/www.instagram.com\/kenduinstore\/\",\"https:\/\/www.linkedin.com\/company\/kenduinstore\/\"]}]}<\/script>\n<!-- \/ Yoast SEO plugin. -->","yoast_head_json":{"title":"Retroiluminaci\u00f3n LED | Kendu","description":"Contamos con soluciones de retroiluminaci\u00f3n backlit que recomendamos para las cajas de luz m\u00e1s especiales como las ultrafinas o con formas irregulares.","robots":{"index":"index","follow":"follow","max-snippet":"max-snippet:-1","max-image-preview":"max-image-preview:large","max-video-preview":"max-video-preview:-1"},"canonical":"http:\/\/www.kendu.com\/es\/iluminacion-retail\/retroiluminacion\/","og_locale":"es_ES","og_type":"article","og_title":"Retroiluminaci\u00f3n LED | Kendu","og_description":"Contamos con soluciones de retroiluminaci\u00f3n backlit que recomendamos para las cajas de luz m\u00e1s especiales como las ultrafinas o con formas irregulares.","og_url":"http:\/\/www.kendu.com\/es\/iluminacion-retail\/retroiluminacion\/","og_site_name":"Kendu","article_modified_time":"2020-09-01T13:27:45+00:00","og_image":[{"width":526,"height":535,"url":"https:\/\/www.kendu.com\/wp-content\/uploads\/2020\/07\/BACKLIT_STRIPS.jpg","type":"image\/jpeg"}],"twitter_card":"summary_large_image","twitter_site":"@kenduinstore","schema":{"@context":"https:\/\/schema.org","@graph":[{"@type":"WebPage","@id":"http:\/\/www.kendu.com\/es\/iluminacion-retail\/retroiluminacion\/","url":"http:\/\/www.kendu.com\/es\/iluminacion-retail\/retroiluminacion\/","name":"Retroiluminaci\u00f3n LED | Kendu","isPartOf":{"@id":"http:\/\/www.kendu.com\/es\/#website"},"primaryImageOfPage":{"@id":"http:\/\/www.kendu.com\/es\/iluminacion-retail\/retroiluminacion\/#primaryimage"},"image":{"@id":"http:\/\/www.kendu.com\/es\/iluminacion-retail\/retroiluminacion\/#primaryimage"},"thumbnailUrl":"http:\/\/www.kendu.com\/wp-content\/uploads\/2020\/07\/BACKLIT_STRIPS.jpg","datePublished":"2020-08-19T11:01:12+00:00","dateModified":"2020-09-01T13:27:45+00:00","description":"Contamos con soluciones de retroiluminaci\u00f3n backlit que recomendamos para las cajas de luz m\u00e1s especiales como las ultrafinas o con formas irregulares.","breadcrumb":{"@id":"http:\/\/www.kendu.com\/es\/iluminacion-retail\/retroiluminacion\/#breadcrumb"},"inLanguage":"es","potentialAction":[{"@type":"ReadAction","target":["http:\/\/www.kendu.com\/es\/iluminacion-retail\/retroiluminacion\/"]}]},{"@type":"ImageObject","inLanguage":"es","@id":"http:\/\/www.kendu.com\/es\/iluminacion-retail\/retroiluminacion\/#primaryimage","url":"http:\/\/www.kendu.com\/wp-content\/uploads\/2020\/07\/BACKLIT_STRIPS.jpg","contentUrl":"http:\/\/www.kendu.com\/wp-content\/uploads\/2020\/07\/BACKLIT_STRIPS.jpg","width":526,"height":535},{"@type":"BreadcrumbList","@id":"http:\/\/www.kendu.com\/es\/iluminacion-retail\/retroiluminacion\/#breadcrumb","itemListElement":[{"@type":"ListItem","position":1,"name":"Home","item":"https:\/\/www.kendu.com\/es\/"},{"@type":"ListItem","position":2,"name":"Lighting Lab","item":"https:\/\/www.kendu.com\/es\/iluminacion-retail\/"},{"@type":"ListItem","position":3,"name":"Backlit lighting"}]},{"@type":"WebSite","@id":"http:\/\/www.kendu.com\/es\/#website","url":"http:\/\/www.kendu.com\/es\/","name":"Kendu","description":"In-store Visual Solutions","publisher":{"@id":"http:\/\/www.kendu.com\/es\/#organization"},"potentialAction":[{"@type":"SearchAction","target":{"@type":"EntryPoint","urlTemplate":"http:\/\/www.kendu.com\/es\/?s={search_term_string}"},"query-input":{"@type":"PropertyValueSpecification","valueRequired":true,"valueName":"search_term_string"}}],"inLanguage":"es"},{"@type":"Organization","@id":"http:\/\/www.kendu.com\/es\/#organization","name":"Kendu","url":"http:\/\/www.kendu.com\/es\/","logo":{"@type":"ImageObject","inLanguage":"es","@id":"http:\/\/www.kendu.com\/es\/#\/schema\/logo\/image\/","url":"http:\/\/www.kendu.com\/wp-content\/uploads\/2020\/07\/logo-black.svg","contentUrl":"http:\/\/www.kendu.com\/wp-content\/uploads\/2020\/07\/logo-black.svg","width":120,"height":32,"caption":"Kendu"},"image":{"@id":"http:\/\/www.kendu.com\/es\/#\/schema\/logo\/image\/"},"sameAs":["https:\/\/x.com\/kenduinstore","https:\/\/www.instagram.com\/kenduinstore\/","https:\/\/www.linkedin.com\/company\/kenduinstore\/"]}]}},"_links":{"self":[{"href":"http:\/\/www.kendu.com\/es\/wp-json\/wp\/v2\/pages\/9616","targetHints":{"allow":["GET"]}}],"collection":[{"href":"http:\/\/www.kendu.com\/es\/wp-json\/wp\/v2\/pages"}],"about":[{"href":"http:\/\/www.kendu.com\/es\/wp-json\/wp\/v2\/types\/page"}],"author":[{"embeddable":true,"href":"http:\/\/www.kendu.com\/es\/wp-json\/wp\/v2\/users\/5"}],"replies":[{"embeddable":true,"href":"http:\/\/www.kendu.com\/es\/wp-json\/wp\/v2\/comments?post=9616"}],"version-history":[{"count":0,"href":"http:\/\/www.kendu.com\/es\/wp-json\/wp\/v2\/pages\/9616\/revisions"}],"up":[{"embeddable":true,"href":"http:\/\/www.kendu.com\/es\/wp-json\/wp\/v2\/pages\/9604"}],"wp:featuredmedia":[{"embeddable":true,"href":"http:\/\/www.kendu.com\/es\/wp-json\/wp\/v2\/media\/6273"}],"wp:attachment":[{"href":"http:\/\/www.kendu.com\/es\/wp-json\/wp\/v2\/media?parent=9616"}],"curies":[{"name":"wp","href":"https:\/\/api.w.org\/{rel}","templated":true}]}}