{"id":9610,"date":"2020-08-19T10:10:13","date_gmt":"2020-08-19T10:10:13","guid":{"rendered":"http:\/\/www.kendu.com\/?page_id=9610"},"modified":"2020-09-01T13:27:59","modified_gmt":"2020-09-01T13:27:59","slug":"perimetral","status":"publish","type":"page","link":"http:\/\/www.kendu.com\/es\/iluminacion-retail\/perimetral\/","title":{"rendered":"Perimeter Lighting"},"content":{"rendered":"  <section class=\"kn-featured-6\">\n    <img decoding=\"async\" src=\"http:\/\/www.kendu.com\/wp-content\/uploads\/2020\/07\/LIGHTING_PERIMETER.jpg\" style=\"min-width:30%;\" \/>\n\n    <div class=\"inner\">\n      <div class=\"inner-left\">\n        <div class=\"title\" data-aos=\"fade-up\" data-aos-delay=\"100\" data-aos-anchor=\".kn-featured-6\">\n          <h1 class=\"site-title\">Iluminaci\u00f3n perimetral LED<\/h1>\n        <\/div>\n\n        <div class=\"description\" data-aos=\"fade-up\" data-aos-delay=\"200\" data-aos-anchor=\".kn-featured-6\">\n          <p>En Kendu apostamos firmemente por la iluminaci\u00f3n perimetral por sus ventajas a nivel de eficiencia y de facilidad de montaje. No s\u00f3lo contamos con distintos tipos de m\u00f3dulos LED Smartframe, sino que buscamos siempre la soluci\u00f3n que mejor se adapte en funci\u00f3n del tama\u00f1o, ubicaci\u00f3n y presencia de otros elementos de iluminaci\u00f3n.<\/p>\n        <\/div>\n\n                  <div class=\"cta\">\n            <span class=\"kn-button-1 hidden-button\"><\/span>\n          <\/div>\n        \n      <\/div>\n\n      <div class=\"inner-right\">\n                              <p>Ideal para:<\/p>\n                    <ol>\n                          <li>Smartframe KIT<\/li>\n                          <li>Grandes rollouts<\/li>\n                          <li>Env\u00edos internacionales<\/li>\n                          <li>Cajas de luz a doble cara<\/li>\n                      <\/ol> \n              <\/div>\n\n    <\/div>\n\n    <div class=\"animation\"><\/div>\n  <\/section>\n\n\n<section class=\"kn-content-section-21\">\n  <div class=\"container\">\n  \n\n    <div class=\"items\">\n\n      \n                      <!--elem impares-->\n\n                          <div class=\"service service-1\" data-aos=\"fade-up\" data-aos-delay=\"100\">\n                <div class=\"service-left\">\n                  <span class=\"service-number\" data-aos=\"fade-down\" data-aos-delay=\"200\" data-aos-anchor=\".service-1\">01.<\/span>\n                  <h2 class=\"service-title\" data-aos=\"fade-up\" data-aos-delay=\"300\" data-aos-anchor=\".service-1\">M\u00f3dulos Smartframe<\/h2>\n\n                  <p data-aos=\"fade-up\" data-aos-delay=\"400\" data-aos-anchor=\".service-1\">Estos m\u00f3dulos encajan con cajas de luz de cualquier tama\u00f1o y con profundidades de perfil desde 65 hasta 210mm (depende del tama\u00f1o). Latemperatura de color est\u00e1ndar es 6500K ( Cool Daylight).<\/p>\n\n\n                  \n                <\/div>\n                <div class=\"service-right\" data-aos=\"fade-left\" data-aos-delay=\"400\" data-aos-anchor=\".service-1\">\n                  <img decoding=\"async\" class=\"service-image\" src=\"http:\/\/www.kendu.com\/wp-content\/uploads\/2020\/07\/SMARTFRAME-MODULES.jpg\" alt=\"\" \/>\n                <\/div>\n              <\/div>\n            \n          \n      \n                      <!--elem pares-->\n\n                          <div class=\"service service-2\" data-aos=\"fade-up\" data-aos-delay=\"100\">\n                <div class=\"service-left\" data-aos=\"fade-right\" data-aos-delay=\"400\" data-aos-anchor=\".service-2\">\n                  <img decoding=\"async\" class=\"service-image\" src=\"http:\/\/www.kendu.com\/wp-content\/uploads\/2020\/07\/SMARTFRAME-PLUS-MODULES.jpg\" alt=\"\" \/>\n                <\/div>\n                <div class=\"service-right\">              \n                  <span class=\"service-number\" data-aos=\"fade-down\" data-aos-delay=\"200\" data-aos-anchor=\".service-2\">02.<\/span>\n                  <h2 class=\"service-title\" data-aos=\"fade-up\" data-aos-delay=\"300\" data-aos-anchor=\".service-2\">M\u00f3dulos Smartframe Plus<\/h2>\n\n                  <p data-aos=\"fade-up\" data-aos-delay=\"400\" data-aos-anchor=\".service-2\">Son m\u00f3dulos m\u00e1s potentes que no necesitan refuerzos de luz. Perfectos para cajas de gran tama\u00f1o y disponibles en temperaturas de color de 6500K, 5500K y 4000K. Los m\u00f3dulos Smartframe Plus son productos Ecodise\u00f1ados.<\/p>\n\n\n                                  <\/div>\n                    \n              <\/div>\n            \n          \n      \n    <\/div>\n\n\n  <\/div>\n<\/section>\n\n\n<section class=\"kn-content-section-5\">\n  <div class=\"container\">\n\n    <div class=\"title\" data-aos=\"fade-up\" data-aos-delay=\"100\" data-aos-anchor=\".kn-content-section-5\">\n      <h2 class=\"section-title-text\">\n        \u00bfQuieres saber m\u00e1s?\n      <\/h2>\n    <\/div>\n\n    <div class=\"items\">\n              <div class=\"item\" data-aos=\"fade-up\" data-aos-delay=\"300\" data-aos-anchor=\".kn-content-section-5\">\n\n          <a class=\"kn-button-1 animated secondary\" href=\"\/es\/contacto\/\">Cont\u00e1ctanos<\/a>\n\n        <\/div>\n          <\/div>\n\n  <\/div>\n<\/section>\n\n\n\n<p><\/p>\n","protected":false},"excerpt":{"rendered":"","protected":false},"author":5,"featured_media":4644,"parent":9604,"menu_order":0,"comment_status":"closed","ping_status":"closed","template":"","meta":{"_acf_changed":false,"inline_featured_image":false,"_uf_show_specific_survey":0,"_uf_disable_surveys":false,"footnotes":""},"class_list":["post-9610","page","type-page","status-publish","has-post-thumbnail","hentry"],"acf":[],"aioseo_notices":[],"yoast_head":"<!-- This site is optimized with the Yoast SEO plugin v25.6 - https:\/\/yoast.com\/wordpress\/plugins\/seo\/ -->\n<title>Iluminaci\u00f3n Perimetral LED | Kendu<\/title>\n<meta name=\"description\" content=\"En Kendu apostamos firmemente por lailuminaci\u00f3n perimetral por sus ventajas a nivel de eficiencia y de facilidad de montaje. Descubre nuestras soluciones.\" \/>\n<meta name=\"robots\" content=\"index, follow, max-snippet:-1, max-image-preview:large, max-video-preview:-1\" \/>\n<link rel=\"canonical\" href=\"http:\/\/www.kendu.com\/es\/iluminacion-retail\/perimetral\/\" \/>\n<meta property=\"og:locale\" content=\"es_ES\" \/>\n<meta property=\"og:type\" content=\"article\" \/>\n<meta property=\"og:title\" content=\"Iluminaci\u00f3n Perimetral LED | Kendu\" \/>\n<meta property=\"og:description\" content=\"En Kendu apostamos firmemente por lailuminaci\u00f3n perimetral por sus ventajas a nivel de eficiencia y de facilidad de montaje. Descubre nuestras soluciones.\" \/>\n<meta property=\"og:url\" content=\"http:\/\/www.kendu.com\/es\/iluminacion-retail\/perimetral\/\" \/>\n<meta property=\"og:site_name\" content=\"Kendu\" \/>\n<meta property=\"article:modified_time\" content=\"2020-09-01T13:27:59+00:00\" \/>\n<meta property=\"og:image\" content=\"https:\/\/www.kendu.com\/wp-content\/uploads\/2020\/07\/perimeter-led-600x400-1.jpg\" \/>\n\t<meta property=\"og:image:width\" content=\"600\" \/>\n\t<meta property=\"og:image:height\" content=\"400\" \/>\n\t<meta property=\"og:image:type\" content=\"image\/jpeg\" \/>\n<meta name=\"twitter:card\" content=\"summary_large_image\" \/>\n<meta name=\"twitter:site\" content=\"@kenduinstore\" \/>\n<script type=\"application\/ld+json\" class=\"yoast-schema-graph\">{\"@context\":\"https:\/\/schema.org\",\"@graph\":[{\"@type\":\"WebPage\",\"@id\":\"http:\/\/www.kendu.com\/es\/iluminacion-retail\/perimetral\/\",\"url\":\"http:\/\/www.kendu.com\/es\/iluminacion-retail\/perimetral\/\",\"name\":\"Iluminaci\u00f3n Perimetral LED | Kendu\",\"isPartOf\":{\"@id\":\"http:\/\/www.kendu.com\/es\/#website\"},\"primaryImageOfPage\":{\"@id\":\"http:\/\/www.kendu.com\/es\/iluminacion-retail\/perimetral\/#primaryimage\"},\"image\":{\"@id\":\"http:\/\/www.kendu.com\/es\/iluminacion-retail\/perimetral\/#primaryimage\"},\"thumbnailUrl\":\"http:\/\/www.kendu.com\/wp-content\/uploads\/2020\/07\/perimeter-led-600x400-1.jpg\",\"datePublished\":\"2020-08-19T10:10:13+00:00\",\"dateModified\":\"2020-09-01T13:27:59+00:00\",\"description\":\"En Kendu apostamos firmemente por lailuminaci\u00f3n perimetral por sus ventajas a nivel de eficiencia y de facilidad de montaje. Descubre nuestras soluciones.\",\"breadcrumb\":{\"@id\":\"http:\/\/www.kendu.com\/es\/iluminacion-retail\/perimetral\/#breadcrumb\"},\"inLanguage\":\"es\",\"potentialAction\":[{\"@type\":\"ReadAction\",\"target\":[\"http:\/\/www.kendu.com\/es\/iluminacion-retail\/perimetral\/\"]}]},{\"@type\":\"ImageObject\",\"inLanguage\":\"es\",\"@id\":\"http:\/\/www.kendu.com\/es\/iluminacion-retail\/perimetral\/#primaryimage\",\"url\":\"http:\/\/www.kendu.com\/wp-content\/uploads\/2020\/07\/perimeter-led-600x400-1.jpg\",\"contentUrl\":\"http:\/\/www.kendu.com\/wp-content\/uploads\/2020\/07\/perimeter-led-600x400-1.jpg\",\"width\":600,\"height\":400},{\"@type\":\"BreadcrumbList\",\"@id\":\"http:\/\/www.kendu.com\/es\/iluminacion-retail\/perimetral\/#breadcrumb\",\"itemListElement\":[{\"@type\":\"ListItem\",\"position\":1,\"name\":\"Home\",\"item\":\"https:\/\/www.kendu.com\/es\/\"},{\"@type\":\"ListItem\",\"position\":2,\"name\":\"Lighting Lab\",\"item\":\"https:\/\/www.kendu.com\/es\/iluminacion-retail\/\"},{\"@type\":\"ListItem\",\"position\":3,\"name\":\"Perimeter Lighting\"}]},{\"@type\":\"WebSite\",\"@id\":\"http:\/\/www.kendu.com\/es\/#website\",\"url\":\"http:\/\/www.kendu.com\/es\/\",\"name\":\"Kendu\",\"description\":\"In-store Visual Solutions\",\"publisher\":{\"@id\":\"http:\/\/www.kendu.com\/es\/#organization\"},\"potentialAction\":[{\"@type\":\"SearchAction\",\"target\":{\"@type\":\"EntryPoint\",\"urlTemplate\":\"http:\/\/www.kendu.com\/es\/?s={search_term_string}\"},\"query-input\":{\"@type\":\"PropertyValueSpecification\",\"valueRequired\":true,\"valueName\":\"search_term_string\"}}],\"inLanguage\":\"es\"},{\"@type\":\"Organization\",\"@id\":\"http:\/\/www.kendu.com\/es\/#organization\",\"name\":\"Kendu\",\"url\":\"http:\/\/www.kendu.com\/es\/\",\"logo\":{\"@type\":\"ImageObject\",\"inLanguage\":\"es\",\"@id\":\"http:\/\/www.kendu.com\/es\/#\/schema\/logo\/image\/\",\"url\":\"http:\/\/www.kendu.com\/wp-content\/uploads\/2020\/07\/logo-black.svg\",\"contentUrl\":\"http:\/\/www.kendu.com\/wp-content\/uploads\/2020\/07\/logo-black.svg\",\"width\":120,\"height\":32,\"caption\":\"Kendu\"},\"image\":{\"@id\":\"http:\/\/www.kendu.com\/es\/#\/schema\/logo\/image\/\"},\"sameAs\":[\"https:\/\/x.com\/kenduinstore\",\"https:\/\/www.instagram.com\/kenduinstore\/\",\"https:\/\/www.linkedin.com\/company\/kenduinstore\/\"]}]}<\/script>\n<!-- \/ Yoast SEO plugin. -->","yoast_head_json":{"title":"Iluminaci\u00f3n Perimetral LED | Kendu","description":"En Kendu apostamos firmemente por lailuminaci\u00f3n perimetral por sus ventajas a nivel de eficiencia y de facilidad de montaje. Descubre nuestras soluciones.","robots":{"index":"index","follow":"follow","max-snippet":"max-snippet:-1","max-image-preview":"max-image-preview:large","max-video-preview":"max-video-preview:-1"},"canonical":"http:\/\/www.kendu.com\/es\/iluminacion-retail\/perimetral\/","og_locale":"es_ES","og_type":"article","og_title":"Iluminaci\u00f3n Perimetral LED | Kendu","og_description":"En Kendu apostamos firmemente por lailuminaci\u00f3n perimetral por sus ventajas a nivel de eficiencia y de facilidad de montaje. Descubre nuestras soluciones.","og_url":"http:\/\/www.kendu.com\/es\/iluminacion-retail\/perimetral\/","og_site_name":"Kendu","article_modified_time":"2020-09-01T13:27:59+00:00","og_image":[{"width":600,"height":400,"url":"https:\/\/www.kendu.com\/wp-content\/uploads\/2020\/07\/perimeter-led-600x400-1.jpg","type":"image\/jpeg"}],"twitter_card":"summary_large_image","twitter_site":"@kenduinstore","schema":{"@context":"https:\/\/schema.org","@graph":[{"@type":"WebPage","@id":"http:\/\/www.kendu.com\/es\/iluminacion-retail\/perimetral\/","url":"http:\/\/www.kendu.com\/es\/iluminacion-retail\/perimetral\/","name":"Iluminaci\u00f3n Perimetral LED | Kendu","isPartOf":{"@id":"http:\/\/www.kendu.com\/es\/#website"},"primaryImageOfPage":{"@id":"http:\/\/www.kendu.com\/es\/iluminacion-retail\/perimetral\/#primaryimage"},"image":{"@id":"http:\/\/www.kendu.com\/es\/iluminacion-retail\/perimetral\/#primaryimage"},"thumbnailUrl":"http:\/\/www.kendu.com\/wp-content\/uploads\/2020\/07\/perimeter-led-600x400-1.jpg","datePublished":"2020-08-19T10:10:13+00:00","dateModified":"2020-09-01T13:27:59+00:00","description":"En Kendu apostamos firmemente por lailuminaci\u00f3n perimetral por sus ventajas a nivel de eficiencia y de facilidad de montaje. Descubre nuestras soluciones.","breadcrumb":{"@id":"http:\/\/www.kendu.com\/es\/iluminacion-retail\/perimetral\/#breadcrumb"},"inLanguage":"es","potentialAction":[{"@type":"ReadAction","target":["http:\/\/www.kendu.com\/es\/iluminacion-retail\/perimetral\/"]}]},{"@type":"ImageObject","inLanguage":"es","@id":"http:\/\/www.kendu.com\/es\/iluminacion-retail\/perimetral\/#primaryimage","url":"http:\/\/www.kendu.com\/wp-content\/uploads\/2020\/07\/perimeter-led-600x400-1.jpg","contentUrl":"http:\/\/www.kendu.com\/wp-content\/uploads\/2020\/07\/perimeter-led-600x400-1.jpg","width":600,"height":400},{"@type":"BreadcrumbList","@id":"http:\/\/www.kendu.com\/es\/iluminacion-retail\/perimetral\/#breadcrumb","itemListElement":[{"@type":"ListItem","position":1,"name":"Home","item":"https:\/\/www.kendu.com\/es\/"},{"@type":"ListItem","position":2,"name":"Lighting Lab","item":"https:\/\/www.kendu.com\/es\/iluminacion-retail\/"},{"@type":"ListItem","position":3,"name":"Perimeter Lighting"}]},{"@type":"WebSite","@id":"http:\/\/www.kendu.com\/es\/#website","url":"http:\/\/www.kendu.com\/es\/","name":"Kendu","description":"In-store Visual Solutions","publisher":{"@id":"http:\/\/www.kendu.com\/es\/#organization"},"potentialAction":[{"@type":"SearchAction","target":{"@type":"EntryPoint","urlTemplate":"http:\/\/www.kendu.com\/es\/?s={search_term_string}"},"query-input":{"@type":"PropertyValueSpecification","valueRequired":true,"valueName":"search_term_string"}}],"inLanguage":"es"},{"@type":"Organization","@id":"http:\/\/www.kendu.com\/es\/#organization","name":"Kendu","url":"http:\/\/www.kendu.com\/es\/","logo":{"@type":"ImageObject","inLanguage":"es","@id":"http:\/\/www.kendu.com\/es\/#\/schema\/logo\/image\/","url":"http:\/\/www.kendu.com\/wp-content\/uploads\/2020\/07\/logo-black.svg","contentUrl":"http:\/\/www.kendu.com\/wp-content\/uploads\/2020\/07\/logo-black.svg","width":120,"height":32,"caption":"Kendu"},"image":{"@id":"http:\/\/www.kendu.com\/es\/#\/schema\/logo\/image\/"},"sameAs":["https:\/\/x.com\/kenduinstore","https:\/\/www.instagram.com\/kenduinstore\/","https:\/\/www.linkedin.com\/company\/kenduinstore\/"]}]}},"_links":{"self":[{"href":"http:\/\/www.kendu.com\/es\/wp-json\/wp\/v2\/pages\/9610","targetHints":{"allow":["GET"]}}],"collection":[{"href":"http:\/\/www.kendu.com\/es\/wp-json\/wp\/v2\/pages"}],"about":[{"href":"http:\/\/www.kendu.com\/es\/wp-json\/wp\/v2\/types\/page"}],"author":[{"embeddable":true,"href":"http:\/\/www.kendu.com\/es\/wp-json\/wp\/v2\/users\/5"}],"replies":[{"embeddable":true,"href":"http:\/\/www.kendu.com\/es\/wp-json\/wp\/v2\/comments?post=9610"}],"version-history":[{"count":0,"href":"http:\/\/www.kendu.com\/es\/wp-json\/wp\/v2\/pages\/9610\/revisions"}],"up":[{"embeddable":true,"href":"http:\/\/www.kendu.com\/es\/wp-json\/wp\/v2\/pages\/9604"}],"wp:featuredmedia":[{"embeddable":true,"href":"http:\/\/www.kendu.com\/es\/wp-json\/wp\/v2\/media\/4644"}],"wp:attachment":[{"href":"http:\/\/www.kendu.com\/es\/wp-json\/wp\/v2\/media?parent=9610"}],"curies":[{"name":"wp","href":"https:\/\/api.w.org\/{rel}","templated":true}]}}