{"id":13752,"date":"2021-05-05T14:22:23","date_gmt":"2021-05-05T14:22:23","guid":{"rendered":"http:\/\/www.kendu.com\/?page_id=13752"},"modified":"2025-02-25T16:07:18","modified_gmt":"2025-02-25T16:07:18","slug":"politica-ambiental","status":"publish","type":"page","link":"http:\/\/www.kendu.com\/es\/politica-ambiental\/","title":{"rendered":"Pol\u00edtica Ambiental"},"content":{"rendered":"\n<h2 class=\"wp-block-heading\">POL\u00cdTICA DE COMPROMISO AMBIENTAL<\/h2>\n\n\n\n<div style=\"height:30px\" aria-hidden=\"true\" class=\"wp-block-spacer\"><\/div>\n\n\n\n<p><strong>KENDU RETAIL, S.L. reconoce la importancia de proteger el medio ambiente y de minimizar el impacto que genera la actividad de la empresa en la naturaleza. Por ello, somos conscientes de cada acci\u00f3n que tomamos, as\u00ed como de sus consecuencias. Estamos involucrados plenamente en el proceso e implementaci\u00f3n que suponen estas acciones incluidas en nuestro plan estrat\u00e9gico de la empresa.<\/strong><\/p>\n\n\n\n<p>En Kendu, nos mueve la sostenibilidad, es por eso que tenemos implantada una filosof\u00eda y un estilo de vida sostenible denominado <strong>\u201cWe Live Blue\u201d<\/strong>: Las personas como la organizaci\u00f3n est\u00e1n perfectamente alineadas para poder llevar a cabo los objetivos comunes. En esta l\u00ednea, contamos con un equipo multidisciplinar que se basa en los ODS (Objetivo de Desarrollo Sostenible) de la ONU, desde donde impulsamos las iniciativas, objetivos y tareas a realizar.<\/p>\n\n\n\n<p>Adem\u00e1s, incitamos las buenas pr\u00e1cticas del d\u00eda a d\u00eda entre nuestros empleados, dentro y fuera de las oficinas: uso responsable de las luces, utilizar las escaleras, controlar el uso del aire acondicionado y el agua, evitar el uso de vasos y envases de pl\u00e1stico y promocionar h\u00e1bitos de vida saludables. Todo esto queda reforzado con mensajes y carteles repartidos por toda la empresa.<\/p>\n\n\n\n<p>Tambi\u00e9n contamos con un \u201cEco News\u201d mensual en el que comunicamos a todos nuestros empleados actualizaciones sobre nuestras metas e intenciones sostenibles.<\/p>\n\n\n\n<p>Igualmente, somos rigurosos y selectivos a la hora de elegir a nuestros proveedores: requerimos que cuenten con certificados, que realicen buenas pr\u00e1cticas y que, asimismo, sean respetuosos con el medio ambiente.<\/p>\n\n\n\n<p>Queremos ser tambi\u00e9n un buen ejemplo para los clientes y la sociedad en general, por ello:<\/p>\n\n\n\n<p>a) Dise\u00f1amos nuestros productos generando el menor consumo posible.<\/p>\n\n\n\n<p>b) Reducimos la huella de carbono.<\/p>\n\n\n\n<p>c) Nos basamos en el eco-dise\u00f1o y la b\u00fasqueda de eco-materiales. Contamos con la certificaci\u00f3n ISO 14006.<\/p>\n\n\n\n<p>d) Reutilizamos, reciclamos y reducimos al m\u00e1ximo nuestro residuo, siguiendo los principios de la econom\u00eda circular.<\/p>\n\n\n\n<h3 class=\"wp-block-heading\">Titular y actualizaci\u00f3n de la pol\u00edtica<\/h3>\n\n\n\n<p>El titular de esta pol\u00edtica es el Management Team de Kendu. Cualquier modificaci\u00f3n posterior sustancial de esta pol\u00edtica se comunicar\u00e1 a los empleados a trav\u00e9s de un correo electr\u00f3nico y la actualizaci\u00f3n de esta en la intranet.<\/p>\n\n\n\n<p>El contenido de esta pol\u00edtica constituye un proceso de mejora continua que se ver\u00e1 reflejado en las revisiones anuales de este documento.<\/p>\n\n\n\n<p>Esta pol\u00edtica fue aprobada por el Management Team en abril de 2021.<\/p>\n\n\n\n<div style=\"height:30px\" aria-hidden=\"true\" class=\"wp-block-spacer\"><\/div>\n\n\n\n<p>Joseba Ega\u00f1a  &#8211; CEO &amp; Founder<\/p>\n","protected":false},"excerpt":{"rendered":"<p>POL\u00cdTICA DE COMPROMISO AMBIENTAL KENDU RETAIL, S.L. reconoce la importancia de proteger el medio ambiente y de minimizar el impacto que genera la actividad de la empresa en la naturaleza. Por ello, somos conscientes de cada acci\u00f3n que tomamos, as\u00ed como de sus consecuencias. Estamos involucrados plenamente en el proceso e implementaci\u00f3n que suponen estas [&hellip;]<\/p>\n","protected":false},"author":5,"featured_media":0,"parent":0,"menu_order":0,"comment_status":"closed","ping_status":"closed","template":"page-fulltext.php","meta":{"_acf_changed":false,"inline_featured_image":false,"_uf_show_specific_survey":0,"_uf_disable_surveys":false,"footnotes":""},"class_list":["post-13752","page","type-page","status-publish","hentry"],"acf":[],"aioseo_notices":[],"yoast_head":"<!-- This site is optimized with the Yoast SEO plugin v25.6 - https:\/\/yoast.com\/wordpress\/plugins\/seo\/ -->\n<title>Pol\u00edtica de Compromiso Ambiental | Kendu<\/title>\n<meta name=\"robots\" content=\"noindex, nofollow\" \/>\n<meta property=\"og:locale\" content=\"es_ES\" \/>\n<meta property=\"og:type\" content=\"article\" \/>\n<meta property=\"og:title\" content=\"Pol\u00edtica de Compromiso Ambiental | Kendu\" \/>\n<meta property=\"og:description\" content=\"POL\u00cdTICA DE COMPROMISO AMBIENTAL KENDU RETAIL, S.L. reconoce la importancia de proteger el medio ambiente y de minimizar el impacto que genera la actividad de la empresa en la naturaleza. Por ello, somos conscientes de cada acci\u00f3n que tomamos, as\u00ed como de sus consecuencias. Estamos involucrados plenamente en el proceso e implementaci\u00f3n que suponen estas [&hellip;]\" \/>\n<meta property=\"og:url\" content=\"http:\/\/www.kendu.com\/es\/politica-ambiental\/\" \/>\n<meta property=\"og:site_name\" content=\"Kendu\" \/>\n<meta property=\"article:modified_time\" content=\"2025-02-25T16:07:18+00:00\" \/>\n<meta property=\"og:image\" content=\"http:\/\/www.kendu.com\/wp-content\/uploads\/2020\/02\/showroom-kendu.jpg\" \/>\n\t<meta property=\"og:image:width\" content=\"500\" \/>\n\t<meta property=\"og:image:height\" content=\"500\" \/>\n\t<meta property=\"og:image:type\" content=\"image\/jpeg\" \/>\n<meta name=\"twitter:card\" content=\"summary_large_image\" \/>\n<meta name=\"twitter:site\" content=\"@kenduinstore\" \/>\n<meta name=\"twitter:label1\" content=\"Tiempo de lectura\" \/>\n\t<meta name=\"twitter:data1\" content=\"2 minutos\" \/>\n<script type=\"application\/ld+json\" class=\"yoast-schema-graph\">{\"@context\":\"https:\/\/schema.org\",\"@graph\":[{\"@type\":\"WebPage\",\"@id\":\"http:\/\/www.kendu.com\/es\/politica-ambiental\/\",\"url\":\"http:\/\/www.kendu.com\/es\/politica-ambiental\/\",\"name\":\"Pol\u00edtica de Compromiso Ambiental | Kendu\",\"isPartOf\":{\"@id\":\"http:\/\/www.kendu.com\/es\/#website\"},\"datePublished\":\"2021-05-05T14:22:23+00:00\",\"dateModified\":\"2025-02-25T16:07:18+00:00\",\"breadcrumb\":{\"@id\":\"http:\/\/www.kendu.com\/es\/politica-ambiental\/#breadcrumb\"},\"inLanguage\":\"es\",\"potentialAction\":[{\"@type\":\"ReadAction\",\"target\":[\"http:\/\/www.kendu.com\/es\/politica-ambiental\/\"]}]},{\"@type\":\"BreadcrumbList\",\"@id\":\"http:\/\/www.kendu.com\/es\/politica-ambiental\/#breadcrumb\",\"itemListElement\":[{\"@type\":\"ListItem\",\"position\":1,\"name\":\"Home\",\"item\":\"https:\/\/www.kendu.com\/es\/\"},{\"@type\":\"ListItem\",\"position\":2,\"name\":\"Pol\u00edtica Ambiental\"}]},{\"@type\":\"WebSite\",\"@id\":\"http:\/\/www.kendu.com\/es\/#website\",\"url\":\"http:\/\/www.kendu.com\/es\/\",\"name\":\"Kendu\",\"description\":\"In-store Visual Solutions\",\"publisher\":{\"@id\":\"http:\/\/www.kendu.com\/es\/#organization\"},\"potentialAction\":[{\"@type\":\"SearchAction\",\"target\":{\"@type\":\"EntryPoint\",\"urlTemplate\":\"http:\/\/www.kendu.com\/es\/?s={search_term_string}\"},\"query-input\":{\"@type\":\"PropertyValueSpecification\",\"valueRequired\":true,\"valueName\":\"search_term_string\"}}],\"inLanguage\":\"es\"},{\"@type\":\"Organization\",\"@id\":\"http:\/\/www.kendu.com\/es\/#organization\",\"name\":\"Kendu\",\"url\":\"http:\/\/www.kendu.com\/es\/\",\"logo\":{\"@type\":\"ImageObject\",\"inLanguage\":\"es\",\"@id\":\"http:\/\/www.kendu.com\/es\/#\/schema\/logo\/image\/\",\"url\":\"http:\/\/www.kendu.com\/wp-content\/uploads\/2020\/07\/logo-black.svg\",\"contentUrl\":\"http:\/\/www.kendu.com\/wp-content\/uploads\/2020\/07\/logo-black.svg\",\"width\":120,\"height\":32,\"caption\":\"Kendu\"},\"image\":{\"@id\":\"http:\/\/www.kendu.com\/es\/#\/schema\/logo\/image\/\"},\"sameAs\":[\"https:\/\/x.com\/kenduinstore\",\"https:\/\/www.instagram.com\/kenduinstore\/\",\"https:\/\/www.linkedin.com\/company\/kenduinstore\/\"]}]}<\/script>\n<!-- \/ Yoast SEO plugin. -->","yoast_head_json":{"title":"Pol\u00edtica de Compromiso Ambiental | Kendu","robots":{"index":"noindex","follow":"nofollow"},"og_locale":"es_ES","og_type":"article","og_title":"Pol\u00edtica de Compromiso Ambiental | Kendu","og_description":"POL\u00cdTICA DE COMPROMISO AMBIENTAL KENDU RETAIL, S.L. reconoce la importancia de proteger el medio ambiente y de minimizar el impacto que genera la actividad de la empresa en la naturaleza. Por ello, somos conscientes de cada acci\u00f3n que tomamos, as\u00ed como de sus consecuencias. Estamos involucrados plenamente en el proceso e implementaci\u00f3n que suponen estas [&hellip;]","og_url":"http:\/\/www.kendu.com\/es\/politica-ambiental\/","og_site_name":"Kendu","article_modified_time":"2025-02-25T16:07:18+00:00","og_image":[{"width":500,"height":500,"url":"http:\/\/www.kendu.com\/wp-content\/uploads\/2020\/02\/showroom-kendu.jpg","type":"image\/jpeg"}],"twitter_card":"summary_large_image","twitter_site":"@kenduinstore","twitter_misc":{"Tiempo de lectura":"2 minutos"},"schema":{"@context":"https:\/\/schema.org","@graph":[{"@type":"WebPage","@id":"http:\/\/www.kendu.com\/es\/politica-ambiental\/","url":"http:\/\/www.kendu.com\/es\/politica-ambiental\/","name":"Pol\u00edtica de Compromiso Ambiental | Kendu","isPartOf":{"@id":"http:\/\/www.kendu.com\/es\/#website"},"datePublished":"2021-05-05T14:22:23+00:00","dateModified":"2025-02-25T16:07:18+00:00","breadcrumb":{"@id":"http:\/\/www.kendu.com\/es\/politica-ambiental\/#breadcrumb"},"inLanguage":"es","potentialAction":[{"@type":"ReadAction","target":["http:\/\/www.kendu.com\/es\/politica-ambiental\/"]}]},{"@type":"BreadcrumbList","@id":"http:\/\/www.kendu.com\/es\/politica-ambiental\/#breadcrumb","itemListElement":[{"@type":"ListItem","position":1,"name":"Home","item":"https:\/\/www.kendu.com\/es\/"},{"@type":"ListItem","position":2,"name":"Pol\u00edtica Ambiental"}]},{"@type":"WebSite","@id":"http:\/\/www.kendu.com\/es\/#website","url":"http:\/\/www.kendu.com\/es\/","name":"Kendu","description":"In-store Visual Solutions","publisher":{"@id":"http:\/\/www.kendu.com\/es\/#organization"},"potentialAction":[{"@type":"SearchAction","target":{"@type":"EntryPoint","urlTemplate":"http:\/\/www.kendu.com\/es\/?s={search_term_string}"},"query-input":{"@type":"PropertyValueSpecification","valueRequired":true,"valueName":"search_term_string"}}],"inLanguage":"es"},{"@type":"Organization","@id":"http:\/\/www.kendu.com\/es\/#organization","name":"Kendu","url":"http:\/\/www.kendu.com\/es\/","logo":{"@type":"ImageObject","inLanguage":"es","@id":"http:\/\/www.kendu.com\/es\/#\/schema\/logo\/image\/","url":"http:\/\/www.kendu.com\/wp-content\/uploads\/2020\/07\/logo-black.svg","contentUrl":"http:\/\/www.kendu.com\/wp-content\/uploads\/2020\/07\/logo-black.svg","width":120,"height":32,"caption":"Kendu"},"image":{"@id":"http:\/\/www.kendu.com\/es\/#\/schema\/logo\/image\/"},"sameAs":["https:\/\/x.com\/kenduinstore","https:\/\/www.instagram.com\/kenduinstore\/","https:\/\/www.linkedin.com\/company\/kenduinstore\/"]}]}},"_links":{"self":[{"href":"http:\/\/www.kendu.com\/es\/wp-json\/wp\/v2\/pages\/13752","targetHints":{"allow":["GET"]}}],"collection":[{"href":"http:\/\/www.kendu.com\/es\/wp-json\/wp\/v2\/pages"}],"about":[{"href":"http:\/\/www.kendu.com\/es\/wp-json\/wp\/v2\/types\/page"}],"author":[{"embeddable":true,"href":"http:\/\/www.kendu.com\/es\/wp-json\/wp\/v2\/users\/5"}],"replies":[{"embeddable":true,"href":"http:\/\/www.kendu.com\/es\/wp-json\/wp\/v2\/comments?post=13752"}],"version-history":[{"count":0,"href":"http:\/\/www.kendu.com\/es\/wp-json\/wp\/v2\/pages\/13752\/revisions"}],"wp:attachment":[{"href":"http:\/\/www.kendu.com\/es\/wp-json\/wp\/v2\/media?parent=13752"}],"curies":[{"name":"wp","href":"https:\/\/api.w.org\/{rel}","templated":true}]}}