{"id":13658,"date":"2021-04-28T08:11:15","date_gmt":"2021-04-28T08:11:15","guid":{"rendered":"http:\/\/www.kendu.com\/?page_id=13658"},"modified":"2023-01-02T14:19:23","modified_gmt":"2023-01-02T14:19:23","slug":"soluciones-comunicacion-visual","status":"publish","type":"page","link":"http:\/\/www.kendu.com\/es\/soluciones-comunicacion-visual\/","title":{"rendered":"Soluciones de comunicaci\u00f3n visual"},"content":{"rendered":"  <section class=\"kn-featured-1\">\n    <div class=\"background-blur\" style=\"background-image: url(http:\/\/www.kendu.com\/wp-content\/uploads\/2021\/01\/retail-design.jpg)\"><\/div>\n    <div class=\"inner\">\n\n              <div class=\"upper\" data-aos=\"fade-up\" data-aos-delay=\"300\" data-aos-anchor=\".kn-featured-1\">\n          <span class=\"upper-title\">Dise\u00f1o de soluciones para el punto de venta<\/span>\n        <\/div>\n      \n              <div class=\"title\" data-aos=\"fade-up\" data-aos-delay=\"100\" data-aos-anchor=\".kn-featured-1\">\n          <h1 class=\"site-title\">Espacios de compra que conectan con el consumidor<\/h1>\n        <\/div>\n      \n      <div class=\"divider-1 divider-white\" data-aos=\"fade-up\" data-aos-delay=\"100\" data-aos-anchor=\".kn-featured-1\"><\/div>\n\n              <div class=\"cta\" data-aos=\"fade-up\" data-aos-delay=\"300\" data-aos-anchor=\".kn-featured-1\">\n                  <a class=\"kn-button-1 animated\" href=\"\/es\/contacto\/\">CONT\u00c1CTANOS<\/a>\n                <\/div>\n          <\/div>\n\n    <div class=\"animation\"><\/div>\n\n  <\/section>\n\n\n<section class=\"kn-content-section-1\">\n  <div class=\"container\">\n\n    \n    <div class=\"title\" data-aos=\"fade-up\" data-aos-delay=\"100\" data-aos-anchor=\".kn-content-section-1\">\n      <h2 class=\"section-title-text\">\n       Dise\u00f1o de soluciones de comunicaci\u00f3n para retail\n      <\/h2>\n    <\/div>\n\n    <div class=\"description\" data-aos=\"fade-up\" data-aos-delay=\"200\" data-aos-anchor=\".kn-content-section-1\">\n      <p>\n        <p>Las tiendas f\u00edsicas han evolucionado hasta convertirse en puntos de encuentro donde las marcas pueden conectar con su p\u00fablico objetivo, a trav\u00e9s de experiencias de compra \u00fanicas. En Kendu somos expertos en el desarrollo de soluciones orientadas a mejorar la experiencia del consumidor en el punto de venta. Acompa\u00f1amos a nuestros clientes en sus proyectos de dise\u00f1o, desde el briefing inicial hasta la ejecuci\u00f3n en cualquier lugar.<\/p>\n\n      <\/p>\n    <\/div>\n\n    \n  <\/div>\n<\/section>\n\n\n<section class=\"kn-content-section-21\">\n  <div class=\"container\">\n  \n\n    <div class=\"items\">\n\n      \n                      <!--elem impares-->\n\n                          <div class=\"service service-1\" data-aos=\"fade-up\" data-aos-delay=\"100\">\n                <div class=\"service-left\">\n                  <span class=\"service-number\" data-aos=\"fade-down\" data-aos-delay=\"200\" data-aos-anchor=\".service-1\">01.<\/span>\n                  <h2 class=\"service-title\" data-aos=\"fade-up\" data-aos-delay=\"300\" data-aos-anchor=\".service-1\">Espacios comerciales<\/h2>\n\n                  <p class=\"service-text aos-init aos-animate\" data-aos=\"fade-up\" data-aos-delay=\"400\" data-aos-anchor=\".service-1\">Nuestro equipo de dise\u00f1o de espacios comerciales est\u00e1 compuesto por profesionales especializados, incluyendo arquitectos, creativos y dise\u00f1adores. Definimos los territorios creativos, buscamos inspiraciones, ideamos soluciones acordes a la estrategia de marca y hacemos realidad el espacio f\u00edsico.<\/p>\n<ol class=\"service-list aos-init aos-animate\" data-aos=\"fade-up\" data-aos-delay=\"400\" data-aos-anchor=\".service-1\">\n<li>Proyectos de interiorismo comercial<\/li>\n<li>Desarrollo de nuevos formatos de tienda<\/li>\n<li>Zonificaci\u00f3n y se\u00f1al\u00e9tica<\/li>\n<li>Soluciones t\u00e9cnicas a medida<\/li>\n<\/ol>\n\n\n                  \n                <\/div>\n                <div class=\"service-right\" data-aos=\"fade-left\" data-aos-delay=\"400\" data-aos-anchor=\".service-1\">\n                  <img decoding=\"async\" class=\"service-image\" src=\"http:\/\/www.kendu.com\/wp-content\/uploads\/2020\/12\/sephora.jpg\" alt=\"Sephora SEG displays\" \/>\n                <\/div>\n              <\/div>\n            \n          \n      \n                      <!--elem pares-->\n\n                          <div class=\"service service-2\" data-aos=\"fade-up\" data-aos-delay=\"100\">\n                <div class=\"service-left\" data-aos=\"fade-right\" data-aos-delay=\"400\" data-aos-anchor=\".service-2\">\n                  <img decoding=\"async\" class=\"service-image\" src=\"http:\/\/www.kendu.com\/wp-content\/uploads\/2020\/07\/columbia-carnaby-7.jpg\" alt=\"\" \/>\n                <\/div>\n                <div class=\"service-right\">              \n                  <span class=\"service-number\" data-aos=\"fade-down\" data-aos-delay=\"200\" data-aos-anchor=\".service-2\">02.<\/span>\n                  <h2 class=\"service-title\" data-aos=\"fade-up\" data-aos-delay=\"300\" data-aos-anchor=\".service-2\">Dise\u00f1o de escaparates<\/h2>\n\n                  <p class=\"service-text aos-init aos-animate\" data-aos=\"fade-up\" data-aos-delay=\"400\" data-aos-anchor=\".service-2\">Colaboramos con las marcas m\u00e1s grandes del mundo para mejorar la experiencia y el impacto de sus escaparates. Trabajamos junto con sus equipos de visual merchandising y dise\u00f1o, buscando la soluci\u00f3n que mejor se adapte a sus necesidades y a las caracter\u00edsticas del espacio.<\/p>\n<ol class=\"service-list aos-init aos-animate\" data-aos=\"fade-up\" data-aos-delay=\"400\" data-aos-anchor=\".service-2\">\n<li>Proyectos de escaparatismo y VM<\/li>\n<li>Integraci\u00f3n de m\u00faltiples <a href=\"\/es\/lightbox-dinamico-flowbox\/\">Flowbox<\/a><\/li>\n<li>Experiencias interactivas<\/li>\n<li>Soluciones t\u00e9cnicas a medida<\/li>\n<\/ol>\n\n\n                                  <\/div>\n                    \n              <\/div>\n            \n          \n      \n                      <!--elem impares-->\n\n                          <div class=\"service service-3\" data-aos=\"fade-up\" data-aos-delay=\"100\">\n                <div class=\"service-left\">\n                  <span class=\"service-number\" data-aos=\"fade-down\" data-aos-delay=\"200\" data-aos-anchor=\".service-3\">03.<\/span>\n                  <h2 class=\"service-title\" data-aos=\"fade-up\" data-aos-delay=\"300\" data-aos-anchor=\".service-3\">Pop-up stores y otros formatos<\/h2>\n\n                  <p class=\"service-text aos-init aos-animate\" data-aos=\"fade-up\" data-aos-delay=\"400\" data-aos-anchor=\".service-3\">Nuestra experiencia nos permite ofrecer soluciones de dise\u00f1o exclusivas para el punto de venta, incluyendo formatos como las pop-up stores y los quioscos. Nuestro equipo de dise\u00f1o combina el pensamiento creativo y la visi\u00f3n estrat\u00e9gica para crear la soluci\u00f3n perfecta.<\/p>\n<ol class=\"service-list aos-init aos-animate\" data-aos=\"fade-up\" data-aos-delay=\"400\" data-aos-anchor=\".service-3\">\n<li>Proyectos de dise\u00f1o de pop-up y quioscos<\/li>\n<li>Composiciones creativas con <a href=\"\/es\/cajas-luz-y-marcos-textiles-smartframe\/\">Smartframe<\/a><\/li>\n<li>Integraci\u00f3n de soluciones digitales<\/li>\n<li>Soluciones t\u00e9cnicas a medida<\/li>\n<\/ol>\n\n\n                  \n                <\/div>\n                <div class=\"service-right\" data-aos=\"fade-left\" data-aos-delay=\"400\" data-aos-anchor=\".service-3\">\n                  <img decoding=\"async\" class=\"service-image\" src=\"http:\/\/www.kendu.com\/wp-content\/uploads\/2021\/04\/O2-kiosk-e1618915923913.jpg\" alt=\"\" \/>\n                <\/div>\n              <\/div>\n            \n          \n      \n    <\/div>\n\n\n  <\/div>\n<\/section>\n\n\n<section class=\"kn-content-section-8\">\n  <div class=\"inner\">\n\n        \n    <main class=\"items\" data-aos=\"fade-up\" data-aos-delay=\"200\" data-aos-anchor=\".kn-content-section-8\">\n\n                    \n                  <div class=\"item item-small\" style=\"background-image: url(http:\/\/www.kendu.com\/wp-content\/uploads\/2021\/04\/contact-design.jpg)\">\n        \n          <div class=\"item-content\">\n            <div class=\"item-title\" data-aos=\"fade-up\" data-aos-delay=\"300\" data-aos-anchor=\".kn-content-section-8\">\n              <h3 class=\"header-3\">\u00bfHablamos?<\/h3>\n            <\/div>\n\n            <div class=\"item-description\" data-aos=\"fade-up\" data-aos-delay=\"400\" data-aos-anchor=\".kn-content-section-8\">\n              <p><p>Contacta con nosotros y te ayudaremos a encontrar la soluci\u00f3n ideal para tu proyecto.<\/p>\n<\/p>\n            <\/div>\n\n                                          <div class=\"cta\" data-aos=\"fade-up\" data-aos-delay=\"500\" data-aos-anchor=\".kn-content-section-8\">\n                  <a class=\"kn-button-1 primary animated\" href=\"http:\/\/www.kendu.com\/es\/contacto\/\">CONT\u00c1CTANOS<\/a>\n                <\/div>\n                          \n          <\/div>\n        <\/div>\n          <\/main>\n\n<!--\n    <main class=\"items\" data-aos=\"fade-up\" data-aos-delay=\"200\" data-aos-anchor=\".kn-content-section-8\">\n      <div class=\"item\" style=\"background-image: url(http:\/\/www.kendu.com\/wp-content\/themes\/kendu\/assets\/images\/sistema-kit-header.jpg)\">\n\n        <div class=\"item-content\">\n          <div class=\"item-title\" data-aos=\"fade-up\" data-aos-delay=\"300\" data-aos-anchor=\".kn-content-section-8\">\n            <h3 class=\"header-3\">Flowbox<\/h3>\n          <\/div>\n\n          <div class=\"item-description\" data-aos=\"fade-up\" data-aos-delay=\"400\" data-aos-anchor=\".kn-content-section-8\">\n            <p>The system for displaying and exchanging printed textile images.<\/p>\n          <\/div>\n\n          <div class=\"cta\" data-aos=\"fade-up\" data-aos-delay=\"500\" data-aos-anchor=\".kn-content-section-8\">\n            <a class=\"kn-button-1 primary animated\">Get in Touch<\/a>\n          <\/div>\n        <\/div>\n      <\/div>\n\n      <div class=\"item\" style=\"background-image: url(http:\/\/www.kendu.com\/wp-content\/themes\/kendu\/assets\/images\/smartframe-hero.jpg)\">\n\n        <div class=\"item-content\">\n          <div class=\"item-title\" data-aos=\"fade-up\" data-aos-delay=\"300\" data-aos-anchor=\".kn-content-section-8\">\n            <h3 class=\"header-3\">Flowbox<\/h3>\n          <\/div>\n\n          <div class=\"item-description\" data-aos=\"fade-up\" data-aos-delay=\"400\" data-aos-anchor=\".kn-content-section-8\">\n            <p>The system for displaying and exchanging printed textile images.<\/p>\n          <\/div>\n\n          <div class=\"item-cta\" data-aos=\"fade-up\" data-aos-delay=\"500\" data-aos-anchor=\".kn-content-section-8\">\n            <a class=\"kn-button-1 primary animated\">Get in Touch<\/a>\n          <\/div>\n        <\/div>\n      <\/div>\n    <\/main>\n-->\n  <\/div>\n<\/section>\n\n\n\n<div style=\"height:30px\" aria-hidden=\"true\" class=\"wp-block-spacer\"><\/div>\n\n\n<section class=\"kn-products\">\n  <div class=\"inner\">\n    <div class=\"section-title\">\n      <h2 class=\"section-title-text\">Casos de \u00e9xito<\/h2>\n      <div class=\"divider-2\"><\/div>\n    <\/div>\n    <div class=\"products\" data-aos=\"fade-up\" data-aos-anchor=\".kn-products\">\n      <div class=\"products-inner\">\n                  <div class=\"product hover\">\n\n            <a href=\"\">\n              <div class=\"background-blur\" style=\"background-image: url(http:\/\/www.kendu.com\/wp-content\/uploads\/2021\/03\/gitex-etisalat.jpg)\"><\/div>\n\n              <div class=\"product-view\">\n                <div class=\"product-title\">\n                  <span><p>Etisalat<\/p>\n<\/span>\n                  <span><p>Etisalat<\/p>\n <small>&#038;<\/small> Kendu<\/span>\n                <\/div>\n              <\/div>\n            <\/a>\n\n          <\/div>\n                  <div class=\"product \">\n\n            <a href=\"http:\/\/www.kendu.com\/es\/proyectos-y-casos-de-estudio\/supermercados-bm\/\">\n              <div class=\"background-blur\" style=\"background-image: url(http:\/\/www.kendu.com\/wp-content\/uploads\/2020\/10\/bm-winner.jpg)\"><\/div>\n\n              <div class=\"product-view\">\n                <div class=\"product-title\">\n                  <span><p>BM Supermarkets<\/p>\n<\/span>\n                  <span><p>BM Supermarkets<\/p>\n <small>&#038;<\/small> Kendu<\/span>\n                <\/div>\n              <\/div>\n            <\/a>\n\n          <\/div>\n                  <div class=\"product \">\n\n            <a href=\"http:\/\/www.kendu.com\/es\/proyectos-y-casos-de-estudio\/euroshop-2020\/\">\n              <div class=\"background-blur\" style=\"background-image: url(http:\/\/www.kendu.com\/wp-content\/uploads\/2020\/09\/euroshop2020-11.jpg)\"><\/div>\n\n              <div class=\"product-view\">\n                <div class=\"product-title\">\n                  <span><p>Euroshop<\/p>\n<\/span>\n                  <span><p>Euroshop<\/p>\n <small>&#038;<\/small> Kendu<\/span>\n                <\/div>\n              <\/div>\n            <\/a>\n\n          <\/div>\n                  <div class=\"product \">\n\n            <a href=\"http:\/\/www.kendu.com\/es\/proyectos-y-casos-de-estudio\/sephora\/\">\n              <div class=\"background-blur\" style=\"background-image: url(http:\/\/www.kendu.com\/wp-content\/uploads\/2020\/07\/sephora-5.jpg)\"><\/div>\n\n              <div class=\"product-view\">\n                <div class=\"product-title\">\n                  <span><p>Sephora<\/p>\n<\/span>\n                  <span><p>Sephora<\/p>\n <small>&#038;<\/small> Kendu<\/span>\n                <\/div>\n              <\/div>\n            <\/a>\n\n          <\/div>\n              <\/div>\n    <\/div>\n    <div class=\"see-more\">\n      <a class=\"kn-button-1 animated secondary\" href=\"http:\/\/www.kendu.com\/es\/projects-and-case-studies\/\">Ver m\u00e1s proyectos<\/a>\n    <\/div>\n  <\/div>\n<\/section>\n\n\n<section class=\"kn-content-section-1\">\n  <div class=\"container\">\n\n    \n    <div class=\"title\" data-aos=\"fade-up\" data-aos-delay=\"100\" data-aos-anchor=\".kn-content-section-1\">\n      <h2 class=\"section-title-text\">\n       Retail interactivo\n      <\/h2>\n    <\/div>\n\n    <div class=\"description\" data-aos=\"fade-up\" data-aos-delay=\"200\" data-aos-anchor=\".kn-content-section-1\">\n      <p>\n        <p>Descubre nuestra gama de experiencias para conectar con los usuarios en el punto de venta: mesas interactivas, dispositivos inteligentes, lift and learn, Flowbox interactivo\u2026 \u00a1lo interactivo en retail funciona!<\/p>\n\n      <\/p>\n    <\/div>\n\n          <div class=\"cta\" data-aos=\"fade-up\" data-aos-delay=\"300\" data-aos-anchor=\".kn-content-section-1\">\n        <a class=\"kn-button-1 secondary animated\" href=\"\/es\/experiencias-interactivas-retail\/\">SABER M\u00c1S<\/a>\n      <\/div>\n    \n  <\/div>\n<\/section>\n\n\n\n<div style=\"height:100px\" aria-hidden=\"true\" class=\"wp-block-spacer\"><\/div>\n","protected":false},"excerpt":{"rendered":"","protected":false},"author":5,"featured_media":11983,"parent":0,"menu_order":0,"comment_status":"closed","ping_status":"closed","template":"","meta":{"_acf_changed":false,"inline_featured_image":false,"_uf_show_specific_survey":0,"_uf_disable_surveys":false,"footnotes":""},"class_list":["post-13658","page","type-page","status-publish","has-post-thumbnail","hentry"],"acf":[],"aioseo_notices":[],"yoast_head":"<!-- This site is optimized with the Yoast SEO plugin v25.6 - https:\/\/yoast.com\/wordpress\/plugins\/seo\/ -->\n<title>Soluciones de comunicaci\u00f3n visual | Kendu<\/title>\n<meta name=\"description\" content=\"Expertos en el desarrollo de soluciones orientadas a mejorar la experiencia en el punto de venta. Dise\u00f1o de interiores, escaparates...\" \/>\n<meta name=\"robots\" content=\"index, follow, max-snippet:-1, max-image-preview:large, max-video-preview:-1\" \/>\n<link rel=\"canonical\" href=\"http:\/\/www.kendu.com\/es\/soluciones-comunicacion-visual\/\" \/>\n<meta property=\"og:locale\" content=\"es_ES\" \/>\n<meta property=\"og:type\" content=\"article\" \/>\n<meta property=\"og:title\" content=\"Soluciones de comunicaci\u00f3n visual | Kendu\" \/>\n<meta property=\"og:description\" content=\"Expertos en el desarrollo de soluciones orientadas a mejorar la experiencia en el punto de venta. Dise\u00f1o de interiores, escaparates...\" \/>\n<meta property=\"og:url\" content=\"http:\/\/www.kendu.com\/es\/soluciones-comunicacion-visual\/\" \/>\n<meta property=\"og:site_name\" content=\"Kendu\" \/>\n<meta property=\"article:modified_time\" content=\"2023-01-02T14:19:23+00:00\" \/>\n<meta property=\"og:image\" content=\"https:\/\/www.kendu.com\/wp-content\/uploads\/2020\/10\/instore-experiences.jpg\" \/>\n\t<meta property=\"og:image:width\" content=\"526\" \/>\n\t<meta property=\"og:image:height\" content=\"535\" \/>\n\t<meta property=\"og:image:type\" content=\"image\/jpeg\" \/>\n<meta name=\"twitter:card\" content=\"summary_large_image\" \/>\n<meta name=\"twitter:site\" content=\"@kenduinstore\" \/>\n<script type=\"application\/ld+json\" class=\"yoast-schema-graph\">{\"@context\":\"https:\/\/schema.org\",\"@graph\":[{\"@type\":\"WebPage\",\"@id\":\"http:\/\/www.kendu.com\/es\/soluciones-comunicacion-visual\/\",\"url\":\"http:\/\/www.kendu.com\/es\/soluciones-comunicacion-visual\/\",\"name\":\"Soluciones de comunicaci\u00f3n visual | Kendu\",\"isPartOf\":{\"@id\":\"http:\/\/www.kendu.com\/es\/#website\"},\"primaryImageOfPage\":{\"@id\":\"http:\/\/www.kendu.com\/es\/soluciones-comunicacion-visual\/#primaryimage\"},\"image\":{\"@id\":\"http:\/\/www.kendu.com\/es\/soluciones-comunicacion-visual\/#primaryimage\"},\"thumbnailUrl\":\"http:\/\/www.kendu.com\/wp-content\/uploads\/2020\/10\/instore-experiences.jpg\",\"datePublished\":\"2021-04-28T08:11:15+00:00\",\"dateModified\":\"2023-01-02T14:19:23+00:00\",\"description\":\"Expertos en el desarrollo de soluciones orientadas a mejorar la experiencia en el punto de venta. Dise\u00f1o de interiores, escaparates...\",\"breadcrumb\":{\"@id\":\"http:\/\/www.kendu.com\/es\/soluciones-comunicacion-visual\/#breadcrumb\"},\"inLanguage\":\"es\",\"potentialAction\":[{\"@type\":\"ReadAction\",\"target\":[\"http:\/\/www.kendu.com\/es\/soluciones-comunicacion-visual\/\"]}]},{\"@type\":\"ImageObject\",\"inLanguage\":\"es\",\"@id\":\"http:\/\/www.kendu.com\/es\/soluciones-comunicacion-visual\/#primaryimage\",\"url\":\"http:\/\/www.kendu.com\/wp-content\/uploads\/2020\/10\/instore-experiences.jpg\",\"contentUrl\":\"http:\/\/www.kendu.com\/wp-content\/uploads\/2020\/10\/instore-experiences.jpg\",\"width\":526,\"height\":535,\"caption\":\"In-store experiences\"},{\"@type\":\"BreadcrumbList\",\"@id\":\"http:\/\/www.kendu.com\/es\/soluciones-comunicacion-visual\/#breadcrumb\",\"itemListElement\":[{\"@type\":\"ListItem\",\"position\":1,\"name\":\"Home\",\"item\":\"https:\/\/www.kendu.com\/es\/\"},{\"@type\":\"ListItem\",\"position\":2,\"name\":\"Soluciones de comunicaci\u00f3n visual\"}]},{\"@type\":\"WebSite\",\"@id\":\"http:\/\/www.kendu.com\/es\/#website\",\"url\":\"http:\/\/www.kendu.com\/es\/\",\"name\":\"Kendu\",\"description\":\"In-store Visual Solutions\",\"publisher\":{\"@id\":\"http:\/\/www.kendu.com\/es\/#organization\"},\"potentialAction\":[{\"@type\":\"SearchAction\",\"target\":{\"@type\":\"EntryPoint\",\"urlTemplate\":\"http:\/\/www.kendu.com\/es\/?s={search_term_string}\"},\"query-input\":{\"@type\":\"PropertyValueSpecification\",\"valueRequired\":true,\"valueName\":\"search_term_string\"}}],\"inLanguage\":\"es\"},{\"@type\":\"Organization\",\"@id\":\"http:\/\/www.kendu.com\/es\/#organization\",\"name\":\"Kendu\",\"url\":\"http:\/\/www.kendu.com\/es\/\",\"logo\":{\"@type\":\"ImageObject\",\"inLanguage\":\"es\",\"@id\":\"http:\/\/www.kendu.com\/es\/#\/schema\/logo\/image\/\",\"url\":\"http:\/\/www.kendu.com\/wp-content\/uploads\/2020\/07\/logo-black.svg\",\"contentUrl\":\"http:\/\/www.kendu.com\/wp-content\/uploads\/2020\/07\/logo-black.svg\",\"width\":120,\"height\":32,\"caption\":\"Kendu\"},\"image\":{\"@id\":\"http:\/\/www.kendu.com\/es\/#\/schema\/logo\/image\/\"},\"sameAs\":[\"https:\/\/x.com\/kenduinstore\",\"https:\/\/www.instagram.com\/kenduinstore\/\",\"https:\/\/www.linkedin.com\/company\/kenduinstore\/\"]}]}<\/script>\n<!-- \/ Yoast SEO plugin. -->","yoast_head_json":{"title":"Soluciones de comunicaci\u00f3n visual | Kendu","description":"Expertos en el desarrollo de soluciones orientadas a mejorar la experiencia en el punto de venta. Dise\u00f1o de interiores, escaparates...","robots":{"index":"index","follow":"follow","max-snippet":"max-snippet:-1","max-image-preview":"max-image-preview:large","max-video-preview":"max-video-preview:-1"},"canonical":"http:\/\/www.kendu.com\/es\/soluciones-comunicacion-visual\/","og_locale":"es_ES","og_type":"article","og_title":"Soluciones de comunicaci\u00f3n visual | Kendu","og_description":"Expertos en el desarrollo de soluciones orientadas a mejorar la experiencia en el punto de venta. Dise\u00f1o de interiores, escaparates...","og_url":"http:\/\/www.kendu.com\/es\/soluciones-comunicacion-visual\/","og_site_name":"Kendu","article_modified_time":"2023-01-02T14:19:23+00:00","og_image":[{"width":526,"height":535,"url":"https:\/\/www.kendu.com\/wp-content\/uploads\/2020\/10\/instore-experiences.jpg","type":"image\/jpeg"}],"twitter_card":"summary_large_image","twitter_site":"@kenduinstore","schema":{"@context":"https:\/\/schema.org","@graph":[{"@type":"WebPage","@id":"http:\/\/www.kendu.com\/es\/soluciones-comunicacion-visual\/","url":"http:\/\/www.kendu.com\/es\/soluciones-comunicacion-visual\/","name":"Soluciones de comunicaci\u00f3n visual | Kendu","isPartOf":{"@id":"http:\/\/www.kendu.com\/es\/#website"},"primaryImageOfPage":{"@id":"http:\/\/www.kendu.com\/es\/soluciones-comunicacion-visual\/#primaryimage"},"image":{"@id":"http:\/\/www.kendu.com\/es\/soluciones-comunicacion-visual\/#primaryimage"},"thumbnailUrl":"http:\/\/www.kendu.com\/wp-content\/uploads\/2020\/10\/instore-experiences.jpg","datePublished":"2021-04-28T08:11:15+00:00","dateModified":"2023-01-02T14:19:23+00:00","description":"Expertos en el desarrollo de soluciones orientadas a mejorar la experiencia en el punto de venta. Dise\u00f1o de interiores, escaparates...","breadcrumb":{"@id":"http:\/\/www.kendu.com\/es\/soluciones-comunicacion-visual\/#breadcrumb"},"inLanguage":"es","potentialAction":[{"@type":"ReadAction","target":["http:\/\/www.kendu.com\/es\/soluciones-comunicacion-visual\/"]}]},{"@type":"ImageObject","inLanguage":"es","@id":"http:\/\/www.kendu.com\/es\/soluciones-comunicacion-visual\/#primaryimage","url":"http:\/\/www.kendu.com\/wp-content\/uploads\/2020\/10\/instore-experiences.jpg","contentUrl":"http:\/\/www.kendu.com\/wp-content\/uploads\/2020\/10\/instore-experiences.jpg","width":526,"height":535,"caption":"In-store experiences"},{"@type":"BreadcrumbList","@id":"http:\/\/www.kendu.com\/es\/soluciones-comunicacion-visual\/#breadcrumb","itemListElement":[{"@type":"ListItem","position":1,"name":"Home","item":"https:\/\/www.kendu.com\/es\/"},{"@type":"ListItem","position":2,"name":"Soluciones de comunicaci\u00f3n visual"}]},{"@type":"WebSite","@id":"http:\/\/www.kendu.com\/es\/#website","url":"http:\/\/www.kendu.com\/es\/","name":"Kendu","description":"In-store Visual Solutions","publisher":{"@id":"http:\/\/www.kendu.com\/es\/#organization"},"potentialAction":[{"@type":"SearchAction","target":{"@type":"EntryPoint","urlTemplate":"http:\/\/www.kendu.com\/es\/?s={search_term_string}"},"query-input":{"@type":"PropertyValueSpecification","valueRequired":true,"valueName":"search_term_string"}}],"inLanguage":"es"},{"@type":"Organization","@id":"http:\/\/www.kendu.com\/es\/#organization","name":"Kendu","url":"http:\/\/www.kendu.com\/es\/","logo":{"@type":"ImageObject","inLanguage":"es","@id":"http:\/\/www.kendu.com\/es\/#\/schema\/logo\/image\/","url":"http:\/\/www.kendu.com\/wp-content\/uploads\/2020\/07\/logo-black.svg","contentUrl":"http:\/\/www.kendu.com\/wp-content\/uploads\/2020\/07\/logo-black.svg","width":120,"height":32,"caption":"Kendu"},"image":{"@id":"http:\/\/www.kendu.com\/es\/#\/schema\/logo\/image\/"},"sameAs":["https:\/\/x.com\/kenduinstore","https:\/\/www.instagram.com\/kenduinstore\/","https:\/\/www.linkedin.com\/company\/kenduinstore\/"]}]}},"_links":{"self":[{"href":"http:\/\/www.kendu.com\/es\/wp-json\/wp\/v2\/pages\/13658","targetHints":{"allow":["GET"]}}],"collection":[{"href":"http:\/\/www.kendu.com\/es\/wp-json\/wp\/v2\/pages"}],"about":[{"href":"http:\/\/www.kendu.com\/es\/wp-json\/wp\/v2\/types\/page"}],"author":[{"embeddable":true,"href":"http:\/\/www.kendu.com\/es\/wp-json\/wp\/v2\/users\/5"}],"replies":[{"embeddable":true,"href":"http:\/\/www.kendu.com\/es\/wp-json\/wp\/v2\/comments?post=13658"}],"version-history":[{"count":0,"href":"http:\/\/www.kendu.com\/es\/wp-json\/wp\/v2\/pages\/13658\/revisions"}],"wp:featuredmedia":[{"embeddable":true,"href":"http:\/\/www.kendu.com\/es\/wp-json\/wp\/v2\/media\/11983"}],"wp:attachment":[{"href":"http:\/\/www.kendu.com\/es\/wp-json\/wp\/v2\/media?parent=13658"}],"curies":[{"name":"wp","href":"https:\/\/api.w.org\/{rel}","templated":true}]}}